{"id":38,"date":"2019-10-17T09:23:29","date_gmt":"2019-10-17T12:23:29","guid":{"rendered":"http:\/\/www2.uepg.br\/ppgcta\/?page_id=38"},"modified":"2026-02-26T13:20:27","modified_gmt":"2026-02-26T16:20:27","slug":"estrutura-do-curso","status":"publish","type":"page","link":"https:\/\/www2.uepg.br\/ppgcta\/estrutura-do-curso\/","title":{"rendered":"Estrutura do Curso"},"content":{"rendered":"<h4 class=\"padding-t bold-italic\" style=\"text-align: left\">QUANTIDADE DE CR\u00c9DITOS EM DISCIPLINAS<\/h4>\n<p style=\"text-align: left\"><b>Mestrado<\/b>: As atividades programadas para o Mestrado devem totalizar 30 (trinta) cr\u00e9ditos sendo 14 (quatorze) em disciplinas optativas- a incluir &#8220;Est\u00e1gio em Doc\u00eancia no Mestrado&#8221; quando houver ( 4 cr\u00e9ditos), 8 (oito) em disciplinas obrigat\u00f3rias e 4 (quatro) nas disciplinas \u201cOrienta\u00e7\u00e3o de Disserta\u00e7\u00e3o de Mestrado I e II\u201d, com o desenvolvimento de pesquisas sob orienta\u00e7\u00e3o de um Docente do Programa. Com a aprova\u00e7\u00e3o da disserta\u00e7\u00e3o, s\u00e3o obtidos mais 4 (quatro) cr\u00e9ditos.<\/p>\n<p style=\"text-align: left\"><b>Doutorado<\/b>: As atividades programadas para o Doutorado devem totalizar 64 (sessenta e quatro) cr\u00e9ditos sendo 36 (trinta e seis) em disciplinas optativas- a incluir &#8220;Est\u00e1gio em Doc\u00eancia no Doutorado&#8221; I e II quando houver, 8 (oito) em disciplinas obrigat\u00f3rias e 8 (oito) nas disciplinas \u201cOrienta\u00e7\u00e3o de Tese de Doutorado I, II, III e IV\u201d, com o desenvolvimento de pesquisas sob orienta\u00e7\u00e3o de um Docente do Programa. Com a aprova\u00e7\u00e3o da tese, s\u00e3o obtidos mais 12 (doze) cr\u00e9ditos. O aluno que pretender concluir o Doutorado em menor tempo, poder\u00e1 integralizar os 64 cr\u00e9ditos de disciplinas sem necessariamente realizar todos os 12 cr\u00e9ditos nas disciplinas ODT.<\/p>\n<p style=\"text-align: left\">Mais informa\u00e7\u00f5es: <a href=\"http:\/\/www2.uepg.br\/ppgcta\/wp-content\/uploads\/sites\/40\/2020\/02\/2017-11-21_Resolucao-CEPE-035-2017-Novo-Regulamento-PPG-CTA.pdf\">Regulamento do Programa Acad\u00eamico de P\u00f3s-Gradua\u00e7\u00e3o em Ci\u00eancia e Tecnologia de Alimentos, da UEPG-2017.<\/a><\/p>\n<h4 class=\"padding-t bold-italic\" style=\"text-align: left\">EST\u00c1GIO ORIENTADO EM DOC\u00caNCIA &#8211; BOLSISTAS DA CAPES<\/h4>\n<p style=\"text-align: left\">O est\u00e1gio orientado em doc\u00eancia \u00e9 obrigat\u00f3rio apenas para os bolsistas de demanda social da CAPES e ser\u00e1 realizada de acordo com a regulamenta\u00e7\u00e3o da Universidade segundo Resolu\u00e7\u00e3o CEPE.<\/p>\n<h4 class=\"padding-t bold-italic\" style=\"text-align: left\">APRESENTA\u00c7\u00c3O DE PROJETO E METODOLOGIA DE PESQUISA I<\/h4>\n<p style=\"text-align: left\"><b>Mestrado<\/b>: Ao final do primeiro semestre e coincidindo com o t\u00e9rmino da disciplina Metodologia da Pesquisa I, os candidatos dever\u00e3o apresentar projeto de disserta\u00e7\u00e3o acatado por um orientador credenciado pelo programa em sess\u00e3o extraordin\u00e1ria do Colegiado do Curso de Mestrado, aberta aos interessados.<\/p>\n<p style=\"text-align: left\"><b>Doutorado<\/b>: Dentro de 12 (doze) meses ap\u00f3s o in\u00edcio do programa, os alunos de doutorado dever\u00e3o realizar a Qualifica\u00e7\u00e3o I do seu Projeto de Pesquisa. No Projeto dever\u00e3o constar: <i>T\u00edtulo, Nome do Candidato, Nome do Orientador, Introdu\u00e7\u00e3o, Metodologia, Cronograma de Execu\u00e7\u00e3o e Refer\u00eancias<\/i>.<\/p>\n<h4 class=\"padding-t bold-italic\" style=\"text-align: left\">EXAME DE PROFICI\u00caNCIA EM INGL\u00caS<\/h4>\n<p class=\"x_MsoNormal\">Para os alunos de Mestrado, a aprova\u00e7\u00e3o no exame de sufici\u00eancia deve ser obtida dentro de 18 meses ap\u00f3s a matr\u00edcula do discente. A aprova\u00e7\u00e3o deve ser <b>equivalente ao n\u00edvel B1 (Intermedi\u00e1rio) ou nota maior que 7,0. \u00a0<\/b><\/p>\n<p class=\"x_MsoNormal\">Para os alunos de Doutorado (DO), a aprova\u00e7\u00e3o no exame de sufici\u00eancia deve ser obtida dentro de 30 meses ap\u00f3s a matr\u00edcula do discente. <b>A aprova\u00e7\u00e3o deve ser equivalente ao n\u00edvel B2 (Intermedi\u00e1rio elevado) ou nota maior que 8,0.\u00a0<\/b><\/p>\n<p class=\"x_MsoNormal\">Podem-se admitir exames aplicados por escolas de l\u00ednguas credenciadas pela UEPG, bem como outros testes de institui\u00e7\u00f5es certificadoras (TOEFL, IELTS, universidades federais), desde que a pontua\u00e7\u00e3o desses testes seja aprovada pelo Colegiado do Programa e equivalente aos n\u00edveis determinados anteriormente. Para o PPGCTA, s\u00f3 ser\u00e3o aceitos testes de profici\u00eancia dentro de 2 anos desde a emiss\u00e3o do comprovante.<\/p>\n<p>O curso ofertado pelo programa Paran\u00e1 fala Ingl\u00eas tamb\u00e9m ser\u00e1 aceito, desde que a conclus\u00e3o do n\u00edvel seja equivalente ao m\u00ednimo exigido pelo PPGCTA. O aluno tamb\u00e9m deve ter a aprova\u00e7\u00e3o por nota e frequ\u00eancia no curso.<\/p>\n<h4 class=\"padding-t bold-italic\" style=\"text-align: left\">EXAME DE QUALIFICA\u00c7\u00c3O<\/h4>\n<p style=\"text-align: left\"><b>Mestrado<\/b>: At\u00e9 o vig\u00e9simo terceiro m\u00eas (23 MESES) ap\u00f3s o inicio do curso, os mestrandos obrigatoriamente dever\u00e3o submeter-se ao Exame de Qualifica\u00e7\u00e3o, a ser fundamentado em seu projeto de disserta\u00e7\u00e3o, em elabora\u00e7\u00e3o j\u00e1 com resultados definitivos, perante uma banca constitu\u00edda por professores orientadores do programa e presidida pelo orientador do candidato. A composi\u00e7\u00e3o da banca examinadora dever\u00e1 ser homologada previamente em reuni\u00e3o ordin\u00e1ria do Colegiado do curso.<\/p>\n<p style=\"text-align: left\"><b>Doutorado<\/b>: Ao final do s\u00e9timo semestre (42 MESES), os doutorandos obrigatoriamente dever\u00e3o submeter-se ao Exame de Qualifica\u00e7\u00e3o, a ser fundamentado em seu projeto de tese, em elabora\u00e7\u00e3o j\u00e1 com resultados definitivos, perante uma banca constitu\u00edda por professores orientadores do programa e presidida pelo orientador do candidato. A composi\u00e7\u00e3o da banca examinadora dever\u00e1 ser homologada previamente em reuni\u00e3o ordin\u00e1ria do Colegiado do curso.<\/p>\n<h4 style=\"text-align: left\"><span class=\"padding-t bold-italic\">REGULAMENTA\u00c7\u00c3O DO CURSO<\/span><\/h4>\n<p style=\"text-align: left\"><a href=\"http:\/\/www2.uepg.br\/ppgcta\/wp-content\/uploads\/sites\/40\/2020\/02\/2017-11-21_Resolucao-CEPE-035-2017-Novo-Regulamento-PPG-CTA.pdf\">RESOLU\u00c7\u00c3O CEPE No 035, DE 21 DE NOVEMBRO DE 2017. Regulamento do Programa Acad\u00eamico de P\u00f3s-Gradua\u00e7\u00e3o em Ci\u00eancia e Tecnologia de Alimentos, da UEPG.<\/a><\/p>\n","protected":false},"excerpt":{"rendered":"<p>QUANTIDADE DE CR\u00c9DITOS EM DISCIPLINAS Mestrado: As atividades programadas para o Mestrado devem totalizar 30 (trinta) cr\u00e9ditos sendo 14 (quatorze) em disciplinas optativas- a incluir &#8220;Est\u00e1gio em Doc\u00eancia no Mestrado&#8221; quando houver ( 4 cr\u00e9ditos), 8 (oito) em disciplinas obrigat\u00f3rias e 4 (quatro) nas disciplinas \u201cOrienta\u00e7\u00e3o de Disserta\u00e7\u00e3o de Mestrado I e II\u201d, com o&nbsp;&hellip;<\/p>\n","protected":false},"author":24,"featured_media":0,"parent":0,"menu_order":0,"comment_status":"closed","ping_status":"closed","template":"","meta":[],"_links":{"self":[{"href":"https:\/\/www2.uepg.br\/ppgcta\/wp-json\/wp\/v2\/pages\/38"}],"collection":[{"href":"https:\/\/www2.uepg.br\/ppgcta\/wp-json\/wp\/v2\/pages"}],"about":[{"href":"https:\/\/www2.uepg.br\/ppgcta\/wp-json\/wp\/v2\/types\/page"}],"author":[{"embeddable":true,"href":"https:\/\/www2.uepg.br\/ppgcta\/wp-json\/wp\/v2\/users\/24"}],"replies":[{"embeddable":true,"href":"https:\/\/www2.uepg.br\/ppgcta\/wp-json\/wp\/v2\/comments?post=38"}],"version-history":[{"count":13,"href":"https:\/\/www2.uepg.br\/ppgcta\/wp-json\/wp\/v2\/pages\/38\/revisions"}],"predecessor-version":[{"id":1431,"href":"https:\/\/www2.uepg.br\/ppgcta\/wp-json\/wp\/v2\/pages\/38\/revisions\/1431"}],"wp:attachment":[{"href":"https:\/\/www2.uepg.br\/ppgcta\/wp-json\/wp\/v2\/media?parent=38"}],"curies":[{"name":"wp","href":"https:\/\/api.w.org\/{rel}","templated":true}]}}