{"id":50,"date":"2019-10-17T09:39:40","date_gmt":"2019-10-17T12:39:40","guid":{"rendered":"http:\/\/www2.uepg.br\/ppgcta\/?page_id=50"},"modified":"2024-02-27T08:33:50","modified_gmt":"2024-02-27T11:33:50","slug":"disciplinas","status":"publish","type":"page","link":"https:\/\/www2.uepg.br\/ppgcta\/disciplinas\/","title":{"rendered":"Disciplinas"},"content":{"rendered":"<table class=\"disciplinas\">\n<tbody>\n<tr valign=\"middle\">\n<td height=\"41\">\n<h4><strong>DISCIPLINAS OBRIGAT\u00d3RIAS<\/strong><\/h4>\n<\/td>\n<td height=\"41\">\n<h4 align=\"center\"><strong>CR\u00c9DITOS<\/strong><\/h4>\n<\/td>\n<\/tr>\n<tr valign=\"middle\">\n<td width=\"442\" height=\"30\"><a href=\"http:\/\/www2.uepg.br\/ppgcta\/wp-content\/uploads\/sites\/40\/2019\/10\/Est\u00e1gio-Orientado-em-Doc\u00eancia-I-CI-14723.pdf\" target=\"_blank\" rel=\"noopener noreferrer\">Est\u00e1gio Orientado em Doc\u00eancia I<\/a><\/td>\n<td width=\"107\" height=\"30\">\n<div align=\"center\">02<\/div>\n<\/td>\n<\/tr>\n<tr valign=\"middle\">\n<td width=\"442\" height=\"30\"><a href=\"http:\/\/www2.uepg.br\/ppgcta\/wp-content\/uploads\/sites\/40\/2019\/10\/Est\u00e1gio-Orientado-em-Doc\u00eancia-II-CI-14724.pdf\" target=\"_blank\" rel=\"noopener noreferrer\">Est\u00e1gio Orientado em Doc\u00eancia II<\/a><\/td>\n<td width=\"107\" height=\"30\">\n<div align=\"center\">02<\/div>\n<\/td>\n<\/tr>\n<tr valign=\"middle\">\n<td width=\"442\" height=\"30\"><a href=\"http:\/\/www2.uepg.br\/ppgcta\/wp-content\/uploads\/sites\/40\/2019\/10\/Est\u00e1gio-Orientado-em-Doc\u00eancia-Mestrado-CTA-9716.pdf\" target=\"_blank\" rel=\"noopener noreferrer\">Est\u00e1gio Orientado em Doc\u00eancia (Mestrado)<\/a><\/td>\n<td width=\"107\" height=\"30\">\n<div align=\"center\">04<\/div>\n<\/td>\n<\/tr>\n<tr valign=\"middle\">\n<td width=\"442\" height=\"30\"><a href=\"http:\/\/www2.uepg.br\/ppgcta\/wp-content\/uploads\/sites\/40\/2019\/10\/Metodologia-da-Pesquisa-CI-14722.pdf\" target=\"_blank\" rel=\"noopener noreferrer\">Metodologia da Pesquisa<\/a><\/td>\n<td width=\"107\" height=\"30\">\n<div align=\"center\">04<\/div>\n<\/td>\n<\/tr>\n<tr valign=\"middle\">\n<td width=\"442\" height=\"30\"><a href=\"http:\/\/www2.uepg.br\/ppgcta\/wp-content\/uploads\/sites\/40\/2019\/10\/Orienta\u00e7\u00e3o-de-Disserta\u00e7\u00e3o-ou-Tese-I-CTA-9721.pdf\" target=\"_blank\" rel=\"noopener noreferrer\">Orienta\u00e7\u00e3o de Disserta\u00e7\u00e3o ou Tese I<\/a><\/td>\n<td width=\"107\" height=\"30\">\n<div align=\"center\">02<\/div>\n<\/td>\n<\/tr>\n<tr valign=\"middle\">\n<td width=\"442\" height=\"30\"><a href=\"http:\/\/www2.uepg.br\/ppgcta\/wp-content\/uploads\/sites\/40\/2019\/10\/Orienta\u00e7\u00e3o-de-Disserta\u00e7\u00e3o-ou-Tese-II-CTA-9722.pdf\" target=\"_blank\" rel=\"noopener noreferrer\">Orienta\u00e7\u00e3o de Disserta\u00e7\u00e3o ou Tese II<\/a><\/td>\n<td width=\"107\" height=\"30\">\n<div align=\"center\">02<\/div>\n<\/td>\n<\/tr>\n<tr valign=\"middle\">\n<td width=\"442\" height=\"30\"><a href=\"http:\/\/www2.uepg.br\/ppgcta\/wp-content\/uploads\/sites\/40\/2019\/10\/Orienta\u00e7\u00e3o-de-Disserta\u00e7\u00e3o-ou-Tese-III-CI-14728.pdf\" target=\"_blank\" rel=\"noopener noreferrer\">Orienta\u00e7\u00e3o de Disserta\u00e7\u00e3o ou Tese III<\/a><\/td>\n<td width=\"107\" height=\"30\">\n<div align=\"center\">02<\/div>\n<\/td>\n<\/tr>\n<tr valign=\"middle\">\n<td width=\"442\" height=\"30\"><a href=\"http:\/\/www2.uepg.br\/ppgcta\/wp-content\/uploads\/sites\/40\/2019\/10\/Orienta\u00e7\u00e3o-de-Disserta\u00e7\u00e3o-ou-Tese-IV-CI-14729.pdf\" target=\"_blank\" rel=\"noopener noreferrer\">Orienta\u00e7\u00e3o de Disserta\u00e7\u00e3o ou Tese IV<\/a><\/td>\n<td width=\"107\" height=\"30\">\n<div align=\"center\">02<\/div>\n<\/td>\n<\/tr>\n<tr valign=\"middle\">\n<td width=\"442\" height=\"30\"><a href=\"http:\/\/www2.uepg.br\/ppgcta\/wp-content\/uploads\/sites\/40\/2019\/10\/Orienta\u00e7\u00e3o-de-Disserta\u00e7\u00e3o-ou-Tese-V-CI-14730.pdf\" target=\"_blank\" rel=\"noopener noreferrer\">Orienta\u00e7\u00e3o de Disserta\u00e7\u00e3o ou Tese V<\/a><\/td>\n<td width=\"107\" height=\"30\">\n<div align=\"center\">02<\/div>\n<\/td>\n<\/tr>\n<tr valign=\"middle\">\n<td width=\"442\" height=\"30\"><a href=\"http:\/\/www2.uepg.br\/ppgcta\/wp-content\/uploads\/sites\/40\/2019\/10\/Orienta\u00e7\u00e3o-de-Disserta\u00e7\u00e3o-ou-Tese-VI-CI-14731.pdf\" target=\"_blank\" rel=\"noopener noreferrer\">Orienta\u00e7\u00e3o de Disserta\u00e7\u00e3o ou Tese VI<\/a><\/td>\n<td width=\"107\" height=\"30\">\n<div align=\"center\">02<\/div>\n<\/td>\n<\/tr>\n<tr valign=\"middle\">\n<td width=\"442\" height=\"30\"><a href=\"http:\/\/www2.uepg.br\/ppgcta\/wp-content\/uploads\/sites\/40\/2019\/10\/Semin\u00e1rios-em-Ci\u00eancia-e-Tecnologia-de-Alimentos-I-CI-14719.pdf\" target=\"_blank\" rel=\"noopener noreferrer\">Semin\u00e1rios em Ci\u00eancia e Tecnologia de Alimentos I<\/a><\/td>\n<td width=\"107\" height=\"30\">\n<div align=\"center\">02<\/div>\n<\/td>\n<\/tr>\n<tr valign=\"middle\">\n<td width=\"442\" height=\"30\"><a href=\"http:\/\/www2.uepg.br\/ppgcta\/wp-content\/uploads\/sites\/40\/2019\/10\/Semin\u00e1rios-em-Ci\u00eancia-e-Tecnologia-de-Alimentos-II-CI-14720.pdf\" target=\"_blank\" rel=\"noopener noreferrer\">Semin\u00e1rios em Ci\u00eancia e Tecnologia de Alimentos II<\/a><\/td>\n<td width=\"107\" height=\"30\">\n<div align=\"center\">02<\/div>\n<\/td>\n<\/tr>\n<\/tbody>\n<\/table>\n<p>&nbsp;<\/p>\n<table class=\"disciplinas\">\n<tbody>\n<tr valign=\"middle\">\n<td width=\"440\" height=\"30\">\n<h4><strong>DISCIPLINAS OPTATIVAS<\/strong><\/h4>\n<\/td>\n<td width=\"107\" height=\"30\">\n<h4 align=\"center\"><strong>CR\u00c9DITOS<\/strong><\/h4>\n<\/td>\n<\/tr>\n<tr valign=\"middle\">\n<td width=\"440\" height=\"30\"><a href=\"http:\/\/www2.uepg.br\/ppgcta\/wp-content\/uploads\/sites\/40\/2024\/02\/EMENTA-DISCIPLINA-ALIMENTOS-FUNCIONAIS.pdf\">Alimentos Funcionais<\/a><\/p>\n<p><a href=\"http:\/\/www2.uepg.br\/ppgcta\/wp-content\/uploads\/sites\/40\/2019\/10\/An\u00e1lise-Instrumental-de-Alimentos-I-CI-14739.pdf\" target=\"_blank\" rel=\"noopener noreferrer\">An\u00e1lise Instrumental de Alimentos I<\/a><\/td>\n<td width=\"107\" height=\"30\">\n<div align=\"center\">02<\/div>\n<div align=\"center\"><\/div>\n<div align=\"center\">04<\/div>\n<\/td>\n<\/tr>\n<tr valign=\"middle\">\n<td width=\"440\" height=\"30\"><a href=\"http:\/\/www2.uepg.br\/ppgcta\/wp-content\/uploads\/sites\/40\/2019\/10\/An\u00e1lise-Instrumental-de-Alimentos-II-CI-14740.pdf\" target=\"_blank\" rel=\"noopener noreferrer\">An\u00e1lise Instrumental de Alimentos II<\/a><\/td>\n<td width=\"107\" height=\"30\">\n<div align=\"center\">04<\/div>\n<\/td>\n<\/tr>\n<tr valign=\"middle\">\n<td width=\"440\" height=\"30\"><a href=\"http:\/\/www2.uepg.br\/ppgcta\/wp-content\/uploads\/sites\/40\/2019\/10\/Analise-Multivariada-CI-14736.pdf\" target=\"_blank\" rel=\"noopener noreferrer\">An\u00e1lise Multivariada<\/a><\/td>\n<td width=\"107\" height=\"30\">\n<div align=\"center\">04<\/div>\n<\/td>\n<\/tr>\n<tr valign=\"middle\">\n<td width=\"440\" height=\"30\"><a href=\"http:\/\/www2.uepg.br\/ppgcta\/wp-content\/uploads\/sites\/40\/2019\/10\/Bioprocessos-e-Alimentos-Fermentados-CI-14744.pdf\" target=\"_blank\" rel=\"noopener noreferrer\">Bioprocessos e Alimentos Fermentados<\/a><\/td>\n<td width=\"107\" height=\"30\">\n<div align=\"center\">04<\/div>\n<\/td>\n<\/tr>\n<tr valign=\"middle\">\n<td width=\"440\" height=\"30\"><a href=\"http:\/\/www2.uepg.br\/ppgcta\/wp-content\/uploads\/sites\/40\/2019\/10\/Bioqu\u00edmica-de-Alimentos-CI-14743.pdf\" target=\"_blank\" rel=\"noopener noreferrer\">Bioqu\u00edmica de Alimentos<\/a><\/td>\n<td width=\"107\" height=\"30\">\n<div align=\"center\">04<\/div>\n<\/td>\n<\/tr>\n<tr valign=\"middle\">\n<td width=\"440\" height=\"30\"><a href=\"http:\/\/www2.uepg.br\/ppgcta\/wp-content\/uploads\/sites\/40\/2019\/10\/Ci\u00eancia-e-Tecnologia-de-Produtos-L\u00e1cteos-CI-14766.pdf\" target=\"_blank\" rel=\"noopener noreferrer\">Ci\u00eancia e Tecnologia de Produtos L\u00e1cteos<\/a><\/td>\n<td width=\"107\" height=\"30\">\n<div align=\"center\">04<\/div>\n<\/td>\n<\/tr>\n<tr valign=\"middle\">\n<td width=\"440\" height=\"30\"><a href=\"http:\/\/www2.uepg.br\/ppgcta\/wp-content\/uploads\/sites\/40\/2019\/10\/Ci\u00eancia-e-Tecnologia-do-Pescado-CI-14762.pdf\" target=\"_blank\" rel=\"noopener noreferrer\">Ci\u00eancia e Tecnologia do Pescado<\/a><\/td>\n<td width=\"107\" height=\"30\">\n<div align=\"center\">02<\/div>\n<\/td>\n<\/tr>\n<tr valign=\"middle\">\n<td width=\"440\" height=\"30\"><a href=\"http:\/\/www2.uepg.br\/ppgcta\/wp-content\/uploads\/sites\/40\/2019\/10\/Conserva\u00e7\u00e3o-de-Alimentos-CI-14754.pdf\" target=\"_blank\" rel=\"noopener noreferrer\">Conserva\u00e7\u00e3o de Alimentos<\/a><\/td>\n<td width=\"107\" height=\"30\">\n<div align=\"center\">04<\/div>\n<\/td>\n<\/tr>\n<tr valign=\"middle\">\n<td width=\"440\" height=\"30\"><a href=\"http:\/\/www2.uepg.br\/ppgcta\/wp-content\/uploads\/sites\/40\/2019\/10\/Desenvolvimento-de-m\u00e9todos-anal\u00edticos-e-valida\u00e7\u00e3o-CI-14765.pdf\" target=\"_blank\" rel=\"noopener noreferrer\">Desenvolvimento de m\u00e9todos anal\u00edticos e valida\u00e7\u00e3o<\/a><\/td>\n<td width=\"107\" height=\"30\">\n<div align=\"center\">02<\/div>\n<\/td>\n<\/tr>\n<tr valign=\"middle\">\n<td width=\"440\" height=\"30\"><a href=\"http:\/\/www2.uepg.br\/ppgcta\/wp-content\/uploads\/sites\/40\/2019\/10\/Desenvolvimento-de-Novos-Alimentos-Funcionais-CI-14761.pdf\" target=\"_blank\" rel=\"noopener noreferrer\">Desenvolvimento de novos alimentos funcionais<\/a><\/td>\n<td width=\"107\" height=\"30\">\n<div align=\"center\">04<\/div>\n<\/td>\n<\/tr>\n<tr valign=\"middle\">\n<td width=\"440\" height=\"30\"><a href=\"http:\/\/www2.uepg.br\/ppgcta\/wp-content\/uploads\/sites\/40\/2024\/02\/Ementa-Extracao-e-Purificacao-de-Bioprodutos.pdf\">Extra\u00e7\u00e3o e Purifica\u00e7\u00e3o de Bioprodutos<\/a><\/p>\n<p><a href=\"http:\/\/www2.uepg.br\/ppgcta\/wp-content\/uploads\/sites\/40\/2019\/10\/Inova\u00e7\u00f5es-Tecnol\u00f3gicas-no-Processamento-de-Cereais-Ra\u00edzes-e-Tub\u00e9rculos-CI-14746.pdf\" target=\"_blank\" rel=\"noopener noreferrer\">Inova\u00e7\u00f5es Tecnol\u00f3gicas no processamento de cereais, ra\u00edzes e tub\u00e9rculos<\/a><\/td>\n<td width=\"107\" height=\"30\">\n<div align=\"center\">02<\/div>\n<div align=\"center\"><\/div>\n<div align=\"center\">02<\/div>\n<\/td>\n<\/tr>\n<tr valign=\"middle\">\n<td width=\"440\" height=\"30\"><a href=\"http:\/\/www2.uepg.br\/ppgcta\/wp-content\/uploads\/sites\/40\/2021\/09\/Disciplina-de-Inovacoes-Tecnologicas-no-Processamento-de-Frutas-e-Hortalicas.pdf\">Inova\u00e7\u00f5es Tecnol\u00f3gicas no Processamento de Frutas e Hortali\u00e7as<\/a><\/td>\n<td width=\"107\" height=\"30\">\n<div align=\"center\">02<\/div>\n<\/td>\n<\/tr>\n<tr valign=\"middle\">\n<td width=\"440\" height=\"30\"><a href=\"http:\/\/www2.uepg.br\/ppgcta\/wp-content\/uploads\/sites\/40\/2019\/10\/Microbiologia-de-Alimentos-CI-14748.pdf\" target=\"_blank\" rel=\"noopener noreferrer\">Microbiologia de Alimentos<\/a><\/td>\n<td width=\"107\" height=\"30\">\n<div align=\"center\">04<\/div>\n<\/td>\n<\/tr>\n<tr valign=\"middle\">\n<td width=\"440\" height=\"30\"><a href=\"http:\/\/www2.uepg.br\/ppgcta\/wp-content\/uploads\/sites\/40\/2019\/10\/Orienta\u00e7\u00e3o-de-Disserta\u00e7\u00e3o-ou-Tese-VII-CI-14732.pdf\" target=\"_blank\" rel=\"noopener noreferrer\">Orienta\u00e7\u00e3o de Disserta\u00e7\u00e3o ou Tese VII<\/a><\/td>\n<td width=\"107\" height=\"30\">\n<div align=\"center\">02<\/div>\n<\/td>\n<\/tr>\n<tr valign=\"middle\">\n<td width=\"440\" height=\"30\"><a href=\"http:\/\/www2.uepg.br\/ppgcta\/wp-content\/uploads\/sites\/40\/2019\/10\/Orienta\u00e7\u00e3o-de-Disserta\u00e7\u00e3o-ou-Tese-VIII-CI-14733.pdf\" target=\"_blank\" rel=\"noopener noreferrer\">Orienta\u00e7\u00e3o de Disserta\u00e7\u00e3o ou Tese VIII<\/a><\/td>\n<td width=\"107\" height=\"30\">\n<div align=\"center\">02<\/div>\n<\/td>\n<\/tr>\n<tr valign=\"middle\">\n<td width=\"440\" height=\"30\"><a href=\"http:\/\/www2.uepg.br\/ppgcta\/wp-content\/uploads\/sites\/40\/2019\/10\/Planejamento-de-Experimentos-CI-14735.pdf\" target=\"_blank\" rel=\"noopener noreferrer\">Planejamento de Experimentos<\/a><\/td>\n<td width=\"107\" height=\"30\">\n<div align=\"center\">04<\/div>\n<\/td>\n<\/tr>\n<tr valign=\"middle\">\n<td width=\"440\" height=\"30\"><a href=\"http:\/\/www2.uepg.br\/ppgcta\/wp-content\/uploads\/sites\/40\/2019\/10\/Quimica-de-Alimentos-CI-14750.pdf\" target=\"_blank\" rel=\"noopener noreferrer\">Qu\u00edmica de Alimentos<\/a><\/td>\n<td width=\"107\" height=\"30\">\n<div align=\"center\">04<\/div>\n<\/td>\n<\/tr>\n<tr valign=\"middle\">\n<td width=\"440\" height=\"30\"><a href=\"http:\/\/www2.uepg.br\/ppgcta\/disciplinas\/topicos-especiais-em-ciencia-e-tecnologia-de-alimentos\/\">T\u00f3picos Especiais em Ci\u00eancia e Tecnologia de Alimentos<\/a><\/td>\n<td width=\"107\" height=\"30\">\n<div align=\"center\"><a href=\"http:\/\/www2.uepg.br\/ppgcta\/disciplinas\/topicos-especiais-em-ciencia-e-tecnologia-de-alimentos\/\">link<\/a><\/div>\n<\/td>\n<\/tr>\n<tr valign=\"middle\">\n<td width=\"440\" height=\"30\"><a href=\"http:\/\/www2.uepg.br\/ppgcta\/wp-content\/uploads\/sites\/40\/2019\/10\/Valoriza\u00e7\u00e3o-de-Subprodutos-Agroindustriais-CI-14756.pdf\" target=\"_blank\" rel=\"noopener noreferrer\">Valoriza\u00e7\u00e3o de Subprodutos Agroindustriais<\/a><\/td>\n<td width=\"107\" height=\"30\">\n<div align=\"center\">02<\/div>\n<div align=\"center\"><\/div>\n<\/td>\n<\/tr>\n<\/tbody>\n<\/table>\n<p>&nbsp;<\/p>\n","protected":false},"excerpt":{"rendered":"<p>DISCIPLINAS OBRIGAT\u00d3RIAS CR\u00c9DITOS Est\u00e1gio Orientado em Doc\u00eancia I 02 Est\u00e1gio Orientado em Doc\u00eancia II 02 Est\u00e1gio Orientado em Doc\u00eancia (Mestrado) 04 Metodologia da Pesquisa 04 Orienta\u00e7\u00e3o de Disserta\u00e7\u00e3o ou Tese I 02 Orienta\u00e7\u00e3o de Disserta\u00e7\u00e3o ou Tese II 02 Orienta\u00e7\u00e3o de Disserta\u00e7\u00e3o ou Tese III 02 Orienta\u00e7\u00e3o de Disserta\u00e7\u00e3o ou Tese IV 02 Orienta\u00e7\u00e3o de&nbsp;&hellip;<\/p>\n","protected":false},"author":24,"featured_media":0,"parent":0,"menu_order":0,"comment_status":"closed","ping_status":"closed","template":"","meta":[],"_links":{"self":[{"href":"https:\/\/www2.uepg.br\/ppgcta\/wp-json\/wp\/v2\/pages\/50"}],"collection":[{"href":"https:\/\/www2.uepg.br\/ppgcta\/wp-json\/wp\/v2\/pages"}],"about":[{"href":"https:\/\/www2.uepg.br\/ppgcta\/wp-json\/wp\/v2\/types\/page"}],"author":[{"embeddable":true,"href":"https:\/\/www2.uepg.br\/ppgcta\/wp-json\/wp\/v2\/users\/24"}],"replies":[{"embeddable":true,"href":"https:\/\/www2.uepg.br\/ppgcta\/wp-json\/wp\/v2\/comments?post=50"}],"version-history":[{"count":17,"href":"https:\/\/www2.uepg.br\/ppgcta\/wp-json\/wp\/v2\/pages\/50\/revisions"}],"predecessor-version":[{"id":1121,"href":"https:\/\/www2.uepg.br\/ppgcta\/wp-json\/wp\/v2\/pages\/50\/revisions\/1121"}],"wp:attachment":[{"href":"https:\/\/www2.uepg.br\/ppgcta\/wp-json\/wp\/v2\/media?parent=50"}],"curies":[{"name":"wp","href":"https:\/\/api.w.org\/{rel}","templated":true}]}}