{"id":760,"date":"2021-09-02T11:16:30","date_gmt":"2021-09-02T14:16:30","guid":{"rendered":"https:\/\/www2.uepg.br\/ppgcta\/?page_id=760"},"modified":"2023-05-18T14:20:36","modified_gmt":"2023-05-18T17:20:36","slug":"formularios","status":"publish","type":"page","link":"https:\/\/www2.uepg.br\/ppgcta\/formularios\/","title":{"rendered":"Formul\u00e1rios"},"content":{"rendered":"<p>Os formul\u00e1rios abaixo est\u00e3o no formato .docx.<\/p>\n<p>Caso n\u00e3o consiga fazer o download dos formul\u00e1rios, tente acessar a p\u00e1gina utilizando outros navegadores como o Mozilla ou Microsoft Edge.<\/p>\n<p><a href=\"http:\/\/www2.uepg.br\/ppgcta\/wp-content\/uploads\/sites\/40\/2021\/09\/Plano-de-estagio-de-docencia.docx\">Plano de est\u00e1gio de doc\u00eancia<\/a><\/p>\n<p><a href=\"http:\/\/www2.uepg.br\/ppgcta\/wp-content\/uploads\/sites\/40\/2022\/06\/Relatorio-de-estagio-em-docencia.docx\">Relatorio de estagio em docencia<\/a><\/p>\n<p><a href=\"http:\/\/www2.uepg.br\/ppgcta\/wp-content\/uploads\/sites\/40\/2021\/09\/Pedido-de-Qualificacao-Projeto-Mestrado.docx\">Pedido de Qualifica\u00e7\u00e3o do Projeto Mestrado<\/a><\/p>\n<p><a href=\"http:\/\/www2.uepg.br\/ppgcta\/wp-content\/uploads\/sites\/40\/2021\/09\/Pedido-de-Qualificacao-Mestrado-CTA.docx\">Pedido de Qualifica\u00e7\u00e3o Mestrado CTA<\/a><\/p>\n<p><a href=\"http:\/\/www2.uepg.br\/ppgcta\/wp-content\/uploads\/sites\/40\/2023\/04\/Pedido-de-Defesa-Mestrado-CTA.docx\">Pedido de Defesa Mestrado CTA<\/a><\/p>\n<p><a href=\"http:\/\/www2.uepg.br\/ppgcta\/wp-content\/uploads\/sites\/40\/2021\/09\/Pedido-de-Qualificacao-I-Projeto-Doutorado.docx\">Pedido de Qualifica\u00e7\u00e3o I (Projeto) Doutorado<\/a><\/p>\n<p><a href=\"http:\/\/www2.uepg.br\/ppgcta\/wp-content\/uploads\/sites\/40\/2021\/09\/Pedido-de-Qualificacao-II-Doutorado-CTA.docx\">Pedido de Qualifica\u00e7\u00e3o II Doutorado CTA<\/a><\/p>\n<p><a href=\"http:\/\/www2.uepg.br\/ppgcta\/wp-content\/uploads\/sites\/40\/2023\/04\/Pedido-de-Defesa-Doutorado-CTA-1.docx\">Pedido de Defesa Doutorado CTA<\/a><\/p>\n<p><a href=\"http:\/\/www2.uepg.br\/ppgcta\/wp-content\/uploads\/sites\/40\/2021\/09\/TEDE-Termo-de-autorizacao-publicacao-BICEN.doc\">TEDE &#8211; Termo de autoriza\u00e7\u00e3o publica\u00e7\u00e3o da biblioteca &#8211; BICEN<\/a><\/p>\n<p><a href=\"http:\/\/www2.uepg.br\/ppgcta\/wp-content\/uploads\/sites\/40\/2021\/09\/Formulario-para-Disciplina-Isolada.docx\">Formul\u00e1rio para Disciplina Isolada<\/a><\/p>\n<p><a href=\"http:\/\/www2.uepg.br\/ppgcta\/wp-content\/uploads\/sites\/40\/2021\/09\/Carta-Recomendacao-Mestrado.docx\">Carta Recomenda\u00e7\u00e3o Mestrado<\/a><\/p>\n<p><a href=\"http:\/\/www2.uepg.br\/ppgcta\/wp-content\/uploads\/sites\/40\/2021\/09\/Carta-Recomendacao-Doutorado.docx\">Carta Recomenda\u00e7\u00e3o Doutorado<\/a><\/p>\n<p><a href=\"http:\/\/www2.uepg.br\/ppgcta\/wp-content\/uploads\/sites\/40\/2023\/05\/Ficha-de-Inscricao-para-acad-PPGCTA.docx\">Ficha de Inscri\u00e7\u00e3o de Sele\u00e7\u00e3o <\/a><\/p>\n","protected":false},"excerpt":{"rendered":"<p>Os formul\u00e1rios abaixo est\u00e3o no formato .docx. Caso n\u00e3o consiga fazer o download dos formul\u00e1rios, tente acessar a p\u00e1gina utilizando outros navegadores como o Mozilla ou Microsoft Edge. Plano de est\u00e1gio de doc\u00eancia Relatorio de estagio em docencia Pedido de Qualifica\u00e7\u00e3o do Projeto Mestrado Pedido de Qualifica\u00e7\u00e3o Mestrado CTA Pedido de Defesa Mestrado CTA Pedido&nbsp;&hellip;<\/p>\n","protected":false},"author":378,"featured_media":0,"parent":0,"menu_order":0,"comment_status":"closed","ping_status":"closed","template":"","meta":[],"_links":{"self":[{"href":"https:\/\/www2.uepg.br\/ppgcta\/wp-json\/wp\/v2\/pages\/760"}],"collection":[{"href":"https:\/\/www2.uepg.br\/ppgcta\/wp-json\/wp\/v2\/pages"}],"about":[{"href":"https:\/\/www2.uepg.br\/ppgcta\/wp-json\/wp\/v2\/types\/page"}],"author":[{"embeddable":true,"href":"https:\/\/www2.uepg.br\/ppgcta\/wp-json\/wp\/v2\/users\/378"}],"replies":[{"embeddable":true,"href":"https:\/\/www2.uepg.br\/ppgcta\/wp-json\/wp\/v2\/comments?post=760"}],"version-history":[{"count":14,"href":"https:\/\/www2.uepg.br\/ppgcta\/wp-json\/wp\/v2\/pages\/760\/revisions"}],"predecessor-version":[{"id":1003,"href":"https:\/\/www2.uepg.br\/ppgcta\/wp-json\/wp\/v2\/pages\/760\/revisions\/1003"}],"wp:attachment":[{"href":"https:\/\/www2.uepg.br\/ppgcta\/wp-json\/wp\/v2\/media?parent=760"}],"curies":[{"name":"wp","href":"https:\/\/api.w.org\/{rel}","templated":true}]}}