{"id":89,"date":"2019-10-17T10:03:20","date_gmt":"2019-10-17T13:03:20","guid":{"rendered":"http:\/\/www2.uepg.br\/ppgcta\/?page_id=89"},"modified":"2021-08-29T19:10:16","modified_gmt":"2021-08-29T22:10:16","slug":"topicos-especiais-em-ciencia-e-tecnologia-de-alimentos","status":"publish","type":"page","link":"https:\/\/www2.uepg.br\/ppgcta\/disciplinas\/topicos-especiais-em-ciencia-e-tecnologia-de-alimentos\/","title":{"rendered":"T\u00f3picos Especiais em Ci\u00eancia e Tecnologia de Alimentos"},"content":{"rendered":"<table>\n<tbody>\n<tr>\n<td><strong>DISCIPLINAS<\/strong><\/td>\n<td><strong>CR\u00c9DITOS<\/strong><\/td>\n<\/tr>\n<tr>\n<td><a href=\"http:\/\/www2.uepg.br\/ppgcta\/wp-content\/uploads\/sites\/40\/2019\/10\/Topicos-Especiais-em-Ciencia-e-Tecnologia-de-Alimentos-Analise-Termica-avancos-e-aplicacoes-a-ciencia-de-alimentos.pdf\">An\u00e1lise T\u00e9rmica: avan\u00e7os e aplica\u00e7\u00f5es a ci\u00eancia de alimentos<\/a><\/td>\n<td>01<\/p>\n<p>&nbsp;<\/td>\n<\/tr>\n<tr>\n<td><a href=\"http:\/\/www2.uepg.br\/ppgcta\/wp-content\/uploads\/sites\/40\/2019\/10\/Topicos-Especiais-ETICA-CTA-EMENTA-Daniel.pdf\">\u00c9tica na Pesquisa Cient\u00edfica<\/a><\/td>\n<td>02<\/p>\n<p>&nbsp;<\/td>\n<\/tr>\n<tr>\n<td><a href=\"http:\/\/www2.uepg.br\/ppgcta\/wp-content\/uploads\/sites\/40\/2019\/10\/Topicos-Especiais-em-Ciencia-e-Tecnologia-de-Alimentos-Metodos-classicos-de-Analise-aplicados-a-Ciencia-e-Tecnologia-de-Alimentos..pdf\">M\u00e9todos cl\u00e1ssicos de An\u00e1lise aplicados a Ci\u00eancia e Tecnologia de Alimentos<\/a><\/td>\n<td>01<\/p>\n<p>&nbsp;<\/td>\n<\/tr>\n<tr>\n<td><a href=\"http:\/\/www2.uepg.br\/ppgcta\/wp-content\/uploads\/sites\/40\/2019\/10\/T\u00f3picos-Especiais-em-Ci\u00eancia-e-Tecnologia-de-Alimentos-Qu\u00edmica-de-Amido-I-e-II.pdf\">T\u00f3picos Especiais em Ci\u00eancia e Tecnologia de Alimentos \u2013 Qu\u00edmica de Amido I e II<\/a><\/td>\n<td>02<\/p>\n<p>&nbsp;<\/td>\n<\/tr>\n<tr>\n<td><a href=\"http:\/\/www2.uepg.br\/ppgcta\/wp-content\/uploads\/sites\/40\/2019\/10\/T\u00f3picos-Especiais-Cromatografia-l\u00edquida.pdf\">T\u00f3picos Especiais em Ci\u00eancia e Tecnologia de Alimentos I: Cromatografia L\u00edquida de Alta Efici\u00eancia para a detec\u00e7\u00e3o de Biocompostos em Alimentos<\/a><\/td>\n<td>01<\/p>\n<p>&nbsp;<\/td>\n<\/tr>\n<tr>\n<td><u><a href=\"http:\/\/www2.uepg.br\/ppgcta\/wp-content\/uploads\/sites\/40\/2020\/03\/disciplina-t\u00f3picos-cerveja-I-e-II.pdf\">T\u00f3picos Especiais em Ci\u00eancia e Tecnologia de Alimentos: Produ\u00e7\u00e3o de cerveja I e II.<\/a><\/u><\/td>\n<td>02<\/td>\n<\/tr>\n<tr>\n<td><u><a href=\"http:\/\/www2.uepg.br\/ppgcta\/wp-content\/uploads\/sites\/40\/2020\/03\/Ementa-Reda\u00e7\u00e3o-de-Artigos-1.pdf\">T\u00f3picos Especiais em Ci\u00eancia e Tecnologia de Alimentos- Reda\u00e7\u00e3o de Artigos I e II<\/a><\/u><\/p>\n<p>&nbsp;<\/p>\n<p><a href=\"http:\/\/www2.uepg.br\/ppgcta\/wp-content\/uploads\/sites\/40\/2021\/08\/Producao-de-biomassas-microbianas-para-a-industria-de-alimentos.pdf\">Produ\u00e7\u00e3o de biomassas microbianas para a ind\u00fastria de alimentos <\/a><\/td>\n<td>02<\/p>\n<p>&nbsp;<\/p>\n<p>02<\/td>\n<\/tr>\n<\/tbody>\n<\/table>\n<p>&nbsp;<\/p>\n","protected":false},"excerpt":{"rendered":"<p>DISCIPLINAS CR\u00c9DITOS An\u00e1lise T\u00e9rmica: avan\u00e7os e aplica\u00e7\u00f5es a ci\u00eancia de alimentos 01 &nbsp; \u00c9tica na Pesquisa Cient\u00edfica 02 &nbsp; M\u00e9todos cl\u00e1ssicos de An\u00e1lise aplicados a Ci\u00eancia e Tecnologia de Alimentos 01 &nbsp; T\u00f3picos Especiais em Ci\u00eancia e Tecnologia de Alimentos \u2013 Qu\u00edmica de Amido I e II 02 &nbsp; T\u00f3picos Especiais em Ci\u00eancia e Tecnologia&nbsp;&hellip;<\/p>\n","protected":false},"author":24,"featured_media":0,"parent":50,"menu_order":0,"comment_status":"closed","ping_status":"closed","template":"","meta":[],"_links":{"self":[{"href":"https:\/\/www2.uepg.br\/ppgcta\/wp-json\/wp\/v2\/pages\/89"}],"collection":[{"href":"https:\/\/www2.uepg.br\/ppgcta\/wp-json\/wp\/v2\/pages"}],"about":[{"href":"https:\/\/www2.uepg.br\/ppgcta\/wp-json\/wp\/v2\/types\/page"}],"author":[{"embeddable":true,"href":"https:\/\/www2.uepg.br\/ppgcta\/wp-json\/wp\/v2\/users\/24"}],"replies":[{"embeddable":true,"href":"https:\/\/www2.uepg.br\/ppgcta\/wp-json\/wp\/v2\/comments?post=89"}],"version-history":[{"count":10,"href":"https:\/\/www2.uepg.br\/ppgcta\/wp-json\/wp\/v2\/pages\/89\/revisions"}],"predecessor-version":[{"id":758,"href":"https:\/\/www2.uepg.br\/ppgcta\/wp-json\/wp\/v2\/pages\/89\/revisions\/758"}],"up":[{"embeddable":true,"href":"https:\/\/www2.uepg.br\/ppgcta\/wp-json\/wp\/v2\/pages\/50"}],"wp:attachment":[{"href":"https:\/\/www2.uepg.br\/ppgcta\/wp-json\/wp\/v2\/media?parent=89"}],"curies":[{"name":"wp","href":"https:\/\/api.w.org\/{rel}","templated":true}]}}