{"id":119,"date":"2019-07-03T14:31:35","date_gmt":"2019-07-03T17:31:35","guid":{"rendered":"http:\/\/www2.uepg.br\/ppge\/?page_id=119"},"modified":"2025-08-30T15:27:54","modified_gmt":"2025-08-30T18:27:54","slug":"projetos-de-pesquisa","status":"publish","type":"page","link":"https:\/\/www2.uepg.br\/ppge\/projetos-de-pesquisa\/","title":{"rendered":"PROJETOS DE PESQUISA"},"content":{"rendered":"<p style=\"font-weight: 400\"><em><strong>Em andamento:<\/strong><\/em><\/p>\n<hr \/>\n<p style=\"text-align: center\"><span style=\"color: #333333\"><strong>Linha de Pesquisa Ensino-Aprendizagem<\/strong><\/span><\/p>\n<hr \/>\n<p>T\u00edtulo: Inova\u00e7\u00e3o no ensino e aprendizagem das pr\u00e1ticas corporais: forma\u00e7\u00e3o de professores e a influ\u00eancia das novas m\u00eddias no processo de constru\u00e7\u00e3o e transforma\u00e7\u00e3o das representa\u00e7\u00f5es sociais da corporeidade<\/p>\n<p>Coordena\u00e7\u00e3o: Prof. Dr. Alfredo C\u00e9sar Antunes<\/p>\n<p>&nbsp;<\/p>\n<p>T\u00edtulo:\u00a0An\u00e1lise cr\u00edtica sobre o ensino das Artes Visuais<\/p>\n<p>Coordena\u00e7\u00e3o: Prof.\u00aa Dr.\u00aa Ana Luiza Ruschel Nunes<\/p>\n<p>&nbsp;<\/p>\n<p>T\u00edtulo: Estudos feministas na interface g\u00eanero, sexualidade e suas interseccionalidades nos espa\u00e7os educativos<\/p>\n<p>Coordena\u00e7\u00e3o: Prof.\u00aa Dr.\u00aa Bettina Heerdt<\/p>\n<p>&nbsp;<\/p>\n<p>T\u00edtulo: As inf\u00e2ncias, as crian\u00e7as e os contextos educativos: articula\u00e7\u00f5es entre a forma\u00e7\u00e3o de professores e as pr\u00e1ticas pedag\u00f3gicas<\/p>\n<p>Coordena\u00e7\u00e3o: Prof.\u00aa Dr.\u00aa Daiana Camargo<\/p>\n<p>&nbsp;<\/p>\n<p>T\u00edtulo: FDa forma\u00e7\u00e3o \u00e0 interven\u00e7\u00e3o docente: produ\u00e7\u00e3o de uma educa\u00e7\u00e3o f\u00edsica inclusivo-desenvolvimental diante de condi\u00e7\u00f5es particulares de aprendizagem<\/p>\n<p>Coordena\u00e7\u00e3o: Prof. Dr.\u00a0Gilmar de Carvalho Cruz<\/p>\n<p>&nbsp;<\/p>\n<p>T\u00edtulo: Os processos escolares pela perspectiva das crian\u00e7as<\/p>\n<p>Coordena\u00e7\u00e3o: Prof.\u00aa Dr.\u00aa Gisele Brandelero Camargo<\/p>\n<p>&nbsp;<\/p>\n<p>T\u00edtulo:\u00a0Aprendizagem Significativa Subversiva no Ensino de Ci\u00eancias e Biologia: Estudos sob uma Perspectiva Semiol\u00f3gica<\/p>\n<p>Coordena\u00e7\u00e3o: Prof\u00aa Dr.\u00aa Marcela Teixeira Godoy<\/p>\n<p>&nbsp;<\/p>\n<p>T\u00edtulo: Desenvolvimento humano, psicologia concreta e processos educativos<\/p>\n<p>Coordena\u00e7\u00e3o: Prof. Dr. Marcelo Ubiali Ferracioli<\/p>\n<p>&nbsp;<\/p>\n<p>T\u00edtulo: Crian\u00e7as em contextos escolares e n\u00e3o escolares: processos educativos e forma\u00e7\u00e3o de professores<\/p>\n<p>Coordena\u00e7\u00e3o: Prof.\u00aa Dr.\u00aa Maril\u00facia Ant\u00f4nia de Resende Peroza<\/p>\n<p>&nbsp;<\/p>\n<p>T\u00edtulo: Internacionaliza\u00e7\u00e3o, cidadania global, interculturalidade e educa\u00e7\u00e3o neo-humanista<\/p>\n<p>Coordena\u00e7\u00e3o: Prof.\u00aa Dr.\u00aa Patricia Correia de Paula Maroccia<\/p>\n<p>&nbsp;<\/p>\n<p>T\u00edtulo: Educa\u00e7\u00e3o especial e educa\u00e7\u00e3o inclusiva na contemporaneidade<\/p>\n<p>Coordena\u00e7\u00e3o: Prof.\u00aa Dr.\u00aa Rosana de Castro Casagrande<\/p>\n<p>&nbsp;<\/p>\n<p>T\u00edtulo:\u00a0Professores: Forma\u00e7\u00e3o e Exerc\u00edcio da Profiss\u00e3o<\/p>\n<p>Coordena\u00e7\u00e3o: Prof.\u00aa Dr.\u00aa Silmara de Oliveira Gomes Papi<\/p>\n<p>&nbsp;<\/p>\n<p>T\u00edtulo:\u00a0Educa\u00e7\u00e3o F\u00edsica e Forma\u00e7\u00e3o de Professores<\/p>\n<p>Coordena\u00e7\u00e3o: Prof.\u00aa Dr.\u00aa Silvia Christina de Oliveira Madrid<\/p>\n<p>&nbsp;<\/p>\n<p>T\u00edtulo:\u00a0Forma\u00e7\u00e3o de Professores e a Pr\u00e1tica Pedag\u00f3gica na Educa\u00e7\u00e3o B\u00e1sica<\/p>\n<p>Coordena\u00e7\u00e3o: Prof.\u00aa Dr.\u00aa Simone Regina Manosso Cartaxo<\/p>\n<p>&nbsp;<\/p>\n<p>T\u00edtulo:\u00a0Desenvolvimento Profissional Docente na Educa\u00e7\u00e3o B\u00e1sica<\/p>\n<p>Coordena\u00e7\u00e3o: Prof.\u00aa Dr.\u00aa Susana Soares Tozetto<\/p>\n<p>&nbsp;<\/p>\n<p>&nbsp;<\/p>\n<hr \/>\n<p style=\"font-weight: 400;text-align: center\"><span style=\"color: #333333\"><strong>Linha de Pesquisa Hist\u00f3ria e Pol\u00edtica Educacionais<\/strong><\/span><\/p>\n<hr \/>\n<p>T\u00edtulo: O marxismo althusseriano e as possibilidades para a educa\u00e7\u00e3o<\/p>\n<p>Coordena\u00e7\u00e3o: Prof. Dr. Alessandro de Melo<\/p>\n<p>&nbsp;<\/p>\n<p>T\u00edtulo: Trabalho, Educa\u00e7\u00e3o e Lutas Sociais<\/p>\n<p>Coordena\u00e7\u00e3o: prof.\u00aa Dr.\u00aa Carina Alves da Silva Darcoleto<\/p>\n<p>&nbsp;<\/p>\n<p>T\u00edtulo: A produ\u00e7\u00e3o de conhecimento no campo da pol\u00edtica<br \/>\neducacional<\/p>\n<p>Coordena\u00e7\u00e3o: Prof. Dr. Jefferson Mainardes<\/p>\n<p>&nbsp;<\/p>\n<p>T\u00edtulo: Pesquisas e estudos em hist\u00f3ria da educa\u00e7\u00e3o brasileira e a internacionaliza\u00e7\u00e3o com Mo\u00e7ambique<\/p>\n<p>Coordena\u00e7\u00e3o: Prof.\u00aa Dr.\u00aa Maria Isabel Moura Nascimento<\/p>\n<p>&nbsp;<\/p>\n<p>T\u00edtulo: Intelectuais e hist\u00f3ria da educa\u00e7\u00e3o: cultura, poder e sociabilidades<\/p>\n<p>Coordena\u00e7\u00e3o: Prof.\u00aa Dr.\u00aa Maria Julieta Batista de<br \/>\nAlmeida Weber<\/p>\n<p>&nbsp;<\/p>\n<p>T\u00edtulo: Pol\u00edticas Educacionais e Avalia\u00e7\u00e3o na Educa\u00e7\u00e3o Brasileira<\/p>\n<p>Coordena\u00e7\u00e3o: Prof.\u00aa Dr.\u00aa Mary \u00c2ngela Teixeira Brandalise<\/p>\n<p>&nbsp;<\/p>\n<p>T\u00edtulo: Hist\u00f3ria, intelectuais e educa\u00e7\u00e3o: das perspectivas<br \/>\nnacionais \u00e0s transnacionais<\/p>\n<p>Coordena\u00e7\u00e3o: Prof. Dr. N\u00e9vio de Campos<\/p>\n<p>&nbsp;<\/p>\n<p>T\u00edtulo: Hist\u00f3ria, cultura e educa\u00e7\u00e3o: os intelectuais, o campo<br \/>\neducacional e as suas fronteiras<\/p>\n<p>Coordena\u00e7\u00e3o: Prof. Dr. Oriomar Skalisnki Junior<\/p>\n<p>&nbsp;<\/p>\n<p>T\u00edtulo: Pol\u00edticas educacionais e educa\u00e7\u00e3o permanente: a\u00e7\u00f5es<br \/>\neducacionais e pr\u00e1ticas pedag\u00f3gicas em espa\u00e7os escolarizados<br \/>\ne n\u00e3o-escolarizados<\/p>\n<p>Coordena\u00e7\u00e3o: Prof.\u00aa Dr.\u00aa Paola Andressa Scortegagna<\/p>\n<p>&nbsp;<\/p>\n<p>T\u00edtulo: Universidade aberta para a terceira idade e programas universit\u00e1rios com adultos maiores: educa\u00e7\u00e3o para o idoso no Brasil e na Argentina<\/p>\n<p>Coordena\u00e7\u00e3o: Prof.\u00aa Dr.\u00aa Rita de C\u00e1ssia da Silva Oliveira<\/p>\n<p>&nbsp;<\/p>\n<p>T\u00edtulo: Encaminhamentos pol\u00edtico-educacionais para a educa\u00e7\u00e3o brasileira no per\u00edodo republicano<\/p>\n<p>Coordena\u00e7\u00e3o: Prof.\u00aa Dr.\u00aa Simone de F\u00e1tima Flach<\/p>\n<p>&nbsp;<\/p>\n<p>T\u00edtulo: A expans\u00e3o da educa\u00e7\u00e3o p\u00fablica nos pa\u00edses do sul global: aspectos pol\u00edticos e hist\u00f3ricos<\/p>\n<p>Coordena\u00e7\u00e3o: Prof.\u00aa Dr.\u00aa Vera L\u00facia Martiniak<\/p>\n","protected":false},"excerpt":{"rendered":"<p>Em andamento: Linha de Pesquisa Ensino-Aprendizagem T\u00edtulo: Inova\u00e7\u00e3o no ensino e aprendizagem das pr\u00e1ticas corporais: forma\u00e7\u00e3o de professores e a influ\u00eancia das novas m\u00eddias no processo de constru\u00e7\u00e3o e transforma\u00e7\u00e3o das representa\u00e7\u00f5es sociais da corporeidade Coordena\u00e7\u00e3o: Prof. Dr. Alfredo C\u00e9sar Antunes &nbsp; T\u00edtulo:\u00a0An\u00e1lise cr\u00edtica sobre o ensino das Artes Visuais Coordena\u00e7\u00e3o: Prof.\u00aa Dr.\u00aa Ana Luiza&nbsp;&hellip;<\/p>\n","protected":false},"author":24,"featured_media":0,"parent":0,"menu_order":0,"comment_status":"closed","ping_status":"closed","template":"","meta":[],"_links":{"self":[{"href":"https:\/\/www2.uepg.br\/ppge\/wp-json\/wp\/v2\/pages\/119"}],"collection":[{"href":"https:\/\/www2.uepg.br\/ppge\/wp-json\/wp\/v2\/pages"}],"about":[{"href":"https:\/\/www2.uepg.br\/ppge\/wp-json\/wp\/v2\/types\/page"}],"author":[{"embeddable":true,"href":"https:\/\/www2.uepg.br\/ppge\/wp-json\/wp\/v2\/users\/24"}],"replies":[{"embeddable":true,"href":"https:\/\/www2.uepg.br\/ppge\/wp-json\/wp\/v2\/comments?post=119"}],"version-history":[{"count":9,"href":"https:\/\/www2.uepg.br\/ppge\/wp-json\/wp\/v2\/pages\/119\/revisions"}],"predecessor-version":[{"id":3178,"href":"https:\/\/www2.uepg.br\/ppge\/wp-json\/wp\/v2\/pages\/119\/revisions\/3178"}],"wp:attachment":[{"href":"https:\/\/www2.uepg.br\/ppge\/wp-json\/wp\/v2\/media?parent=119"}],"curies":[{"name":"wp","href":"https:\/\/api.w.org\/{rel}","templated":true}]}}