{"id":121,"date":"2019-07-03T14:35:34","date_gmt":"2019-07-03T17:35:34","guid":{"rendered":"http:\/\/www2.uepg.br\/ppge\/?page_id=121"},"modified":"2025-08-30T15:32:45","modified_gmt":"2025-08-30T18:32:45","slug":"corpo-docente","status":"publish","type":"page","link":"https:\/\/www2.uepg.br\/ppge\/corpo-docente\/","title":{"rendered":"CORPO DOCENTE"},"content":{"rendered":"<h3><strong>Ensino e Aprendizagem<\/strong><\/h3>\n<table width=\"614\">\n<tbody>\n<tr>\n<td width=\"185\"><strong>DOCENTE<\/strong><\/td>\n<td width=\"134\"><strong>Credenciamento<\/strong><\/td>\n<td width=\"74\"><strong>Lattes<\/strong><\/td>\n<td width=\"221\"><strong>E-mail<\/strong><\/td>\n<\/tr>\n<tr>\n<td width=\"185\"><\/td>\n<td width=\"134\"><\/td>\n<td width=\"74\"><\/td>\n<td width=\"221\"><\/td>\n<\/tr>\n<tr>\n<td width=\"185\"><strong>Alfredo Cesar Antunes\u00a0<\/strong><\/td>\n<td width=\"134\">M\/D<\/td>\n<td width=\"74\"><a href=\"http:\/\/lattes.cnpq.br\/096097916033023\">Link<\/a><\/td>\n<td width=\"221\">alfredo.cesar@hotmail.com<\/td>\n<\/tr>\n<tr>\n<td width=\"185\"><strong>Ana Luiza Ruschel Nunes<\/strong><\/td>\n<td width=\"134\">M\/D<\/td>\n<td width=\"74\"><a href=\"http:\/\/buscatextual.cnpq.br\/buscatextual\/visualizacv.do?id=K4760005E4\">Link<\/a><\/td>\n<td width=\"221\">analuizaruschel@gmail.com<\/td>\n<\/tr>\n<tr>\n<td width=\"185\"><strong>Bettina Heerdt<\/strong><\/td>\n<td width=\"134\">M\/D<\/td>\n<td width=\"74\"><a href=\"http:\/\/buscatextual.cnpq.br\/buscatextual\/visualizacv.do?id=K4252923E5\">Link<\/a><\/td>\n<td width=\"221\">bettina_heerdt@yahoo.com.br<\/td>\n<\/tr>\n<tr>\n<td width=\"185\"><strong>Daiana Camargo<\/strong><\/td>\n<td width=\"Espa\u00e7o Livre\">M<\/td>\n<td width=\"Espa\u00e7o Livre\"><a href=\"Link aqui\">Link<\/a><\/td>\n<td width=\"Espa\u00e7o Livre\">camargo.daiana@hotmail.com<\/td>\n<\/tr>\n<tr>\n<td width=\"185\"><strong>Gilmar de Carvalho Cruz<\/strong><\/td>\n<td width=\"134\">M\/D<\/td>\n<td width=\"74\"><a href=\"http:\/\/buscatextual.cnpq.br\/buscatextual\/visualizacv.do?id=K4795902D1\">Link<\/a><\/td>\n<td width=\"221\">gilmarcruz@gmail.com<\/td>\n<\/tr>\n<tr>\n<td width=\"185\"><strong>Gisele Brandelero Camargo<\/strong><\/td>\n<td width=\"Espa\u00e7o Livre\">M<\/td>\n<td width=\"Espa\u00e7o Livre\"><a href=\"Link aqui\">Link<\/a><\/td>\n<td width=\"Espa\u00e7o Livre\">gi_bcp@hotmail.com<\/td>\n<\/tr>\n<tr>\n<td width=\"185\"><\/td>\n<td width=\"134\"><\/td>\n<td width=\"74\"><\/td>\n<td width=\"221\"><\/td>\n<\/tr>\n<tr>\n<td width=\"185\"><strong>Marcela Teixeira Godoy<\/strong><\/td>\n<td width=\"134\">M\/D<\/td>\n<td width=\"74\"><a href=\"http:\/\/buscatextual.cnpq.br\/buscatextual\/visualizacv.do?id=K4705369Z0\">Link<\/a><\/td>\n<td width=\"221\">biogodoy@yahoo.com.br<\/td>\n<\/tr>\n<tr>\n<td width=\"185\"><strong>Marcelo Ubiali Ferracioli<\/strong><\/td>\n<td width=\"Espa\u00e7o Livre\">M<\/td>\n<td width=\"Espa\u00e7o Livre\"><a href=\"Link aqui\">Link<\/a><\/td>\n<td width=\"Espa\u00e7o Livre\">ferracioli19@gmail.com<\/td>\n<\/tr>\n<tr>\n<td width=\"185\"><strong>Maril\u00facia Ant\u00f4nia de Resende Peroza<\/strong><\/td>\n<td width=\"134\">M\/D<\/td>\n<td width=\"74\"><a href=\"http:\/\/lattes.cnpq.br\/5303529926208158\">Link<\/a><\/td>\n<td width=\"221\"><span style=\"color: #000000\">malu.uepg@gmail.com<\/span><\/td>\n<\/tr>\n<tr>\n<td width=\"185\"><strong>Patr\u00edcia Correia de Paula Marcoccia<\/strong><\/td>\n<td width=\"Espa\u00e7o Livre\">M\/D<\/td>\n<td width=\"Espa\u00e7o Livre\"><a href=\"Link aqui\">Link<\/a><\/td>\n<td width=\"Espa\u00e7o Livre\">pa.tyleo12@gmail.com<\/td>\n<\/tr>\n<tr>\n<td width=\"185\"><strong>Rosana de Castro Casagrande\u00a0<\/strong><\/td>\n<td width=\"134\">M\/D<\/td>\n<td width=\"74\"><a href=\"http:\/\/lattes.cnpq.br\/6429562941277734\">Link<\/a><\/td>\n<td width=\"221\">rosanaccasagrande@hotmail.com<\/td>\n<\/tr>\n<tr>\n<td width=\"185\"><strong>Silmara de Oliveira Gomes Papi<\/strong><\/td>\n<td width=\"134\">M\/D<\/td>\n<td width=\"74\"><a href=\"http:\/\/buscatextual.cnpq.br\/buscatextual\/visualizacv.do?id=K4778616Y8\">Link<\/a><\/td>\n<td width=\"221\">silmarapapi@gmail.com<\/td>\n<\/tr>\n<tr>\n<td width=\"185\"><strong>Silvia Christina\u00a0de Oliveira\u00a0Madrid<\/strong><\/td>\n<td width=\"134\">M\/D<\/td>\n<td width=\"74\"><a href=\"http:\/\/buscatextual.cnpq.br\/buscatextual\/visualizacv.do?id=K4227358Z3\">Link<\/a><\/td>\n<td width=\"221\">profsilviamadrid@gmail.com<\/td>\n<\/tr>\n<tr>\n<td width=\"185\"><strong>Simone Regina\u00a0Manosso Cartaxo<\/strong><\/td>\n<td width=\"134\">M\/D<\/td>\n<td width=\"74\"><a href=\"http:\/\/buscatextual.cnpq.br\/buscatextual\/visualizacv.do?id=K4282024T0\">Link<\/a><\/td>\n<td width=\"221\">simonemcartaxo@hotmail.com<\/td>\n<\/tr>\n<tr>\n<td width=\"185\"><strong>Susana Soares Tozetto<\/strong><\/td>\n<td width=\"134\">M\/D<\/td>\n<td width=\"74\"><a href=\"http:\/\/buscatextual.cnpq.br\/buscatextual\/visualizacv.do?id=K4778029H3\">Link<\/a><\/td>\n<td width=\"221\">tozettosusana@hotmail.com<\/td>\n<\/tr>\n<\/tbody>\n<\/table>\n<p>&nbsp;<\/p>\n<h3><strong>Hist\u00f3ria e Pol\u00edtica Educacionais<\/strong><\/h3>\n<table width=\"605\">\n<tbody>\n<tr>\n<td width=\"164\"><strong>DOCENTE<\/strong><\/td>\n<td width=\"134\"><strong>Credenciamento<\/strong><\/td>\n<td width=\"75\"><strong>Lattes<\/strong><\/td>\n<td width=\"232\"><strong>E-mail<\/strong><\/td>\n<\/tr>\n<tr>\n<td width=\"164\"><\/td>\n<td width=\"134\"><\/td>\n<td width=\"75\"><\/td>\n<td width=\"232\"><\/td>\n<\/tr>\n<tr>\n<td width=\"164\"><strong>Alessandro de Melo<\/strong><\/td>\n<td width=\"134\">M\/D<\/td>\n<td width=\"75\"><a href=\"http:\/\/lattes.cnpq.br\/2762977075318460\">Link<\/a><\/td>\n<td width=\"232\">alessandrodemelo@uepg.br<\/td>\n<\/tr>\n<tr>\n<td width=\"164\"><strong>Carina Alves da Silva Darcoleto<\/strong><\/td>\n<td width=\"134\">M\/D<\/td>\n<td width=\"75\"><a href=\"http:\/\/buscatextual.cnpq.br\/buscatextual\/visualizacv.do?id=K4777723J6\">Link<\/a><\/td>\n<td width=\"232\">carinaasd@gmail.com<\/td>\n<\/tr>\n<tr>\n<td width=\"185\"><\/td>\n<td width=\"Espa\u00e7o Livre\"><\/td>\n<td width=\"Espa\u00e7o Livre\"><\/td>\n<td width=\"Espa\u00e7o Livre\"><\/td>\n<\/tr>\n<tr>\n<td width=\"164\"><strong>Jefferson Mainardes<\/strong><\/td>\n<td width=\"134\">M\/D<\/td>\n<td width=\"75\"><a href=\"http:\/\/buscatextual.cnpq.br\/buscatextual\/visualizacv.do?id=K4777713Y2\">Link<\/a><\/td>\n<td width=\"232\">jefferson.m@uol.com.br<\/td>\n<\/tr>\n<tr>\n<td width=\"164\"><strong>Maria Isabel Moura Nascimento<\/strong><\/td>\n<td width=\"134\">M\/D<\/td>\n<td width=\"75\"><a href=\"http:\/\/buscatextual.cnpq.br\/buscatextual\/visualizacv.do?id=K4765722E2\">Link<\/a><\/td>\n<td width=\"232\">misabelnasc@gmail.com<\/td>\n<\/tr>\n<tr>\n<td width=\"164\"><strong>Maria Julieta Weber\u00a0<\/strong><\/td>\n<td width=\"134\">M\/D<\/td>\n<td width=\"75\"><a href=\"http:\/\/buscatextual.cnpq.br\/buscatextual\/visualizacv.do?id=K4778435Y6\">Link<\/a><\/td>\n<td width=\"232\">julieta.weber@yahoo.com.br<\/td>\n<\/tr>\n<tr>\n<td width=\"164\"><strong>Mary \u00c2ngela Teixeira Brandalise<\/strong><\/td>\n<td width=\"134\">M\/D<\/td>\n<td width=\"75\"><a href=\"http:\/\/buscatextual.cnpq.br\/buscatextual\/visualizacv.do?id=K4777602A6\">Link<\/a><\/td>\n<td width=\"232\">marybrandalise@uol.com.br<\/td>\n<\/tr>\n<tr>\n<td width=\"164\"><strong>N\u00e9vio de Campos<\/strong><\/td>\n<td width=\"134\">M\/D<\/td>\n<td width=\"75\"><a href=\"http:\/\/buscatextual.cnpq.br\/buscatextual\/visualizacv.do?id=K4776641H6\">Link<\/a><\/td>\n<td width=\"232\">ndoutorado@yahoo.com.br<\/td>\n<\/tr>\n<tr>\n<td width=\"164\"><strong>Oriomar Skalinski Junior<\/strong><\/td>\n<td width=\"134\">M\/D<\/td>\n<td width=\"75\"><a href=\"http:\/\/buscatextual.cnpq.br\/buscatextual\/visualizacv.do?id=K4537673A7\">Link<\/a><\/td>\n<td width=\"232\">jrskalinski@yahoo.com.br<\/td>\n<\/tr>\n<tr>\n<td width=\"164\"><\/td>\n<td width=\"134\"><\/td>\n<td width=\"75\"><\/td>\n<td width=\"232\"><\/td>\n<\/tr>\n<tr>\n<td width=\"164\"><strong>Paola Andressa Scortegagna<\/strong><\/td>\n<td width=\"134\">M\/D<\/td>\n<td width=\"75\"><a href=\"http:\/\/buscatextual.cnpq.br\/buscatextual\/visualizacv.do?id=K4745890T7\">Link<\/a><\/td>\n<td width=\"232\">paola_scortegagna@hotmail.com<\/td>\n<\/tr>\n<tr>\n<td width=\"164\"><strong>Rita de C\u00e1ssia da Silva Oliveira<\/strong><\/td>\n<td width=\"134\">M\/D<\/td>\n<td width=\"75\"><a href=\"http:\/\/buscatextual.cnpq.br\/buscatextual\/visualizacv.do?id=K4705075D9\">Link<\/a><\/td>\n<td width=\"232\">soliveira13@uol.com.br<\/td>\n<\/tr>\n<tr>\n<td width=\"164\"><strong>Simone de F\u00e1tima Flach<\/strong><\/td>\n<td width=\"134\">M\/D<\/td>\n<td width=\"75\"><a href=\"http:\/\/buscatextual.cnpq.br\/buscatextual\/visualizacv.do?id=K4736387E0\">Link<\/a><\/td>\n<td width=\"232\">eflach@uol.com.br<\/td>\n<\/tr>\n<tr>\n<td width=\"164\"><strong>Vera Lucia Martiniak<\/strong><\/td>\n<td width=\"134\">M\/D<\/td>\n<td width=\"75\"><a href=\"http:\/\/buscatextual.cnpq.br\/buscatextual\/visualizacv.do?id=K4737200H8\">Link<\/a><\/td>\n<td width=\"232\">vlmartiniak@uepg.br<\/p>\n<p>veramartiniak07@yahoo.com.br<\/td>\n<\/tr>\n<\/tbody>\n<\/table>\n<p>&nbsp;<\/p>\n<hr \/>\n<h4 style=\"text-align: center\">Produ\u00e7\u00e3o Cient\u00edfica<\/h4>\n<hr \/>\n<p style=\"text-align: center\">\u00a0Para conhecer a produ\u00e7\u00e3o cient\u00edfica dos docentes, acesse o link para o Curr\u00edculo Lattes do respectivo docente.<\/p>\n","protected":false},"excerpt":{"rendered":"<p>Ensino e Aprendizagem DOCENTE Credenciamento Lattes E-mail Alfredo Cesar Antunes\u00a0 M\/D Link alfredo.cesar@hotmail.com Ana Luiza Ruschel Nunes M\/D Link analuizaruschel@gmail.com Bettina Heerdt M\/D Link bettina_heerdt@yahoo.com.br Daiana Camargo M Link camargo.daiana@hotmail.com Gilmar de Carvalho Cruz M\/D Link gilmarcruz@gmail.com Gisele Brandelero Camargo M Link gi_bcp@hotmail.com Marcela Teixeira Godoy M\/D Link biogodoy@yahoo.com.br Marcelo Ubiali Ferracioli M Link ferracioli19@gmail.com&nbsp;&hellip;<\/p>\n","protected":false},"author":24,"featured_media":0,"parent":0,"menu_order":0,"comment_status":"closed","ping_status":"closed","template":"","meta":[],"_links":{"self":[{"href":"https:\/\/www2.uepg.br\/ppge\/wp-json\/wp\/v2\/pages\/121"}],"collection":[{"href":"https:\/\/www2.uepg.br\/ppge\/wp-json\/wp\/v2\/pages"}],"about":[{"href":"https:\/\/www2.uepg.br\/ppge\/wp-json\/wp\/v2\/types\/page"}],"author":[{"embeddable":true,"href":"https:\/\/www2.uepg.br\/ppge\/wp-json\/wp\/v2\/users\/24"}],"replies":[{"embeddable":true,"href":"https:\/\/www2.uepg.br\/ppge\/wp-json\/wp\/v2\/comments?post=121"}],"version-history":[{"count":41,"href":"https:\/\/www2.uepg.br\/ppge\/wp-json\/wp\/v2\/pages\/121\/revisions"}],"predecessor-version":[{"id":3643,"href":"https:\/\/www2.uepg.br\/ppge\/wp-json\/wp\/v2\/pages\/121\/revisions\/3643"}],"wp:attachment":[{"href":"https:\/\/www2.uepg.br\/ppge\/wp-json\/wp\/v2\/media?parent=121"}],"curies":[{"name":"wp","href":"https:\/\/api.w.org\/{rel}","templated":true}]}}