{"id":1283,"date":"2021-09-08T12:06:14","date_gmt":"2021-09-08T15:06:14","guid":{"rendered":"https:\/\/www2.uepg.br\/ppge\/?page_id=1283"},"modified":"2024-03-04T23:11:22","modified_gmt":"2024-03-05T02:11:22","slug":"politicas-de-inclusao","status":"publish","type":"page","link":"https:\/\/www2.uepg.br\/ppge\/politicas-de-inclusao\/","title":{"rendered":"POL\u00cdTICAS DE INCLUS\u00c3O"},"content":{"rendered":"<div id=\"pl-1283\"  class=\"panel-layout\" ><div id=\"pg-1283-0\"  class=\"panel-grid panel-has-style\" ><div class=\"siteorigin-panels-stretch panel-row-style panel-row-style-for-1283-0\" data-stretch-type=\"full-stretched\" ><div id=\"pgc-1283-0-0\"  class=\"panel-grid-cell\" ><div id=\"panel-1283-0-0-0\" class=\"so-panel widget widget_media_image panel-first-child panel-last-child\" data-index=\"0\" ><img width=\"1517\" height=\"534\" src=\"https:\/\/www2.uepg.br\/ppge\/wp-content\/uploads\/sites\/28\/2021\/09\/banner.png\" class=\"image wp-image-1590  attachment-full size-full\" alt=\"A\u00e7\u00f5es Afirmativas\" loading=\"lazy\" style=\"max-width: 100%; height: auto;\" title=\"A\u00e7\u00f5es Afirmativas\" srcset=\"https:\/\/www2.uepg.br\/ppge\/wp-content\/uploads\/sites\/28\/2021\/09\/banner.png 1517w, https:\/\/www2.uepg.br\/ppge\/wp-content\/uploads\/sites\/28\/2021\/09\/banner-300x106.png 300w, https:\/\/www2.uepg.br\/ppge\/wp-content\/uploads\/sites\/28\/2021\/09\/banner-1024x360.png 1024w, https:\/\/www2.uepg.br\/ppge\/wp-content\/uploads\/sites\/28\/2021\/09\/banner-768x270.png 768w, https:\/\/www2.uepg.br\/ppge\/wp-content\/uploads\/sites\/28\/2021\/09\/banner-1232x434.png 1232w\" sizes=\"(max-width: 1517px) 100vw, 1517px\" \/><\/div><\/div><\/div><\/div><div id=\"pg-1283-1\"  class=\"panel-grid panel-has-style\" ><div class=\"siteorigin-panels-stretch panel-row-style panel-row-style-for-1283-1\" data-stretch-type=\"full-stretched\" ><div id=\"pgc-1283-1-0\"  class=\"panel-grid-cell\" ><div id=\"panel-1283-1-0-0\" class=\"so-panel widget widget_sow-hero panel-first-child panel-last-child\" data-index=\"1\" ><div\n\t\t\t\n\t\t\tclass=\"so-widget-sow-hero so-widget-sow-hero-default-73e363e179a7-1283 so-widget-fittext-wrapper\"\n\t\t\t data-fit-text-compressor=\"0.85\"\n\t\t><div class=\"sow-slider-base\" style=\"display: none\"><ul\n\t\t\t\t\tclass=\"sow-slider-images\"\n\t\t\t\t\tdata-settings=\"{&quot;pagination&quot;:true,&quot;speed&quot;:800,&quot;timeout&quot;:8000,&quot;paused&quot;:false,&quot;pause_on_hover&quot;:false,&quot;swipe&quot;:true,&quot;nav_always_show_desktop&quot;:&quot;&quot;,&quot;nav_always_show_mobile&quot;:&quot;&quot;,&quot;breakpoint&quot;:&quot;780px&quot;,&quot;unmute&quot;:false,&quot;anchor&quot;:null}\"\n\t\t\t\t\t\t\t\t\t\tdata-anchor-id=\"\"\n\t\t\t\t>\t\t<li class=\"sow-slider-image\" style=\"background-color: #bbd9e8\" >\n\t\t\t\t\t<div class=\"sow-slider-image-container\">\n\t\t\t<div class=\"sow-slider-image-wrapper\">\n\t\t\t\t<h1 class=\"font_4\" style=\"text-align: center\"><span class=\"color_18\">SAIBA MAIS SOBRE AS POL\u00cdTICAS DE A\u00c7\u00d5ES AFIRMATIVAS DO PPGE - UEPG<\/span><\/h1>\n<p style=\"text-align: center\">As invisibilidades e dissimetrias est\u00e3o presentes na educa\u00e7\u00e3o, e a medida que se ascende o n\u00edvel acad\u00eamico, as aus\u00eancias dos grupos historicamente discriminados e exclu\u00eddos s\u00e3o maiores, assim, a\u00e7\u00f5es afirmativas por meio de pol\u00edticas s\u00e3o necess\u00e1rias em favor de grupos sociais espec\u00edficos, envolvendo alternativas de inclus\u00e3o social e distribui\u00e7\u00e3o de poder.<\/p>\n<p style=\"text-align: center\"><a href=\"https:\/\/www2.uepg.br\/ppge\/historico-das-politicas\/\"><strong>Saiba mais<\/strong><\/a><\/p>\n\t\t\t<\/div>\n\t\t<\/div>\n\t\t\t\t<\/li>\n\t\t<\/ul>\t\t\t\t<ol class=\"sow-slider-pagination\">\n\t\t\t\t\t\t\t\t\t\t\t<li><a href=\"#\" data-goto=\"0\" aria-label=\"display slide 1\"><\/a><\/li>\n\t\t\t\t\t\t\t\t\t<\/ol>\n\n\t\t\t\t<div class=\"sow-slide-nav sow-slide-nav-next\">\n\t\t\t\t\t<a href=\"#\" data-goto=\"next\" aria-label=\"next slide\" data-action=\"next\">\n\t\t\t\t\t\t<em class=\"sow-sld-icon-thin-right\"><\/em>\n\t\t\t\t\t<\/a>\n\t\t\t\t<\/div>\n\n\t\t\t\t<div class=\"sow-slide-nav sow-slide-nav-prev\">\n\t\t\t\t\t<a href=\"#\" data-goto=\"previous\" aria-label=\"previous slide\" data-action=\"prev\">\n\t\t\t\t\t\t<em class=\"sow-sld-icon-thin-left\"><\/em>\n\t\t\t\t\t<\/a>\n\t\t\t\t<\/div>\n\t\t\t\t<\/div><\/div><\/div><\/div><\/div><\/div><div id=\"pg-1283-2\"  class=\"panel-grid panel-has-style\" ><div class=\"siteorigin-panels-stretch panel-row-style panel-row-style-for-1283-2\" data-stretch-type=\"full-stretched\" ><div id=\"pgc-1283-2-0\"  class=\"panel-grid-cell\" ><div id=\"panel-1283-2-0-0\" class=\"so-panel widget widget_media_image panel-first-child panel-last-child\" data-index=\"2\" ><img width=\"1444\" height=\"14\" src=\"https:\/\/www2.uepg.br\/ppge\/wp-content\/uploads\/sites\/28\/2021\/09\/barra2.png\" class=\"image wp-image-1611  attachment-full size-full\" alt=\"\" loading=\"lazy\" style=\"max-width: 100%; height: auto;\" srcset=\"https:\/\/www2.uepg.br\/ppge\/wp-content\/uploads\/sites\/28\/2021\/09\/barra2.png 1444w, https:\/\/www2.uepg.br\/ppge\/wp-content\/uploads\/sites\/28\/2021\/09\/barra2-300x3.png 300w, https:\/\/www2.uepg.br\/ppge\/wp-content\/uploads\/sites\/28\/2021\/09\/barra2-1024x10.png 1024w, https:\/\/www2.uepg.br\/ppge\/wp-content\/uploads\/sites\/28\/2021\/09\/barra2-768x7.png 768w, https:\/\/www2.uepg.br\/ppge\/wp-content\/uploads\/sites\/28\/2021\/09\/barra2-1232x12.png 1232w\" sizes=\"(max-width: 1444px) 100vw, 1444px\" \/><\/div><\/div><\/div><\/div><div id=\"pg-1283-3\"  class=\"panel-grid panel-has-style\" ><div class=\"siteorigin-panels-stretch panel-row-style panel-row-style-for-1283-3\" data-stretch-type=\"full-stretched\" ><div id=\"pgc-1283-3-0\"  class=\"panel-grid-cell\" ><div id=\"panel-1283-3-0-0\" class=\"so-panel widget widget_sow-hero panel-first-child panel-last-child\" data-index=\"3\" ><div\n\t\t\t\n\t\t\tclass=\"so-widget-sow-hero so-widget-sow-hero-default-10da122a75cf-1283 so-widget-fittext-wrapper\"\n\t\t\t data-fit-text-compressor=\"0.85\"\n\t\t><div class=\"sow-slider-base\" style=\"display: none\"><ul\n\t\t\t\t\tclass=\"sow-slider-images\"\n\t\t\t\t\tdata-settings=\"{&quot;pagination&quot;:true,&quot;speed&quot;:800,&quot;timeout&quot;:8000,&quot;paused&quot;:false,&quot;pause_on_hover&quot;:false,&quot;swipe&quot;:true,&quot;nav_always_show_desktop&quot;:&quot;&quot;,&quot;nav_always_show_mobile&quot;:&quot;&quot;,&quot;breakpoint&quot;:&quot;780px&quot;,&quot;unmute&quot;:false,&quot;anchor&quot;:null}\"\n\t\t\t\t\t\t\t\t\t\tdata-anchor-id=\"\"\n\t\t\t\t>\t\t<li class=\"sow-slider-image\" style=\"background-color: #e0e5e5\" >\n\t\t\t\t\t<div class=\"sow-slider-image-container\">\n\t\t\t<div class=\"sow-slider-image-wrapper\">\n\t\t\t\t<h1 class=\"font_4\" style=\"text-align: center\">COMISS\u00c3O PERMANENTE DE VERIFICA\u00c7\u00c3O<\/h1>\n<p class=\"font_8\" style=\"text-align: center\">Art. 9\u00ba A\u00a0<strong>comiss\u00e3o de heteroidentifica\u00e7\u00e3o<\/strong> utilizar\u00e1 exclusivamente o crit\u00e9rio fenot\u00edpico para aferi\u00e7\u00e3o da condi\u00e7\u00e3o declarada pelo candidato no processo seletivo.<\/p>\n<p class=\"font_8\" style=\"text-align: center\">\u00a7 1\u00ba Ser\u00e3o consideradas as caracter\u00edsticas fenot\u00edpicas do candidato ao tempo da realiza\u00e7\u00e3o do procedimento de heteroidentifica\u00e7\u00e3o.<\/p>\n<p class=\"font_8\" style=\"text-align: center\">\u00a7 2\u00ba N\u00e3o ser\u00e3o considerados, para os fins do caput, quaisquer registros ou documentos pret\u00e9ritos eventualmente apresentados, inclusive imagem e certid\u00f5es referentes a confirma\u00e7\u00e3o em procedimentos de heteroidentifica\u00e7\u00e3o realizados em processos seletivos federais, estaduais, distritais e municipais.<\/p>\n<p class=\"font_8\" style=\"text-align: center\">Art. 10. O procedimento de heteroidentifica\u00e7\u00e3o ser\u00e1 filmado e sua grava\u00e7\u00e3o ser\u00e1 utilizada na an\u00e1lise de eventuais recursos interpostos pelos candidatos.<\/p>\n<p class=\"font_8\" style=\"text-align: center\">Par\u00e1grafo \u00fanico. O candidato que recusar a realiza\u00e7\u00e3o da filmagem do procedimento para fins de heteroidentifica\u00e7\u00e3o, nos termos do caput, ser\u00e1 eliminado do processo seletivo, dispensada a convoca\u00e7\u00e3o suplementar de candidatos n\u00e3o habilitados.<\/p>\n<p class=\"font_8\" style=\"text-align: center\">Art. 11. Ser\u00e3o eliminados do processo seletivo os candidatos cujas autodeclara\u00e7\u00f5es n\u00e3o forem confirmadas em procedimento de heteroidentifica\u00e7\u00e3o, ainda que tenham obtido nota suficiente para aprova\u00e7\u00e3o na ampla concorr\u00eancia e independentemente de alega\u00e7\u00e3o de boa\u2010f\u00e9.<\/p>\n<p class=\"font_8\" style=\"text-align: center\">Par\u00e1grafo \u00fanico. A elimina\u00e7\u00e3o de candidato por n\u00e3o confirma\u00e7\u00e3o da autodeclara\u00e7\u00e3o n\u00e3o enseja o dever de convocar suplementarmente candidatos n\u00e3o convocados para o procedimento de heteroidentifica\u00e7\u00e3o. (<a href=\"https:\/\/www2.uepg.br\/ppge\/wp-content\/uploads\/sites\/28\/2021\/09\/Portaria-Normativa-No4-2018-Regulamentacao.pdf\" target=\"_blank\" rel=\"noopener\">PORTARIA NORMATIVA N\u00ba 4, DE 6 DE ABRIL DE 2018<\/a>).<\/p>\n<p class=\"font_8\" style=\"text-align: center\"><strong>Para ind\u00edgenas<\/strong>, o recebimento presencial da autodeclara\u00e7\u00e3o \u00e9 um ato de entrega da autodeclara\u00e7\u00e3o com as assinaturas das comunidades e documentos adicionais e opcionais que o candidato entender complementares e necess\u00e1rios, como a certid\u00e3o de nascimento na comunidade expedida pela Funai (<a href=\"http:\/\/www.funai.gov.br\/index.php\/docb\/registro-administrativo-de-nascimento-de-indigena-rani\">RANI<\/a>).<\/p>\n\t\t\t<\/div>\n\t\t<\/div>\n\t\t\t\t<\/li>\n\t\t<\/ul>\t\t\t\t<ol class=\"sow-slider-pagination\">\n\t\t\t\t\t\t\t\t\t\t\t<li><a href=\"#\" data-goto=\"0\" aria-label=\"display slide 1\"><\/a><\/li>\n\t\t\t\t\t\t\t\t\t<\/ol>\n\n\t\t\t\t<div class=\"sow-slide-nav sow-slide-nav-next\">\n\t\t\t\t\t<a href=\"#\" data-goto=\"next\" aria-label=\"next slide\" data-action=\"next\">\n\t\t\t\t\t\t<em class=\"sow-sld-icon-thin-right\"><\/em>\n\t\t\t\t\t<\/a>\n\t\t\t\t<\/div>\n\n\t\t\t\t<div class=\"sow-slide-nav sow-slide-nav-prev\">\n\t\t\t\t\t<a href=\"#\" data-goto=\"previous\" aria-label=\"previous slide\" data-action=\"prev\">\n\t\t\t\t\t\t<em class=\"sow-sld-icon-thin-left\"><\/em>\n\t\t\t\t\t<\/a>\n\t\t\t\t<\/div>\n\t\t\t\t<\/div><\/div><\/div><\/div><\/div><\/div><div id=\"pg-1283-4\"  class=\"panel-grid panel-has-style\" ><div class=\"siteorigin-panels-stretch panel-row-style panel-row-style-for-1283-4\" data-stretch-type=\"full-stretched\" ><div id=\"pgc-1283-4-0\"  class=\"panel-grid-cell\" ><div id=\"panel-1283-4-0-0\" class=\"so-panel widget widget_media_image panel-first-child panel-last-child\" data-index=\"4\" ><img width=\"1444\" height=\"15\" src=\"https:\/\/www2.uepg.br\/ppge\/wp-content\/uploads\/sites\/28\/2021\/09\/barra3.png\" class=\"image wp-image-1612  attachment-full size-full\" alt=\"\" loading=\"lazy\" style=\"max-width: 100%; height: auto;\" srcset=\"https:\/\/www2.uepg.br\/ppge\/wp-content\/uploads\/sites\/28\/2021\/09\/barra3.png 1444w, https:\/\/www2.uepg.br\/ppge\/wp-content\/uploads\/sites\/28\/2021\/09\/barra3-300x3.png 300w, https:\/\/www2.uepg.br\/ppge\/wp-content\/uploads\/sites\/28\/2021\/09\/barra3-1024x11.png 1024w, https:\/\/www2.uepg.br\/ppge\/wp-content\/uploads\/sites\/28\/2021\/09\/barra3-768x8.png 768w, https:\/\/www2.uepg.br\/ppge\/wp-content\/uploads\/sites\/28\/2021\/09\/barra3-1232x13.png 1232w\" sizes=\"(max-width: 1444px) 100vw, 1444px\" \/><\/div><\/div><\/div><\/div><div id=\"pg-1283-5\"  class=\"panel-grid panel-has-style\" ><div class=\"panel-row-style panel-row-style-for-1283-5\" ><div id=\"pgc-1283-5-0\"  class=\"panel-grid-cell\" ><div id=\"panel-1283-5-0-0\" class=\"so-panel widget widget_media_image panel-first-child panel-last-child\" data-index=\"5\" ><img width=\"1597\" height=\"280\" src=\"https:\/\/www2.uepg.br\/ppge\/wp-content\/uploads\/sites\/28\/2021\/09\/banner-politicas-de-acoes-afirmativas2-2-1.png\" class=\"image wp-image-1623  attachment-full size-full\" alt=\"\" loading=\"lazy\" style=\"max-width: 100%; height: auto;\" srcset=\"https:\/\/www2.uepg.br\/ppge\/wp-content\/uploads\/sites\/28\/2021\/09\/banner-politicas-de-acoes-afirmativas2-2-1.png 1597w, https:\/\/www2.uepg.br\/ppge\/wp-content\/uploads\/sites\/28\/2021\/09\/banner-politicas-de-acoes-afirmativas2-2-1-300x53.png 300w, https:\/\/www2.uepg.br\/ppge\/wp-content\/uploads\/sites\/28\/2021\/09\/banner-politicas-de-acoes-afirmativas2-2-1-1024x180.png 1024w, https:\/\/www2.uepg.br\/ppge\/wp-content\/uploads\/sites\/28\/2021\/09\/banner-politicas-de-acoes-afirmativas2-2-1-768x135.png 768w, https:\/\/www2.uepg.br\/ppge\/wp-content\/uploads\/sites\/28\/2021\/09\/banner-politicas-de-acoes-afirmativas2-2-1-1536x269.png 1536w, https:\/\/www2.uepg.br\/ppge\/wp-content\/uploads\/sites\/28\/2021\/09\/banner-politicas-de-acoes-afirmativas2-2-1-1232x216.png 1232w\" sizes=\"(max-width: 1597px) 100vw, 1597px\" \/><\/div><\/div><\/div><\/div><div id=\"pg-1283-6\"  class=\"panel-grid panel-no-style\" ><div id=\"pgc-1283-6-0\"  class=\"panel-grid-cell\" ><div id=\"panel-1283-6-0-0\" class=\"so-panel widget widget_sow-editor panel-first-child panel-last-child\" data-index=\"6\" ><div class=\"panel-widget-style panel-widget-style-for-1283-6-0-0\" ><div\n\t\t\t\n\t\t\tclass=\"so-widget-sow-editor so-widget-sow-editor-base\"\n\t\t\t\n\t\t>\n<div class=\"siteorigin-widget-tinymce textwidget\">\n\t<h3 style=\"text-align: center\"><a href=\"https:\/\/www2.uepg.br\/ppge\/heteroidentificacao\/\"><strong><img loading=\"lazy\" class=\"alignnone size-medium wp-image-1357\" src=\"http:\/\/www2.uepg.br\/ppge\/wp-content\/uploads\/sites\/28\/2021\/09\/Negro2-300x238.jpg\" alt=\"\" width=\"300\" height=\"238\" srcset=\"https:\/\/www2.uepg.br\/ppge\/wp-content\/uploads\/sites\/28\/2021\/09\/Negro2-300x238.jpg 300w, https:\/\/www2.uepg.br\/ppge\/wp-content\/uploads\/sites\/28\/2021\/09\/Negro2-1024x813.jpg 1024w, https:\/\/www2.uepg.br\/ppge\/wp-content\/uploads\/sites\/28\/2021\/09\/Negro2-768x610.jpg 768w, https:\/\/www2.uepg.br\/ppge\/wp-content\/uploads\/sites\/28\/2021\/09\/Negro2-1536x1220.jpg 1536w, https:\/\/www2.uepg.br\/ppge\/wp-content\/uploads\/sites\/28\/2021\/09\/Negro2-2048x1626.jpg 2048w, https:\/\/www2.uepg.br\/ppge\/wp-content\/uploads\/sites\/28\/2021\/09\/Negro2-1232x978.jpg 1232w, https:\/\/www2.uepg.br\/ppge\/wp-content\/uploads\/sites\/28\/2021\/09\/Negro2-1360x1080.jpg 1360w\" sizes=\"(max-width: 300px) 100vw, 300px\" \/><\/strong><\/a><\/h3>\n<h4 style=\"text-align: center\"><strong><a href=\"https:\/\/www2.uepg.br\/ppge\/heteroidentificacao\/\">Negro<br \/>\n(Preto ou Pardo)<\/a><\/strong><\/h4>\n<\/div>\n<\/div><\/div><\/div><\/div><div id=\"pgc-1283-6-1\"  class=\"panel-grid-cell\" ><div id=\"panel-1283-6-1-0\" class=\"so-panel widget widget_sow-editor panel-first-child panel-last-child\" data-index=\"7\" ><div class=\"panel-widget-style panel-widget-style-for-1283-6-1-0\" ><div\n\t\t\t\n\t\t\tclass=\"so-widget-sow-editor so-widget-sow-editor-base\"\n\t\t\t\n\t\t>\n<div class=\"siteorigin-widget-tinymce textwidget\">\n\t<p><a href=\"https:\/\/www2.uepg.br\/ppge\/indigenas\/\"><img loading=\"lazy\" class=\"size-medium wp-image-1356 aligncenter\" src=\"http:\/\/www2.uepg.br\/ppge\/wp-content\/uploads\/sites\/28\/2021\/09\/Indio2-300x238.jpg\" alt=\"INDIO\" width=\"300\" height=\"238\" srcset=\"https:\/\/www2.uepg.br\/ppge\/wp-content\/uploads\/sites\/28\/2021\/09\/Indio2-300x238.jpg 300w, https:\/\/www2.uepg.br\/ppge\/wp-content\/uploads\/sites\/28\/2021\/09\/Indio2-1024x813.jpg 1024w, https:\/\/www2.uepg.br\/ppge\/wp-content\/uploads\/sites\/28\/2021\/09\/Indio2-768x610.jpg 768w, https:\/\/www2.uepg.br\/ppge\/wp-content\/uploads\/sites\/28\/2021\/09\/Indio2-1536x1219.jpg 1536w, https:\/\/www2.uepg.br\/ppge\/wp-content\/uploads\/sites\/28\/2021\/09\/Indio2-2048x1626.jpg 2048w, https:\/\/www2.uepg.br\/ppge\/wp-content\/uploads\/sites\/28\/2021\/09\/Indio2-1232x978.jpg 1232w, https:\/\/www2.uepg.br\/ppge\/wp-content\/uploads\/sites\/28\/2021\/09\/Indio2-1361x1080.jpg 1361w\" sizes=\"(max-width: 300px) 100vw, 300px\" \/><\/a><\/p>\n<h4 style=\"text-align: center\"><strong><a href=\"https:\/\/www2.uepg.br\/ppge\/indigenas\/\">\u00cdndigena<\/a><\/strong><\/h4>\n<\/div>\n<\/div><\/div><\/div><\/div><div id=\"pgc-1283-6-2\"  class=\"panel-grid-cell\" ><div id=\"panel-1283-6-2-0\" class=\"so-panel widget widget_sow-editor panel-first-child panel-last-child\" data-index=\"8\" ><div class=\"panel-widget-style panel-widget-style-for-1283-6-2-0\" ><div\n\t\t\t\n\t\t\tclass=\"so-widget-sow-editor so-widget-sow-editor-base\"\n\t\t\t\n\t\t>\n<div class=\"siteorigin-widget-tinymce textwidget\">\n\t<p style=\"text-align: center\"><a href=\"https:\/\/www2.uepg.br\/ppge\/pcd\/\"><img loading=\"lazy\" class=\"alignnone size-medium wp-image-1353\" src=\"http:\/\/www2.uepg.br\/ppge\/wp-content\/uploads\/sites\/28\/2021\/09\/PDC2-300x238.jpg\" alt=\"PESSOAS COM DEFICI\u00caNCIA (PCD)\" width=\"300\" height=\"238\" srcset=\"https:\/\/www2.uepg.br\/ppge\/wp-content\/uploads\/sites\/28\/2021\/09\/PDC2-300x238.jpg 300w, https:\/\/www2.uepg.br\/ppge\/wp-content\/uploads\/sites\/28\/2021\/09\/PDC2-1024x813.jpg 1024w, https:\/\/www2.uepg.br\/ppge\/wp-content\/uploads\/sites\/28\/2021\/09\/PDC2-768x610.jpg 768w, https:\/\/www2.uepg.br\/ppge\/wp-content\/uploads\/sites\/28\/2021\/09\/PDC2-1536x1219.jpg 1536w, https:\/\/www2.uepg.br\/ppge\/wp-content\/uploads\/sites\/28\/2021\/09\/PDC2-2048x1626.jpg 2048w, https:\/\/www2.uepg.br\/ppge\/wp-content\/uploads\/sites\/28\/2021\/09\/PDC2-1232x978.jpg 1232w, https:\/\/www2.uepg.br\/ppge\/wp-content\/uploads\/sites\/28\/2021\/09\/PDC2-1361x1080.jpg 1361w\" sizes=\"(max-width: 300px) 100vw, 300px\" \/><\/a><\/p>\n<h4 style=\"text-align: center\"><strong><a href=\"https:\/\/www2.uepg.br\/ppge\/pcd\/\">Pessoa com<\/a><\/strong><br \/>\n<strong><a href=\"https:\/\/www2.uepg.br\/ppge\/pcd\/\">Defici\u00eancia (PcD)<\/a><\/strong><\/h4>\n<\/div>\n<\/div><\/div><\/div><\/div><div id=\"pgc-1283-6-3\"  class=\"panel-grid-cell\" ><div id=\"panel-1283-6-3-0\" class=\"so-panel widget widget_sow-editor panel-first-child panel-last-child\" data-index=\"9\" ><div class=\"panel-widget-style panel-widget-style-for-1283-6-3-0\" ><div\n\t\t\t\n\t\t\tclass=\"so-widget-sow-editor so-widget-sow-editor-base\"\n\t\t\t\n\t\t>\n<div class=\"siteorigin-widget-tinymce textwidget\">\n\t<p style=\"text-align: center\"><a href=\"https:\/\/www2.uepg.br\/ppge\/trans\/\"><img loading=\"lazy\" class=\"alignnone wp-image-1572 size-medium\" src=\"http:\/\/www2.uepg.br\/ppge\/wp-content\/uploads\/sites\/28\/2021\/09\/Trans2-300x238.jpg\" alt=\"TRANS\" width=\"300\" height=\"238\" srcset=\"https:\/\/www2.uepg.br\/ppge\/wp-content\/uploads\/sites\/28\/2021\/09\/Trans2-300x238.jpg 300w, https:\/\/www2.uepg.br\/ppge\/wp-content\/uploads\/sites\/28\/2021\/09\/Trans2-1024x813.jpg 1024w, https:\/\/www2.uepg.br\/ppge\/wp-content\/uploads\/sites\/28\/2021\/09\/Trans2-768x610.jpg 768w, https:\/\/www2.uepg.br\/ppge\/wp-content\/uploads\/sites\/28\/2021\/09\/Trans2-1536x1220.jpg 1536w, https:\/\/www2.uepg.br\/ppge\/wp-content\/uploads\/sites\/28\/2021\/09\/Trans2-2048x1626.jpg 2048w, https:\/\/www2.uepg.br\/ppge\/wp-content\/uploads\/sites\/28\/2021\/09\/Trans2-1232x978.jpg 1232w, https:\/\/www2.uepg.br\/ppge\/wp-content\/uploads\/sites\/28\/2021\/09\/Trans2-1360x1080.jpg 1360w\" sizes=\"(max-width: 300px) 100vw, 300px\" \/><\/a><\/p>\n<h4 style=\"text-align: center\"><strong><a href=\"https:\/\/www2.uepg.br\/ppge\/trans\/\">Trans<\/a><\/strong><\/h4>\n<\/div>\n<\/div><\/div><\/div><\/div><\/div><div id=\"pg-1283-7\"  class=\"panel-grid panel-has-style\" ><div class=\"panel-row-style panel-row-style-for-1283-7\" ><div id=\"pgc-1283-7-0\"  class=\"panel-grid-cell panel-grid-cell-empty\" ><\/div><\/div><\/div><\/div>","protected":false},"excerpt":{"rendered":"<p>SAIBA MAIS SOBRE AS POL\u00cdTICAS DE A\u00c7\u00d5ES AFIRMATIVAS DO PPGE &#8211; UEPG As invisibilidades e dissimetrias est\u00e3o presentes na educa\u00e7\u00e3o, e a medida que se ascende o n\u00edvel acad\u00eamico, as aus\u00eancias dos grupos historicamente discriminados e exclu\u00eddos s\u00e3o maiores, assim, a\u00e7\u00f5es afirmativas por meio de pol\u00edticas s\u00e3o necess\u00e1rias em favor de grupos sociais espec\u00edficos, envolvendo&nbsp;&hellip;<\/p>\n","protected":false},"author":393,"featured_media":0,"parent":0,"menu_order":0,"comment_status":"closed","ping_status":"closed","template":"","meta":[],"_links":{"self":[{"href":"https:\/\/www2.uepg.br\/ppge\/wp-json\/wp\/v2\/pages\/1283"}],"collection":[{"href":"https:\/\/www2.uepg.br\/ppge\/wp-json\/wp\/v2\/pages"}],"about":[{"href":"https:\/\/www2.uepg.br\/ppge\/wp-json\/wp\/v2\/types\/page"}],"author":[{"embeddable":true,"href":"https:\/\/www2.uepg.br\/ppge\/wp-json\/wp\/v2\/users\/393"}],"replies":[{"embeddable":true,"href":"https:\/\/www2.uepg.br\/ppge\/wp-json\/wp\/v2\/comments?post=1283"}],"version-history":[{"count":56,"href":"https:\/\/www2.uepg.br\/ppge\/wp-json\/wp\/v2\/pages\/1283\/revisions"}],"predecessor-version":[{"id":2694,"href":"https:\/\/www2.uepg.br\/ppge\/wp-json\/wp\/v2\/pages\/1283\/revisions\/2694"}],"wp:attachment":[{"href":"https:\/\/www2.uepg.br\/ppge\/wp-json\/wp\/v2\/media?parent=1283"}],"curies":[{"name":"wp","href":"https:\/\/api.w.org\/{rel}","templated":true}]}}