{"id":1390,"date":"2021-09-13T10:27:46","date_gmt":"2021-09-13T13:27:46","guid":{"rendered":"https:\/\/www2.uepg.br\/ppge\/?page_id=1390"},"modified":"2025-07-21T15:58:53","modified_gmt":"2025-07-21T18:58:53","slug":"heteroidentificacao","status":"publish","type":"page","link":"https:\/\/www2.uepg.br\/ppge\/heteroidentificacao\/","title":{"rendered":"HETEROIDENTIFICA\u00c7\u00c3O"},"content":{"rendered":"<div id=\"pl-1390\"  class=\"panel-layout\" ><div id=\"pg-1390-0\"  class=\"panel-grid panel-no-style\" ><div id=\"pgc-1390-0-0\"  class=\"panel-grid-cell\" ><div id=\"panel-1390-0-0-0\" class=\"so-panel widget widget_sow-headline panel-first-child panel-last-child\" data-index=\"0\" ><div\n\t\t\t\n\t\t\tclass=\"so-widget-sow-headline so-widget-sow-headline-default-78e89d438cff-1390\"\n\t\t\t\n\t\t><div class=\"sow-headline-container \">\n\t<h2 class='sow-headline'>NEGROS (PRETOS E PARDOS)<\/h2>\t\t\t\t\t<div class=\"decoration\">\n\t\t\t\t\t\t<div class=\"decoration-inside\"><\/div>\n\t\t\t\t\t<\/div>\n\t\t\t\t\t<h3 class='sow-sub-headline'>O QUE \u00c9 HETEROIDENTIFICA\u00c7\u00c3O E COMO V\u00c3O FUNCIONAR AS COMISS\u00d5ES NESTE PROCESSO SELETIVO?<\/h3><\/div><\/div><\/div><\/div><\/div><div id=\"pg-1390-1\"  class=\"panel-grid panel-no-style\" ><div id=\"pgc-1390-1-0\"  class=\"panel-grid-cell\" ><div id=\"panel-1390-1-0-0\" class=\"so-panel widget widget_sow-image panel-first-child\" data-index=\"1\" ><div\n\t\t\t\n\t\t\tclass=\"so-widget-sow-image so-widget-sow-image-default-a5258576d588-1390\"\n\t\t\t\n\t\t>\n\n<div class=\"sow-image-container\">\n\t\t<img src=\"https:\/\/www2.uepg.br\/ppge\/wp-content\/uploads\/sites\/28\/2021\/09\/Negro-768x768.jpg\" width=\"400\" height=\"400\" srcset=\"https:\/\/www2.uepg.br\/ppge\/wp-content\/uploads\/sites\/28\/2021\/09\/Negro-768x768.jpg 768w, https:\/\/www2.uepg.br\/ppge\/wp-content\/uploads\/sites\/28\/2021\/09\/Negro-300x300.jpg 300w, https:\/\/www2.uepg.br\/ppge\/wp-content\/uploads\/sites\/28\/2021\/09\/Negro-150x150.jpg 150w, https:\/\/www2.uepg.br\/ppge\/wp-content\/uploads\/sites\/28\/2021\/09\/Negro.jpg 805w\" sizes=\"(max-width: 400px) 100vw, 400px\" title=\"NEGROS (PRETOS E PARDOS)\" alt=\"NEGROS (PRETOS E PARDOS)\" loading=\"lazy\" \t\tclass=\"so-widget-image\"\/>\n\t<\/div>\n\n<\/div><\/div><div id=\"panel-1390-1-0-1\" class=\"so-panel widget widget_text panel-last-child\" data-index=\"2\" >\t\t\t<div class=\"textwidget\"><p><a href=\"https:\/\/daa071dd-7be4-4de4-898a-b44407260293.filesusr.com\/ugd\/54baf7_ab52a6f72f47469195e975ac3d4f2d98.pdf\">Heteroidentifica\u00e7\u00e3o<\/a>\u00a0\u00e9 um m\u00e9todo de identifica\u00e7\u00e3o \u00e9tnico-racial de um indiv\u00edduo a partir da percep\u00e7\u00e3o social de outra pessoa\u00a0(assista a este v\u00eddeo para saber mais).<\/p>\n<p>No Processo Seletivo 2022 do PPGE, candidatas(os) que se autodeclarem pretas(os) e pardas(os), na segunda etapa do processo seletivo a autodeclara\u00e7\u00e3o ser\u00e1 verificada pela \u201cComiss\u00e3o de Heteroidentifica\u00e7\u00e3o do PPGE\u201d. Essa verifica\u00e7\u00e3o vai ocorrer via web confer\u00eancia, por um link que ser\u00e1 enviado para o candidato por e-mail.<\/p>\n<p>O candidato dever\u00e1 preencher o formul\u00e1rio eletr\u00f4nico com a autodeclara\u00e7\u00e3o e a autoriza\u00e7\u00e3o de imagem, al\u00e9m de enviar a c\u00f3pia de um documento oficial com foto.<\/p>\n<p>O candidato dever\u00e1 acessar a sala virtual com 10 (dez) minutos de anteced\u00eancia. Ser\u00e1 solicitado para ele o documento de identifica\u00e7\u00e3o atualizado com foto.<\/p>\n<p>De acordo com a <a href=\"https:\/\/www.gov.br\/mdh\/pt-br\/centrais-de-conteudo\/igualdade-racial\/portaria-normativa-no-4-2018-regulamenta-o-procedimento-de-heteroidentificacao-complementar-a-autodeclaracao-dos-candidatos-negros-em-concursos-publicos\/view\">Portaria n\u00ba 04\/2018 do Minist\u00e9rio do Planejamento, Desenvolvimento e Gest\u00e3o (MPOG)<\/a> e a\u00a0<a href=\"https:\/\/www2.uepg.br\/ppge\/wp-content\/uploads\/sites\/28\/2021\/08\/Resoluc%CC%A7a%CC%83o-UNIV-2021.10-Poli%CC%81tica-de-Ac%CC%A7o%CC%83es-Afirmativas.pdf\">RESOLU\u00c7\u00c3O UNIV \u2013 N\u00ba 2021.10<\/a>, a Comiss\u00e3o de Heteroidentifica\u00e7\u00e3o utilizar\u00e1, exclusivamente, o crit\u00e9rio fen\u00f3tipo para conferir a condi\u00e7\u00e3o declarada pelo(a) candidato(a). Vale lembrar que mesmo que a Comiss\u00e3o de Heteroidentifica\u00e7\u00e3o concorde com a autodeclara\u00e7\u00e3o racial, isso n\u00e3o ser\u00e1 uma garantia de matr\u00edcula para os candidatos, que devem seguir os demais procedimentos constantes nos editais para efetivar a sua matr\u00edcula.<\/p>\n<\/div>\n\t\t<\/div><\/div><div id=\"pgc-1390-1-1\"  class=\"panel-grid-cell\" ><div id=\"panel-1390-1-1-0\" class=\"so-panel widget widget_sow-button panel-first-child\" data-index=\"3\" ><div\n\t\t\t\n\t\t\tclass=\"so-widget-sow-button so-widget-sow-button-atom-fc82fa7f101d-1390\"\n\t\t\t\n\t\t><div class=\"ow-button-base ow-button-align-center\">\n\t<a href=\"\" class=\"ow-icon-placement-left\" target=\"_blank\" rel=\"noopener noreferrer\" \t\t>\n\t\t<span>\n\t\t\t<span class=\"sow-icon-fontawesome sow-far\" data-sow-icon=\"&#xf274;\"\n\t\tstyle=\"color: #ffffff\" \n\t\taria-hidden=\"true\"><\/span>\n\t\t\tVeja o Calend\u00e1rio do Processo Seletivo\t\t<\/span>\n\t<\/a>\n<\/div>\n<\/div><\/div><div id=\"panel-1390-1-1-1\" class=\"so-panel widget widget_sow-button\" data-index=\"4\" ><div\n\t\t\t\n\t\t\tclass=\"so-widget-sow-button so-widget-sow-button-atom-89e6162d6feb-1390\"\n\t\t\t\n\t\t><div class=\"ow-button-base ow-button-align-center\">\n\t<a href=\"https:\/\/www2.uepg.br\/ppge\/edital-de-selecao-doutorado-e-mestrado-2022-ppge-uepg\/\" class=\"ow-icon-placement-left\" target=\"_blank\" rel=\"noopener noreferrer\" \t\t>\n\t\t<span>\n\t\t\t\n\t\t\tCandidatos aprovados e suplentes: confirmar as pr\u00f3ximas etapas\t\t<\/span>\n\t<\/a>\n<\/div>\n<\/div><\/div><div id=\"panel-1390-1-1-2\" class=\"so-panel widget widget_sow-button\" data-index=\"5\" ><div\n\t\t\t\n\t\t\tclass=\"so-widget-sow-button so-widget-sow-button-atom-89e6162d6feb-1390\"\n\t\t\t\n\t\t><div class=\"ow-button-base ow-button-align-center\">\n\t<a href=\"https:\/\/www2.uepg.br\/ppge\/edital-de-selecao-doutorado-e-mestrado-2022-ppge-uepg\/\" class=\"ow-icon-placement-left\" target=\"_blank\" rel=\"noopener noreferrer\" \t\t>\n\t\t<span>\n\t\t\t\n\t\t\tCome\u00e7ou o prazo para candidatos autodeclarados negros e ind\u00edgenas acessarem o sistema do PPGE e ler as instru\u00e7\u00f5es\t\t<\/span>\n\t<\/a>\n<\/div>\n<\/div><\/div><div id=\"panel-1390-1-1-3\" class=\"so-panel widget widget_sow-button\" data-index=\"6\" ><div\n\t\t\t\n\t\t\tclass=\"so-widget-sow-button so-widget-sow-button-atom-89e6162d6feb-1390\"\n\t\t\t\n\t\t><div class=\"ow-button-base ow-button-align-center\">\n\t<a href=\"\" class=\"ow-icon-placement-left\" target=\"_blank\" rel=\"noopener noreferrer\" \t\t>\n\t\t<span>\n\t\t\t\n\t\t\tPublicadas as listas de classificados e a primeira chamada para matr\u00edculas\t\t<\/span>\n\t<\/a>\n<\/div>\n<\/div><\/div><div id=\"panel-1390-1-1-4\" class=\"so-panel widget widget_sow-button panel-last-child\" data-index=\"7\" ><div\n\t\t\t\n\t\t\tclass=\"so-widget-sow-button so-widget-sow-button-atom-89e6162d6feb-1390\"\n\t\t\t\n\t\t><div class=\"ow-button-base ow-button-align-center\">\n\t<a href=\"\" class=\"ow-icon-placement-left\" target=\"_blank\" rel=\"noopener noreferrer\" \t\t>\n\t\t<span>\n\t\t\t\n\t\t\tPublicadas as listas de classificados da segunda etapa\t\t<\/span>\n\t<\/a>\n<\/div>\n<\/div><\/div><\/div><\/div><\/div>","protected":false},"excerpt":{"rendered":"<p>Heteroidentifica\u00e7\u00e3o\u00a0\u00e9 um m\u00e9todo de identifica\u00e7\u00e3o \u00e9tnico-racial de um indiv\u00edduo a partir da percep\u00e7\u00e3o social de outra pessoa\u00a0(assista a este v\u00eddeo para saber mais). No Processo Seletivo 2022 do PPGE, candidatas(os) que se autodeclarem pretas(os) e pardas(os), na segunda etapa do processo seletivo a autodeclara\u00e7\u00e3o ser\u00e1 verificada pela \u201cComiss\u00e3o de Heteroidentifica\u00e7\u00e3o do PPGE\u201d. Essa verifica\u00e7\u00e3o vai&nbsp;&hellip;<\/p>\n","protected":false},"author":378,"featured_media":0,"parent":0,"menu_order":0,"comment_status":"closed","ping_status":"closed","template":"","meta":[],"_links":{"self":[{"href":"https:\/\/www2.uepg.br\/ppge\/wp-json\/wp\/v2\/pages\/1390"}],"collection":[{"href":"https:\/\/www2.uepg.br\/ppge\/wp-json\/wp\/v2\/pages"}],"about":[{"href":"https:\/\/www2.uepg.br\/ppge\/wp-json\/wp\/v2\/types\/page"}],"author":[{"embeddable":true,"href":"https:\/\/www2.uepg.br\/ppge\/wp-json\/wp\/v2\/users\/378"}],"replies":[{"embeddable":true,"href":"https:\/\/www2.uepg.br\/ppge\/wp-json\/wp\/v2\/comments?post=1390"}],"version-history":[{"count":17,"href":"https:\/\/www2.uepg.br\/ppge\/wp-json\/wp\/v2\/pages\/1390\/revisions"}],"predecessor-version":[{"id":3267,"href":"https:\/\/www2.uepg.br\/ppge\/wp-json\/wp\/v2\/pages\/1390\/revisions\/3267"}],"wp:attachment":[{"href":"https:\/\/www2.uepg.br\/ppge\/wp-json\/wp\/v2\/media?parent=1390"}],"curies":[{"name":"wp","href":"https:\/\/api.w.org\/{rel}","templated":true}]}}