{"id":165,"date":"2019-07-03T16:01:02","date_gmt":"2019-07-03T19:01:02","guid":{"rendered":"http:\/\/www2.uepg.br\/ppge\/?page_id=165"},"modified":"2024-08-28T10:15:27","modified_gmt":"2024-08-28T13:15:27","slug":"processo-seletivo","status":"publish","type":"page","link":"https:\/\/www2.uepg.br\/ppge\/processo-seletivo\/","title":{"rendered":"PROCESSO SELETIVO"},"content":{"rendered":"<hr \/>\n<h3 style=\"font-weight: 400;text-align: center\"><strong>Mestrado<\/strong><\/h3>\n<hr \/>\n<p>* Consulte\u00a0 na aba &#8220;Editais&#8221; as publica\u00e7\u00f5es sobre o processo de sele\u00e7\u00e3o.<\/p>\n<p><strong>Aluno regular:<\/strong><\/p>\n<p>&#8211; O Edital do Processo Seletivo ser\u00e1 divulgado no segundo semestre de cada ano.<\/p>\n<p>&#8211; Per\u00edodo de Inscri\u00e7\u00f5es: segundo semestre de cada ano.<\/p>\n<p>&#8211; Conclus\u00e3o do Processo de Sele\u00e7\u00e3o: at\u00e9 dezembro<\/p>\n<p><strong>Aluno especial:<\/strong><\/p>\n<p>&#8211; Em fevereiro e julho o\u00a0 programa abre edital para sele\u00e7\u00e3o de alunos\/as especiais, n\u00e3o aprovados no Processo Seletivo, para cursarem disciplinas optativas.<\/p>\n<p style=\"font-weight: 400\"><strong>Etapas:<\/strong><\/p>\n<p style=\"font-weight: 400\">1\u00aa Etapa:\u00a0Prova escrita.<\/p>\n<p style=\"font-weight: 400\">2\u00aa Etapa: An\u00e1lise\u00a0do Anteprojeto de Pesquisa.<\/p>\n<p style=\"font-weight: 400\">3\u00aa Etapa: Prova de Argui\u00e7\u00e3o e An\u00e1lise do Curr\u00edculo (Defesa do Anteprojeto de Disserta\u00e7\u00e3o).<\/p>\n<p style=\"font-weight: 400\">Para a classifica\u00e7\u00e3o dos\/as candidatos\/as ser\u00e1 considerado seu desempenho nas tr\u00eas Etapas da Sele\u00e7\u00e3o. A posi\u00e7\u00e3o na classifica\u00e7\u00e3o final ser\u00e1 um dos crit\u00e9rios para a eventual concess\u00e3o das Bolsas de Estudo.<\/p>\n<p>&nbsp;<\/p>\n<p>&nbsp;<\/p>\n<hr \/>\n<h3 style=\"font-weight: 400;text-align: center\"><strong>\u00a0Doutorado<\/strong><\/h3>\n<hr \/>\n<p><strong>Aluno regular:<\/strong><\/p>\n<p style=\"font-weight: 400\">&#8211; O Edital do Processo Seletivo ser\u00e1 divulgado no segundo semestre de cada ano.<\/p>\n<p>&#8211; Per\u00edodo de Inscri\u00e7\u00f5es: segundo semestre de cada ano<\/p>\n<p>&#8211; Conclus\u00e3o do Processo de Sele\u00e7\u00e3o: at\u00e9 dezembro<\/p>\n<p><strong>Aluno especial:<\/strong><\/p>\n<p>&#8211; Em fevereiro e julho o\u00a0 programa abre edital para sele\u00e7\u00e3o de alunos\/as especiais, n\u00e3o aprovados no Processo Seletivo, para cursarem disciplinas optativas.<\/p>\n<p style=\"font-weight: 400\"><strong>Etapas:<\/strong><\/p>\n<p style=\"font-weight: 400\">1\u00aa Etapa: An\u00e1lise do Projeto de Pesquisa e Memorial<\/p>\n<p style=\"font-weight: 400\">2\u00aa Etapa:\u00a0\u00a0Prova de Argui\u00e7\u00e3o e An\u00e1lise do Curr\u00edculo (Defesa do Projeto de Tese).<\/p>\n<p style=\"font-weight: 400\">Para a classifica\u00e7\u00e3o dos\/as candidatos\/as ser\u00e1 considerado seu desempenho nas duas Etapas da Sele\u00e7\u00e3o. A posi\u00e7\u00e3o na classifica\u00e7\u00e3o final ser\u00e1 um dos crit\u00e9rios para a eventual concess\u00e3o das Bolsas de Estudo.<\/p>\n","protected":false},"excerpt":{"rendered":"<p>Mestrado * Consulte\u00a0 na aba &#8220;Editais&#8221; as publica\u00e7\u00f5es sobre o processo de sele\u00e7\u00e3o. Aluno regular: &#8211; O Edital do Processo Seletivo ser\u00e1 divulgado no segundo semestre de cada ano. &#8211; Per\u00edodo de Inscri\u00e7\u00f5es: segundo semestre de cada ano. &#8211; Conclus\u00e3o do Processo de Sele\u00e7\u00e3o: at\u00e9 dezembro Aluno especial: &#8211; Em fevereiro e julho o\u00a0 programa&nbsp;&hellip;<\/p>\n","protected":false},"author":24,"featured_media":0,"parent":0,"menu_order":0,"comment_status":"closed","ping_status":"closed","template":"","meta":[],"_links":{"self":[{"href":"https:\/\/www2.uepg.br\/ppge\/wp-json\/wp\/v2\/pages\/165"}],"collection":[{"href":"https:\/\/www2.uepg.br\/ppge\/wp-json\/wp\/v2\/pages"}],"about":[{"href":"https:\/\/www2.uepg.br\/ppge\/wp-json\/wp\/v2\/types\/page"}],"author":[{"embeddable":true,"href":"https:\/\/www2.uepg.br\/ppge\/wp-json\/wp\/v2\/users\/24"}],"replies":[{"embeddable":true,"href":"https:\/\/www2.uepg.br\/ppge\/wp-json\/wp\/v2\/comments?post=165"}],"version-history":[{"count":8,"href":"https:\/\/www2.uepg.br\/ppge\/wp-json\/wp\/v2\/pages\/165\/revisions"}],"predecessor-version":[{"id":2846,"href":"https:\/\/www2.uepg.br\/ppge\/wp-json\/wp\/v2\/pages\/165\/revisions\/2846"}],"wp:attachment":[{"href":"https:\/\/www2.uepg.br\/ppge\/wp-json\/wp\/v2\/media?parent=165"}],"curies":[{"name":"wp","href":"https:\/\/api.w.org\/{rel}","templated":true}]}}