{"id":1884,"date":"2022-03-10T11:22:08","date_gmt":"2022-03-10T14:22:08","guid":{"rendered":"https:\/\/www2.uepg.br\/ppge\/?page_id=1884"},"modified":"2022-03-10T11:24:41","modified_gmt":"2022-03-10T14:24:41","slug":"seminario-tematico","status":"publish","type":"page","link":"https:\/\/www2.uepg.br\/ppge\/seminario-tematico\/","title":{"rendered":"Semin\u00e1rio tem\u00e1tico &#8220;Hist\u00f3ria, contribui\u00e7\u00f5es e perspectivas nos 10 anos da ReLePe&#8221;\u201d"},"content":{"rendered":"<p class=\"yiv4312811031MsoNormal\">Expositores:<\/p>\n<p class=\"yiv4312811031MsoNormal\">Simone de F\u00e1tima Flach -Co-diretora ReLePe<\/p>\n<p class=\"yiv4312811031MsoNormal\">C\u00e9sar Tello -Ex-diretor ReLePe<\/p>\n<p class=\"yiv4312811031MsoNormal\">Jefferson Mainardes -Ex-Co-diretor ReLePe<\/p>\n<p class=\"yiv4312811031MsoNormal\">Jorge Gorostiaga -Diretor ReLePe<\/p>\n<p class=\"yiv4312811031MsoNormal\"><strong>Dia<\/strong>:\u00a010 de mar\u00e7o de 2022<\/p>\n<p class=\"yiv4312811031MsoNormal\"><strong>Hor\u00e1rio<\/strong>: 19h (Buenos Aires e Bras\u00edlia)<\/p>\n<p class=\"yiv4312811031MsoNormal\">Local: Canal youtube ppge upeg<\/p>\n<p>&nbsp;<\/p>\n","protected":false},"excerpt":{"rendered":"<p>Expositores: Simone de F\u00e1tima Flach -Co-diretora ReLePe C\u00e9sar Tello -Ex-diretor ReLePe Jefferson Mainardes -Ex-Co-diretor ReLePe Jorge Gorostiaga -Diretor ReLePe Dia:\u00a010 de mar\u00e7o de 2022 Hor\u00e1rio: 19h (Buenos Aires e Bras\u00edlia) Local: Canal youtube ppge upeg &nbsp;<\/p>\n","protected":false},"author":394,"featured_media":0,"parent":0,"menu_order":0,"comment_status":"closed","ping_status":"closed","template":"","meta":[],"_links":{"self":[{"href":"https:\/\/www2.uepg.br\/ppge\/wp-json\/wp\/v2\/pages\/1884"}],"collection":[{"href":"https:\/\/www2.uepg.br\/ppge\/wp-json\/wp\/v2\/pages"}],"about":[{"href":"https:\/\/www2.uepg.br\/ppge\/wp-json\/wp\/v2\/types\/page"}],"author":[{"embeddable":true,"href":"https:\/\/www2.uepg.br\/ppge\/wp-json\/wp\/v2\/users\/394"}],"replies":[{"embeddable":true,"href":"https:\/\/www2.uepg.br\/ppge\/wp-json\/wp\/v2\/comments?post=1884"}],"version-history":[{"count":4,"href":"https:\/\/www2.uepg.br\/ppge\/wp-json\/wp\/v2\/pages\/1884\/revisions"}],"predecessor-version":[{"id":1888,"href":"https:\/\/www2.uepg.br\/ppge\/wp-json\/wp\/v2\/pages\/1884\/revisions\/1888"}],"wp:attachment":[{"href":"https:\/\/www2.uepg.br\/ppge\/wp-json\/wp\/v2\/media?parent=1884"}],"curies":[{"name":"wp","href":"https:\/\/api.w.org\/{rel}","templated":true}]}}