{"id":195,"date":"2019-07-03T16:30:37","date_gmt":"2019-07-03T19:30:37","guid":{"rendered":"http:\/\/www2.uepg.br\/ppge\/?page_id=195"},"modified":"2026-03-10T11:30:26","modified_gmt":"2026-03-10T14:30:26","slug":"arquivo","status":"publish","type":"page","link":"https:\/\/www2.uepg.br\/ppge\/arquivo\/","title":{"rendered":"ARQUIVO"},"content":{"rendered":"<hr \/>\n<p style=\"text-align: center\"><strong>Arquivos e Documentos para Download<\/strong><\/p>\n<hr \/>\n<p style=\"text-align: center\"><a href=\"http:\/\/www2.uepg.br\/ppge\/wp-content\/uploads\/sites\/28\/2025\/02\/REGULAMENTO-PPGE-2024-com-alteracoes-RESOLUCAO-CEPE-2024.-42-LIMPO.pdf\">REGULAMENTO PPGE com altera\u00e7\u00f5es RESOLU\u00c7\u00c3O CEPE 2024. 42<\/a><\/p>\n<p style=\"text-align: center\"><a href=\"http:\/\/www2.uepg.br\/ppge\/wp-content\/uploads\/sites\/28\/2025\/02\/Resolucao-CEPE-2024.42-Altera-Regulamento-PPGE.pdf\">Resolu\u00e7\u00e3o CEPE 2024.42 &#8211; Altera Regulamento PPGE<\/a><\/p>\n<p style=\"text-align: center\"><a href=\"https:\/\/www2.uepg.br\/ppge\/arquivo\/resoluc%cc%a7a%cc%83o-cepe-72021-altera-regulamento-ppge-lingua-estrangeira-2\/\" rel=\"attachment wp-att-1132\">Resoluc\u0327a\u0303o CEPE 7\/2021 &#8211; Altera Regulamento PPGE Li\u0301ngua estrangeira<\/a><\/p>\n<p style=\"text-align: center\"><a href=\"http:\/\/www2.uepg.br\/ppge\/wp-content\/uploads\/sites\/28\/2021\/02\/Portaria-Capes-76-2010-Programa-DS.pdf\">Portaria Capes <\/a><a href=\"http:\/\/www2.uepg.br\/ppge\/wp-content\/uploads\/sites\/28\/2021\/02\/Portaria-Capes-76-2010-Programa-DS.pdf\">76\/2010 Programa DS<\/a><\/p>\n<p style=\"text-align: center\"><a href=\"http:\/\/www2.uepg.br\/ppge\/wp-content\/uploads\/sites\/28\/2020\/11\/Resolucao-28_2020-Alteracao-Regulamento-PPGE.pdf\">Resolu\u00e7\u00e3o CEPE 28\/2020 &#8211; Aprova altera\u00e7\u00e3o do Regulamento do PPGE de 2017<\/a><\/p>\n<p style=\"text-align: center\"><a href=\"http:\/\/www2.uepg.br\/ppge\/wp-content\/uploads\/sites\/28\/2019\/07\/Declaracao-Etica-na-pesquisa.doc\">Declara\u00e7\u00e3o \u00c9tica na Pesquisa<\/a><\/p>\n<p style=\"text-align: center\"><a href=\"http:\/\/www2.uepg.br\/ppge\/wp-content\/uploads\/sites\/28\/2019\/07\/Dissertacoes-e-Teses-Roteiro-de-revisao-TEDE.doc\">Disserta\u00e7\u00f5es e Teses &#8211; Roteiro de revis\u00e3o <\/a><\/p>\n<p style=\"text-align: center\"><a href=\"http:\/\/www2.uepg.br\/ppge\/wp-content\/uploads\/sites\/28\/2019\/07\/DOU-n\u00ba-178-Portaria-MEC-1077-2012-1.pdf\" target=\"_blank\" rel=\"noopener noreferrer\">DOU n\u00ba 178 Portaria MEC 1077 &#8211; 2012<\/a><\/p>\n<p style=\"text-align: center\"><a href=\"http:\/\/www2.uepg.br\/ppge\/wp-content\/uploads\/sites\/28\/2019\/07\/Ficha-acompanhamento-ODT.doc\">Ficha acompanhamento ODT<\/a><\/p>\n<p style=\"text-align: center\"><a href=\"http:\/\/www2.uepg.br\/ppge\/wp-content\/uploads\/sites\/28\/2026\/03\/Ficha-de-Avaliacao-Nucleo-de-Atividades-2025.pdf\">Ficha de Avalia\u00e7\u00e3o N\u00facleo de Atividades a partir de 2025<\/a><\/p>\n<p style=\"text-align: center\"><a href=\"http:\/\/www2.uepg.br\/ppge\/wp-content\/uploads\/sites\/28\/2019\/08\/Novo-curriculo.pdf\">Novo Curr\u00edculo<\/a><\/p>\n<p style=\"text-align: center\"><a href=\"http:\/\/www2.uepg.br\/ppge\/wp-content\/uploads\/sites\/28\/2019\/08\/Novo-regulamento-PPGE.pdf\">Resolu\u00e7\u00e3o CEPE \u00a0<\/a><a href=\"http:\/\/www2.uepg.br\/ppge\/wp-content\/uploads\/sites\/28\/2019\/08\/Novo-regulamento-PPGE.pdf\">28\/2017 &#8211; Novo Regulamento do PPGE<\/a><\/p>\n<p style=\"text-align: center\"><a href=\"http:\/\/www2.uepg.br\/ppge\/wp-content\/uploads\/sites\/28\/2019\/09\/Orienta\u00c3\u00a7\u00c3\u00b5es-Plataforma-Brasil.docx\">Orienta\u00e7\u00f5es Plataforma Brasil<\/a><\/p>\n<p style=\"text-align: center\"><a href=\"http:\/\/www2.uepg.br\/ppge\/wp-content\/uploads\/sites\/28\/2019\/07\/Praxis-Educativa-Tutorial-para-avaliadores.pdf\" target=\"_blank\" rel=\"noopener noreferrer\">Pr\u00e1xis Educativa &#8211; Tutorial para avaliadores<\/a><\/p>\n<p style=\"text-align: center\"><a href=\"http:\/\/www2.uepg.br\/ppge\/wp-content\/uploads\/sites\/28\/2019\/07\/Praxis-Educativa-Tutorial-para-submiss\u00e3o-de-artigos.pdf\" target=\"_blank\" rel=\"noopener noreferrer\">Pr\u00e1xis Educativa &#8211; Tutorial para submiss\u00e3o de artigos<\/a><\/p>\n<p style=\"text-align: center\"><a href=\"http:\/\/www2.uepg.br\/ppge\/wp-content\/uploads\/sites\/28\/2019\/07\/Producao_Intelectual.doc\">Produ\u00e7\u00e3o Intelectual<\/a><\/p>\n<ol>\n<li style=\"text-align: center\"><a href=\"http:\/\/www2.uepg.br\/ppge\/wp-content\/uploads\/sites\/28\/2019\/08\/regulamento-de-Est\u00c3\u00a1gio-de-P\u00c3\u00b3s-Doutorado-nos-PPGs.pdf\">Regulamento de Est\u00e1gio de P\u00f3s-Doutorado nos PPGs<\/a><\/li>\n<\/ol>\n<p style=\"text-align: center\"><a href=\"http:\/\/www2.uepg.br\/ppge\/wp-content\/uploads\/sites\/28\/2019\/07\/Requerimento-abono-de-faltas.doc\">Requerimento abono de faltas<\/a><\/p>\n<p style=\"text-align: center\"><a href=\"http:\/\/www2.uepg.br\/ppge\/wp-content\/uploads\/sites\/28\/2025\/08\/Normativa_-_Diarias_para_eventos_discentes_2025.A.pdf\">Normativa para solicita\u00e7\u00e3o de di\u00e1rias &#8211; Discentes<\/a><\/p>\n<p style=\"text-align: center\"><a href=\"http:\/\/www2.uepg.br\/ppge\/wp-content\/uploads\/sites\/28\/2025\/08\/Normativa_-_Diarias_para_eventos_docentes_2025.Aprovado.pdf\">Normativa para solicita\u00e7\u00e3o de di\u00e1rias &#8211; Docentes<\/a><\/p>\n<p>&nbsp;<\/p>\n<p style=\"text-align: center\"><strong>REQUERIMENTOS PARA BANCAS<\/strong><\/p>\n<p style=\"text-align: center\"><a href=\"http:\/\/www2.uepg.br\/ppge\/wp-content\/uploads\/sites\/28\/2022\/05\/ORIENTACOES-BANCAS-2022.pdf\">Orienta\u00e7\u00f5es Bancas &#8211; 2022<\/a><\/p>\n<p style=\"text-align: center\"><a href=\"http:\/\/www2.uepg.br\/ppge\/wp-content\/uploads\/sites\/28\/2022\/05\/Requerimento-banca-Doutorado.pdf\">Requerimento banca &#8211; Doutorado<\/a><\/p>\n<p style=\"text-align: center\"><a href=\"http:\/\/www2.uepg.br\/ppge\/wp-content\/uploads\/sites\/28\/2022\/05\/Requerimento-banca-Mestrado.pdf\">Requerimento banca &#8211; Mestrado<\/a><\/p>\n<p style=\"text-align: center\"><a href=\"http:\/\/www2.uepg.br\/ppge\/wp-content\/uploads\/sites\/28\/2019\/07\/Cadastro-docentes-externos.doc\">Cadastro docentes externos<\/a><\/p>\n<p>&nbsp;<\/p>\n<p style=\"text-align: center\"><strong>RESOLU\u00c7\u00d5ES<\/strong><\/p>\n<p style=\"text-align: center\"><a href=\"http:\/\/www2.uepg.br\/ppge\/wp-content\/uploads\/sites\/28\/2023\/11\/Resolucao-PPGE-01-2023-.pdf\">Resolu\u00e7\u00e3o 1\/2023 PPGE &#8211; Concess\u00e3o de Bolsas de Estudos<\/a><\/p>\n<p style=\"text-align: center\"><a href=\"https:\/\/www2.uepg.br\/ppge\/arquivo\/resoluc%cc%a7a%cc%83o-univ-2021-10-politica-de-ac%cc%a7o%cc%83es-afirmativas\/\" rel=\"attachment wp-att-1195\">Resoluc\u0327a\u0303o UNIV 10\/2021 &#8211; Poli\u0301tica de Ac\u0327o\u0303es Afirmativas para ingresso no PPGE<\/a><\/p>\n<p style=\"text-align: center\"><a href=\"http:\/\/www2.uepg.br\/ppge\/wp-content\/uploads\/sites\/28\/2019\/08\/Resolucao-CEPE-020-2016-Regulamento-Geral-dos-PPG-Stricto-Sensu-da-UEPG.pdf\">Resolu\u00e7\u00e3o CEPE 020\/2016 &#8211; Regulamento Geral dos PPG Stricto Sensu da UEPG<\/a><\/p>\n<p style=\"text-align: center\"><a href=\"http:\/\/www2.uepg.br\/ppge\/wp-content\/uploads\/sites\/28\/2019\/07\/Resol-CEPE-021-2016-Regulamento-do-Estagio-de-Docencia-de-Discentes-dos-Cursos-PPG-Stricto-Sensu.pdf\" target=\"_blank\" rel=\"noopener noreferrer\">Resolu\u00e7\u00e3o CEPE 021\/2016 &#8211; Regulamento de Est\u00e1gio de Doc\u00eancia de Discentes\u00a0<\/a><\/p>\n<p style=\"text-align: center\"><a href=\"http:\/\/www2.uepg.br\/ppge\/wp-content\/uploads\/sites\/28\/2019\/07\/Resolucao-028-2012-Pos-graduacao-Regime-domiciliar-e-abono-de-faltas.pdf\" target=\"_blank\" rel=\"noopener noreferrer\">Resolu\u00e7\u00e3o 028\/2012 &#8211; Regime domiciliar e abono de faltas<\/a><\/p>\n<p style=\"text-align: center\"><a href=\"http:\/\/www2.uepg.br\/ppge\/wp-content\/uploads\/sites\/28\/2019\/07\/Resolu\u00e7\u00e3o-PPGE-012015-Crit\u00e9rios-de-solicita\u00e7\u00e3o-e-concess\u00e3o-de-Bolsas-de-Estudo.pdf\" target=\"_blank\" rel=\"noopener noreferrer\">Resolu\u00e7\u00e3o PPGE 012\/015 Crit\u00e9rios de solicita\u00e7\u00e3o e concess\u00e3o de Bolsas de Estudo<\/a><\/p>\n<p style=\"text-align: center\"><a href=\"http:\/\/www2.uepg.br\/ppge\/wp-content\/uploads\/sites\/28\/2019\/07\/Resolu\u00e7\u00e3o-reconhecimento-de-diploma-do-exterior.pdf\" target=\"_blank\" rel=\"noopener noreferrer\">Resolu\u00e7\u00e3o reconhecimento de diploma do exterior<\/a><\/p>\n<p style=\"text-align: center\"><a href=\"http:\/\/www2.uepg.br\/ppge\/wp-content\/uploads\/sites\/28\/2019\/07\/Resolucao-UNIV-19-2010-Regulamento-Mestrado-e-Doutorado-1.pdf\" target=\"_blank\" rel=\"noopener noreferrer\">Resolu\u00e7\u00e3o UNIV 19-2010 &#8211; Regulamento Mestrado e Doutorado<\/a><\/p>\n<p style=\"text-align: center\"><a href=\"http:\/\/www2.uepg.br\/ppge\/wp-content\/uploads\/sites\/28\/2019\/07\/Selo-Oficial-PPGE-UEPG-20-anos.pdf\" target=\"_blank\" rel=\"noopener noreferrer\">Selo Oficial PPGE-UEPG 20 anos<\/a><\/p>\n<p style=\"text-align: center\"><a href=\"http:\/\/www2.uepg.br\/ppge\/wp-content\/uploads\/sites\/28\/2025\/07\/Selo-30-anos-PPGE-UEPG.pdf\">Selo Oficial PPGE-UEPG 30 anos<\/a><\/p>\n<p style=\"text-align: center\">\n","protected":false},"excerpt":{"rendered":"<p>Arquivos e Documentos para Download REGULAMENTO PPGE com altera\u00e7\u00f5es RESOLU\u00c7\u00c3O CEPE 2024. 42 Resolu\u00e7\u00e3o CEPE 2024.42 &#8211; Altera Regulamento PPGE Resoluc\u0327a\u0303o CEPE 7\/2021 &#8211; Altera Regulamento PPGE Li\u0301ngua estrangeira Portaria Capes 76\/2010 Programa DS Resolu\u00e7\u00e3o CEPE 28\/2020 &#8211; Aprova altera\u00e7\u00e3o do Regulamento do PPGE de 2017 Declara\u00e7\u00e3o \u00c9tica na Pesquisa Disserta\u00e7\u00f5es e Teses &#8211; Roteiro&nbsp;&hellip;<\/p>\n","protected":false},"author":24,"featured_media":0,"parent":0,"menu_order":0,"comment_status":"closed","ping_status":"closed","template":"","meta":[],"_links":{"self":[{"href":"https:\/\/www2.uepg.br\/ppge\/wp-json\/wp\/v2\/pages\/195"}],"collection":[{"href":"https:\/\/www2.uepg.br\/ppge\/wp-json\/wp\/v2\/pages"}],"about":[{"href":"https:\/\/www2.uepg.br\/ppge\/wp-json\/wp\/v2\/types\/page"}],"author":[{"embeddable":true,"href":"https:\/\/www2.uepg.br\/ppge\/wp-json\/wp\/v2\/users\/24"}],"replies":[{"embeddable":true,"href":"https:\/\/www2.uepg.br\/ppge\/wp-json\/wp\/v2\/comments?post=195"}],"version-history":[{"count":45,"href":"https:\/\/www2.uepg.br\/ppge\/wp-json\/wp\/v2\/pages\/195\/revisions"}],"predecessor-version":[{"id":3880,"href":"https:\/\/www2.uepg.br\/ppge\/wp-json\/wp\/v2\/pages\/195\/revisions\/3880"}],"wp:attachment":[{"href":"https:\/\/www2.uepg.br\/ppge\/wp-json\/wp\/v2\/media?parent=195"}],"curies":[{"name":"wp","href":"https:\/\/api.w.org\/{rel}","templated":true}]}}