{"id":233,"date":"2019-07-04T08:33:16","date_gmt":"2019-07-04T11:33:16","guid":{"rendered":"http:\/\/www2.uepg.br\/ppge\/?page_id=233"},"modified":"2025-02-15T19:48:05","modified_gmt":"2025-02-15T22:48:05","slug":"recursos-externos","status":"publish","type":"page","link":"https:\/\/www2.uepg.br\/ppge\/recursos-externos\/","title":{"rendered":"RECURSOS EXTERNOS"},"content":{"rendered":"<p style=\"font-weight: 400;text-align: center\"><strong><em>Recursos externos<\/em><\/strong><\/p>\n<p style=\"font-weight: 400;text-align: center\"><strong><em>Proap Capes<\/em><\/strong><\/p>\n<p style=\"font-weight: 400;text-align: center\"><strong><em>Proap UEPG<\/em><\/strong><\/p>\n<p style=\"font-weight: 400;text-align: center\"><strong><em>Bolsas Capes ,\u00a0 Funda\u00e7\u00e3o Arauc\u00e1ria ,\u00a0 Cnpq e Carrefour<\/em><\/strong><\/p>\n<h2><\/h2>\n<h2 style=\"font-weight: 400;text-align: center\"><strong>Bolsistas 2024<\/strong><\/h2>\n<h2>Doutorado<\/h2>\n<p style=\"margin-bottom: 0cm\">Alexia Fagundes Lara<\/p>\n<p style=\"margin-bottom: 0cm\">Amone Alfredo Mauel<\/p>\n<p style=\"margin-bottom: 0cm\">Ana Claudia P. Andruchiw<\/p>\n<p style=\"margin-bottom: 0cm\">Ana Flavia Barbosa G.<\/p>\n<p style=\"margin-bottom: 0cm\">Ana Paula O. Santos<\/p>\n<p style=\"margin-bottom: 0cm\">Andrea Bruel<\/p>\n<p style=\"margin-bottom: 0cm\">Bianca Neves Prachum<\/p>\n<p style=\"margin-bottom: 0cm\">Bruna Emilyn da Silva<\/p>\n<p style=\"margin-bottom: 0cm\">Cris\u00f3stomo Pinto Ngala<\/p>\n<p style=\"margin-bottom: 0cm\">Elaine Aparecida Mayer<\/p>\n<p style=\"margin-bottom: 0cm\">Fabiana Leifeld<\/p>\n<p style=\"margin-bottom: 0cm\">Felismina J. B. Vantitia<\/p>\n<p style=\"margin-bottom: 0cm\">Gabriel Cavallari C.<\/p>\n<p style=\"margin-bottom: 0cm\">Gabriela Chem\u00a0 Ros\u00e1rio<\/p>\n<p style=\"margin-bottom: 0cm\">Gilberto Daniel Rafael*<\/p>\n<p style=\"margin-bottom: 0cm\">Ilda Goncalves Batista<\/p>\n<p style=\"margin-bottom: 0cm\">Isabele Fogaca\u00a0 Almeida<\/p>\n<p style=\"margin-bottom: 0cm\">Julia Pereira de Souza<\/p>\n<p style=\"margin-bottom: 0cm\">Luana K. P. S. Souza<\/p>\n<p style=\"margin-bottom: 0cm\">Marieli\u00a0 Oliveira Avila<\/p>\n<p style=\"margin-bottom: 0cm\">Maxo S. Victor<\/p>\n<p style=\"margin-bottom: 0cm\">Mayara Rabe Camargo<\/p>\n<p style=\"margin-bottom: 0cm\">Roseneia do R. Hauer<\/p>\n<p style=\"margin-bottom: 0cm\">Sandra C. Demschinsk<\/p>\n<h2 style=\"font-weight: 400;text-align: left\"><strong>Mestrado<\/strong><\/h2>\n<p>Anna Carolina S. Lima<\/p>\n<p>Driele A. S.Rieger<\/p>\n<p>Ellen Kauane Rutes FA<\/p>\n<p>Fabiana B.Amaral<\/p>\n<p>Guilherme Portela<\/p>\n<p>Hemili T. Maruim<\/p>\n<p>Jennifer Caroline Dias<\/p>\n<p>Jessica C. S. Paiva<\/p>\n<p>Jessica Gebiluka<\/p>\n<p>Juliane Z. In\u00e1cio<\/p>\n<p>Larissa de Quadros M.<\/p>\n<p>Luana Santos<\/p>\n<p>Maria Gabriela Schenk<\/p>\n<p>Rafael Semkiw dos santos<\/p>\n<p>Renata C.A. Oliveira<\/p>\n<h2 style=\"font-weight: 400;text-align: center\"><strong>Bolsistas 2023<\/strong><\/h2>\n<h2>Doutorado<\/h2>\n<p>Amone Alfredo Manuel<\/p>\n<p>Andr\u00e9a do Carmo Bruel de Oliveira<\/p>\n<p>Audrey Franciny Barbosa<\/p>\n<p>Bianca Neves<\/p>\n<p>Bruna Emilyn da Silva<\/p>\n<p>Elizabete Volkman<\/p>\n<p>Erica Dias Gomes<\/p>\n<p>Fabiana Leifeld<\/p>\n<p>Felismina Jo\u00e3o Baptista Vantitia<\/p>\n<p>Gabriel Cavallari Cortilho<\/p>\n<p>Gabriela Chem de Souza do Ros\u00e1rio<\/p>\n<p>Gilberto Daniel Rafae<\/p>\n<p>Gregory Luis Rolim Rosa<\/p>\n<p>Ilda Gon\u00e7alves Batista<\/p>\n<p>Isabele Foga\u00e7a de Almeida<\/p>\n<p>Julia Pereira de Souza<\/p>\n<p>Luana Karoline Pieckardt S. de Souza<\/p>\n<p>Luciana Nair Moreto<\/p>\n<p>Marieli de Oliveira \u00c1vila<\/p>\n<p>Ruhama Ariella Sabi\u00e3o Batista<\/p>\n<p>Sandra Cristina Demschinski<\/p>\n<p>Suzamara Weber<\/p>\n<p>T\u00e2nia Parolin da Cruz<\/p>\n<p>Thaiane de G\u00f3is Domingues<\/p>\n<p>Tuany Cristina Carvalho Santos<\/p>\n<p>Victoria Mottim Gaio<\/p>\n<h2>Mestrado<\/h2>\n<p>Alexia Fagundes de Lara<\/p>\n<p>Aline C\u00e1ssia de Almeida Pinheiro<\/p>\n<p>Ana Eduarda Taras Vaz<\/p>\n<p>Cris\u00f3stomo Pinto Ngala<\/p>\n<p>Danielly\u00a0\u00a0 Concei\u00e7\u00e3o Moreira<\/p>\n<p>Driele Andressa dos Santos Rieger<\/p>\n<p>Edina Alves de Lima<\/p>\n<p>Ellen Kauane Rutes<\/p>\n<p>Gabriel Henrique Divardim De Oliveira<\/p>\n<p>Guilherme Rafael Portela<\/p>\n<p>Hellen Vanessa da Silva Lopes<\/p>\n<p>Hemili Taynara Maruim<\/p>\n<p>Igor Ruan Dias Gon\u00e7alves<\/p>\n<p>Janaina Krum<\/p>\n<p>Jennifer Caroline Dias<\/p>\n<p>Jessica Gebiluka<\/p>\n<p>Larissa de Quadros Machado<\/p>\n<p>Luana Santos<\/p>\n<p>Murilo Barche Alves<\/p>\n<p>Natalia Mendes dos Santos<\/p>\n<h2 style=\"font-weight: 400;text-align: center\"><strong>Bolsistas 2022<\/strong><\/h2>\n<h2>Doutorado<\/h2>\n<p>Andreia Migon Zanela<\/p>\n<p>Audrey Franciny Barbosa<\/p>\n<p>Bianca Neves<\/p>\n<p>Bruna Emilyn da Silva<\/p>\n<p>Cleonice de F\u00e1tima Martins<\/p>\n<p>Elizabete Volkman<\/p>\n<p>Erica Dias Gomes<\/p>\n<p>Fabiana Leifeld<\/p>\n<p>Felismina Jo\u00e3o Baptista Vantitia<\/p>\n<p>Francine Baranoski Pereira<\/p>\n<p>Gabriela Chem de Souza do Ros\u00e1rio<\/p>\n<p>Gregory Luis Rolim Rosa<\/p>\n<p>Ilda Gon\u00e7alves Batista<\/p>\n<p>Isabele Foga\u00e7a de Almeida<\/p>\n<p>Katherine Gomez Plata<\/p>\n<p>Marieli de Oliveira \u00c1vila<\/p>\n<p>Priscila Gabriele da Luz Kailer<\/p>\n<p>Ruhama Ariella Sabi\u00e3o Batista<\/p>\n<p>Sandra Cristina Demschinski<\/p>\n<p>T\u00e2nia Parolin da Cruz<\/p>\n<p>Thaiane de G\u00f3is Domingues<\/p>\n<p>Victoria Mottim Gaio<\/p>\n<p>&nbsp;<\/p>\n<h2>Mestrado<\/h2>\n<p>Alexia Fagundes de Lara<\/p>\n<p>Aline C\u00e1ssia de Almeida Pinheiro<\/p>\n<p>Ana Eduarda Taras Vaz<\/p>\n<p>Cris\u00f3stomo Pinto Ngala<\/p>\n<p>Gabriel Henrique Divardim De Oliveira<\/p>\n<p>Hellen Vanessa da Silva Lopes<\/p>\n<p>Igor Gustavo Shoroeder<\/p>\n<p>Igor Ruan Dias Gon\u00e7alves<\/p>\n<p>Jeannot Perciney<\/p>\n<p>Murilo Barche Alves<\/p>\n<p>&nbsp;<\/p>\n<h2 style=\"font-weight: 400;text-align: center\"><strong>Bolsistas 2021<\/strong><\/h2>\n<h2>Doutorado<\/h2>\n<p>Andreia Migon Zanela<\/p>\n<p>Audrey Franciny Barbosa<\/p>\n<p>Bruna Emilyn da Silva<\/p>\n<p>Cleonice de F\u00e1tima Martins<\/p>\n<p>Eliza Ribas Gracino<\/p>\n<p>Elizabete Volkman<\/p>\n<p>Fabiana Leifeld<\/p>\n<p>Francine Baranoski Pereira<\/p>\n<p>Gregory Luis Rolim Rosa<\/p>\n<p>Ilda Gon\u00e7alves Batista<\/p>\n<p>Karen Cristina Jensen<\/p>\n<p>Katherine Gomez Plata<\/p>\n<p>Priscila Gabriele da Luz Kailer<\/p>\n<p>Sandra Cristina Demschinski<\/p>\n<p>T\u00e2nia Parolin da Cruz<\/p>\n<p>Thaiane de G\u00f3is Domingues<\/p>\n<p>Victoria Mottim Gaio<\/p>\n<h2>Mestrado<\/h2>\n<p>Igor Ruan Dias Gon\u00e7alves<\/p>\n<p>Aline C\u00e1ssia de Almeida Pinheiro<\/p>\n<p>Ana Eduarda Taras Vaz<\/p>\n<p>Gabriel Henrique Divardim De Oliveira<\/p>\n<p>Jeannot Perciney<\/p>\n<p>Murilo Barche Alves<\/p>\n<p>Angelica Ribeiro de Faria Alves<\/p>\n<p>Aline aparecida de Castro<\/p>\n<p>Hellen Vanessa da Silva Lopes<\/p>\n<p>Igor Gustavo Shoroeder<\/p>\n<p>Igor Ruan Dias Gon\u00e7alves<\/p>\n<p>Liliane Pinheiro<\/p>\n<p>Milena da Silva Gorette Castanho<\/p>\n<p>&nbsp;<\/p>\n<ol style=\"text-align: center;list-style-type: none\">\n<li style=\"text-align: left\"><\/li>\n<\/ol>\n<ol style=\"text-align: center;list-style-type: none\">\n<li style=\"text-align: left\">\n<h2 style=\"font-weight: 400;text-align: center\"><strong>Bolsistas 2020<\/strong><\/h2>\n<\/li>\n<\/ol>\n<hr \/>\n<h3 style=\"text-align: center\"><strong>Doutorado<\/strong><\/h3>\n<hr \/>\n<p style=\"text-align: center\"><strong>CAPES (DEMANDA SOCIAL)\u00a0<\/strong><\/p>\n<ol style=\"text-align: center;list-style-type: none\">\n<li>Elizabete Volkman<\/li>\n<li>T\u00e2nia Parolin ds Cruz<\/li>\n<li>Victoria Mottim Gaio<\/li>\n<li><\/li>\n<\/ol>\n<hr \/>\n<h3 style=\"text-align: center\"><strong>Mestrado<\/strong><\/h3>\n<hr \/>\n<p style=\"text-align: center\"><strong>CAPES (DEMANDA SOCIAL)\u00a0<\/strong><\/p>\n<ol style=\"text-align: center;list-style-type: none\">\n<li>Ang\u00e9lica Ribeiro de Faria Alvez<\/li>\n<li>Isis Tomas da Silva<\/li>\n<li>Liliane Pinheiro<\/li>\n<\/ol>\n<p>&nbsp;<\/p>\n<p>&nbsp;<\/p>\n<h2 style=\"font-weight: 400;text-align: center\"><strong>Bolsistas 2019<\/strong><\/h2>\n<p style=\"font-weight: 400;text-align: center\"><strong>\u00a0<\/strong><\/p>\n<hr \/>\n<h3 style=\"text-align: center\"><strong>Doutorado<\/strong><\/h3>\n<hr \/>\n<p style=\"text-align: center\"><strong>CAPES (DEMANDA SOCIAL)\u00a0<\/strong><\/p>\n<ol style=\"text-align: center;list-style-type: none\">\n<li>Andr\u00e9ia Migon Zanella<\/li>\n<li>Francine Baranoski Pereira<\/li>\n<li>Gregory Luis Rolim Rosa<\/li>\n<li>Priscila Gabriele da Luz Kailer<\/li>\n<li>Thaiane Goes Domingues<\/li>\n<li><\/li>\n<\/ol>\n<hr \/>\n<h3 style=\"text-align: center\"><strong>Mestrado<\/strong><\/h3>\n<hr \/>\n<p style=\"text-align: center\"><strong>CAPES (DEMANDA SOCIAL)\u00a0<\/strong><\/p>\n<ol style=\"text-align: center;list-style-type: none\">\n<li>Aline Aparecida de Castro<\/li>\n<li>Franciele Aparecida Carneiro Stefanello<\/li>\n<li>Keila Santos<\/li>\n<li>Mariele de Oliveira \u00c1vila<\/li>\n<li>Milena da Silva Gorette Castanha<\/li>\n<li>Milena Pacheco<\/li>\n<li>Sandra Cristina Demschinski<\/li>\n<li>Silmara Solomon<\/li>\n<li><\/li>\n<\/ol>\n<p style=\"text-align: center\"><strong>CAPES\/FUNDA\u00c7\u00c3O ARAUC\u00c1RIA<\/strong><\/p>\n<ul style=\"text-align: center;list-style-type: none\">\n<li style=\"text-align: center\">Igor Gustavo Schoroeder<\/li>\n<\/ul>\n<h2><\/h2>\n<p>&nbsp;<\/p>\n<h2 style=\"font-weight: 400;text-align: center\"><strong>Bolsistas 2018<\/strong><\/h2>\n<p style=\"font-weight: 400;text-align: center\"><strong>\u00a0<\/strong><\/p>\n<hr \/>\n<h3 style=\"text-align: center\"><strong>Doutorado<\/strong><\/h3>\n<hr \/>\n<p style=\"text-align: center\"><strong>CAPES (DEMANDA SOCIAL)\u00a0<\/strong><\/p>\n<ol style=\"text-align: center;list-style-type: none\">\n<li>Adriano Charles Ferreira<\/li>\n<li>Bruna Mayara Bonatto<\/li>\n<li>Juliano Marcelino Deitos<\/li>\n<li>Marta Rosani Taras Vaaz<\/li>\n<li>Regis Clemente da Costa<\/li>\n<li>Katherine Gomez Plata<\/li>\n<li>Tatiane Skeika<\/li>\n<li>Thamiris Christine Mendes<\/li>\n<li>Eliza Ribas Gracino<\/li>\n<\/ol>\n<p style=\"text-align: center\"><strong>CAPES\/FUNDA\u00c7\u00c3O ARAUC\u00c1RIA<\/strong><\/p>\n<ol style=\"text-align: center;list-style-type: none\">\n<li>Aldimara Catarina Brito Delabona Boutin<\/li>\n<li>Dyeinne Cristina Tome<\/li>\n<li>Fabio Antonio Gabriel<\/li>\n<\/ol>\n<hr \/>\n<h3 style=\"text-align: center\"><strong>Mestrado<\/strong><\/h3>\n<hr \/>\n<p style=\"text-align: center\"><strong>CAPES (DEMANDA SOCIAL)\u00a0<\/strong><\/p>\n<ol style=\"text-align: center;list-style-type: none\">\n<li>Ana Paula de Melo<\/li>\n<li>Beatriz Vozniak Barbosa<\/li>\n<li>Bianca Neves Prachum<\/li>\n<li>Bruna Emilyn da Silva<\/li>\n<li>Franciele Isabeleita Lopes Novak<\/li>\n<li>Franciele Moreto<\/li>\n<li>Izabelle Cristina de Almeida<\/li>\n<li>Loraine Lopes de Oliveira<\/li>\n<li>T\u00e2nia Parolim da Cruz<\/li>\n<li>Jaine dos Santos Floriano<\/li>\n<\/ol>\n<p style=\"text-align: center\"><strong>CAPES\/FUNDA\u00c7\u00c3O ARAUC\u00c1RIA<\/strong><\/p>\n<ul style=\"text-align: center;list-style-type: none\">\n<li style=\"text-align: center\">Josemary Scos<\/li>\n<\/ul>\n<p>&nbsp;<\/p>\n","protected":false},"excerpt":{"rendered":"<p>Recursos externos Proap Capes Proap UEPG Bolsas Capes ,\u00a0 Funda\u00e7\u00e3o Arauc\u00e1ria ,\u00a0 Cnpq e Carrefour Bolsistas 2024 Doutorado Alexia Fagundes Lara Amone Alfredo Mauel Ana Claudia P. Andruchiw Ana Flavia Barbosa G. Ana Paula O. Santos Andrea Bruel Bianca Neves Prachum Bruna Emilyn da Silva Cris\u00f3stomo Pinto Ngala Elaine Aparecida Mayer Fabiana Leifeld Felismina J.&nbsp;&hellip;<\/p>\n","protected":false},"author":24,"featured_media":0,"parent":0,"menu_order":0,"comment_status":"closed","ping_status":"closed","template":"","meta":[],"_links":{"self":[{"href":"https:\/\/www2.uepg.br\/ppge\/wp-json\/wp\/v2\/pages\/233"}],"collection":[{"href":"https:\/\/www2.uepg.br\/ppge\/wp-json\/wp\/v2\/pages"}],"about":[{"href":"https:\/\/www2.uepg.br\/ppge\/wp-json\/wp\/v2\/types\/page"}],"author":[{"embeddable":true,"href":"https:\/\/www2.uepg.br\/ppge\/wp-json\/wp\/v2\/users\/24"}],"replies":[{"embeddable":true,"href":"https:\/\/www2.uepg.br\/ppge\/wp-json\/wp\/v2\/comments?post=233"}],"version-history":[{"count":15,"href":"https:\/\/www2.uepg.br\/ppge\/wp-json\/wp\/v2\/pages\/233\/revisions"}],"predecessor-version":[{"id":2988,"href":"https:\/\/www2.uepg.br\/ppge\/wp-json\/wp\/v2\/pages\/233\/revisions\/2988"}],"wp:attachment":[{"href":"https:\/\/www2.uepg.br\/ppge\/wp-json\/wp\/v2\/media?parent=233"}],"curies":[{"name":"wp","href":"https:\/\/api.w.org\/{rel}","templated":true}]}}