{"id":242,"date":"2019-07-04T08:36:02","date_gmt":"2019-07-04T11:36:02","guid":{"rendered":"http:\/\/www2.uepg.br\/ppge\/?page_id=242"},"modified":"2020-12-16T09:41:21","modified_gmt":"2020-12-16T12:41:21","slug":"links-uteis","status":"publish","type":"page","link":"https:\/\/www2.uepg.br\/ppge\/links-uteis\/","title":{"rendered":"LINKS \u00daTEIS"},"content":{"rendered":"<p style=\"font-weight: 400\"><strong>Programas de P\u00f3s-Gradua\u00e7\u00e3o em Educa\u00e7\u00e3o de IES Estaduais do Paran\u00e1<\/strong><\/p>\n<ul style=\"font-weight: 400\">\n<li><a href=\"http:\/\/www.ppe.uem.br\/\" target=\"_blank\" rel=\"noopener noreferrer\">Universidade Estadual de Maring\u00e1 &#8211; UEM<\/a><\/li>\n<li><a href=\"http:\/\/www.uel.br\/pos\/ppedu\/\" target=\"_blank\" rel=\"noopener noreferrer\">Universidade Estadual de Londrina &#8211; UEL<\/a><\/li>\n<li><a href=\"https:\/\/www5.unioeste.br\/portalunioeste\/pos\/ppge\" target=\"_blank\" rel=\"noopener noreferrer\">Universidade Estadual do Oeste do Paran\u00e1 &#8211; UNIOESTE Cascavel\u00a0<\/a><\/li>\n<li><a href=\"https:\/\/www5.unioeste.br\/portalunioeste\/pos\/ppgefb\">Universidade Estadual do Oeste do Paran\u00e1 &#8211; UNIOESTE Francisco Beltr\u00e3o<\/a><\/li>\n<li><a href=\"https:\/\/www2.unicentro.br\/ppge\/\">Universidade Estadual do Centro-Oeste &#8211; UNICENTRO<\/a><\/li>\n<\/ul>\n<p style=\"font-weight: 400\"><strong>Outras Institui\u00e7\u00f5es<\/strong><\/p>\n<ul style=\"font-weight: 400\">\n<li><a href=\"http:\/\/www.capes.gov.br\/\" target=\"_blank\" rel=\"noopener noreferrer\">Coordena\u00e7\u00e3o de Aperfei\u00e7oamento de Pessoal de N\u00edvel Superior<\/a><\/li>\n<li><a href=\"http:\/\/www.cnpq.br\/\" target=\"_blank\" rel=\"noopener noreferrer\">Conselho Nacional de Desenvolvimento Cient\u00edfico e Tecnol\u00f3gico<\/a><\/li>\n<li><a href=\"http:\/\/www.fappr.pr.gov.br\/\" target=\"_blank\" rel=\"noopener noreferrer\">Funda\u00e7\u00e3o Arauc\u00e1ria<\/a><\/li>\n<\/ul>\n<p><strong>Outros Links<\/strong><\/p>\n<ul>\n<li><a href=\"http:\/\/www.revistas2.uepg.br\/index.php\/praxiseducativa\" target=\"_blank\" rel=\"noopener noreferrer\">Pr\u00e1xis Educativa<\/a><\/li>\n<li><a href=\"http:\/\/periodicos.uem.br\/ojs\/index.php\/ImagensEduc\" target=\"_blank\" rel=\"noopener noreferrer\">Imagens da Educa\u00e7\u00e3o<\/a><\/li>\n<li><a href=\"http:\/\/www.relepe.org\/\" target=\"_blank\" rel=\"noopener noreferrer\">Relepe<\/a><\/li>\n<li><a href=\"http:\/\/conteudoweb.capes.gov.br\/conteudoweb\/CadernoAvaliacaoServlet\" target=\"_blank\" rel=\"noopener noreferrer\">Capes &#8211; Cadernos Indicadores<\/a><\/li>\n<\/ul>\n<p>&nbsp;<\/p>\n","protected":false},"excerpt":{"rendered":"<p>Programas de P\u00f3s-Gradua\u00e7\u00e3o em Educa\u00e7\u00e3o de IES Estaduais do Paran\u00e1 Universidade Estadual de Maring\u00e1 &#8211; UEM Universidade Estadual de Londrina &#8211; UEL Universidade Estadual do Oeste do Paran\u00e1 &#8211; UNIOESTE Cascavel\u00a0 Universidade Estadual do Oeste do Paran\u00e1 &#8211; UNIOESTE Francisco Beltr\u00e3o Universidade Estadual do Centro-Oeste &#8211; UNICENTRO Outras Institui\u00e7\u00f5es Coordena\u00e7\u00e3o de Aperfei\u00e7oamento de Pessoal de&nbsp;&hellip;<\/p>\n","protected":false},"author":24,"featured_media":0,"parent":0,"menu_order":0,"comment_status":"closed","ping_status":"closed","template":"","meta":[],"_links":{"self":[{"href":"https:\/\/www2.uepg.br\/ppge\/wp-json\/wp\/v2\/pages\/242"}],"collection":[{"href":"https:\/\/www2.uepg.br\/ppge\/wp-json\/wp\/v2\/pages"}],"about":[{"href":"https:\/\/www2.uepg.br\/ppge\/wp-json\/wp\/v2\/types\/page"}],"author":[{"embeddable":true,"href":"https:\/\/www2.uepg.br\/ppge\/wp-json\/wp\/v2\/users\/24"}],"replies":[{"embeddable":true,"href":"https:\/\/www2.uepg.br\/ppge\/wp-json\/wp\/v2\/comments?post=242"}],"version-history":[{"count":5,"href":"https:\/\/www2.uepg.br\/ppge\/wp-json\/wp\/v2\/pages\/242\/revisions"}],"predecessor-version":[{"id":873,"href":"https:\/\/www2.uepg.br\/ppge\/wp-json\/wp\/v2\/pages\/242\/revisions\/873"}],"wp:attachment":[{"href":"https:\/\/www2.uepg.br\/ppge\/wp-json\/wp\/v2\/media?parent=242"}],"curies":[{"name":"wp","href":"https:\/\/api.w.org\/{rel}","templated":true}]}}