{"id":245,"date":"2019-07-04T08:57:26","date_gmt":"2019-07-04T11:57:26","guid":{"rendered":"http:\/\/www2.uepg.br\/ppge\/?page_id=245"},"modified":"2025-07-10T22:10:26","modified_gmt":"2025-07-11T01:10:26","slug":"contato","status":"publish","type":"page","link":"https:\/\/www2.uepg.br\/ppge\/contato\/","title":{"rendered":"CONTATO"},"content":{"rendered":"<p style=\"text-align: center\"><strong>Coordenadora:<\/strong> Prof\u00aa Dr.\u00aa Maril\u00facia Ant\u00f4nia de Resende Peroza<\/p>\n<p style=\"text-align: center\"><strong>\u00a0Vice coordenador<\/strong>: Prof. Dr. Alessandro de Melo<\/p>\n<p style=\"text-align: center\"><strong>Telefone:<\/strong> (42) 3220-3154<\/p>\n<p style=\"text-align: center\"><strong>E-mail:<\/strong> ppge@uepg.br<\/p>\n<p style=\"text-align: center\"><strong>Secret\u00e1ria: <\/strong>Michele F\u00e1tima Machado<\/p>\n<p style=\"text-align: center\"><strong>Endere\u00e7o: <\/strong>Universidade Estadual de Ponta Grossa<br \/>\nAv. Carlos Cavalcanti, 4748<br \/>\nCampus Uvaranas &#8211; CIPP &#8211; Sala LP107<br \/>\nCEP 84030-900 &#8211; Ponta Grossa &#8211; PR<\/p>\n<div id=\"attachment_247\" style=\"width: 970px\" class=\"wp-caption aligncenter\"><a href=\"https:\/\/www.google.com\/maps\/place\/CIPP+-+Uvaranas,+Ponta+Grossa+-+PR\/@-25.092625,-50.1062223,1164m\/data=!3m1!1e3!4m8!1m2!2m1!1sAv.+Carlos+Cavalcanti,+4748+Campus+Uvaranas+-+CIPP+-+Sala+LP107+CEP+84030-900+-+Ponta+Grossa+-+PR!3m4!1s0x94e81b821cde7d59:0xb7578b913f7887ce!8m2!3d-25.0942223!4d-50.1062339\" target=\"_blank\" rel=\"noopener noreferrer\"><img aria-describedby=\"caption-attachment-247\" loading=\"lazy\" class=\"wp-image-247 size-full\" src=\"http:\/\/www2.uepg.br\/ppge\/wp-content\/uploads\/sites\/28\/2019\/07\/ENDERECO-PPGE.png\" alt=\"\" width=\"960\" height=\"540\" srcset=\"https:\/\/www2.uepg.br\/ppge\/wp-content\/uploads\/sites\/28\/2019\/07\/ENDERECO-PPGE.png 960w, https:\/\/www2.uepg.br\/ppge\/wp-content\/uploads\/sites\/28\/2019\/07\/ENDERECO-PPGE-300x169.png 300w, https:\/\/www2.uepg.br\/ppge\/wp-content\/uploads\/sites\/28\/2019\/07\/ENDERECO-PPGE-768x432.png 768w\" sizes=\"(max-width: 960px) 100vw, 960px\" \/><\/a><p id=\"caption-attachment-247\" class=\"wp-caption-text\"><strong><em>Clique na imagem para obter uma rota at\u00e9 o PPGE.<\/em><\/strong><\/p><\/div>\n","protected":false},"excerpt":{"rendered":"<p>Coordenadora: Prof\u00aa Dr.\u00aa Maril\u00facia Ant\u00f4nia de Resende Peroza \u00a0Vice coordenador: Prof. Dr. Alessandro de Melo Telefone: (42) 3220-3154 E-mail: ppge@uepg.br Secret\u00e1ria: Michele F\u00e1tima Machado Endere\u00e7o: Universidade Estadual de Ponta Grossa Av. Carlos Cavalcanti, 4748 Campus Uvaranas &#8211; CIPP &#8211; Sala LP107 CEP 84030-900 &#8211; Ponta Grossa &#8211; PR<\/p>\n","protected":false},"author":24,"featured_media":0,"parent":0,"menu_order":0,"comment_status":"closed","ping_status":"closed","template":"","meta":[],"_links":{"self":[{"href":"https:\/\/www2.uepg.br\/ppge\/wp-json\/wp\/v2\/pages\/245"}],"collection":[{"href":"https:\/\/www2.uepg.br\/ppge\/wp-json\/wp\/v2\/pages"}],"about":[{"href":"https:\/\/www2.uepg.br\/ppge\/wp-json\/wp\/v2\/types\/page"}],"author":[{"embeddable":true,"href":"https:\/\/www2.uepg.br\/ppge\/wp-json\/wp\/v2\/users\/24"}],"replies":[{"embeddable":true,"href":"https:\/\/www2.uepg.br\/ppge\/wp-json\/wp\/v2\/comments?post=245"}],"version-history":[{"count":13,"href":"https:\/\/www2.uepg.br\/ppge\/wp-json\/wp\/v2\/pages\/245\/revisions"}],"predecessor-version":[{"id":3175,"href":"https:\/\/www2.uepg.br\/ppge\/wp-json\/wp\/v2\/pages\/245\/revisions\/3175"}],"wp:attachment":[{"href":"https:\/\/www2.uepg.br\/ppge\/wp-json\/wp\/v2\/media?parent=245"}],"curies":[{"name":"wp","href":"https:\/\/api.w.org\/{rel}","templated":true}]}}