{"id":26,"date":"2019-07-03T12:54:14","date_gmt":"2019-07-03T15:54:14","guid":{"rendered":"http:\/\/www2.uepg.br\/ppge\/?page_id=26"},"modified":"2025-07-10T22:01:06","modified_gmt":"2025-07-11T01:01:06","slug":"historico","status":"publish","type":"page","link":"https:\/\/www2.uepg.br\/ppge\/historico\/","title":{"rendered":"HIST\u00d3RICO"},"content":{"rendered":"<p><a href=\"http:\/\/www2.uepg.br\/ppge\/wp-content\/uploads\/sites\/28\/2025\/07\/images-1.png\"><img loading=\"lazy\" class=\"wp-image-3165 alignleft\" src=\"http:\/\/www2.uepg.br\/ppge\/wp-content\/uploads\/sites\/28\/2025\/07\/images-1.png\" alt=\"Selo Oficial PPGE-UEPG 30 anos\" width=\"160\" height=\"160\" srcset=\"https:\/\/www2.uepg.br\/ppge\/wp-content\/uploads\/sites\/28\/2025\/07\/images-1.png 225w, https:\/\/www2.uepg.br\/ppge\/wp-content\/uploads\/sites\/28\/2025\/07\/images-1-150x150.png 150w\" sizes=\"(max-width: 160px) 100vw, 160px\" \/><\/a>O Programa de P\u00f3s-Gradua\u00e7\u00e3o em Educa\u00e7\u00e3o da Universidade Estadual de Ponta Grossa (UEPG) iniciou no ano de 1994, com a implanta\u00e7\u00e3o do Mestrado em Educa\u00e7\u00e3o.<\/p>\n<p>No \u00e2mbito da UEPG, a cria\u00e7\u00e3o do Curso de Mestrado possibilitou a consolida\u00e7\u00e3o da pesquisa e o aumento da produ\u00e7\u00e3o cient\u00edfica na \u00e1rea de Educa\u00e7\u00e3o e forma\u00e7\u00e3o de professores, uma das \u00e1reas pioneiras da UEPG, uma vez que os Cursos de Pedagogia, Letras, Geografia e Matem\u00e1tica integravam a ent\u00e3o Faculdade de Filosofia, Ci\u00eancias e Letras.<\/p>\n<p>O Curso de Pedagogia da UEPG foi implantado no ano de 1962, ainda na Faculdade de Filosofia, Ci\u00eancias e Letras, criada em 1949. Em 1981, o Departamento de Educa\u00e7\u00e3o ofertou o primeiro curso de Especializa\u00e7\u00e3o em Metodologia do Ensino Superior, em conv\u00eanio com a UFPR, o qual foi ministrado por docentes da UEPG e da UFPR. Esse curso foi seguido por uma s\u00e9rie de outros. Na d\u00e9cada de 1990 implantou-se uma pol\u00edtica de incentivo \u00e0 forma\u00e7\u00e3o dos docentes em n\u00edvel de mestrado e doutorado e a realiza\u00e7\u00e3o de Concursos P\u00fablicos, com a exig\u00eancia m\u00ednima de Mestrado. A partir desses encaminhamentos, no in\u00edcio dos anos 1990, fortaleceu-se a ideia de propor a cria\u00e7\u00e3o do Mestrado em Educa\u00e7\u00e3o. Para a elabora\u00e7\u00e3o do projeto do Mestrado em Educa\u00e7\u00e3o, foi constitu\u00eddo um grupo de trabalho formado por: A\u00edda Mansani Lavalle, Cleide Aparecida Faria Rodrigues, Graciete Tozetto G\u00f3es, Ivo Jos\u00e9 Both, Marin\u00e1 Holzmann Ribas e Teresa Jussara Luporini. A reda\u00e7\u00e3o final do projeto foi realizada sob a responsabilidade de: Cleide Aparecida Faria Rodrigues, Marin\u00e1 Holzmann Ribas e Teresa Jussara Luporini, com revis\u00e3o de: Ana Neotti e Raul Jos\u00e9 Sozim. A elabora\u00e7\u00e3o do projeto contou com assessoria da Prof\u00aa Maria da Gl\u00f3ria Gohn (Unicamp). Na \u00e9poca, a professora Leide Mara Schmidt ocupava o cargo de Pr\u00f3-Reitora de Pesquisa e P\u00f3s-Gradua\u00e7\u00e3o. Em sua fase inicial, o Mestrado em Educa\u00e7\u00e3o contou com a coopera\u00e7\u00e3o de docentes visitantes da UFPR e de docentes da UNICAMP. A partir de 1998 os doutores da pr\u00f3pria institui\u00e7\u00e3o passaram a assumir as atividades do Mestrado.<\/p>\n<p>Gra\u00e7as ao empenho de coordenadores, docentes e discentes, o Programa foi avaliado pela Capes com nota 4 nos tri\u00eanios 2004-2006, 2007-2009 e 2010\/2012. Essa avalia\u00e7\u00e3o, bem como o ac\u00famulo de experi\u00eancia e melhorias na infraestrutura dispon\u00edvel para o Programa, contribu\u00edram no processo de\u00a0 elabora\u00e7\u00e3o de uma proposta de Doutorado, com o apoio da Reitoria e da Pr\u00f3-Reitoria de Pesquisa e P\u00f3s-Gradua\u00e7\u00e3o, que foi aprovada pela Capes na reuni\u00e3o do CTC do dia 10 de dezembro de 2010. A implanta\u00e7\u00e3o do Doutorado veio\u00a0 dinamizar ainda mais as pesquisas em educa\u00e7\u00e3o e a forma\u00e7\u00e3o de pesquisadores nessa \u00e1rea.<\/p>\n<p>O Doutorado em Educa\u00e7\u00e3o foi o primeiro do Setor de Ci\u00eancias Humanas, Letras e Artes e constituiu-se em um fato de extrema relev\u00e2ncia para o cont\u00ednuo desenvolvimento do Setor de Ci\u00eancias Humanas, Letras e Artes, para a \u00e1rea de Educa\u00e7\u00e3o da UEPG, para a Universidade Estadual de Ponta Grossa e para a regi\u00e3o dos Campos Gerais, pois colocou os n\u00edveis de pesquisa e forma\u00e7\u00e3o de recursos humanos em patamar mais elevado.<\/p>\n<p>No momento em que o Programa de P\u00f3s-Gradua\u00e7\u00e3o tornou-se completo com a implanta\u00e7\u00e3o do Doutorado, manifestamos o reconhecimento a todos aqueles que, desde a d\u00e9cada de 1960, t\u00eam contribu\u00eddo para o desenvolvimento da \u00e1rea de Educa\u00e7\u00e3o na UEPG.<\/p>\n<p>No quadri\u00eanio 2013-2016 o Programa foi avaliado pela Capes com nota <strong>5<\/strong>.<\/p>\n<p>Ao longo desse per\u00edodo, os docentes que assumiram a coordena\u00e7\u00e3o do PPGE foram os seguintes:<\/p>\n<p>&#8211; Prof. Ivo Jos\u00e9 Both (1994-1998).<\/p>\n<p>&#8211; Prof\u00aa Marin\u00e1 Holzmann Ribas (1999-2002).<\/p>\n<p>&#8211; Prof. Ademir Jos\u00e9 Rosso (2002-2006; 2008-2010).<\/p>\n<p>&#8211; Prof\u00aa Esm\u00e9ria de Lourdes Saveli (2006 a 2007).<\/p>\n<p>&#8211; Prof. Luis Fernando Cerri (2007-2008).<\/p>\n<p>&#8211; Prof. Jefferson Mainardes (01\/02\/2010 a 31\/07\/2014).<\/p>\n<p>&#8211; Prof\u00aa Celia Finck Brandt (01\/08\/2014 a 18\/06\/2015).<\/p>\n<p>&#8211; Prof. N\u00e9vio de Campos (19\/06\/2015 a 24\/08\/2018).<\/p>\n<p>&#8211; Prof\u00aa Simone de F\u00e1tima Flach (25\/08\/2018 a 17\/08\/2019).<\/p>\n<p>&#8211; Prof\u00aa Gisele Masson (18\/08\/2019 a 18\/08\/2021).<\/p>\n<p>&#8211; Prof\u00aa Simone Regina Manosso Cartaxo (19\/08\/2021-07\/05\/2025).<\/p>\n<p>&#8211; Prof.\u00aa Maril\u00facia Ant\u00f4nia de Resende Peroza (08\/05\/2025 &#8211; atual)<\/p>\n<p>O Programa de P\u00f3s-Gradua\u00e7\u00e3o em Educa\u00e7\u00e3o est\u00e1 vinculado ao Setor de Ci\u00eancias Humanas, Letras e Artes da UEPG. O corpo docente do PPGE est\u00e1 vinculado aos Departamentos de Educa\u00e7\u00e3o, Pedagogia, Matem\u00e1tica, Artes, Educa\u00e7\u00e3o F\u00edsica, Psicologia e Biologia. Conta ainda com a participa\u00e7\u00e3o de dois docentes da Universidade Estadual do Centro-Oeste (UNICENTRO).<\/p>\n<p>Os docentes do PPGE possuem uma forte inser\u00e7\u00e3o nos Cursos de Licenciatura e participam de projetos institucionais. Esses docentes atuam em disciplinas de conte\u00fado, de est\u00e1gio supervisionado, orientam Trabalhos de Conclus\u00e3o de Curso de Gradua\u00e7\u00e3o e possuem orientados de Inicia\u00e7\u00e3o Cient\u00edfica. Nos grupos de Pesquisa coordenados pelos docentes h\u00e1 participa\u00e7\u00e3o de p\u00f3s-graduandos, graduandos e, em alguns casos, egressos do programa e docentes das redes p\u00fablicas de ensino.<\/p>\n<p>O PPGE trabalha com metas claras com rela\u00e7\u00e3o ao credenciamento e recredenciamento de docentes, expectativa da produ\u00e7\u00e3o bibliogr\u00e1fica dos docentes, tempo de titula\u00e7\u00e3o, constante melhoria do n\u00edvel das disserta\u00e7\u00f5es e da articula\u00e7\u00e3o das atividades no interior das linhas de pesquisa. Al\u00e9m disso, o Programa \u00e9 respons\u00e1vel pela publica\u00e7\u00e3o da Revista Pr\u00e1xis Educativa (Qualis A1).<\/p>\n<p>O site do PPGE (www.uepg.br\/propesp\/ppge) \u00e9 atualizado permanentemente. As disserta\u00e7\u00f5es de 2005 a 2025 est\u00e3o disponibilizadas integralmente e ainda algumas disserta\u00e7\u00f5es anteriores a 2005 tamb\u00e9m foram disponibilizadas. Apesar da recomenda\u00e7\u00e3o da Capes indicar que a partir de 2006 as disserta\u00e7\u00f5es deveriam ser disponibilizadas, o Programa optou por estender para as disserta\u00e7\u00f5es de 2005 e anteriores. As teses defendidas a partir de 2014 est\u00e3o dispon\u00edveis no site do PPGE.<\/p>\n<p>&nbsp;<\/p>\n<p>Atos oficiais\u00a0 do PPGE:<\/p>\n<p>Resolu\u00e7\u00e3o Univ. n\u00ba 002, de 31 de mar\u00e7o de 1993 \u2013 Aprova a cria\u00e7\u00e3o e implanta\u00e7\u00e3o do Curso de Mestrado em Educa\u00e7\u00e3o.<br \/>\nPortaria MEC n\u00ba 2.530, de 4 de setembro de 2002. Reconhece o Mestrado em Educa\u00e7\u00e3o da UEPG (Conceito 3), publicada no DOU n\u00ba 173\/2002, de 6 de setembro de 2002, p. 48.<br \/>\nPortaria MEC n\u00ba 2.878\/2005, publicado no DOU de 26\/08\/2005 \u2013 Reconhecimento do Mestrado em Educa\u00e7\u00e3o da UEPG (Conceito 3).<br \/>\nPortaria MEC n\u00ba 524\/2008, publicada no DOU n\u00ba 82, de 30 de abril de 2008, p. 16 \u2013 Reconhecimento do Mestrado em Educa\u00e7\u00e3o da UEPG (conceito 4).<br \/>\nPortaria MEC n\u00ba 1.364, de 29 de setembro de 2011, publicada no DOU n\u00ba 189, de 30 de setembro de 2011, p. 40 \u2013 Reconhecimento do Doutorado em Educa\u00e7\u00e3o da UEPG (conceito 4)<br \/>\nPortaria MEC n\u00ba 1.077, de 31 de agosto de 2012, publicada no DOU N\u00ba 178, de 13 de setembro de 2012 \u2013 Reconhecimento do Mestrado em Educa\u00e7\u00e3o da UEPG (Conceito 4)<br \/>\nPortaria MEC n\u00ba, de 20 de setembro de 2017, publicada no DOU n\u00ba, de 20 de setembro de 2017 &#8211; Reconhecimento do Mestrado e Doutorado em Educa\u00e7\u00e3o da UEPG (conceito 5)<\/p>\n<p>&nbsp;<\/p>\n<p>Regulamentos:<\/p>\n<p>Resolu\u00e7\u00e3o CEPE n\u00ba 20\/2001 \u2013 Aprova o Regulamento do Mestrado em Educa\u00e7\u00e3o<\/p>\n<p>Resolu\u00e7\u00e3o CEPE n\u00ba 58\/2008 \u2013 Aprova o Regulamento do Programa de P\u00f3s-Gradua\u00e7\u00e3o em Educa\u00e7\u00e3o<\/p>\n<p>Resolu\u00e7\u00e3o Univ. n\u00ba 19\/2010 \u2013 Aprova o Regulamento do PPGE \u2013 Mestrado e Doutorado<\/p>\n<p>Resolu\u00e7\u00e3o CEPE n\u00ba 28\/2017 &#8211; Aprova o Regulamento do PPGE &#8211; Mestrado e Doutorado<\/p>\n<p>Resolu\u00e7\u00e3o CEPE\u00a0 n\u00ba 28\/2020 \u2013 Aprova altera\u00e7\u00e3o do Regulamento do PPGE de 2017 &#8211; N\u00facleo de Atividades<\/p>\n<p>Resolu\u00e7\u00e3o CEPE n\u00ba 2024\/42 &#8211; Aprova altera\u00e7\u00f5es do Regulamento do PPGE de 20217<\/p>\n<p>&nbsp;<\/p>\n","protected":false},"excerpt":{"rendered":"<p>O Programa de P\u00f3s-Gradua\u00e7\u00e3o em Educa\u00e7\u00e3o da Universidade Estadual de Ponta Grossa (UEPG) iniciou no ano de 1994, com a implanta\u00e7\u00e3o do Mestrado em Educa\u00e7\u00e3o. No \u00e2mbito da UEPG, a cria\u00e7\u00e3o do Curso de Mestrado possibilitou a consolida\u00e7\u00e3o da pesquisa e o aumento da produ\u00e7\u00e3o cient\u00edfica na \u00e1rea de Educa\u00e7\u00e3o e forma\u00e7\u00e3o de professores, uma&nbsp;&hellip;<\/p>\n","protected":false},"author":24,"featured_media":0,"parent":0,"menu_order":0,"comment_status":"closed","ping_status":"closed","template":"","meta":[],"_links":{"self":[{"href":"https:\/\/www2.uepg.br\/ppge\/wp-json\/wp\/v2\/pages\/26"}],"collection":[{"href":"https:\/\/www2.uepg.br\/ppge\/wp-json\/wp\/v2\/pages"}],"about":[{"href":"https:\/\/www2.uepg.br\/ppge\/wp-json\/wp\/v2\/types\/page"}],"author":[{"embeddable":true,"href":"https:\/\/www2.uepg.br\/ppge\/wp-json\/wp\/v2\/users\/24"}],"replies":[{"embeddable":true,"href":"https:\/\/www2.uepg.br\/ppge\/wp-json\/wp\/v2\/comments?post=26"}],"version-history":[{"count":24,"href":"https:\/\/www2.uepg.br\/ppge\/wp-json\/wp\/v2\/pages\/26\/revisions"}],"predecessor-version":[{"id":3172,"href":"https:\/\/www2.uepg.br\/ppge\/wp-json\/wp\/v2\/pages\/26\/revisions\/3172"}],"wp:attachment":[{"href":"https:\/\/www2.uepg.br\/ppge\/wp-json\/wp\/v2\/media?parent=26"}],"curies":[{"name":"wp","href":"https:\/\/api.w.org\/{rel}","templated":true}]}}