{"id":30,"date":"2019-07-03T12:57:29","date_gmt":"2019-07-03T15:57:29","guid":{"rendered":"http:\/\/www2.uepg.br\/ppge\/?page_id=30"},"modified":"2026-04-06T11:32:02","modified_gmt":"2026-04-06T14:32:02","slug":"conheca-o-programa","status":"publish","type":"page","link":"https:\/\/www2.uepg.br\/ppge\/conheca-o-programa\/","title":{"rendered":"CONHE\u00c7A O PROGRAMA"},"content":{"rendered":"<p><strong>\u00c1rea de Concentra\u00e7\u00e3o:\u00a0<\/strong>Educa\u00e7\u00e3o<\/p>\n<p><strong>Cursos:<\/strong><br \/>\nMestrado (m\u00e1ximo de 30 meses)<br \/>\nDoutorado (m\u00e1ximo de 48 meses)<\/p>\n<p><strong>Ano de in\u00edcio:<\/strong><br \/>\nMestrado: 1994<br \/>\nDoutorado: 2011<\/p>\n<p><strong>Objetivos do Programa:<\/strong><br \/>\nI &#8211; formar pesquisadores e contribuir para a forma\u00e7\u00e3o de profissionais na \u00e1rea da Educa\u00e7\u00e3o com vistas \u00e0 produ\u00e7\u00e3o do conhecimento, seu avan\u00e7o qualitativo e sua transforma\u00e7\u00e3o;<\/p>\n<p>II \u2013 subsidiar a forma\u00e7\u00e3o de pesquisadores capazes de analisar situa\u00e7\u00f5es educacionais e de intervir em espa\u00e7os formais e n\u00e3o-formais, em constru\u00e7\u00e3o ou de demandas emergentes;<\/p>\n<p>III &#8211; contribuir para a democratiza\u00e7\u00e3o da educa\u00e7\u00e3o brasileira, atrav\u00e9s do aprofundamento de estudos, do desenvolvimento de pesquisas e da produ\u00e7\u00e3o de conhecimentos que concorram para o avan\u00e7o das pol\u00edticas educacionais, do saber e do fazer educativos;<\/p>\n<p>IV &#8211; produzir e socializar o conhecimento cient\u00edfico no campo da Educa\u00e7\u00e3o, analisando o fen\u00f4meno educativo em suas dimens\u00f5es pedag\u00f3gica, hist\u00f3rica, pol\u00edtica e social;<br \/>\nV &#8211; criar condi\u00e7\u00f5es favor\u00e1veis ao desenvolvimento da pesquisa e \u00e0 an\u00e1lise te\u00f3rica do fen\u00f4meno educativo em suas m\u00faltiplas dimens\u00f5es;<\/p>\n<p>VI &#8211; constituir uma inst\u00e2ncia de reflex\u00e3o cr\u00edtica e coletiva sobre pr\u00e1ticas e teorias pedag\u00f3gicas;<\/p>\n<p>VII &#8211; pesquisar sobre a educa\u00e7\u00e3o, com a finalidade de contribuir para o aprimoramento do padr\u00e3o cient\u00edfico e did\u00e1tico da universidade, de outras institui\u00e7\u00f5es de ensino e do sistema educacional brasileiro;<\/p>\n<p>VIII &#8211; criar, consolidar e ampliar linhas de pesquisa pela incorpora\u00e7\u00e3o de novos projetos e de novos pesquisadores.<\/p>\n<p>&nbsp;<\/p>\n<p><strong>Linhas de Pesquisa<\/strong><\/p>\n<p><strong>Forma\u00e7\u00e3o Docente, Ensino e Aprendizagem<\/strong><br \/>\nInvestiga a forma\u00e7\u00e3o docente, o ensino e a aprendizagem como processo inclusivo e multidimensional (pedag\u00f3gico, cultural, hist\u00f3rico, social, pol\u00edtico e econ\u00f4mico), em diferentes contextos educacionais. Considera a escola; o curr\u00edculo; as pr\u00e1ticas pedag\u00f3gicas; as intera\u00e7\u00f5es dos sujeitos na apropria\u00e7\u00e3o e produ\u00e7\u00e3o dos conhecimentos dispon\u00edveis nas culturas; a gest\u00e3o escolar; e o desenvolvimento humano<\/p>\n<p><strong>Sub\u00e1reas:<\/strong><br \/>\nEduca\u00e7\u00e3o F\u00edsica Escolar<\/p>\n<p>Educa\u00e7\u00e3o Infantil<\/p>\n<p>Esporte no contexto escolar e de forma\u00e7\u00e3o de professores de Educa\u00e7\u00e3o F\u00edsica<\/p>\n<p>Educa\u00e7\u00e3o Inclusiva<\/p>\n<p>Ensino de Artes Visuais<\/p>\n<p>Ensino de Ci\u00eancias\/Biologia<\/p>\n<p>Forma\u00e7\u00e3o de professores<\/p>\n<p>Pr\u00e1tica pedag\u00f3gica<\/p>\n<p>&nbsp;<\/p>\n<p><strong>Hist\u00f3ria e Pol\u00edtica Educacionais<\/strong><\/p>\n<p class=\"Texto_Cita\u00e7\u00e3o\">Analisa a hist\u00f3ria e a pol\u00edtica na pr\u00e1xis pedag\u00f3gica, nos sistemas, nas institui\u00e7\u00f5es educacionais e na forma\u00e7\u00e3o dos educadores e as pol\u00edticas p\u00fablicas nos processos de formula\u00e7\u00e3o, implementa\u00e7\u00e3o e avalia\u00e7\u00e3o das a\u00e7\u00f5es educacionais. Aprofunda o debate sobre as rela\u00e7\u00f5es entre hist\u00f3ria, trabalho, pol\u00edtica e educa\u00e7\u00e3o, com \u00eanfase em quest\u00f5es te\u00f3ricas e metodol\u00f3gicas da Hist\u00f3ria da Educa\u00e7\u00e3o e das Pol\u00edticas Educacionais, e em pesquisas que consideram as din\u00e2micas nacional, global e transnacional.<\/p>\n<p><strong>Sub\u00e1reas:<\/strong><br \/>\nHist\u00f3ria da Educa\u00e7\u00e3o<\/p>\n<p>Pol\u00edtica Educacional<\/p>\n<p>Pol\u00edticas de avalia\u00e7\u00e3o e curr\u00edculo<\/p>\n<p>Gest\u00e3o educacional e escolar<\/p>\n<p>Educa\u00e7\u00e3o Permanente e educa\u00e7\u00e3o de jovens, adultos e idosos<\/p>\n<p>Pedagogia social<\/p>\n<p>Educa\u00e7\u00e3o em diferentes espa\u00e7os educativos<\/p>\n<p>Educa\u00e7\u00e3o e Direitos Humanos<\/p>\n<p>Trabalho e Educa\u00e7\u00e3o<\/p>\n<p><strong>Professores\/orientadores:<\/strong><\/p>\n<p>Alessandro de Melo<\/p>\n<p>Alfredo Cesar Antunes<\/p>\n<p>Ana Luiza Ruschel Nunes<\/p>\n<p>Bettina Heerdt<\/p>\n<p>Carina Alves da Silva Darcoleto<\/p>\n<p>Daiana Camargo<\/p>\n<p>Gilmar de Carvalho Cruz<\/p>\n<p>Gisele Brandelero Camargo<\/p>\n<p>Itamar Adriano Tagliari<\/p>\n<p>Jefferson Mainardes<\/p>\n<p>Marcela Teixeira Godoy<\/p>\n<p>Marcelo ubiali Ferracioli<\/p>\n<p>Maria Isabel Moura Nascimento<\/p>\n<p>Maria Julieta Weber<\/p>\n<p>Maril\u00facia Ant\u00f4nia de Resende Peroza<\/p>\n<p>Mary \u00c2ngela Teixeira Brandalise<\/p>\n<p>Nei Alberto Salles Filho<\/p>\n<p>N\u00e9vio de Campos<\/p>\n<p>Oriomar Skalinsk J\u00fanior<\/p>\n<p>Paola Andressa Scortegagna<\/p>\n<p>Patr\u00edcia Correia de Paula Marcoccia<\/p>\n<p>Paulo Eduardo de Mello<\/p>\n<p>Rita de C\u00e1ssia da Silva Oliveira<\/p>\n<p>Rosana de Castro Casagrande<\/p>\n<p>Silmara de Oliveira Gomes Papi<\/p>\n<p>Silvia Christina Madrid Finck<\/p>\n<p>Simone de Fatima Flach<\/p>\n<p>Simone Regina Manosso Cartaxo<\/p>\n<p>Susana Soares Tozetto<\/p>\n<p>Vera Lucia Martiniak<\/p>\n<p>Obs: para ter acesso aos interesses de pesquisa e publica\u00e7\u00f5es, ver o Curriculum Vitae em: &lt;<a href=\"http:\/\/buscatextual.cnpq.br\/buscatextual\/busca.do?metodo=apresentar\" target=\"_blank\" rel=\"noopener noreferrer\">http:\/\/buscatextual.cnpq.br\/buscatextual\/busca.do?metodo=apresentar<\/a>&gt;<\/p>\n<p><strong>Sele\u00e7\u00e3o de novos alunos<\/strong><br \/>\nEdital: publicado no segundo semestre de cada ano<br \/>\nSele\u00e7\u00e3o: segundo semestre de cada ano<br \/>\nIn\u00edcio das aulas: mar\u00e7o de cada ano<\/p>\n<p><strong>Coordena\u00e7\u00e3o<\/strong><br \/>\nCoordenadora: Prof.\u00aa Dr.\u00aa Maril\u00facia Ant\u00f4nia de Resende Peroza<br \/>\nVice coordenador: Alessandro de Melo<\/p>\n<p><strong>Informa\u00e7\u00f5es importantes<\/strong><br \/>\nEmail:\u00a0<a href=\"mailto:ppge@uepg.br\">ppge@uepg.br<\/a><br \/>\nWebsite:\u00a0<a href=\"http:\/\/www2.uepg.br\/ppge\/\">http:\/\/www2.uepg.br\/ppge\/<\/a><\/p>\n<p>Canal do PPGE-UEPG no YouTube:\u00a0<a href=\"https:\/\/www.youtube.com\/channel\/UC_jrLJp7SLKThsXgj8CLzDg\">https:\/\/www.youtube.com\/channel\/UC_jrLJp7SLKThsXgj8CLzDg<\/a><\/p>\n<p><strong>Endere\u00e7o<\/strong><br \/>\nUEPG \u2013 Campus de Uvaranas<br \/>\nCIPP \u2013 Centro Integrado de Pesquisa e P\u00f3s-Gradua\u00e7\u00e3o<br \/>\nAv. Carlos Cavalcanti, 4748<br \/>\nCampus Uvaranas &#8211; CIPP &#8211; Sala LP107<br \/>\n84.030-900 &#8211; Ponta Grossa &#8211; PR<br \/>\nFone: (55) 42 \u2013 3320-3154<\/p>\n<p>&nbsp;<\/p>\n<p><strong>Publica\u00e7\u00f5es<\/strong><\/p>\n<p><strong>Revista Pr\u00e1xis Educativa<\/strong><\/p>\n<p>Editores: Prof. Dr. Jefferson Mainardes e Profa. Dra. Simone Regina Manosso Cartaxo<\/p>\n<p>Contato:\u00a0<a href=\"mailto:praxiseducativa@uepg.br\">praxiseducativa@uepg.br<\/a><\/p>\n<p>Website:<a href=\"https:\/\/revistas2.uepg.br\/\/index.php\/praxiseducativa\/index\"> https:\/\/revistas2.uepg.br\/\/index.php\/praxiseducativa\/index<\/a><\/p>\n<p>Observa\u00e7\u00f5es:<br \/>\n&#8211; A revista aceita artigos escritos em portugu\u00eas, espanhol e ingl\u00eas<\/p>\n<p><strong>Revista &#8211; Relepe<\/strong><\/p>\n<p>Website: <a href=\"https:\/\/revistas2.uepg.br\/index.php\/retepe\">https:\/\/revistas2.uepg.br\/index.php\/retepe<\/a><\/p>\n","protected":false},"excerpt":{"rendered":"<p>\u00c1rea de Concentra\u00e7\u00e3o:\u00a0Educa\u00e7\u00e3o Cursos: Mestrado (m\u00e1ximo de 30 meses) Doutorado (m\u00e1ximo de 48 meses) Ano de in\u00edcio: Mestrado: 1994 Doutorado: 2011 Objetivos do Programa: I &#8211; formar pesquisadores e contribuir para a forma\u00e7\u00e3o de profissionais na \u00e1rea da Educa\u00e7\u00e3o com vistas \u00e0 produ\u00e7\u00e3o do conhecimento, seu avan\u00e7o qualitativo e sua transforma\u00e7\u00e3o; II \u2013 subsidiar a&nbsp;&hellip;<\/p>\n","protected":false},"author":24,"featured_media":0,"parent":0,"menu_order":0,"comment_status":"closed","ping_status":"closed","template":"","meta":[],"_links":{"self":[{"href":"https:\/\/www2.uepg.br\/ppge\/wp-json\/wp\/v2\/pages\/30"}],"collection":[{"href":"https:\/\/www2.uepg.br\/ppge\/wp-json\/wp\/v2\/pages"}],"about":[{"href":"https:\/\/www2.uepg.br\/ppge\/wp-json\/wp\/v2\/types\/page"}],"author":[{"embeddable":true,"href":"https:\/\/www2.uepg.br\/ppge\/wp-json\/wp\/v2\/users\/24"}],"replies":[{"embeddable":true,"href":"https:\/\/www2.uepg.br\/ppge\/wp-json\/wp\/v2\/comments?post=30"}],"version-history":[{"count":23,"href":"https:\/\/www2.uepg.br\/ppge\/wp-json\/wp\/v2\/pages\/30\/revisions"}],"predecessor-version":[{"id":3934,"href":"https:\/\/www2.uepg.br\/ppge\/wp-json\/wp\/v2\/pages\/30\/revisions\/3934"}],"wp:attachment":[{"href":"https:\/\/www2.uepg.br\/ppge\/wp-json\/wp\/v2\/media?parent=30"}],"curies":[{"name":"wp","href":"https:\/\/api.w.org\/{rel}","templated":true}]}}