{"id":3021,"date":"2025-02-24T16:35:48","date_gmt":"2025-02-24T19:35:48","guid":{"rendered":"https:\/\/www2.uepg.br\/ppge\/?page_id=3021"},"modified":"2025-03-10T17:20:22","modified_gmt":"2025-03-10T20:20:22","slug":"informacoes-para-estrangeiros","status":"publish","type":"page","link":"https:\/\/www2.uepg.br\/ppge\/informacoes-para-estrangeiros\/","title":{"rendered":"INFORMA\u00c7\u00d5ES PARA ESTRANGEIROS"},"content":{"rendered":"<p><strong>ESTUDANTES INTERNACIONAIS<\/strong><\/p>\n<p>Estudante novo?<\/p>\n<p>Seja bem-vindo(a) ao Programa P\u00f3s-Gradua\u00e7\u00e3o em Educa\u00e7\u00e3o (PPGE) da Universidade Estadual de Ponta Grossa (UEPG)!<\/p>\n<ol>\n<li><strong>Universidade Estadual de Ponta Grossa<\/strong><\/li>\n<\/ol>\n<p>A UEPG \u00e9 uma institui\u00e7\u00e3o de Ensino Superior p\u00fablica do Brasil, localizada na regi\u00e3o Sul do pa\u00eds, no Estado de Paran\u00e1, cidade de Ponta Grossa. A institui\u00e7\u00e3o \u00e9 dividida em dois Campus, Central e de Uvaranas, com duas Bibliotecas e dois Restaurantes Universit\u00e1rios, um para cada Campus.<\/p>\n<ul>\n<li><strong>Programa de assist\u00eancia estudantil<\/strong><\/li>\n<\/ul>\n<p>A UEPG oferece assist\u00eancias aos estudantes, como:<\/p>\n<ul>\n<li>Bolsa de perman\u00eancia;<\/li>\n<li>Bolsa de aux\u00edlio de estudante ind\u00edgena;<\/li>\n<li>Moradia estudantil;<\/li>\n<li>Isen\u00e7\u00e3o e desconto para o acesso ao Restaurante Universit\u00e1rio;<\/li>\n<li>Isen\u00e7\u00e3o para a participa\u00e7\u00e3o em eventos acad\u00eamicos\/cursos\/atividades esportivas.<\/li>\n<\/ul>\n<p>&nbsp;<\/p>\n<ul>\n<li><strong>Escrit\u00f3rio de Rela\u00e7\u00f5es Internacionais (ERI)<\/strong><\/li>\n<\/ul>\n<p>O ERI oferece:<\/p>\n<ul>\n<li>Apoio \u00e0 vinda e perman\u00eancia de discentes internacionais na UEPG;<\/li>\n<li>Informa\u00e7\u00f5es institucionais para os discentes internacionais disponibilizadas por diferentes meios:<\/li>\n<\/ul>\n<p>Website do Escrit\u00f3rio de Rela\u00e7\u00f5es Internacionais em portugu\u00eas, ingl\u00eas, espanhol e franc\u00eas. <a href=\"https:\/\/www2.uepg.br\/eri\/\">https:\/\/www2.uepg.br\/eri\/<\/a><\/p>\n<p>M\u00eddias sociais \u2013 Facebook e Instagram (@eriuepg)<\/p>\n<ul>\n<li>Booklet Bem-vindo a Ponta Grossa 2024 (portugu\u00eas, ingl\u00eas, espanhol e franc\u00eas)<\/li>\n<li>Factsheet bil\u00edngue, com informa\u00e7\u00f5es sobre cursos dispon\u00edveis na UEPG<\/li>\n<li>Escola de L\u00ednguas, Literaturas e Culturas &#8211; ESLIN UEPG : Portugu\u00eas L\u00edngua Estrangeira (PLE) &#8211;<\/li>\n<\/ul>\n<p>&nbsp;<\/p>\n<ul>\n<li><strong>Atendimento \u00e0 sa\u00fade<\/strong><\/li>\n<\/ul>\n<p>ASI: o Ambulat\u00f3rio de Sa\u00fade Integrativa da UEPG oferece atendimento multidisciplinar<\/p>\n<p>voltado para a sa\u00fade da comunidade acad\u00eamica da UEPG e tamb\u00e9m dos alunos<\/p>\n<p>internacionais. O ASI est\u00e1 localizado no Campus Uvaranas.<\/p>\n<p>Cl\u00ednica Odontol\u00f3gica: atendimento realizado pelo curso de Odontologia (gradua\u00e7\u00e3o e<\/p>\n<p>p\u00f3s-gradua\u00e7\u00e3o) a pre\u00e7o do custo dos materiais utilizados.<\/p>\n<p>Ambulat\u00f3rios de Sa\u00fade: localizados em ambos os campi da UEPG, os laborat\u00f3rios<\/p>\n<p>oferecem consultas de sa\u00fade para a comunidade internacional e interna da UEPG.<\/p>\n<ul>\n<li>Acolhimento e valoriza\u00e7\u00e3o da identidade e culturas Internacionais<\/li>\n<li>O Projeto InterMig oferece suporte a acad\u00eamicos internacionais e atende discentes internacionais e refugiados oriundos dos pa\u00edses de Angola, Argentina, Bol\u00edvia, Col\u00f4mbia, Cuba, Equador, Guin\u00e9-Bissau, Haiti, Mo\u00e7ambique, Paraguai, Peru e S\u00edria.<\/li>\n<\/ul>\n<p><strong>\u00a0<\/strong><\/p>\n<ol start=\"2\">\n<li><strong>Programa de P\u00f3s-Gradua\u00e7\u00e3o em Educa\u00e7\u00e3o<\/strong><\/li>\n<\/ol>\n<p>O PPGE \u00e9 divido em Mestrado e Doutorado. O Mestrado tem a dura\u00e7\u00e3o de 24 meses, com 34 cr\u00e9ditos requeridos para a conclus\u00e3o do curso. E o Doutorado tem a dura\u00e7\u00e3o de 48 meses, com 50 cr\u00e9ditos requeridos para a conclus\u00e3o do curso.<\/p>\n<p>O Mestrado e Doutorado est\u00e3o estruturados em disciplinas obrigat\u00f3rias e as optativas que o estudante e orientador(a) podem escolher com base no objeto da pesquisa da Disserta\u00e7\u00e3o ou Tese.<\/p>\n<ul>\n<li><strong>Linhas de Pesquisa<\/strong><\/li>\n<\/ul>\n<p>O PPGE tem duas linhas de pesquisa: a Linha de Ensino e Aprendizagem (LEA) e Linha de Hist\u00f3ria e Pol\u00edticas Educacionais (LHPE).<\/p>\n<p>&nbsp;<\/p>\n<ul>\n<li><strong>Professores(as) e seus curr\u00edculos<\/strong><\/li>\n<\/ul>\n<p>O PPGE tem professores(as) distribu\u00eddos por Linha de Pesquisa, acessar o link <a href=\"https:\/\/www2.uepg.br\/ppge\/corpo-docente\/\">https:\/\/www2.uepg.br\/ppge\/corpo-docente\/<\/a> para obter a informa\u00e7\u00e3o detalhada sobre o curr\u00edculo\u00a0 e projetos de pesquisa.<\/p>\n<ul>\n<li>Linha de Ensino e Aprendizagem: 15 professores(as).<\/li>\n<li>Linha de Hist\u00f3ria e Pol\u00edticas Educacionais: 13 professores(as).<\/li>\n<\/ul>\n<p><strong>2.3 L\u00edngua de Ensino<\/strong><\/p>\n<p>O PPGE usa a l\u00edngua portuguesa como l\u00edngua de ensino, mas \u00e9 requerido ao estudante a prova de profici\u00eancia de uma l\u00edngua (Mestrado) e duas l\u00ednguas (Doutorado) estrangeiras para a conclus\u00e3o do curso. E para os estudantes n\u00e3o falantes da l\u00edngua portuguesa \u00e9 requerido a prova de profici\u00eancia de l\u00edngua portuguesa para estrangeiros.<\/p>\n<p><strong>2.4 Admiss\u00e3o ao PPGE<\/strong><\/p>\n<p>Os estudantes podem ser selecionados ao PPGE de duas formas, por programas de externos, como por exemplo Bolsas de Estudos por meio do Grupo Coimbra de Universidades Brasileiras (GCUB) ou Programa de Forma\u00e7\u00e3o de Professores de Educa\u00e7\u00e3o Superior de Pa\u00edses Africanos (ProAfri) e outras ag\u00eancias de concess\u00e3o de Bolsas de Estudo para as universidades brasileiras. E sele\u00e7\u00e3o por meio de editais internos. As aulas iniciam em mar\u00e7o \u00a0e as disciplinas s\u00e3o semestrais.<\/p>\n<p><strong>2.5 Publica\u00e7\u00f5es e Participa\u00e7\u00e3o em Eventos<\/strong><\/p>\n<p>Os estudantes admitidos ao Mestrado ou Doutorado s\u00e3o exigidos publica\u00e7\u00f5es de artigo\/resumo expandindo\/cap\u00edtulo de livro e participa\u00e7\u00e3o em eventos acad\u00eamicos dentro do per\u00edodo de curso.<\/p>\n<p>&nbsp;<\/p>\n","protected":false},"excerpt":{"rendered":"<p>ESTUDANTES INTERNACIONAIS Estudante novo? Seja bem-vindo(a) ao Programa P\u00f3s-Gradua\u00e7\u00e3o em Educa\u00e7\u00e3o (PPGE) da Universidade Estadual de Ponta Grossa (UEPG)! Universidade Estadual de Ponta Grossa A UEPG \u00e9 uma institui\u00e7\u00e3o de Ensino Superior p\u00fablica do Brasil, localizada na regi\u00e3o Sul do pa\u00eds, no Estado de Paran\u00e1, cidade de Ponta Grossa. A institui\u00e7\u00e3o \u00e9 dividida em dois&nbsp;&hellip;<\/p>\n","protected":false},"author":378,"featured_media":0,"parent":0,"menu_order":0,"comment_status":"closed","ping_status":"closed","template":"","meta":[],"_links":{"self":[{"href":"https:\/\/www2.uepg.br\/ppge\/wp-json\/wp\/v2\/pages\/3021"}],"collection":[{"href":"https:\/\/www2.uepg.br\/ppge\/wp-json\/wp\/v2\/pages"}],"about":[{"href":"https:\/\/www2.uepg.br\/ppge\/wp-json\/wp\/v2\/types\/page"}],"author":[{"embeddable":true,"href":"https:\/\/www2.uepg.br\/ppge\/wp-json\/wp\/v2\/users\/378"}],"replies":[{"embeddable":true,"href":"https:\/\/www2.uepg.br\/ppge\/wp-json\/wp\/v2\/comments?post=3021"}],"version-history":[{"count":3,"href":"https:\/\/www2.uepg.br\/ppge\/wp-json\/wp\/v2\/pages\/3021\/revisions"}],"predecessor-version":[{"id":3039,"href":"https:\/\/www2.uepg.br\/ppge\/wp-json\/wp\/v2\/pages\/3021\/revisions\/3039"}],"wp:attachment":[{"href":"https:\/\/www2.uepg.br\/ppge\/wp-json\/wp\/v2\/media?parent=3021"}],"curies":[{"name":"wp","href":"https:\/\/api.w.org\/{rel}","templated":true}]}}