{"id":3204,"date":"2025-07-21T10:18:15","date_gmt":"2025-07-21T13:18:15","guid":{"rendered":"https:\/\/www2.uepg.br\/ppge\/?page_id=3204"},"modified":"2025-07-21T10:18:16","modified_gmt":"2025-07-21T13:18:16","slug":"acciones-afirmativas","status":"publish","type":"page","link":"https:\/\/www2.uepg.br\/ppge\/es\/acciones-afirmativas\/","title":{"rendered":"ACCIONES AFIRMATIVAS"},"content":{"rendered":"<div id=\"pl-3204\"  class=\"panel-layout\" ><div id=\"pg-3204-0\"  class=\"panel-grid panel-has-style\" ><div class=\"siteorigin-panels-stretch panel-row-style panel-row-style-for-3204-0\" data-stretch-type=\"full-stretched\" ><div id=\"pgc-3204-0-0\"  class=\"panel-grid-cell\" ><div id=\"panel-3204-0-0-0\" class=\"so-panel widget widget_media_image panel-first-child panel-last-child\" data-index=\"0\" ><img width=\"1509\" height=\"516\" src=\"https:\/\/www2.uepg.br\/ppge\/wp-content\/uploads\/sites\/28\/2021\/09\/banner-politicas-de-acoes-afirmativas2.png\" class=\"image wp-image-1600  attachment-full size-full\" alt=\"A\u00c7\u00d5ES AFIRMATIVAS\" loading=\"lazy\" style=\"max-width: 100%; height: auto;\" srcset=\"https:\/\/www2.uepg.br\/ppge\/wp-content\/uploads\/sites\/28\/2021\/09\/banner-politicas-de-acoes-afirmativas2.png 1509w, https:\/\/www2.uepg.br\/ppge\/wp-content\/uploads\/sites\/28\/2021\/09\/banner-politicas-de-acoes-afirmativas2-300x103.png 300w, https:\/\/www2.uepg.br\/ppge\/wp-content\/uploads\/sites\/28\/2021\/09\/banner-politicas-de-acoes-afirmativas2-1024x350.png 1024w, https:\/\/www2.uepg.br\/ppge\/wp-content\/uploads\/sites\/28\/2021\/09\/banner-politicas-de-acoes-afirmativas2-768x263.png 768w, https:\/\/www2.uepg.br\/ppge\/wp-content\/uploads\/sites\/28\/2021\/09\/banner-politicas-de-acoes-afirmativas2-1232x421.png 1232w\" sizes=\"(max-width: 1509px) 100vw, 1509px\" \/><\/div><\/div><\/div><\/div><div id=\"pg-3204-1\"  class=\"panel-grid panel-no-style\" ><div id=\"pgc-3204-1-0\"  class=\"panel-grid-cell\" ><div id=\"panel-3204-1-0-0\" class=\"so-panel widget widget_sow-headline panel-first-child\" data-index=\"1\" ><div\n\t\t\t\n\t\t\tclass=\"so-widget-sow-headline so-widget-sow-headline-default-5fbac960ed64-3204\"\n\t\t\t\n\t\t><div class=\"sow-headline-container \">\n\t<h3 class='sow-headline'>Cotas Raciais, Autodeclara\u00e7\u00e3o e Heteroidentifica\u00e7\u00e3o parte 1<\/h3>\t\t\t\t\t<div class=\"decoration\">\n\t\t\t\t\t\t<div class=\"decoration-inside\"><\/div>\n\t\t\t\t\t<\/div>\n\t\t\t\t\t<\/div><\/div><\/div><div id=\"panel-3204-1-0-1\" class=\"so-panel widget widget_sow-headline panel-last-child\" data-index=\"2\" ><div\n\t\t\t\n\t\t\tclass=\"so-widget-sow-headline so-widget-sow-headline-default-5fbac960ed64-3204\"\n\t\t\t\n\t\t><div class=\"sow-headline-container \">\n\t<h3 class='sow-headline'>Cotas Raciais, Autodeclara\u00e7\u00e3o e Heteroidentifica\u00e7\u00e3o parte 2<\/h3>\t\t\t\t\t<div class=\"decoration\">\n\t\t\t\t\t\t<div class=\"decoration-inside\"><\/div>\n\t\t\t\t\t<\/div>\n\t\t\t\t\t<\/div><\/div><\/div><\/div><div id=\"pgc-3204-1-1\"  class=\"panel-grid-cell\" ><div id=\"panel-3204-1-1-0\" class=\"so-panel widget widget_sow-button panel-first-child panel-last-child\" data-index=\"3\" ><div\n\t\t\t\n\t\t\tclass=\"so-widget-sow-button so-widget-sow-button-atom-fc82fa7f101d-3204\"\n\t\t\t\n\t\t><div class=\"ow-button-base ow-button-align-center\">\n\t<a href=\"\" class=\"ow-icon-placement-left\" target=\"_blank\" rel=\"noopener noreferrer\" \t\t>\n\t\t<span>\n\t\t\t<span class=\"sow-icon-fontawesome sow-far\" data-sow-icon=\"&#xf274;\"\n\t\tstyle=\"color: #ffffff\" \n\t\taria-hidden=\"true\"><\/span>\n\t\t\tVeja o Calend\u00e1rio do Processo Seletivo\t\t<\/span>\n\t<\/a>\n<\/div>\n<\/div><\/div><\/div><\/div><div id=\"pg-3204-2\"  class=\"panel-grid panel-no-style\" ><div id=\"pgc-3204-2-0\"  class=\"panel-grid-cell\" ><div id=\"panel-3204-2-0-0\" class=\"so-panel widget widget_sow-editor panel-first-child panel-last-child\" data-index=\"4\" ><div class=\"panel-widget-style panel-widget-style-for-3204-2-0-0\" ><div\n\t\t\t\n\t\t\tclass=\"so-widget-sow-editor so-widget-sow-editor-base\"\n\t\t\t\n\t\t>\n<div class=\"siteorigin-widget-tinymce textwidget\">\n\t<h3 style=\"text-align: center\"><a href=\"https:\/\/www2.uepg.br\/ppge\/heteroidentificacao\/\"><strong><img loading=\"lazy\" class=\"alignnone size-medium wp-image-1357\" src=\"http:\/\/www2.uepg.br\/ppge\/wp-content\/uploads\/sites\/28\/2021\/09\/Negro2-300x238.jpg\" alt=\"\" width=\"300\" height=\"238\" srcset=\"https:\/\/www2.uepg.br\/ppge\/wp-content\/uploads\/sites\/28\/2021\/09\/Negro2-300x238.jpg 300w, https:\/\/www2.uepg.br\/ppge\/wp-content\/uploads\/sites\/28\/2021\/09\/Negro2-1024x813.jpg 1024w, https:\/\/www2.uepg.br\/ppge\/wp-content\/uploads\/sites\/28\/2021\/09\/Negro2-768x610.jpg 768w, https:\/\/www2.uepg.br\/ppge\/wp-content\/uploads\/sites\/28\/2021\/09\/Negro2-1536x1220.jpg 1536w, https:\/\/www2.uepg.br\/ppge\/wp-content\/uploads\/sites\/28\/2021\/09\/Negro2-2048x1626.jpg 2048w, https:\/\/www2.uepg.br\/ppge\/wp-content\/uploads\/sites\/28\/2021\/09\/Negro2-1232x978.jpg 1232w, https:\/\/www2.uepg.br\/ppge\/wp-content\/uploads\/sites\/28\/2021\/09\/Negro2-1360x1080.jpg 1360w\" sizes=\"(max-width: 300px) 100vw, 300px\" \/><\/strong><\/a><\/h3>\n<h4 style=\"text-align: center\"><strong><a href=\"https:\/\/www2.uepg.br\/ppge\/heteroidentificacao\/\">Negro<br \/>\n(Preto ou Pardo)<\/a><\/strong><\/h4>\n<\/div>\n<\/div><\/div><\/div><\/div><div id=\"pgc-3204-2-1\"  class=\"panel-grid-cell\" ><div id=\"panel-3204-2-1-0\" class=\"so-panel widget widget_sow-editor panel-first-child panel-last-child\" data-index=\"5\" ><div class=\"panel-widget-style panel-widget-style-for-3204-2-1-0\" ><div\n\t\t\t\n\t\t\tclass=\"so-widget-sow-editor so-widget-sow-editor-base\"\n\t\t\t\n\t\t>\n<div class=\"siteorigin-widget-tinymce textwidget\">\n\t<p><a href=\"https:\/\/www2.uepg.br\/ppge\/indios\/\"><img loading=\"lazy\" class=\"size-medium wp-image-1356 aligncenter\" src=\"http:\/\/www2.uepg.br\/ppge\/wp-content\/uploads\/sites\/28\/2021\/09\/Indio2-300x238.jpg\" alt=\"INDIO\" width=\"300\" height=\"238\" srcset=\"https:\/\/www2.uepg.br\/ppge\/wp-content\/uploads\/sites\/28\/2021\/09\/Indio2-300x238.jpg 300w, https:\/\/www2.uepg.br\/ppge\/wp-content\/uploads\/sites\/28\/2021\/09\/Indio2-1024x813.jpg 1024w, https:\/\/www2.uepg.br\/ppge\/wp-content\/uploads\/sites\/28\/2021\/09\/Indio2-768x610.jpg 768w, https:\/\/www2.uepg.br\/ppge\/wp-content\/uploads\/sites\/28\/2021\/09\/Indio2-1536x1219.jpg 1536w, https:\/\/www2.uepg.br\/ppge\/wp-content\/uploads\/sites\/28\/2021\/09\/Indio2-2048x1626.jpg 2048w, https:\/\/www2.uepg.br\/ppge\/wp-content\/uploads\/sites\/28\/2021\/09\/Indio2-1232x978.jpg 1232w, https:\/\/www2.uepg.br\/ppge\/wp-content\/uploads\/sites\/28\/2021\/09\/Indio2-1361x1080.jpg 1361w\" sizes=\"(max-width: 300px) 100vw, 300px\" \/><\/a><\/p>\n<h4 style=\"text-align: center\"><a href=\"https:\/\/www2.uepg.br\/ppge\/indigenas\/\"><strong>Ind\u00edgenas<\/strong><\/a><\/h4>\n<\/div>\n<\/div><\/div><\/div><\/div><div id=\"pgc-3204-2-2\"  class=\"panel-grid-cell\" ><div id=\"panel-3204-2-2-0\" class=\"so-panel widget widget_sow-editor panel-first-child panel-last-child\" data-index=\"6\" ><div class=\"panel-widget-style panel-widget-style-for-3204-2-2-0\" ><div\n\t\t\t\n\t\t\tclass=\"so-widget-sow-editor so-widget-sow-editor-base\"\n\t\t\t\n\t\t>\n<div class=\"siteorigin-widget-tinymce textwidget\">\n\t<p style=\"text-align: center\"><a href=\"https:\/\/www2.uepg.br\/ppge\/pcd\/\"><img loading=\"lazy\" class=\"alignnone size-medium wp-image-1353\" src=\"http:\/\/www2.uepg.br\/ppge\/wp-content\/uploads\/sites\/28\/2021\/09\/PDC2-300x238.jpg\" alt=\"PESSOAS COM DEFICI\u00caNCIA (PCD)\" width=\"300\" height=\"238\" srcset=\"https:\/\/www2.uepg.br\/ppge\/wp-content\/uploads\/sites\/28\/2021\/09\/PDC2-300x238.jpg 300w, https:\/\/www2.uepg.br\/ppge\/wp-content\/uploads\/sites\/28\/2021\/09\/PDC2-1024x813.jpg 1024w, https:\/\/www2.uepg.br\/ppge\/wp-content\/uploads\/sites\/28\/2021\/09\/PDC2-768x610.jpg 768w, https:\/\/www2.uepg.br\/ppge\/wp-content\/uploads\/sites\/28\/2021\/09\/PDC2-1536x1219.jpg 1536w, https:\/\/www2.uepg.br\/ppge\/wp-content\/uploads\/sites\/28\/2021\/09\/PDC2-2048x1626.jpg 2048w, https:\/\/www2.uepg.br\/ppge\/wp-content\/uploads\/sites\/28\/2021\/09\/PDC2-1232x978.jpg 1232w, https:\/\/www2.uepg.br\/ppge\/wp-content\/uploads\/sites\/28\/2021\/09\/PDC2-1361x1080.jpg 1361w\" sizes=\"(max-width: 300px) 100vw, 300px\" \/><\/a><\/p>\n<h4 style=\"text-align: center\"><strong><a href=\"https:\/\/www2.uepg.br\/ppge\/pcd\/\">Pessoa com<\/a><\/strong><br \/>\n<strong><a href=\"https:\/\/www2.uepg.br\/ppge\/pcd\/\">Defici\u00eancia (PcD)<\/a><\/strong><\/h4>\n<\/div>\n<\/div><\/div><\/div><\/div><div id=\"pgc-3204-2-3\"  class=\"panel-grid-cell\" ><div id=\"panel-3204-2-3-0\" class=\"so-panel widget widget_sow-editor panel-first-child panel-last-child\" data-index=\"7\" ><div class=\"panel-widget-style panel-widget-style-for-3204-2-3-0\" ><div\n\t\t\t\n\t\t\tclass=\"so-widget-sow-editor so-widget-sow-editor-base\"\n\t\t\t\n\t\t>\n<div class=\"siteorigin-widget-tinymce textwidget\">\n\t<p style=\"text-align: center\"><a href=\"https:\/\/www2.uepg.br\/ppge\/trans\/\"><img loading=\"lazy\" class=\"alignnone wp-image-1572 size-medium\" src=\"http:\/\/www2.uepg.br\/ppge\/wp-content\/uploads\/sites\/28\/2021\/09\/Trans2-300x238.jpg\" alt=\"\" width=\"300\" height=\"238\" srcset=\"https:\/\/www2.uepg.br\/ppge\/wp-content\/uploads\/sites\/28\/2021\/09\/Trans2-300x238.jpg 300w, https:\/\/www2.uepg.br\/ppge\/wp-content\/uploads\/sites\/28\/2021\/09\/Trans2-1024x813.jpg 1024w, https:\/\/www2.uepg.br\/ppge\/wp-content\/uploads\/sites\/28\/2021\/09\/Trans2-768x610.jpg 768w, https:\/\/www2.uepg.br\/ppge\/wp-content\/uploads\/sites\/28\/2021\/09\/Trans2-1536x1220.jpg 1536w, https:\/\/www2.uepg.br\/ppge\/wp-content\/uploads\/sites\/28\/2021\/09\/Trans2-2048x1626.jpg 2048w, https:\/\/www2.uepg.br\/ppge\/wp-content\/uploads\/sites\/28\/2021\/09\/Trans2-1232x978.jpg 1232w, https:\/\/www2.uepg.br\/ppge\/wp-content\/uploads\/sites\/28\/2021\/09\/Trans2-1360x1080.jpg 1360w\" sizes=\"(max-width: 300px) 100vw, 300px\" \/><\/a><\/p>\n<h4 style=\"text-align: center\"><strong><a href=\"https:\/\/www2.uepg.br\/ppge\/trans\/\">Trans<\/a><\/strong><\/h4>\n<\/div>\n<\/div><\/div><\/div><\/div><\/div><\/div>","protected":false},"excerpt":{"rendered":"<p>Cotas Raciais, Autodeclara\u00e7\u00e3o e Heteroidentifica\u00e7\u00e3o parte 1 Cotas Raciais, Autodeclara\u00e7\u00e3o e Heteroidentifica\u00e7\u00e3o parte 2 Veja o Calend\u00e1rio do Processo Seletivo Negro (Preto ou Pardo) Ind\u00edgenas Pessoa com Defici\u00eancia (PcD) Trans<\/p>\n","protected":false},"author":378,"featured_media":0,"parent":0,"menu_order":0,"comment_status":"closed","ping_status":"closed","template":"","meta":[],"_links":{"self":[{"href":"https:\/\/www2.uepg.br\/ppge\/wp-json\/wp\/v2\/pages\/3204"}],"collection":[{"href":"https:\/\/www2.uepg.br\/ppge\/wp-json\/wp\/v2\/pages"}],"about":[{"href":"https:\/\/www2.uepg.br\/ppge\/wp-json\/wp\/v2\/types\/page"}],"author":[{"embeddable":true,"href":"https:\/\/www2.uepg.br\/ppge\/wp-json\/wp\/v2\/users\/378"}],"replies":[{"embeddable":true,"href":"https:\/\/www2.uepg.br\/ppge\/wp-json\/wp\/v2\/comments?post=3204"}],"version-history":[{"count":2,"href":"https:\/\/www2.uepg.br\/ppge\/wp-json\/wp\/v2\/pages\/3204\/revisions"}],"predecessor-version":[{"id":3208,"href":"https:\/\/www2.uepg.br\/ppge\/wp-json\/wp\/v2\/pages\/3204\/revisions\/3208"}],"wp:attachment":[{"href":"https:\/\/www2.uepg.br\/ppge\/wp-json\/wp\/v2\/media?parent=3204"}],"curies":[{"name":"wp","href":"https:\/\/api.w.org\/{rel}","templated":true}]}}