{"id":3288,"date":"2025-07-21T16:06:06","date_gmt":"2025-07-21T19:06:06","guid":{"rendered":"https:\/\/www2.uepg.br\/ppge\/?page_id=3288"},"modified":"2025-07-21T16:06:06","modified_gmt":"2025-07-21T19:06:06","slug":"indigenous","status":"publish","type":"page","link":"https:\/\/www2.uepg.br\/ppge\/en\/indigenous\/","title":{"rendered":"INDIGENOUS"},"content":{"rendered":"<div id=\"pl-3288\"  class=\"panel-layout\" ><div id=\"pg-3288-0\"  class=\"panel-grid panel-no-style\" ><div id=\"pgc-3288-0-0\"  class=\"panel-grid-cell\" ><div id=\"panel-3288-0-0-0\" class=\"so-panel widget widget_sow-headline panel-first-child panel-last-child\" data-index=\"0\" ><div\n\t\t\t\n\t\t\tclass=\"so-widget-sow-headline so-widget-sow-headline-default-5fbac960ed64-3288\"\n\t\t\t\n\t\t><div class=\"sow-headline-container \">\n\t<h3 class='sow-headline'>\u00c9 CANDIDATO IND\u00cdGENA? ENT\u00c3O, FIQUE ATENTO A ESTE RECADO<\/h3>\t\t\t\t\t<div class=\"decoration\">\n\t\t\t\t\t\t<div class=\"decoration-inside\"><\/div>\n\t\t\t\t\t<\/div>\n\t\t\t\t\t<\/div><\/div><\/div><\/div><\/div><div id=\"pg-3288-1\"  class=\"panel-grid panel-no-style\" ><div id=\"pgc-3288-1-0\"  class=\"panel-grid-cell\" ><div id=\"panel-3288-1-0-0\" class=\"so-panel widget widget_sow-image panel-first-child\" data-index=\"1\" ><div\n\t\t\t\n\t\t\tclass=\"so-widget-sow-image so-widget-sow-image-default-a5258576d588-3288\"\n\t\t\t\n\t\t>\n\n<div class=\"sow-image-container\">\n\t\t<img src=\"https:\/\/www2.uepg.br\/ppge\/wp-content\/uploads\/sites\/28\/2021\/09\/Indigena-768x768.jpg\" width=\"400\" height=\"400\" srcset=\"https:\/\/www2.uepg.br\/ppge\/wp-content\/uploads\/sites\/28\/2021\/09\/Indigena-768x768.jpg 768w, https:\/\/www2.uepg.br\/ppge\/wp-content\/uploads\/sites\/28\/2021\/09\/Indigena-300x300.jpg 300w, https:\/\/www2.uepg.br\/ppge\/wp-content\/uploads\/sites\/28\/2021\/09\/Indigena-1024x1024.jpg 1024w, https:\/\/www2.uepg.br\/ppge\/wp-content\/uploads\/sites\/28\/2021\/09\/Indigena-150x150.jpg 150w, https:\/\/www2.uepg.br\/ppge\/wp-content\/uploads\/sites\/28\/2021\/09\/Indigena-1536x1536.jpg 1536w, https:\/\/www2.uepg.br\/ppge\/wp-content\/uploads\/sites\/28\/2021\/09\/Indigena-2048x2048.jpg 2048w, https:\/\/www2.uepg.br\/ppge\/wp-content\/uploads\/sites\/28\/2021\/09\/Indigena-1232x1232.jpg 1232w, https:\/\/www2.uepg.br\/ppge\/wp-content\/uploads\/sites\/28\/2021\/09\/Indigena-1080x1080.jpg 1080w\" sizes=\"(max-width: 400px) 100vw, 400px\" title=\"Indigena\" alt=\"IND\u00cdGENA\" loading=\"lazy\" \t\tclass=\"so-widget-image\"\/>\n\t<\/div>\n\n<\/div><\/div><div id=\"panel-3288-1-0-1\" class=\"so-panel widget widget_text panel-last-child\" data-index=\"2\" >\t\t\t<div class=\"textwidget\"><p class=\"font_8\"><span class=\"color_33\">O candidato que se autodeclarou ind\u00edgena no momento da inscri\u00e7\u00e3o e foi convocado na lista publicada junto \u00e0 primeira fase do Processo Seletivo de Estudantes do Programa de P\u00f3s Gradua\u00e7\u00e3o UEPG precisar\u00e1 acessar o sistema eletr\u00f4nico (<a href=\"https:\/\/www2.uepg.br\/ppge\/editais\/#page-content\" target=\"_blank\" rel=\"nofollow noopener\">https:\/\/www2.uepg.br\/ppge\/editais\/#page-content<\/a>) e ver as instru\u00e7\u00f5es de documentos do PPGE in\u00edcio 27.08 e t\u00e9rmino 27.09.2021 e n\u00e3o esquecer de anexar na inscri\u00e7\u00e3o, para tanto preste aten\u00e7\u00e3o a dois procedimentos:<\/span><\/p>\n<p class=\"font_8\"><span class=\"color_33\">1) Preencher o formul\u00e1rio eletr\u00f4nico de autodeclara\u00e7\u00e3o de candidato ind\u00edgena. Se voc\u00ea j\u00e1 quiser conhecer o modelo, est\u00e1 no Anexo X do Edital do seu curso, mas lembre-se: n\u00e3o precisa preencher o modelo em PDF, pois o que ser\u00e1 v\u00e1lido ser\u00e1 o formul\u00e1rio eletr\u00f4nico.<\/span><\/p>\n<p class=\"font_8\"><span class=\"color_33\">2) Anexar o Registro Administrativo de Nascimento de Ind\u00edgena (<a href=\"http:\/\/www.planalto.gov.br\/ccivil_03\/leis\/l6001.htm\" target=\"_blank\" rel=\"nofollow noopener\">RANI<\/a>) ou declara\u00e7\u00e3o de perten\u00e7a a grupo \u00e9tnico ind\u00edgena emitida por lideran\u00e7a ind\u00edgena de sua comunidade.<\/span><\/p>\n<p class=\"font_8\"><span class=\"color_33\">Acesse aqui orienta\u00e7\u00f5es para os candidatos autodeclarados ind\u00edgenas<\/span><\/p>\n<p class=\"font_8\">E aten\u00e7\u00e3o:\u00a0Se houver novas chamadas de candidatos para as matr\u00edculas, os prazos para os candidatos ind\u00edgenas convocados fazerem esse mesmo procedimento ser\u00e1 divulgado p\u00e1gina do PPGE (<a href=\"https:\/\/www2.uepg.br\/ppge\/editais\/#page-content\" target=\"_blank\" rel=\"nofollow noopener\">https:\/\/www2.uepg.br\/ppge\/editais\/#page-content<\/a>). Por isso, \u00e9 preciso continuar acessando o site!<\/p>\n<\/div>\n\t\t<\/div><\/div><div id=\"pgc-3288-1-1\"  class=\"panel-grid-cell\" ><div id=\"panel-3288-1-1-0\" class=\"so-panel widget widget_sow-button panel-first-child\" data-index=\"3\" ><div\n\t\t\t\n\t\t\tclass=\"so-widget-sow-button so-widget-sow-button-atom-fc82fa7f101d-3288\"\n\t\t\t\n\t\t><div class=\"ow-button-base ow-button-align-center\">\n\t<a href=\"\" class=\"ow-icon-placement-left\" target=\"_blank\" rel=\"noopener noreferrer\" download=\"\" \t\t>\n\t\t<span>\n\t\t\t<span class=\"sow-icon-fontawesome sow-far\" data-sow-icon=\"&#xf274;\"\n\t\tstyle=\"color: #ffffff\" \n\t\taria-hidden=\"true\"><\/span>\n\t\t\tVeja o Calend\u00e1rio do Processo Seletivo\t\t<\/span>\n\t<\/a>\n<\/div>\n<\/div><\/div><div id=\"panel-3288-1-1-1\" class=\"so-panel widget widget_sow-button\" data-index=\"4\" ><div\n\t\t\t\n\t\t\tclass=\"so-widget-sow-button so-widget-sow-button-atom-89e6162d6feb-3288\"\n\t\t\t\n\t\t><div class=\"ow-button-base ow-button-align-center\">\n\t<a href=\"https:\/\/www2.uepg.br\/ppge\/edital-de-selecao-doutorado-e-mestrado-2022-ppge-uepg\/\" class=\"ow-icon-placement-left\" target=\"_blank\" rel=\"noopener noreferrer\" \t\t>\n\t\t<span>\n\t\t\t\n\t\t\tCandidatos aprovados e suplentes: confirmar as pr\u00f3ximas etapas\t\t<\/span>\n\t<\/a>\n<\/div>\n<\/div><\/div><div id=\"panel-3288-1-1-2\" class=\"so-panel widget widget_sow-button\" data-index=\"5\" ><div\n\t\t\t\n\t\t\tclass=\"so-widget-sow-button so-widget-sow-button-atom-89e6162d6feb-3288\"\n\t\t\t\n\t\t><div class=\"ow-button-base ow-button-align-center\">\n\t<a href=\"https:\/\/www2.uepg.br\/ppge\/edital-de-selecao-doutorado-e-mestrado-2022-ppge-uepg\/\" class=\"ow-icon-placement-left\" target=\"_blank\" rel=\"noopener noreferrer\" \t\t>\n\t\t<span>\n\t\t\t\n\t\t\tCome\u00e7ou o prazo para candidatos autodeclarados negros e ind\u00edgenas acessarem o sistema do PPGE e ler as instru\u00e7\u00f5es\t\t<\/span>\n\t<\/a>\n<\/div>\n<\/div><\/div><div id=\"panel-3288-1-1-3\" class=\"so-panel widget widget_sow-button\" data-index=\"6\" ><div\n\t\t\t\n\t\t\tclass=\"so-widget-sow-button so-widget-sow-button-atom-89e6162d6feb-3288\"\n\t\t\t\n\t\t><div class=\"ow-button-base ow-button-align-center\">\n\t<a href=\"\" class=\"ow-icon-placement-left\" target=\"_blank\" rel=\"noopener noreferrer\" \t\t>\n\t\t<span>\n\t\t\t\n\t\t\tPublicadas as listas de classificados e a primeira chamada para matr\u00edculas\t\t<\/span>\n\t<\/a>\n<\/div>\n<\/div><\/div><div id=\"panel-3288-1-1-4\" class=\"so-panel widget widget_sow-button panel-last-child\" data-index=\"7\" ><div\n\t\t\t\n\t\t\tclass=\"so-widget-sow-button so-widget-sow-button-atom-89e6162d6feb-3288\"\n\t\t\t\n\t\t><div class=\"ow-button-base ow-button-align-center\">\n\t<a href=\"\" class=\"ow-icon-placement-left\" target=\"_blank\" rel=\"noopener noreferrer\" \t\t>\n\t\t<span>\n\t\t\t\n\t\t\tPublicadas as listas de classificados da segunda etapa\t\t<\/span>\n\t<\/a>\n<\/div>\n<\/div><\/div><\/div><\/div><\/div>","protected":false},"excerpt":{"rendered":"<p>O candidato que se autodeclarou ind\u00edgena no momento da inscri\u00e7\u00e3o e foi convocado na lista publicada junto \u00e0 primeira fase do Processo Seletivo de Estudantes do Programa de P\u00f3s Gradua\u00e7\u00e3o UEPG precisar\u00e1 acessar o sistema eletr\u00f4nico (https:\/\/www2.uepg.br\/ppge\/editais\/#page-content) e ver as instru\u00e7\u00f5es de documentos do PPGE in\u00edcio 27.08 e t\u00e9rmino 27.09.2021 e n\u00e3o esquecer de anexar&nbsp;&hellip;<\/p>\n","protected":false},"author":378,"featured_media":0,"parent":0,"menu_order":0,"comment_status":"closed","ping_status":"closed","template":"","meta":[],"_links":{"self":[{"href":"https:\/\/www2.uepg.br\/ppge\/wp-json\/wp\/v2\/pages\/3288"}],"collection":[{"href":"https:\/\/www2.uepg.br\/ppge\/wp-json\/wp\/v2\/pages"}],"about":[{"href":"https:\/\/www2.uepg.br\/ppge\/wp-json\/wp\/v2\/types\/page"}],"author":[{"embeddable":true,"href":"https:\/\/www2.uepg.br\/ppge\/wp-json\/wp\/v2\/users\/378"}],"replies":[{"embeddable":true,"href":"https:\/\/www2.uepg.br\/ppge\/wp-json\/wp\/v2\/comments?post=3288"}],"version-history":[{"count":2,"href":"https:\/\/www2.uepg.br\/ppge\/wp-json\/wp\/v2\/pages\/3288\/revisions"}],"predecessor-version":[{"id":3291,"href":"https:\/\/www2.uepg.br\/ppge\/wp-json\/wp\/v2\/pages\/3288\/revisions\/3291"}],"wp:attachment":[{"href":"https:\/\/www2.uepg.br\/ppge\/wp-json\/wp\/v2\/media?parent=3288"}],"curies":[{"name":"wp","href":"https:\/\/api.w.org\/{rel}","templated":true}]}}