{"id":3312,"date":"2025-07-21T16:15:50","date_gmt":"2025-07-21T19:15:50","guid":{"rendered":"https:\/\/www2.uepg.br\/ppge\/?page_id=3312"},"modified":"2025-07-21T16:15:50","modified_gmt":"2025-07-21T19:15:50","slug":"persona-discapacitada","status":"publish","type":"page","link":"https:\/\/www2.uepg.br\/ppge\/es\/persona-discapacitada\/","title":{"rendered":"PERSONA DISCAPACITADA"},"content":{"rendered":"<div id=\"pl-3312\"  class=\"panel-layout\" ><div id=\"pg-3312-0\"  class=\"panel-grid panel-no-style\" ><div id=\"pgc-3312-0-0\"  class=\"panel-grid-cell\" ><div id=\"panel-3312-0-0-0\" class=\"so-panel widget widget_sow-headline panel-first-child panel-last-child\" data-index=\"0\" ><div\n\t\t\t\n\t\t\tclass=\"so-widget-sow-headline so-widget-sow-headline-default-5fbac960ed64-3312\"\n\t\t\t\n\t\t><div class=\"sow-headline-container \">\n\t<h3 class='sow-headline'>VOC\u00ca SE DECLAROU PESSOA COM DEFICI\u00caNCIA (PCD) NA INSCRI\u00c7\u00c3O DO PPGE?<\/h3>\t\t\t\t\t<div class=\"decoration\">\n\t\t\t\t\t\t<div class=\"decoration-inside\"><\/div>\n\t\t\t\t\t<\/div>\n\t\t\t\t\t<\/div><\/div><\/div><\/div><\/div><div id=\"pg-3312-1\"  class=\"panel-grid panel-no-style\" ><div id=\"pgc-3312-1-0\"  class=\"panel-grid-cell\" ><div id=\"panel-3312-1-0-0\" class=\"so-panel widget widget_sow-image panel-first-child\" data-index=\"1\" ><div\n\t\t\t\n\t\t\tclass=\"so-widget-sow-image so-widget-sow-image-default-a5258576d588-3312\"\n\t\t\t\n\t\t>\n\n<div class=\"sow-image-container\">\n\t\t<img src=\"https:\/\/www2.uepg.br\/ppge\/wp-content\/uploads\/sites\/28\/2021\/09\/PDC-768x768.jpg\" width=\"400\" height=\"400\" srcset=\"https:\/\/www2.uepg.br\/ppge\/wp-content\/uploads\/sites\/28\/2021\/09\/PDC-768x768.jpg 768w, https:\/\/www2.uepg.br\/ppge\/wp-content\/uploads\/sites\/28\/2021\/09\/PDC-300x300.jpg 300w, https:\/\/www2.uepg.br\/ppge\/wp-content\/uploads\/sites\/28\/2021\/09\/PDC-150x150.jpg 150w, https:\/\/www2.uepg.br\/ppge\/wp-content\/uploads\/sites\/28\/2021\/09\/PDC.jpg 805w\" sizes=\"(max-width: 400px) 100vw, 400px\" title=\"PESSOA COM DEFICI\u00caNCIA (PCD)\" alt=\"PESSOA COM DEFICI\u00caNCIA (PCD)\" loading=\"lazy\" \t\tclass=\"so-widget-image\"\/>\n\t<\/div>\n\n<\/div><\/div><div id=\"panel-3312-1-0-1\" class=\"so-panel widget widget_text panel-last-child\" data-index=\"2\" >\t\t\t<div class=\"textwidget\"><p>Para os candidatos que se autodeclarem pessoa com defici\u00eancia, essa condi\u00e7\u00e3o poder\u00e1 ser confirmada por meio de atestado m\u00e9dico emitido nos \u00faltimos 12 (doze) meses, assinado por m\u00e9dico especialista na \u00e1rea da defici\u00eancia alegada pelo candidato, contendo o grau ou n\u00edvel de defici\u00eancia, o c\u00f3digo correspondente \u00e0 Classifica\u00e7\u00e3o Internacional de Doen\u00e7a \u2013 CID e um parecer do m\u00e9dico, contendo as necessidades espec\u00edficas, considerando as peculiaridades da defici\u00eancia.<\/p>\n<p>Preencha a <a href=\"http:\/\/www2.uepg.br\/ppge\/wp-content\/uploads\/sites\/28\/2021\/09\/PcD.pdf\">Carta de Autodeclara\u00e7\u00e3o Candidata(o) com Defici\u00eancia<\/a>\u00a0para solicita\u00e7\u00e3o de reserva da vaga.<\/p>\n<\/div>\n\t\t<\/div><\/div><div id=\"pgc-3312-1-1\"  class=\"panel-grid-cell\" ><div id=\"panel-3312-1-1-0\" class=\"so-panel widget widget_sow-button panel-first-child\" data-index=\"3\" ><div\n\t\t\t\n\t\t\tclass=\"so-widget-sow-button so-widget-sow-button-atom-fc82fa7f101d-3312\"\n\t\t\t\n\t\t><div class=\"ow-button-base ow-button-align-center\">\n\t<a href=\"\" class=\"ow-icon-placement-left\" target=\"_blank\" rel=\"noopener noreferrer\" \t\t>\n\t\t<span>\n\t\t\t<span class=\"sow-icon-fontawesome sow-far\" data-sow-icon=\"&#xf274;\"\n\t\tstyle=\"color: #ffffff\" \n\t\taria-hidden=\"true\"><\/span>\n\t\t\tVeja o Calend\u00e1rio do Processo Seletivo\t\t<\/span>\n\t<\/a>\n<\/div>\n<\/div><\/div><div id=\"panel-3312-1-1-1\" class=\"so-panel widget widget_sow-button\" data-index=\"4\" ><div\n\t\t\t\n\t\t\tclass=\"so-widget-sow-button so-widget-sow-button-atom-89e6162d6feb-3312\"\n\t\t\t\n\t\t><div class=\"ow-button-base ow-button-align-center\">\n\t<a href=\"https:\/\/www2.uepg.br\/ppge\/edital-de-selecao-doutorado-e-mestrado-2022-ppge-uepg\/\" class=\"ow-icon-placement-left\" target=\"_blank\" rel=\"noopener noreferrer\" \t\t>\n\t\t<span>\n\t\t\t\n\t\t\tCandidatos aprovados e suplentes: confirmar as pr\u00f3ximas etapas\t\t<\/span>\n\t<\/a>\n<\/div>\n<\/div><\/div><div id=\"panel-3312-1-1-2\" class=\"so-panel widget widget_sow-button\" data-index=\"5\" ><div\n\t\t\t\n\t\t\tclass=\"so-widget-sow-button so-widget-sow-button-atom-89e6162d6feb-3312\"\n\t\t\t\n\t\t><div class=\"ow-button-base ow-button-align-center\">\n\t<a href=\"\" class=\"ow-icon-placement-left\" target=\"_blank\" rel=\"noopener noreferrer\" \t\t>\n\t\t<span>\n\t\t\t\n\t\t\tPublicadas as listas de classificados e a primeira chamada para matr\u00edculas\t\t<\/span>\n\t<\/a>\n<\/div>\n<\/div><\/div><div id=\"panel-3312-1-1-3\" class=\"so-panel widget widget_sow-button panel-last-child\" data-index=\"6\" ><div\n\t\t\t\n\t\t\tclass=\"so-widget-sow-button so-widget-sow-button-atom-89e6162d6feb-3312\"\n\t\t\t\n\t\t><div class=\"ow-button-base ow-button-align-center\">\n\t<a href=\"\" class=\"ow-icon-placement-left\" target=\"_blank\" rel=\"noopener noreferrer\" \t\t>\n\t\t<span>\n\t\t\t\n\t\t\tPublicadas as listas de classificados da segunda etapa\t\t<\/span>\n\t<\/a>\n<\/div>\n<\/div><\/div><\/div><\/div><\/div>","protected":false},"excerpt":{"rendered":"<p>Para os candidatos que se autodeclarem pessoa com defici\u00eancia, essa condi\u00e7\u00e3o poder\u00e1 ser confirmada por meio de atestado m\u00e9dico emitido nos \u00faltimos 12 (doze) meses, assinado por m\u00e9dico especialista na \u00e1rea da defici\u00eancia alegada pelo candidato, contendo o grau ou n\u00edvel de defici\u00eancia, o c\u00f3digo correspondente \u00e0 Classifica\u00e7\u00e3o Internacional de Doen\u00e7a \u2013 CID e um&nbsp;&hellip;<\/p>\n","protected":false},"author":378,"featured_media":0,"parent":0,"menu_order":0,"comment_status":"closed","ping_status":"closed","template":"","meta":[],"_links":{"self":[{"href":"https:\/\/www2.uepg.br\/ppge\/wp-json\/wp\/v2\/pages\/3312"}],"collection":[{"href":"https:\/\/www2.uepg.br\/ppge\/wp-json\/wp\/v2\/pages"}],"about":[{"href":"https:\/\/www2.uepg.br\/ppge\/wp-json\/wp\/v2\/types\/page"}],"author":[{"embeddable":true,"href":"https:\/\/www2.uepg.br\/ppge\/wp-json\/wp\/v2\/users\/378"}],"replies":[{"embeddable":true,"href":"https:\/\/www2.uepg.br\/ppge\/wp-json\/wp\/v2\/comments?post=3312"}],"version-history":[{"count":2,"href":"https:\/\/www2.uepg.br\/ppge\/wp-json\/wp\/v2\/pages\/3312\/revisions"}],"predecessor-version":[{"id":3316,"href":"https:\/\/www2.uepg.br\/ppge\/wp-json\/wp\/v2\/pages\/3312\/revisions\/3316"}],"wp:attachment":[{"href":"https:\/\/www2.uepg.br\/ppge\/wp-json\/wp\/v2\/media?parent=3312"}],"curies":[{"name":"wp","href":"https:\/\/api.w.org\/{rel}","templated":true}]}}