{"id":3554,"date":"2025-07-22T13:51:02","date_gmt":"2025-07-22T16:51:02","guid":{"rendered":"https:\/\/www2.uepg.br\/ppge\/?page_id=3554"},"modified":"2025-07-22T13:51:03","modified_gmt":"2025-07-22T16:51:03","slug":"verification-raciale-et-ethnique","status":"publish","type":"page","link":"https:\/\/www2.uepg.br\/ppge\/fr\/verification-raciale-et-ethnique\/","title":{"rendered":"V\u00c9RIFICATION RACIALE ET ETHNIQUE"},"content":{"rendered":"<div id=\"pl-3554\"  class=\"panel-layout\" ><div id=\"pg-3554-0\"  class=\"panel-grid panel-has-style\" ><div class=\"siteorigin-panels-stretch panel-row-style panel-row-style-for-3554-0\" data-stretch-type=\"full-stretched\" ><div id=\"pgc-3554-0-0\"  class=\"panel-grid-cell\" ><div id=\"panel-3554-0-0-0\" class=\"so-panel widget widget_media_image panel-first-child panel-last-child\" data-index=\"0\" ><img width=\"1510\" height=\"516\" src=\"https:\/\/www2.uepg.br\/ppge\/wp-content\/uploads\/sites\/28\/2021\/09\/banner-politicas-de-acoes-afirmativas4.png\" class=\"image wp-image-1604  attachment-full size-full\" alt=\"Verifica\u00e7\u00e3o \u00e9tinico-racial\" loading=\"lazy\" style=\"max-width: 100%; height: auto;\" srcset=\"https:\/\/www2.uepg.br\/ppge\/wp-content\/uploads\/sites\/28\/2021\/09\/banner-politicas-de-acoes-afirmativas4.png 1510w, https:\/\/www2.uepg.br\/ppge\/wp-content\/uploads\/sites\/28\/2021\/09\/banner-politicas-de-acoes-afirmativas4-300x103.png 300w, https:\/\/www2.uepg.br\/ppge\/wp-content\/uploads\/sites\/28\/2021\/09\/banner-politicas-de-acoes-afirmativas4-1024x350.png 1024w, https:\/\/www2.uepg.br\/ppge\/wp-content\/uploads\/sites\/28\/2021\/09\/banner-politicas-de-acoes-afirmativas4-768x262.png 768w, https:\/\/www2.uepg.br\/ppge\/wp-content\/uploads\/sites\/28\/2021\/09\/banner-politicas-de-acoes-afirmativas4-1232x421.png 1232w\" sizes=\"(max-width: 1510px) 100vw, 1510px\" \/><\/div><\/div><\/div><\/div><div id=\"pg-3554-1\"  class=\"panel-grid panel-no-style\" ><div id=\"pgc-3554-1-0\"  class=\"panel-grid-cell\" ><div id=\"panel-3554-1-0-0\" class=\"so-panel widget widget_sow-headline panel-first-child panel-last-child\" data-index=\"1\" ><div\n\t\t\t\n\t\t\tclass=\"so-widget-sow-headline so-widget-sow-headline-default-5fbac960ed64-3554\"\n\t\t\t\n\t\t><div class=\"sow-headline-container \">\n\t<h3 class='sow-headline'>Heteroidentifica\u00e7\u00e3o \u00e9 um m\u00e9todo de identifica\u00e7\u00e3o \u00e9tnico-racial de um indiv\u00edduo a partir da percep\u00e7\u00e3o social de outra pessoa (assista a este v\u00eddeo para saber mais).<\/h3>\t\t\t\t\t<div class=\"decoration\">\n\t\t\t\t\t\t<div class=\"decoration-inside\"><\/div>\n\t\t\t\t\t<\/div>\n\t\t\t\t\t<\/div><\/div><\/div><\/div><div id=\"pgc-3554-1-1\"  class=\"panel-grid-cell\" ><div id=\"panel-3554-1-1-0\" class=\"so-panel widget widget_sow-button panel-first-child panel-last-child\" data-index=\"2\" ><div\n\t\t\t\n\t\t\tclass=\"so-widget-sow-button so-widget-sow-button-atom-fc82fa7f101d-3554\"\n\t\t\t\n\t\t><div class=\"ow-button-base ow-button-align-center\">\n\t<a href=\"\" class=\"ow-icon-placement-left\" target=\"_blank\" rel=\"noopener noreferrer\" \t\t>\n\t\t<span>\n\t\t\t<span class=\"sow-icon-fontawesome sow-far\" data-sow-icon=\"&#xf274;\"\n\t\tstyle=\"color: #ffffff\" \n\t\taria-hidden=\"true\"><\/span>\n\t\t\tVeja o Calend\u00e1rio do Processo Seletivo\t\t<\/span>\n\t<\/a>\n<\/div>\n<\/div><\/div><\/div><\/div><div id=\"pg-3554-2\"  class=\"panel-grid panel-no-style\" ><div id=\"pgc-3554-2-0\"  class=\"panel-grid-cell\" ><div id=\"panel-3554-2-0-0\" class=\"so-panel widget widget_text panel-first-child panel-last-child\" data-index=\"3\" >\t\t\t<div class=\"textwidget\"><p class=\"font_9\">No Processo Seletivo 2021 da UEPG, os candidatos que se autodeclararem negros (pretos ou pardos) no ato da inscri\u00e7\u00e3o dever\u00e3o ter, no processo seletivo, a sua autodeclara\u00e7\u00e3o verificada por um grupo de pessoas que comp\u00f5em a \u201ccomiss\u00e3o de heteroidentifica\u00e7\u00e3o do PPGE\u201d. Essa verifica\u00e7\u00e3o vai ocorrer via webconfer\u00eancia, por um link que ser\u00e1 enviado para o e-mail informado pelo candidato no ato da inscri\u00e7\u00e3o.<\/p>\n<p class=\"font_9\">O candidato dever\u00e1 preencher o formul\u00e1rio eletr\u00f4nico com a autodeclara\u00e7\u00e3o e a autoriza\u00e7\u00e3o de imagem, al\u00e9m de enviar a c\u00f3pia de um documento oficial com foto.<\/p>\n<p class=\"font_9\">O candidato dever\u00e1 acessar a sala virtual com 10 (dez) minutos de anteced\u00eancia. Ser\u00e1 solicitado para ele o documento de identifica\u00e7\u00e3o atualizado com foto.<\/p>\n<p class=\"font_9\">De acordo com a\u00a0<a href=\"http:\/\/www2.uepg.br\/ppge\/wp-content\/uploads\/sites\/28\/2021\/09\/Portaria-Normativa-No4-2018-Regulamentacao.pdf\">Portaria n\u00ba 04\/2018<\/a> do Minist\u00e9rio do Planejamento, Desenvolvimento e Gest\u00e3o (MPOG) e a Instru\u00e7\u00e3o na <a href=\"http:\/\/www2.uepg.br\/ppge\/wp-content\/uploads\/sites\/28\/2021\/09\/RESOLUCAO-UNIV-No-2021_10-INSTRUCOES-ESPECIFICAS-PARA-OS-CANDIDATOS-AS-VAGAS-DO-SISTEMA-DE-COTAS-DO-PROGRAMA-DE-POS-PPGE.pdf\">RESOLU\u00c7\u00c3O UNIV &#8211; N\u00ba 2021_10<\/a>, a comiss\u00e3o de heteroidentifica\u00e7\u00e3o utilizar\u00e1, exclusivamente, o crit\u00e9rio fen\u00f3tipo para conferir a condi\u00e7\u00e3o declarada pelo(a) candidato(a).<\/p>\n<p class=\"font_9\">Vale lembrar que mesmo que a Comiss\u00e3o de Heteroidentifica\u00e7\u00e3o concorde com a autodeclara\u00e7\u00e3o racial, isso n\u00e3o ser\u00e1 uma garantia de matr\u00edcula para os candidatos, que devem seguir os demais procedimentos constantes nos editais para efetivar a sua matr\u00edcula.<\/p>\n<h4 class=\"font_9\"><strong>PROCESSO SELETIVO<\/strong><\/h4>\n<p class=\"font_9\">As unidades da UEPG est\u00e3o em trabalho remoto devido \u00e0 pandemia de Covid-19. Ou seja, n\u00e3o h\u00e1 atendimento presencial nos campi. D\u00favidas podem ser esclarecidas pelos contatos abaixo. Mas lembre-se de antes conferir se a sua pergunta n\u00e3o est\u00e1 respondida na se\u00e7\u00e3o\u00a0<span class=\"color_34\">Voc\u00ea tem alguma d\u00favida?<\/span><span class=\"color_33\">, na capa do site.<\/span><\/p>\n<p class=\"font_9\">Para quest\u00f5es espec\u00edficas sobre determinado curso ou campus, prefira o contato pelo e-mail do campus. Para d\u00favidas gerais, use o contato\u00a0<a href=\"https:\/\/www2.uepg.br\/ppge\/editais\/\">https:\/\/www2.uepg.br\/ppge\/editais\/<\/a><\/p>\n<p>&nbsp;<\/p>\n<p class=\"font_9\"><strong>Campus Uvaranas<\/strong><\/p>\n<p class=\"font_9\"><span class=\"color_33\">Av. Gen. Carlos Cavalcanti, 4748 \u2013 Campus de Uvaranas \u2013 CIPP \u2013 Sala LP 107 84030-000 \u2013 Ponta Grossa-PR<br \/>\n<\/span>E-mail:\u00a0<a href=\"mailto:ppge@uepg.br\">ppge@uepg.br<\/a><\/p>\n<\/div>\n\t\t<\/div><\/div><\/div><\/div>","protected":false},"excerpt":{"rendered":"<p>Heteroidentifica\u00e7\u00e3o \u00e9 um m\u00e9todo de identifica\u00e7\u00e3o \u00e9tnico-racial de um indiv\u00edduo a partir da percep\u00e7\u00e3o social de outra pessoa (assista a este v\u00eddeo para saber mais). Veja o Calend\u00e1rio do Processo Seletivo No Processo Seletivo 2021 da UEPG, os candidatos que se autodeclararem negros (pretos ou pardos) no ato da inscri\u00e7\u00e3o dever\u00e3o ter, no processo seletivo,&nbsp;&hellip;<\/p>\n","protected":false},"author":378,"featured_media":0,"parent":0,"menu_order":0,"comment_status":"closed","ping_status":"closed","template":"","meta":[],"_links":{"self":[{"href":"https:\/\/www2.uepg.br\/ppge\/wp-json\/wp\/v2\/pages\/3554"}],"collection":[{"href":"https:\/\/www2.uepg.br\/ppge\/wp-json\/wp\/v2\/pages"}],"about":[{"href":"https:\/\/www2.uepg.br\/ppge\/wp-json\/wp\/v2\/types\/page"}],"author":[{"embeddable":true,"href":"https:\/\/www2.uepg.br\/ppge\/wp-json\/wp\/v2\/users\/378"}],"replies":[{"embeddable":true,"href":"https:\/\/www2.uepg.br\/ppge\/wp-json\/wp\/v2\/comments?post=3554"}],"version-history":[{"count":2,"href":"https:\/\/www2.uepg.br\/ppge\/wp-json\/wp\/v2\/pages\/3554\/revisions"}],"predecessor-version":[{"id":3562,"href":"https:\/\/www2.uepg.br\/ppge\/wp-json\/wp\/v2\/pages\/3554\/revisions\/3562"}],"wp:attachment":[{"href":"https:\/\/www2.uepg.br\/ppge\/wp-json\/wp\/v2\/media?parent=3554"}],"curies":[{"name":"wp","href":"https:\/\/api.w.org\/{rel}","templated":true}]}}