{"id":906,"date":"2021-02-01T21:32:28","date_gmt":"2021-02-02T00:32:28","guid":{"rendered":"http:\/\/www2.uepg.br\/ppge\/?page_id=906"},"modified":"2021-02-01T21:32:28","modified_gmt":"2021-02-02T00:32:28","slug":"selecao-de-alunosas-especiais-em-disciplinas-isoladas-para-o-primeiro-semestre-de-2021","status":"publish","type":"page","link":"https:\/\/www2.uepg.br\/ppge\/selecao-de-alunosas-especiais-em-disciplinas-isoladas-para-o-primeiro-semestre-de-2021\/","title":{"rendered":"Sele\u00e7\u00e3o de Alunos(as) Especiais em Disciplinas Isoladas para o primeiro semestre de 2021"},"content":{"rendered":"<p>O PPGE abre inscri\u00e7\u00f5es para candidatos(as) que desejam cursar Disciplinas Isoladas e que n\u00e3o s\u00e3o regularmente matriculados(as) no Programa.<br \/>\nPara maiores informa\u00e7\u00f5es consultar o link Editais, no site do PPGE.<\/p>\n","protected":false},"excerpt":{"rendered":"<p>O PPGE abre inscri\u00e7\u00f5es para candidatos(as) que desejam cursar Disciplinas Isoladas e que n\u00e3o s\u00e3o regularmente matriculados(as) no Programa. Para maiores informa\u00e7\u00f5es consultar o link Editais, no site do PPGE.<\/p>\n","protected":false},"author":58,"featured_media":0,"parent":0,"menu_order":0,"comment_status":"closed","ping_status":"closed","template":"","meta":[],"_links":{"self":[{"href":"https:\/\/www2.uepg.br\/ppge\/wp-json\/wp\/v2\/pages\/906"}],"collection":[{"href":"https:\/\/www2.uepg.br\/ppge\/wp-json\/wp\/v2\/pages"}],"about":[{"href":"https:\/\/www2.uepg.br\/ppge\/wp-json\/wp\/v2\/types\/page"}],"author":[{"embeddable":true,"href":"https:\/\/www2.uepg.br\/ppge\/wp-json\/wp\/v2\/users\/58"}],"replies":[{"embeddable":true,"href":"https:\/\/www2.uepg.br\/ppge\/wp-json\/wp\/v2\/comments?post=906"}],"version-history":[{"count":2,"href":"https:\/\/www2.uepg.br\/ppge\/wp-json\/wp\/v2\/pages\/906\/revisions"}],"predecessor-version":[{"id":1278,"href":"https:\/\/www2.uepg.br\/ppge\/wp-json\/wp\/v2\/pages\/906\/revisions\/1278"}],"wp:attachment":[{"href":"https:\/\/www2.uepg.br\/ppge\/wp-json\/wp\/v2\/media?parent=906"}],"curies":[{"name":"wp","href":"https:\/\/api.w.org\/{rel}","templated":true}]}}