{"id":956,"date":"2021-02-15T15:13:49","date_gmt":"2021-02-15T18:13:49","guid":{"rendered":"http:\/\/www2.uepg.br\/ppge\/?page_id=956"},"modified":"2023-03-04T11:37:15","modified_gmt":"2023-03-04T14:37:15","slug":"comissao-e-representacoes","status":"publish","type":"page","link":"https:\/\/www2.uepg.br\/ppge\/comissao-e-representacoes\/","title":{"rendered":"COMISS\u00d5ES E REPRESENTA\u00c7\u00d5ES"},"content":{"rendered":"<p>&nbsp;<\/p>\n<p style=\"text-align: center\"><a href=\"http:\/\/www2.uepg.br\/ppge\/wp-content\/uploads\/sites\/28\/2023\/03\/portaria-internacionalizacao.pdf\">Comiss\u00e3o Internacionaliza\u00e7\u00e3o -2022\/2024<\/a><\/p>\n<p style=\"text-align: center\"><a href=\"https:\/\/www2.uepg.br\/ppge\/comissao-e-representacoes\/portaria-representantes-discentes-2021-2022\/\" rel=\"attachment wp-att-1112\">Equipe Editorial Revista Pr\u00e1xis Educativa 2021-2024<\/a><\/p>\n<p style=\"text-align: center\"><a href=\"https:\/\/www2.uepg.br\/ppge\/comissao-e-representacoes\/portaria-representantes-discentes-2021-2022\/\" rel=\"attachment wp-att-1112\">Representantes Discentes 2021-2022<\/a><\/p>\n<p style=\"text-align: center\"><a href=\"https:\/\/www2.uepg.br\/ppge\/comissao-e-representacoes\/portaria-representantes-docentes-2021-2023\/\" rel=\"attachment wp-att-1103\">Representantes Docentes 2021-2023<\/a><\/p>\n<p style=\"text-align: center\"><a href=\"http:\/\/www2.uepg.br\/ppge\/wp-content\/uploads\/sites\/28\/2021\/02\/Representantes-discentes.pdf\">Representantes Discentes 2019-2020<\/a><\/p>\n<p style=\"text-align: center\"><a href=\"http:\/\/www2.uepg.br\/ppge\/wp-content\/uploads\/sites\/28\/2021\/02\/Portaria-comissa\u0303o-internacionalizac\u0327a\u0303o.pdf\">Comissa\u0303o Internacionalizac\u0327a\u0303o<\/a><\/p>\n<p style=\"text-align: center\"><a href=\"http:\/\/www2.uepg.br\/ppge\/wp-content\/uploads\/sites\/28\/2021\/02\/Comissa\u0303o-de-Autoavaliac\u0327a\u0303o.pdf\">Comissa\u0303o de Autoavaliac\u0327a\u0303o<\/a><\/p>\n<p style=\"text-align: center\"><a href=\"https:\/\/www2.uepg.br\/ppge\/comissao-e-representacoes\/portaria-marilucia-comissa%cc%83o-de-inclusa%cc%83o\/\" rel=\"attachment wp-att-1136\">Nova integrante da Comiss\u00e3o de Pol\u00edticas de Inclus\u00e3o &#8211; Professora Maril\u00facia Ant\u00f4nia de Resende Peroza<\/a><\/p>\n<p style=\"text-align: center\"><a href=\"https:\/\/www2.uepg.br\/ppge\/comissao-e-representacoes\/portaria-comissa%cc%83o-de-inclusa%cc%83o\/\" rel=\"attachment wp-att-1065\">Comiss\u00e3o de Pol\u00edticas de Inclus\u00e3o\u00a0<\/a><\/p>\n<p style=\"text-align: center\"><a href=\"https:\/\/www2.uepg.br\/ppge\/comissao-e-representacoes\/portaria_setorial_no_04_editoria_revista_praxis_educativa\/\" rel=\"attachment wp-att-1069\">Equipe Editorial Revista Pr\u00e1xis Educativa<\/a><\/p>\n","protected":false},"excerpt":{"rendered":"<p>&nbsp; Comiss\u00e3o Internacionaliza\u00e7\u00e3o -2022\/2024 Equipe Editorial Revista Pr\u00e1xis Educativa 2021-2024 Representantes Discentes 2021-2022 Representantes Docentes 2021-2023 Representantes Discentes 2019-2020 Comissa\u0303o Internacionalizac\u0327a\u0303o Comissa\u0303o de Autoavaliac\u0327a\u0303o Nova integrante da Comiss\u00e3o de Pol\u00edticas de Inclus\u00e3o &#8211; Professora Maril\u00facia Ant\u00f4nia de Resende Peroza Comiss\u00e3o de Pol\u00edticas de Inclus\u00e3o\u00a0 Equipe Editorial Revista Pr\u00e1xis Educativa<\/p>\n","protected":false},"author":204,"featured_media":0,"parent":0,"menu_order":0,"comment_status":"closed","ping_status":"closed","template":"","meta":[],"_links":{"self":[{"href":"https:\/\/www2.uepg.br\/ppge\/wp-json\/wp\/v2\/pages\/956"}],"collection":[{"href":"https:\/\/www2.uepg.br\/ppge\/wp-json\/wp\/v2\/pages"}],"about":[{"href":"https:\/\/www2.uepg.br\/ppge\/wp-json\/wp\/v2\/types\/page"}],"author":[{"embeddable":true,"href":"https:\/\/www2.uepg.br\/ppge\/wp-json\/wp\/v2\/users\/204"}],"replies":[{"embeddable":true,"href":"https:\/\/www2.uepg.br\/ppge\/wp-json\/wp\/v2\/comments?post=956"}],"version-history":[{"count":15,"href":"https:\/\/www2.uepg.br\/ppge\/wp-json\/wp\/v2\/pages\/956\/revisions"}],"predecessor-version":[{"id":2330,"href":"https:\/\/www2.uepg.br\/ppge\/wp-json\/wp\/v2\/pages\/956\/revisions\/2330"}],"wp:attachment":[{"href":"https:\/\/www2.uepg.br\/ppge\/wp-json\/wp\/v2\/media?parent=956"}],"curies":[{"name":"wp","href":"https:\/\/api.w.org\/{rel}","templated":true}]}}