{"id":1419,"date":"2025-03-28T09:06:34","date_gmt":"2025-03-28T12:06:34","guid":{"rendered":"https:\/\/www2.uepg.br\/ppgecem\/?page_id=1419"},"modified":"2025-12-11T16:23:19","modified_gmt":"2025-12-11T19:23:19","slug":"autoavaliacao-e-planejamento-estrategico","status":"publish","type":"page","link":"https:\/\/www2.uepg.br\/ppgecem\/autoavaliacao-e-planejamento-estrategico\/","title":{"rendered":"Autoavalia\u00e7\u00e3o e Planejamento Estrat\u00e9gico"},"content":{"rendered":"<p><a href=\"http:\/\/www2.uepg.br\/ppgecem\/wp-content\/uploads\/sites\/155\/2025\/08\/Relatorios_Autoavaliacao_PPGECEM_Egressos_2024_assinatura_assinado.pdf\">Relatorios Autoavalia\u00e7\u00e3o PPGECEM Egressos 2024<\/a><\/p>\n<p><a href=\"http:\/\/www2.uepg.br\/ppgecem\/wp-content\/uploads\/sites\/155\/2025\/08\/Relatorio_autoavaliacao_docentes_assinado_assinado.pdf\">Relatorio Autoavalia\u00e7\u00e3o Docentes<\/a><\/p>\n<p><a href=\"http:\/\/www2.uepg.br\/ppgecem\/wp-content\/uploads\/sites\/155\/2025\/08\/Relatorio_autoavaliacaodiscente_2024_PPGECEM.pdf\">Relatorio Autoavalia\u00e7\u00e3o Discentes 2024 PPGECEM<\/a> <\/p>\n<p><a href=\"http:\/\/www2.uepg.br\/ppgecem\/wp-content\/uploads\/sites\/155\/2025\/03\/PLANO-ESTRATEGICO-PPGECEM-2021-2024.pdf\">PLANO ESTRAT\u00c9GICO &#8211; PPGECEM 2021-2024<\/a><\/p>\n<p><a href=\"http:\/\/www2.uepg.br\/ppgecem\/wp-content\/uploads\/sites\/155\/2025\/03\/Politica-de-AutoAvaliacao-PPGECEM-2021-2024.pdf\">Politica de Autoavalia\u00e7\u00e3o PPGECEM 2021-2024<\/a><\/p>\n","protected":false},"excerpt":{"rendered":"<p>Relatorios Autoavalia\u00e7\u00e3o PPGECEM Egressos 2024 Relatorio Autoavalia\u00e7\u00e3o Docentes Relatorio Autoavalia\u00e7\u00e3o Discentes 2024 PPGECEM PLANO ESTRAT\u00c9GICO &#8211; PPGECEM 2021-2024 Politica de Autoavalia\u00e7\u00e3o PPGECEM 2021-2024<\/p>\n","protected":false},"author":378,"featured_media":0,"parent":0,"menu_order":5,"comment_status":"closed","ping_status":"closed","template":"","meta":[],"_links":{"self":[{"href":"https:\/\/www2.uepg.br\/ppgecem\/wp-json\/wp\/v2\/pages\/1419"}],"collection":[{"href":"https:\/\/www2.uepg.br\/ppgecem\/wp-json\/wp\/v2\/pages"}],"about":[{"href":"https:\/\/www2.uepg.br\/ppgecem\/wp-json\/wp\/v2\/types\/page"}],"author":[{"embeddable":true,"href":"https:\/\/www2.uepg.br\/ppgecem\/wp-json\/wp\/v2\/users\/378"}],"replies":[{"embeddable":true,"href":"https:\/\/www2.uepg.br\/ppgecem\/wp-json\/wp\/v2\/comments?post=1419"}],"version-history":[{"count":13,"href":"https:\/\/www2.uepg.br\/ppgecem\/wp-json\/wp\/v2\/pages\/1419\/revisions"}],"predecessor-version":[{"id":1561,"href":"https:\/\/www2.uepg.br\/ppgecem\/wp-json\/wp\/v2\/pages\/1419\/revisions\/1561"}],"wp:attachment":[{"href":"https:\/\/www2.uepg.br\/ppgecem\/wp-json\/wp\/v2\/media?parent=1419"}],"curies":[{"name":"wp","href":"https:\/\/api.w.org\/{rel}","templated":true}]}}