{"id":149,"date":"2022-06-30T00:00:00","date_gmt":"2022-06-30T03:00:00","guid":{"rendered":"http:\/\/www2.uepg.br\/ppgecem\/?page_id=149"},"modified":"2024-05-23T09:42:38","modified_gmt":"2024-05-23T12:42:38","slug":"publicacoes","status":"publish","type":"page","link":"https:\/\/www2.uepg.br\/ppgecem\/publicacoes\/","title":{"rendered":"Publica\u00e7\u00f5es"},"content":{"rendered":"<div id=\"pl-149\"  class=\"panel-layout\" ><div id=\"pg-149-0\"  class=\"panel-grid panel-no-style\" ><div id=\"pgc-149-0-0\"  class=\"panel-grid-cell\" ><div id=\"panel-149-0-0-0\" class=\"so-panel widget widget_sow-editor panel-first-child\" data-index=\"0\" ><div\n\t\t\t\n\t\t\tclass=\"so-widget-sow-editor so-widget-sow-editor-base\"\n\t\t\t\n\t\t><h3 class=\"widget-title\">COLE\u00c7\u00c3O ARTE&amp;CI\u00caNCIA<\/h3>\n<div class=\"siteorigin-widget-tinymce textwidget\">\n\t<p style=\"text-align: center\"><strong>COLE\u00c7\u00c3O ARTE&amp;CI\u00caNCIA<\/strong><\/p>\n<p><img loading=\"lazy\" class=\"size-full wp-image-1224 aligncenter\" src=\"http:\/\/www2.uepg.br\/ppgecem\/wp-content\/uploads\/sites\/155\/2024\/05\/imagem_2024-05-16_141508804.png\" alt=\"\" width=\"227\" height=\"284\" \/><\/p>\n<p style=\"text-align: center\"><a href=\"https:\/\/www.textoecontextoeditora.com.br\/departamento\/colecao-arte-e-ciencia\"><strong>CLIQUE AQUI PARA ACESSAR A COLE\u00c7\u00c3O ARTE&amp;CI\u00caNCIA<\/strong><\/a><\/p>\n<p>&nbsp;<\/p>\n<p>-------------------------------------------------------------------------------------------------------------------------------------------------------------------------------------------------------------------------------------------------<\/p>\n<p>&nbsp;<\/p>\n<p style=\"text-align: center\"><strong>LIVRO I - UMA JONADA NA PESQUISA INTERDISCIPLINAR A PARTIR DA RELA\u00c7\u00c3O ENTRE ARTE E CI\u00caNCIA<\/strong><\/p>\n<p><img loading=\"lazy\" class=\"size-full wp-image-1226 aligncenter\" src=\"http:\/\/www2.uepg.br\/ppgecem\/wp-content\/uploads\/sites\/155\/2024\/05\/imagem_2024-05-16_142210138.png\" alt=\"\" width=\"189\" height=\"252\" \/><\/p>\n<p style=\"text-align: center\"><a href=\"https:\/\/www.textoecontextoeditora.com.br\/produto\/detalhe\/uma-jornada-na-pesquisa-interdisciplinar-a-partir-da-relaCAo\/92\">CLIQUE AQUI PARA REALIZAR O DOWNLOAD<\/a><\/p>\n<p>&nbsp;<\/p>\n<p>-------------------------------------------------------------------------------------------------------------------------------------------------------------------------------------------------------------------------------------------------<\/p>\n<p>&nbsp;<\/p>\n<p style=\"text-align: center\"><strong>LIVRO II - MORTE NO ESPA\u00c7O: ANATOMIA E \u00cdCONES DOS DESASTRES DOS \u00d4NIBUS ESPACIAS CHALLENGER E COLUMBIA<\/strong><\/p>\n<p><img loading=\"lazy\" class=\"size-full wp-image-1267 aligncenter\" src=\"http:\/\/www2.uepg.br\/ppgecem\/wp-content\/uploads\/sites\/155\/2024\/05\/imagem_2024-05-17_094350395.png\" alt=\"\" width=\"189\" height=\"252\" \/><\/p>\n<p style=\"text-align: center\"><a href=\"https:\/\/www.textoecontextoeditora.com.br\/produto\/detalhe\/morte-no-espacoanatomia-e-icones-dos-desastres-dos-onibus\/99\"><strong>CLIQUE AQUI PARA REALIZAR O DOWNLOAD<\/strong><\/a><\/p>\n<p>-------------------------------------------------------------------------------------------------------------------------------------------------------------------------------------------------------------------------------------------------<\/p>\n<p style=\"text-align: center\">\n<\/div>\n<\/div><\/div><div id=\"panel-149-0-0-1\" class=\"so-panel widget widget_sow-editor\" data-index=\"1\" ><div\n\t\t\t\n\t\t\tclass=\"so-widget-sow-editor so-widget-sow-editor-base\"\n\t\t\t\n\t\t><h3 class=\"widget-title\">COLE\u00c7\u00c3O LEITURA DE IMAGEM<\/h3>\n<div class=\"siteorigin-widget-tinymce textwidget\">\n\t<p>&nbsp;<\/p>\n<p style=\"text-align: center\"><strong>COLE\u00c7\u00c3O LEITURA DE IMAGEM<\/strong><\/p>\n<p><img loading=\"lazy\" class=\"size-full wp-image-1224 aligncenter\" src=\"http:\/\/www2.uepg.br\/ppgecem\/wp-content\/uploads\/sites\/155\/2024\/05\/imagem_2024-05-16_141508804.png\" alt=\"\" width=\"227\" height=\"284\" \/><\/p>\n<p style=\"text-align: center\"><a href=\"http:\/\/- https:\/\/www.textoecontextoeditora.com.br\/departamento\/\"><strong>CLIQUE AQUI PARA ACESSAR A COLE\u00c7\u00c3O LEITURA DE IMAGEM<\/strong><\/a><\/p>\n<p>&nbsp;<\/p>\n<p>-------------------------------------------------------------------------------------------------------------------------------------------------------------------------------------------------------------------------------------------------<\/p>\n<p>&nbsp;<\/p>\n<p style=\"text-align: center\"><strong>LIVRO I - LEITURA DE IMAGENS F\u00cdLMICAS COM ENFOQUE NA CI\u00caNCIA, TECNOLOGIA E SOCIEDADE PARA O ENSINO DE CI\u00caNCIAS: UM OLHAR PARA AS EPIDEMIAS NA FIC\u00c7\u00c3O CIENT\u00cdFICA\u00a0<\/strong><\/p>\n<p style=\"text-align: center\"><img loading=\"lazy\" class=\"alignnone size-full wp-image-1274\" src=\"http:\/\/www2.uepg.br\/ppgecem\/wp-content\/uploads\/sites\/155\/2024\/05\/imagem_2024-05-17_100322009.png\" alt=\"\" width=\"189\" height=\"252\" \/><\/p>\n<p style=\"text-align: center\"><a href=\"https:\/\/www.textoecontextoeditora.com.br\/produto\/detalhe\/leitura-de-imagensfIlmicas-com-enfoque-na-ciEncia-tecnologia\/91\"><strong>CLIQUE AQUI PARA REALIZAR O DOWNLOAD<\/strong><\/a><\/p>\n<hr \/>\n<p>&nbsp;<\/p>\n<p style=\"text-align: center\"><strong>LIVRO II - LEITURA DE IMAGENS: POSSIBILIDADES DE AN\u00c1LISES DE IMAGENS FICAS A PARTIR DA LI2<\/strong><\/p>\n<p><img loading=\"lazy\" class=\"size-full wp-image-1275 aligncenter\" src=\"http:\/\/www2.uepg.br\/ppgecem\/wp-content\/uploads\/sites\/155\/2024\/05\/imagem_2024-05-17_100520333.png\" alt=\"\" width=\"189\" height=\"252\" \/><\/p>\n<p style=\"text-align: center\"><a href=\"https:\/\/www.textoecontextoeditora.com.br\/produto\/detalhe\/leitura-de-imagens-possibilidades-de-anAlises-de-imagens-fixas\/93\">CLIQUE AQUI PARA REALIZAR O DOWNLOAD<\/a><\/p>\n<p>-------------------------------------------------------------------------------------------------------------------------------------------------------------------------------------------------------------------------------------------------<\/p>\n<\/div>\n<\/div><\/div><div id=\"panel-149-0-0-2\" class=\"so-panel widget widget_sow-editor panel-last-child\" data-index=\"2\" ><div\n\t\t\t\n\t\t\tclass=\"so-widget-sow-editor so-widget-sow-editor-base\"\n\t\t\t\n\t\t><h3 class=\"widget-title\">OUTROS LIVROS PPGECEM<\/h3>\n<div class=\"siteorigin-widget-tinymce textwidget\">\n\t<p>&nbsp;<\/p>\n<p style=\"text-align: center\"><strong>OUTROS LIVROS DO PPGECEM<\/strong><\/p>\n<p>&nbsp;<\/p>\n<hr \/>\n<p>&nbsp;<\/p>\n<p><img loading=\"lazy\" class=\"size-full wp-image-1224 aligncenter\" src=\"http:\/\/www2.uepg.br\/ppgecem\/wp-content\/uploads\/sites\/155\/2024\/05\/imagem_2024-05-16_141508804.png\" alt=\"\" width=\"227\" height=\"284\" \/><\/p>\n<p style=\"text-align: center\"><a href=\"http:\/\/- https:\/\/www.textoecontextoeditora.com.br\/departamento\/\"><strong>CLIQUE AQUI PARA ACESSAR A COLE\u00c7\u00c3O LEITURA DE IMAGEM<\/strong><\/a><\/p>\n<p>&nbsp;<\/p>\n<p>-------------------------------------------------------------------------------------------------------------------------------------------------------------------------------------------------------------------------------------------------<\/p>\n<p>&nbsp;<\/p>\n<p style=\"text-align: center\"><strong>LIVRO I - CAMINHOS DO PPGECEM: INTERFACES ENTRE O PERCURSO DOS EGRESSOS E SUAS PESQUISAS<\/strong><\/p>\n<p><img loading=\"lazy\" class=\"size-full wp-image-1277 aligncenter\" src=\"http:\/\/www2.uepg.br\/ppgecem\/wp-content\/uploads\/sites\/155\/2024\/05\/imagem_2024-05-17_100831200.png\" alt=\"\" width=\"189\" height=\"252\" \/><\/p>\n<p style=\"text-align: center\"><strong><a href=\"https:\/\/www.textoecontextoeditora.com.br\/produto\/detalhe\/caminhos-doppgecem-interfaces-entre-o-percurso-dos-egressos\">CLIQUE AQUI PARA REALIZAR O DOWNLOAD<\/a><\/strong><\/p>\n<hr \/>\n<p>&nbsp;<\/p>\n<p style=\"text-align: center\"><strong>LIVRO II - QU\u00cdMICA VERDE: PROPOSTAS, EXPERI\u00caNCIAS DE ENSINO E REFLEX\u00c3O PARA A FORMA\u00c7\u00c3O DE PROFESSORES<\/strong><\/p>\n<p><img loading=\"lazy\" class=\"size-full wp-image-1278 aligncenter\" src=\"http:\/\/www2.uepg.br\/ppgecem\/wp-content\/uploads\/sites\/155\/2024\/05\/imagem_2024-05-17_101105427.png\" alt=\"\" width=\"189\" height=\"252\" \/><\/p>\n<p style=\"text-align: center\"><a href=\"https:\/\/www.textoecontextoeditora.com.br\/produto\/detalhe\/quimica-verde-propostas-experiencias-de-ensino-e-reflexoes\/94\"><strong>CLIQUE AQUI PARA REALIZAR O DOWNLOAD<\/strong><\/a><\/p>\n<p>-------------------------------------------------------------------------------------------------------------------------------------------------------------------------------------------------------------------------------------------------<\/p>\n<\/div>\n<\/div><\/div><\/div><\/div><\/div>","protected":false},"excerpt":{"rendered":"<p>COLE\u00c7\u00c3O ARTE&amp;CI\u00caNCIA CLIQUE AQUI PARA ACESSAR A COLE\u00c7\u00c3O ARTE&amp;CI\u00caNCIA &nbsp; &#8212;&#8212;&#8212;&#8212;&#8212;&#8212;&#8212;&#8212;&#8212;&#8212;&#8212;&#8212;&#8212;&#8212;&#8212;&#8212;&#8212;&#8212;&#8212;&#8212;&#8212;&#8212;&#8212;&#8212;&#8212;&#8212;&#8212;&#8212;&#8212;&#8212;&#8212;&#8212;&#8212;&#8212;&#8212;&#8212;&#8212;&#8212;&#8212;&#8212;&#8212;&#8212;&#8212;&#8212;&#8212;&#8212;&#8212;&#8212;&#8212;&#8212;&#8212;&#8212;&#8212;&#8212;&#8212;&#8212;&#8212;&#8212;&#8212;&#8212;&#8212;&#8212;&#8212;&#8212;&#8212;&#8212;&#8212;&#8212;&#8212;&#8212;&#8212;&#8212;&#8212;&#8212;&#8212;&#8212;&#8212;&#8212;&#8212;&#8212;- &nbsp; LIVRO I &#8211; UMA JONADA NA PESQUISA INTERDISCIPLINAR A PARTIR DA RELA\u00c7\u00c3O ENTRE ARTE E CI\u00caNCIA CLIQUE AQUI PARA REALIZAR O DOWNLOAD &nbsp; &#8212;&#8212;&#8212;&#8212;&#8212;&#8212;&#8212;&#8212;&#8212;&#8212;&#8212;&#8212;&#8212;&#8212;&#8212;&#8212;&#8212;&#8212;&#8212;&#8212;&#8212;&#8212;&#8212;&#8212;&#8212;&#8212;&#8212;&#8212;&#8212;&#8212;&#8212;&#8212;&#8212;&#8212;&#8212;&#8212;&#8212;&#8212;&#8212;&#8212;&#8212;&#8212;&#8212;&#8212;&#8212;&#8212;&#8212;&#8212;&#8212;&#8212;&#8212;&#8212;&#8212;&#8212;&#8212;&#8212;&#8212;&#8212;&#8212;&#8212;&#8212;&#8212;&#8212;&#8212;&#8212;&#8212;&#8212;&#8212;&#8212;&#8212;&#8212;&#8212;&#8212;&#8212;&#8212;&#8212;&#8212;&#8212;&#8212;&#8212;- &nbsp; LIVRO II &#8211; MORTE NO ESPA\u00c7O: ANATOMIA E \u00cdCONES DOS DESASTRES DOS \u00d4NIBUS ESPACIAS CHALLENGER E COLUMBIA CLIQUE&nbsp;&hellip;<\/p>\n","protected":false},"author":1,"featured_media":0,"parent":0,"menu_order":0,"comment_status":"closed","ping_status":"closed","template":"","meta":[],"_links":{"self":[{"href":"https:\/\/www2.uepg.br\/ppgecem\/wp-json\/wp\/v2\/pages\/149"}],"collection":[{"href":"https:\/\/www2.uepg.br\/ppgecem\/wp-json\/wp\/v2\/pages"}],"about":[{"href":"https:\/\/www2.uepg.br\/ppgecem\/wp-json\/wp\/v2\/types\/page"}],"author":[{"embeddable":true,"href":"https:\/\/www2.uepg.br\/ppgecem\/wp-json\/wp\/v2\/users\/1"}],"replies":[{"embeddable":true,"href":"https:\/\/www2.uepg.br\/ppgecem\/wp-json\/wp\/v2\/comments?post=149"}],"version-history":[{"count":33,"href":"https:\/\/www2.uepg.br\/ppgecem\/wp-json\/wp\/v2\/pages\/149\/revisions"}],"predecessor-version":[{"id":1287,"href":"https:\/\/www2.uepg.br\/ppgecem\/wp-json\/wp\/v2\/pages\/149\/revisions\/1287"}],"wp:attachment":[{"href":"https:\/\/www2.uepg.br\/ppgecem\/wp-json\/wp\/v2\/media?parent=149"}],"curies":[{"name":"wp","href":"https:\/\/api.w.org\/{rel}","templated":true}]}}