{"id":1333,"date":"2023-07-18T10:07:44","date_gmt":"2023-07-18T13:07:44","guid":{"rendered":"https:\/\/www2.uepg.br\/ppgeco\/?page_id=1333"},"modified":"2023-07-18T10:34:47","modified_gmt":"2023-07-18T13:34:47","slug":"autoavaliacao","status":"publish","type":"page","link":"https:\/\/www2.uepg.br\/ppgeco\/autoavaliacao\/","title":{"rendered":"Autoavalia\u00e7\u00e3o"},"content":{"rendered":"<div id=\"pl-1333\"  class=\"panel-layout\" ><div id=\"pg-1333-0\"  class=\"panel-grid panel-no-style\" ><div id=\"pgc-1333-0-0\"  class=\"panel-grid-cell\" ><div id=\"panel-1333-0-0-0\" class=\"so-panel widget widget_sow-accordion panel-first-child panel-last-child\" data-index=\"0\" ><div class=\"panel-widget-style panel-widget-style-for-1333-0-0-0\" ><div\n\t\t\t\n\t\t\tclass=\"so-widget-sow-accordion so-widget-sow-accordion-default-59027f82c8c9-1333\"\n\t\t\t\n\t\t><h3 class=\"widget-title\">Autoavalia\u00e7\u00e3o Institucional<\/h3><div>\n\t<div class=\"sow-accordion\">\n\t\t\t<div class=\"sow-accordion-panel\"\n\t\t\t data-anchor=\"2022\">\n\t\t\t\t<div class=\"sow-accordion-panel-header-container\" role=\"heading\" aria-level=\"2\">\n\t\t\t\t\t<div class=\"sow-accordion-panel-header\" tabindex=\"0\" role=\"button\" id=\"accordion-label-2022\" aria-controls=\"accordion-content-2022\" aria-expanded=\"false\">\n\t\t\t\t\t\t<div class=\"sow-accordion-title sow-accordion-title-icon-left\">\n\t\t\t\t\t\t\t\t\t\t\t\t\t\t2022\t\t\t\t\t\t\t\t\t\t\t\t\t<\/div>\n\t\t\t\t\t\t<div class=\"sow-accordion-open-close-button\">\n\t\t\t\t\t\t\t<div class=\"sow-accordion-open-button\">\n\t\t\t\t\t\t\t\t<span class=\"sow-icon-ionicons\" data-sow-icon=\"&#xf218;\"\n\t\t \n\t\taria-hidden=\"true\"><\/span>\t\t\t\t\t\t\t<\/div>\n\t\t\t\t\t\t\t<div class=\"sow-accordion-close-button\">\n\t\t\t\t\t\t\t\t<span class=\"sow-icon-ionicons\" data-sow-icon=\"&#xf209;\"\n\t\t \n\t\taria-hidden=\"true\"><\/span>\t\t\t\t\t\t\t<\/div>\n\t\t\t\t\t\t<\/div>\n\t\t\t\t\t<\/div>\n\t\t\t\t<\/div>\n\n\t\t\t<div\n\t\t\t\tclass=\"sow-accordion-panel-content\"\n\t\t\t\trole=\"region\"\n\t\t\t\taria-labelledby=\"accordion-label-2022\"\n\t\t\t\tid=\"accordion-content-2022\"\n\t\t\t\tstyle=\"display: none;\"\t\t\t>\n\t\t\t\t<div class=\"sow-accordion-panel-border\" tabindex=\"0\">\n\t\t\t\t\t<p><a href=\"http:\/\/www2.uepg.br\/ppgeco\/wp-content\/uploads\/sites\/130\/2023\/07\/RELATORIO-DA-AUTOAVALIACAO-INSTITUCIONAL-2022.pdf\">RELAT\u00d3RIO DA AUTOAVALIA\u00c7\u00c3O INSTITUCIONAL 2022<\/a><\/p>\n\t\t\t\t<\/div>\n\t\t\t<\/div>\n\t\t<\/div>\n\t\t<\/div>\n<\/div>\n<\/div><\/div><\/div><\/div><\/div><\/div>","protected":false},"excerpt":{"rendered":"<p>Autoavalia\u00e7\u00e3o Institucional 2022 RELAT\u00d3RIO DA AUTOAVALIA\u00c7\u00c3O INSTITUCIONAL 2022<\/p>\n","protected":false},"author":378,"featured_media":0,"parent":0,"menu_order":0,"comment_status":"closed","ping_status":"closed","template":"","meta":[],"_links":{"self":[{"href":"https:\/\/www2.uepg.br\/ppgeco\/wp-json\/wp\/v2\/pages\/1333"}],"collection":[{"href":"https:\/\/www2.uepg.br\/ppgeco\/wp-json\/wp\/v2\/pages"}],"about":[{"href":"https:\/\/www2.uepg.br\/ppgeco\/wp-json\/wp\/v2\/types\/page"}],"author":[{"embeddable":true,"href":"https:\/\/www2.uepg.br\/ppgeco\/wp-json\/wp\/v2\/users\/378"}],"replies":[{"embeddable":true,"href":"https:\/\/www2.uepg.br\/ppgeco\/wp-json\/wp\/v2\/comments?post=1333"}],"version-history":[{"count":7,"href":"https:\/\/www2.uepg.br\/ppgeco\/wp-json\/wp\/v2\/pages\/1333\/revisions"}],"predecessor-version":[{"id":1351,"href":"https:\/\/www2.uepg.br\/ppgeco\/wp-json\/wp\/v2\/pages\/1333\/revisions\/1351"}],"wp:attachment":[{"href":"https:\/\/www2.uepg.br\/ppgeco\/wp-json\/wp\/v2\/media?parent=1333"}],"curies":[{"name":"wp","href":"https:\/\/api.w.org\/{rel}","templated":true}]}}