{"id":238,"date":"2020-08-03T10:35:52","date_gmt":"2020-08-03T13:35:52","guid":{"rendered":"http:\/\/www2.uepg.br\/ppgeco\/?page_id=238"},"modified":"2023-10-18T13:48:06","modified_gmt":"2023-10-18T16:48:06","slug":"disciplinas","status":"publish","type":"page","link":"https:\/\/www2.uepg.br\/ppgeco\/disciplinas\/","title":{"rendered":"Disciplinas"},"content":{"rendered":"<p><strong>DISCIPLINAS OBRIGAT\u00d3RIAS<\/strong><br \/>\n\u2022 M\u00e9todos Quantitativos: 04 (quatro) cr\u00e9ditos;<br \/>\n\u2022 Microeconomia: 04 (quatro) cr\u00e9ditos;<br \/>\n\u2022 Macroeconomia: 04 (quatro) cr\u00e9ditos;<br \/>\n\u2022 Econometria: 04 (quatro) cr\u00e9ditos;<br \/>\n\u2022 Semin\u00e1rio de Pesquisa I: 01 (um) cr\u00e9dito;<br \/>\n\u2022 Semin\u00e1rio de Pesquisa II: 01 (um) cr\u00e9dito;<br \/>\n\u2022 Orienta\u00e7\u00e3o Disserta\u00e7\u00e3o de Mestrado-I (ODM-I): 02 (dois) cr\u00e9ditos;<br \/>\n\u2022 Orienta\u00e7\u00e3o Disserta\u00e7\u00e3o de Mestrado-I (ODM-II): 02 (dois) cr\u00e9ditos;<br \/>\n\u2022 Est\u00e1gio de Doc\u00eancia de Mestrado (EDM): 02 (dois) cr\u00e9ditos.<\/p>\n<p>&nbsp;<\/p>\n<p><strong>DISCIPLINAS OPTATIVAS<\/strong><\/p>\n<p>Empreendedorismo<\/p>\n<p>Microeconomia II;<\/p>\n<p>Macroeconomia II;<\/p>\n<p>Macroeconomia III;<\/p>\n<p>Econometria II;<\/p>\n<p>Econometria Espacial;<\/p>\n<p>Comercializa\u00e7\u00e3o Agr\u00edcola;<\/p>\n<p>Economia Brasileira;<\/p>\n<p>Economia Internacional;<\/p>\n<p>Teorias do Desenvolvimento Regional;<\/p>\n<p>M\u00e9todos e Modelos de An\u00e1lise Regional;<\/p>\n<p>Avalia\u00e7\u00e3o de Pol\u00edticas P\u00fablicas;<\/p>\n<p>An\u00e1lise de dados espaciais;<\/p>\n<p>Economia Monet\u00e1ria;<\/p>\n<p>Macroeconomia Aberta;<\/p>\n<p>Mercado e rela\u00e7\u00f5es de trabalho;<\/p>\n<p>Otimiza\u00e7\u00e3o Din\u00e2mica;<\/p>\n","protected":false},"excerpt":{"rendered":"<p>DISCIPLINAS OBRIGAT\u00d3RIAS \u2022 M\u00e9todos Quantitativos: 04 (quatro) cr\u00e9ditos; \u2022 Microeconomia: 04 (quatro) cr\u00e9ditos; \u2022 Macroeconomia: 04 (quatro) cr\u00e9ditos; \u2022 Econometria: 04 (quatro) cr\u00e9ditos; \u2022 Semin\u00e1rio de Pesquisa I: 01 (um) cr\u00e9dito; \u2022 Semin\u00e1rio de Pesquisa II: 01 (um) cr\u00e9dito; \u2022 Orienta\u00e7\u00e3o Disserta\u00e7\u00e3o de Mestrado-I (ODM-I): 02 (dois) cr\u00e9ditos; \u2022 Orienta\u00e7\u00e3o Disserta\u00e7\u00e3o de Mestrado-I (ODM-II): 02&nbsp;&hellip;<\/p>\n","protected":false},"author":24,"featured_media":0,"parent":0,"menu_order":0,"comment_status":"closed","ping_status":"closed","template":"","meta":[],"_links":{"self":[{"href":"https:\/\/www2.uepg.br\/ppgeco\/wp-json\/wp\/v2\/pages\/238"}],"collection":[{"href":"https:\/\/www2.uepg.br\/ppgeco\/wp-json\/wp\/v2\/pages"}],"about":[{"href":"https:\/\/www2.uepg.br\/ppgeco\/wp-json\/wp\/v2\/types\/page"}],"author":[{"embeddable":true,"href":"https:\/\/www2.uepg.br\/ppgeco\/wp-json\/wp\/v2\/users\/24"}],"replies":[{"embeddable":true,"href":"https:\/\/www2.uepg.br\/ppgeco\/wp-json\/wp\/v2\/comments?post=238"}],"version-history":[{"count":10,"href":"https:\/\/www2.uepg.br\/ppgeco\/wp-json\/wp\/v2\/pages\/238\/revisions"}],"predecessor-version":[{"id":1414,"href":"https:\/\/www2.uepg.br\/ppgeco\/wp-json\/wp\/v2\/pages\/238\/revisions\/1414"}],"wp:attachment":[{"href":"https:\/\/www2.uepg.br\/ppgeco\/wp-json\/wp\/v2\/media?parent=238"}],"curies":[{"name":"wp","href":"https:\/\/api.w.org\/{rel}","templated":true}]}}