{"id":365,"date":"2020-08-27T16:26:16","date_gmt":"2020-08-27T19:26:16","guid":{"rendered":"http:\/\/www2.uepg.br\/ppgeco\/?page_id=365"},"modified":"2025-04-08T16:50:19","modified_gmt":"2025-04-08T19:50:19","slug":"programas-de-disciplinas","status":"publish","type":"page","link":"https:\/\/www2.uepg.br\/ppgeco\/programas-de-disciplinas\/","title":{"rendered":"Programas de Disciplinas"},"content":{"rendered":"<p>&nbsp;<\/p>\n<hr \/>\n<p><a href=\"http:\/\/www2.uepg.br\/ppgeco\/wp-content\/uploads\/sites\/130\/2025\/04\/Programa-de-disciplina-Econometria-2025.pdf\">\u00a0Econometria I\u00a0<\/a><\/p>\n<p><a href=\"http:\/\/www2.uepg.br\/ppgeco\/wp-content\/uploads\/sites\/130\/2020\/08\/Econometria-II-.pdf\">Econometria II<\/a><\/p>\n<p><a href=\"http:\/\/www2.uepg.br\/ppgeco\/wp-content\/uploads\/sites\/130\/2020\/08\/ECONOMIA-ESPACIAL.pdf\">Econometria espacial<\/a><\/p>\n<p><a href=\"http:\/\/www2.uepg.br\/ppgeco\/wp-content\/uploads\/sites\/130\/2022\/04\/Macroeconomia-I.pdf\">Macroeconomia-I<\/a><\/p>\n<p><a href=\"http:\/\/www2.uepg.br\/ppgeco\/wp-content\/uploads\/sites\/130\/2020\/08\/MACROECONOMIA-II.pdf\">Macroeconomia II<\/a><\/p>\n<p><a href=\"http:\/\/www2.uepg.br\/ppgeco\/wp-content\/uploads\/sites\/130\/2020\/08\/MACROECONOMIA-III-1.pdf\">Macroeconomia III<\/a><\/p>\n<p><a href=\"http:\/\/www2.uepg.br\/ppgeco\/wp-content\/uploads\/sites\/130\/2020\/08\/MACROECONOMIA-ABERTA.pdf\">Macroeconomia aberta<\/a><\/p>\n<p><a href=\"http:\/\/www2.uepg.br\/ppgeco\/wp-content\/uploads\/sites\/130\/2021\/02\/PROGRAMA-METODOS-QUANTITATIVOS.pdf\">M\u00e9todos quantitativos<\/a><\/p>\n<p><a href=\"http:\/\/www2.uepg.br\/ppgeco\/wp-content\/uploads\/sites\/130\/2020\/08\/MERCADO-E-RELACOES-NO-TRABALHO.pdf\">Mercado e rela\u00e7\u00f5es no trabalho<\/a><\/p>\n<p><a href=\"http:\/\/www2.uepg.br\/ppgeco\/wp-content\/uploads\/sites\/130\/2020\/08\/METODOS-E-MODELOS-DE-ANALISE-REGIONAL.pdf\">M\u00e9todos e modelos de an\u00e1lise regional<\/a><\/p>\n<p><a href=\"http:\/\/www2.uepg.br\/ppgeco\/wp-content\/uploads\/sites\/130\/2021\/02\/MICROECONOMIA-1.pdf\">Microeconomia<\/a><\/p>\n","protected":false},"excerpt":{"rendered":"<p>&nbsp; \u00a0Econometria I\u00a0 Econometria II Econometria espacial Macroeconomia-I Macroeconomia II Macroeconomia III Macroeconomia aberta M\u00e9todos quantitativos Mercado e rela\u00e7\u00f5es no trabalho M\u00e9todos e modelos de an\u00e1lise regional Microeconomia<\/p>\n","protected":false},"author":24,"featured_media":0,"parent":0,"menu_order":0,"comment_status":"closed","ping_status":"closed","template":"","meta":[],"_links":{"self":[{"href":"https:\/\/www2.uepg.br\/ppgeco\/wp-json\/wp\/v2\/pages\/365"}],"collection":[{"href":"https:\/\/www2.uepg.br\/ppgeco\/wp-json\/wp\/v2\/pages"}],"about":[{"href":"https:\/\/www2.uepg.br\/ppgeco\/wp-json\/wp\/v2\/types\/page"}],"author":[{"embeddable":true,"href":"https:\/\/www2.uepg.br\/ppgeco\/wp-json\/wp\/v2\/users\/24"}],"replies":[{"embeddable":true,"href":"https:\/\/www2.uepg.br\/ppgeco\/wp-json\/wp\/v2\/comments?post=365"}],"version-history":[{"count":18,"href":"https:\/\/www2.uepg.br\/ppgeco\/wp-json\/wp\/v2\/pages\/365\/revisions"}],"predecessor-version":[{"id":1779,"href":"https:\/\/www2.uepg.br\/ppgeco\/wp-json\/wp\/v2\/pages\/365\/revisions\/1779"}],"wp:attachment":[{"href":"https:\/\/www2.uepg.br\/ppgeco\/wp-json\/wp\/v2\/media?parent=365"}],"curies":[{"name":"wp","href":"https:\/\/api.w.org\/{rel}","templated":true}]}}