{"id":39,"date":"2020-07-24T14:50:43","date_gmt":"2020-07-24T17:50:43","guid":{"rendered":"http:\/\/www2.uepg.br\/ppgeco\/?page_id=39"},"modified":"2026-05-04T14:45:00","modified_gmt":"2026-05-04T17:45:00","slug":"sobre-o-programa","status":"publish","type":"page","link":"https:\/\/www2.uepg.br\/ppgeco\/sobre-o-programa\/","title":{"rendered":"Sobre o programa"},"content":{"rendered":"<div id=\"pl-39\"  class=\"panel-layout\" ><div id=\"pg-39-0\"  class=\"panel-grid panel-no-style\" ><div id=\"pgc-39-0-0\"  class=\"panel-grid-cell\" ><div id=\"panel-39-0-0-0\" class=\"so-panel widget widget_sow-accordion panel-first-child panel-last-child\" data-index=\"0\" ><div\n\t\t\t\n\t\t\tclass=\"so-widget-sow-accordion so-widget-sow-accordion-default-7f158b849c7f-39\"\n\t\t\t\n\t\t><div>\n\t<div class=\"sow-accordion\">\n\t\t\t<div class=\"sow-accordion-panel sow-accordion-panel-open\"\n\t\t\t data-anchor=\"bem-vindo-ao-ppgeco\">\n\t\t\t\t<div class=\"sow-accordion-panel-header-container\" role=\"heading\" aria-level=\"2\">\n\t\t\t\t\t<div class=\"sow-accordion-panel-header\" tabindex=\"0\" role=\"button\" id=\"accordion-label-bem-vindo-ao-ppgeco\" aria-controls=\"accordion-content-bem-vindo-ao-ppgeco\" aria-expanded=\"true\">\n\t\t\t\t\t\t<div class=\"sow-accordion-title sow-accordion-title-icon-left\">\n\t\t\t\t\t\t\t\t\t\t\t\t\t\tBem-vindo ao PPGECO\t\t\t\t\t\t\t\t\t\t\t\t\t<\/div>\n\t\t\t\t\t\t<div class=\"sow-accordion-open-close-button\">\n\t\t\t\t\t\t\t<div class=\"sow-accordion-open-button\">\n\t\t\t\t\t\t\t\t<span class=\"sow-icon-ionicons\" data-sow-icon=\"&#xf218;\"\n\t\t \n\t\taria-hidden=\"true\"><\/span>\t\t\t\t\t\t\t<\/div>\n\t\t\t\t\t\t\t<div class=\"sow-accordion-close-button\">\n\t\t\t\t\t\t\t\t<span class=\"sow-icon-ionicons\" data-sow-icon=\"&#xf209;\"\n\t\t \n\t\taria-hidden=\"true\"><\/span>\t\t\t\t\t\t\t<\/div>\n\t\t\t\t\t\t<\/div>\n\t\t\t\t\t<\/div>\n\t\t\t\t<\/div>\n\n\t\t\t<div\n\t\t\t\tclass=\"sow-accordion-panel-content\"\n\t\t\t\trole=\"region\"\n\t\t\t\taria-labelledby=\"accordion-label-bem-vindo-ao-ppgeco\"\n\t\t\t\tid=\"accordion-content-bem-vindo-ao-ppgeco\"\n\t\t\t\t\t\t\t>\n\t\t\t\t<div class=\"sow-accordion-panel-border\" tabindex=\"0\">\n\t\t\t\t\t<p>Bem-vindo ao Programa de P\u00f3s-Gradua\u00e7\u00e3o em Economia da Universidade Estadual de Ponta Grossa (PPGEco-UEPG). O programa foi aprovado pela CAPES em 2016 e iniciou em fevereiro no ano de 2017, com conceito 3. O programa est\u00e1 alinhado \u00e0 fronteira da Ci\u00eancia Econ\u00f4mica, oferecendo um treinamento rigoroso, tanto em rela\u00e7\u00e3o \u00e0 teoria econ\u00f4mica quanto no campo dos m\u00e9todos quantitativos. O objetivo principal do programa \u00e9 formar docentes e pesquisadores, que possam atuar tanto em centros de pesquisa quanto na esfera privada.<\/p>\n\t\t\t\t<\/div>\n\t\t\t<\/div>\n\t\t<\/div>\n\t\t\t<div class=\"sow-accordion-panel\"\n\t\t\t data-anchor=\"linhas-de-pesquisa\">\n\t\t\t\t<div class=\"sow-accordion-panel-header-container\" role=\"heading\" aria-level=\"2\">\n\t\t\t\t\t<div class=\"sow-accordion-panel-header\" tabindex=\"0\" role=\"button\" id=\"accordion-label-linhas-de-pesquisa\" aria-controls=\"accordion-content-linhas-de-pesquisa\" aria-expanded=\"false\">\n\t\t\t\t\t\t<div class=\"sow-accordion-title sow-accordion-title-icon-left\">\n\t\t\t\t\t\t\t\t\t\t\t\t\t\tLinhas de pesquisa\t\t\t\t\t\t\t\t\t\t\t\t\t<\/div>\n\t\t\t\t\t\t<div class=\"sow-accordion-open-close-button\">\n\t\t\t\t\t\t\t<div class=\"sow-accordion-open-button\">\n\t\t\t\t\t\t\t\t<span class=\"sow-icon-ionicons\" data-sow-icon=\"&#xf218;\"\n\t\t \n\t\taria-hidden=\"true\"><\/span>\t\t\t\t\t\t\t<\/div>\n\t\t\t\t\t\t\t<div class=\"sow-accordion-close-button\">\n\t\t\t\t\t\t\t\t<span class=\"sow-icon-ionicons\" data-sow-icon=\"&#xf209;\"\n\t\t \n\t\taria-hidden=\"true\"><\/span>\t\t\t\t\t\t\t<\/div>\n\t\t\t\t\t\t<\/div>\n\t\t\t\t\t<\/div>\n\t\t\t\t<\/div>\n\n\t\t\t<div\n\t\t\t\tclass=\"sow-accordion-panel-content\"\n\t\t\t\trole=\"region\"\n\t\t\t\taria-labelledby=\"accordion-label-linhas-de-pesquisa\"\n\t\t\t\tid=\"accordion-content-linhas-de-pesquisa\"\n\t\t\t\tstyle=\"display: none;\"\t\t\t>\n\t\t\t\t<div class=\"sow-accordion-panel-border\" tabindex=\"0\">\n\t\t\t\t\t<p><strong>Macroeconomia Aplicada<\/strong>: Essa linha dedica-se ao desenvolvimento e aplica\u00e7\u00e3o de modelos modernos estruturais e macroeconom\u00e9tricos, voltados \u00e0 avalia\u00e7\u00e3o e previs\u00e3o do crescimento econ\u00f4mico, taxa de infla\u00e7\u00e3o e desemprego, considerando tanto o cen\u00e1rio da economia brasileira quanto o internacional.<\/p>\n<hr \/>\n<p><strong>Microeconomia Aplicada:<\/strong> Nessa linha s\u00e3o desenvolvidos estudos aplicados em diversos campos da Economia, utilizando m\u00e9todos quantitativos, estat\u00edsticos, econom\u00e9tricos e matem\u00e1ticos, al\u00e9m de modelos multissetoriais e\/ou multirregionais, com o objetivo de analisar fen\u00f4menos socioecon\u00f4micos e avaliar impactos de pol\u00edticas p\u00fablicas e estrat\u00e9gias privadas nos diferentes contextos econ\u00f4micos.<\/p>\n\t\t\t\t<\/div>\n\t\t\t<\/div>\n\t\t<\/div>\n\t\t\t<div class=\"sow-accordion-panel\"\n\t\t\t data-anchor=\"conv%c3%aanios\">\n\t\t\t\t<div class=\"sow-accordion-panel-header-container\" role=\"heading\" aria-level=\"2\">\n\t\t\t\t\t<div class=\"sow-accordion-panel-header\" tabindex=\"0\" role=\"button\" id=\"accordion-label-conv%c3%aanios\" aria-controls=\"accordion-content-conv%c3%aanios\" aria-expanded=\"false\">\n\t\t\t\t\t\t<div class=\"sow-accordion-title sow-accordion-title-icon-left\">\n\t\t\t\t\t\t\t\t\t\t\t\t\t\tConv\u00eanios\t\t\t\t\t\t\t\t\t\t\t\t\t<\/div>\n\t\t\t\t\t\t<div class=\"sow-accordion-open-close-button\">\n\t\t\t\t\t\t\t<div class=\"sow-accordion-open-button\">\n\t\t\t\t\t\t\t\t<span class=\"sow-icon-ionicons\" data-sow-icon=\"&#xf218;\"\n\t\t \n\t\taria-hidden=\"true\"><\/span>\t\t\t\t\t\t\t<\/div>\n\t\t\t\t\t\t\t<div class=\"sow-accordion-close-button\">\n\t\t\t\t\t\t\t\t<span class=\"sow-icon-ionicons\" data-sow-icon=\"&#xf209;\"\n\t\t \n\t\taria-hidden=\"true\"><\/span>\t\t\t\t\t\t\t<\/div>\n\t\t\t\t\t\t<\/div>\n\t\t\t\t\t<\/div>\n\t\t\t\t<\/div>\n\n\t\t\t<div\n\t\t\t\tclass=\"sow-accordion-panel-content\"\n\t\t\t\trole=\"region\"\n\t\t\t\taria-labelledby=\"accordion-label-conv%c3%aanios\"\n\t\t\t\tid=\"accordion-content-conv%c3%aanios\"\n\t\t\t\tstyle=\"display: none;\"\t\t\t>\n\t\t\t\t<div class=\"sow-accordion-panel-border\" tabindex=\"0\">\n\t\t\t\t\t<p>O Programa de P\u00f3s-Gradua\u00e7\u00e3o em Economia da Universidade Estadual de Ponta Grossa possui um conv\u00eanio com o Programa em Desenvolvimento Econ\u00f4mico da Universidade Federal do Paran\u00e1.<br \/>\nO objeto do acordo \u00e9 estabelecer uma coopera\u00e7\u00e3o m\u00fatua entre a UEPG e a UFPR, no \u00e2mbito dos seus respectivos programas de p\u00f3s-gradua\u00e7\u00e3o em Economia e em Desenvolvimento Econ\u00f4mico. As Part\u00edcipes manifestam a inten\u00e7\u00e3o de promover interc\u00e2mbios que trar\u00e3o benef\u00edcios m\u00fatuos para as suas institui\u00e7\u00f5es, tais quais:<\/p>\n<p>a) Visitas e interc\u00e2mbio de professores e estudantes, objetivando a realiza\u00e7\u00e3o de atividades de pesquisa, ensino e extens\u00e3o;<br \/>\nb) Coordena\u00e7\u00e3o e participa\u00e7\u00e3o em atividades tais como projetos de pesquisa, semin\u00e1rios, confer\u00eancias, em programas comuns de curto e longo prazos;<br \/>\nc) Cursos de diferentes n\u00edveis e esp\u00e9cies para o corpo docente e discente;<br \/>\nd) Interc\u00e2mbio m\u00fatuo de informa\u00e7\u00f5es decorrentes de resultados de pesquisa, material acad\u00eamico e publica\u00e7\u00f5es.<\/p>\n<p>O PPGEco-UEPG tamb\u00e9m possui conv\u00eanio com a Universidade Pablo de Olavide, de Sevilha-Espanha. Esse conv\u00eanio prev\u00ea a participa\u00e7\u00e3o do professor Alejandro Garcia Cintado como professor permanente no programa.<\/p>\n\t\t\t\t<\/div>\n\t\t\t<\/div>\n\t\t<\/div>\n\t\t\t<div class=\"sow-accordion-panel\"\n\t\t\t data-anchor=\"processo-seletivo\">\n\t\t\t\t<div class=\"sow-accordion-panel-header-container\" role=\"heading\" aria-level=\"2\">\n\t\t\t\t\t<div class=\"sow-accordion-panel-header\" tabindex=\"0\" role=\"button\" id=\"accordion-label-processo-seletivo\" aria-controls=\"accordion-content-processo-seletivo\" aria-expanded=\"false\">\n\t\t\t\t\t\t<div class=\"sow-accordion-title sow-accordion-title-icon-left\">\n\t\t\t\t\t\t\t\t\t\t\t\t\t\tProcesso Seletivo\t\t\t\t\t\t\t\t\t\t\t\t\t<\/div>\n\t\t\t\t\t\t<div class=\"sow-accordion-open-close-button\">\n\t\t\t\t\t\t\t<div class=\"sow-accordion-open-button\">\n\t\t\t\t\t\t\t\t<span class=\"sow-icon-ionicons\" data-sow-icon=\"&#xf218;\"\n\t\t \n\t\taria-hidden=\"true\"><\/span>\t\t\t\t\t\t\t<\/div>\n\t\t\t\t\t\t\t<div class=\"sow-accordion-close-button\">\n\t\t\t\t\t\t\t\t<span class=\"sow-icon-ionicons\" data-sow-icon=\"&#xf209;\"\n\t\t \n\t\taria-hidden=\"true\"><\/span>\t\t\t\t\t\t\t<\/div>\n\t\t\t\t\t\t<\/div>\n\t\t\t\t\t<\/div>\n\t\t\t\t<\/div>\n\n\t\t\t<div\n\t\t\t\tclass=\"sow-accordion-panel-content\"\n\t\t\t\trole=\"region\"\n\t\t\t\taria-labelledby=\"accordion-label-processo-seletivo\"\n\t\t\t\tid=\"accordion-content-processo-seletivo\"\n\t\t\t\tstyle=\"display: none;\"\t\t\t>\n\t\t\t\t<div class=\"sow-accordion-panel-border\" tabindex=\"0\">\n\t\t\t\t\t<p>O PPG-Eco oferece anualmente 12 vagas.<\/p>\n<p><a href=\"http:\/\/www2.uepg.br\/ppgeco\/wp-content\/uploads\/sites\/130\/2020\/08\/EDITAL-TURMA-REGULAR-2021.pdf\">O processo seletivo do aluno regular \u00e9 realizado por meio do Exame Nacional de Sele\u00e7\u00e3o da ANPEC (Associa\u00e7\u00e3o Nacional dos Centros de P\u00f3s-Gradua\u00e7\u00e3o em Economia)<\/a><\/p>\n<p>O PPG-Eco tamb\u00e9m permite o ingresso no programa por meio de disciplinas isoladas. Nessa modalidade o candidato \u00e9 tratado como aluno especial e \u00e9 permitida a inscri\u00e7\u00e3o em uma disciplina do curso por semestre. O n\u00famero de vagas e as disciplinas ofertadas s\u00e3o divulgadas semestralmente em editais pr\u00f3prios.<\/p>\n\t\t\t\t<\/div>\n\t\t\t<\/div>\n\t\t<\/div>\n\t\t\t<div class=\"sow-accordion-panel\"\n\t\t\t data-anchor=\"bolsas-de-estudo\">\n\t\t\t\t<div class=\"sow-accordion-panel-header-container\" role=\"heading\" aria-level=\"2\">\n\t\t\t\t\t<div class=\"sow-accordion-panel-header\" tabindex=\"0\" role=\"button\" id=\"accordion-label-bolsas-de-estudo\" aria-controls=\"accordion-content-bolsas-de-estudo\" aria-expanded=\"false\">\n\t\t\t\t\t\t<div class=\"sow-accordion-title sow-accordion-title-icon-left\">\n\t\t\t\t\t\t\t\t\t\t\t\t\t\tBolsas de estudo\t\t\t\t\t\t\t\t\t\t\t\t\t<\/div>\n\t\t\t\t\t\t<div class=\"sow-accordion-open-close-button\">\n\t\t\t\t\t\t\t<div class=\"sow-accordion-open-button\">\n\t\t\t\t\t\t\t\t<span class=\"sow-icon-ionicons\" data-sow-icon=\"&#xf218;\"\n\t\t \n\t\taria-hidden=\"true\"><\/span>\t\t\t\t\t\t\t<\/div>\n\t\t\t\t\t\t\t<div class=\"sow-accordion-close-button\">\n\t\t\t\t\t\t\t\t<span class=\"sow-icon-ionicons\" data-sow-icon=\"&#xf209;\"\n\t\t \n\t\taria-hidden=\"true\"><\/span>\t\t\t\t\t\t\t<\/div>\n\t\t\t\t\t\t<\/div>\n\t\t\t\t\t<\/div>\n\t\t\t\t<\/div>\n\n\t\t\t<div\n\t\t\t\tclass=\"sow-accordion-panel-content\"\n\t\t\t\trole=\"region\"\n\t\t\t\taria-labelledby=\"accordion-label-bolsas-de-estudo\"\n\t\t\t\tid=\"accordion-content-bolsas-de-estudo\"\n\t\t\t\tstyle=\"display: none;\"\t\t\t>\n\t\t\t\t<div class=\"sow-accordion-panel-border\" tabindex=\"0\">\n\t\t\t\t\t<p>O PPGEco-UEPG conta atualmente com 05(cinco)bolsas de mestrado, as quais s\u00e3o distribu\u00eddas para os primeiros colocados no processo seletivo.<\/p>\n\t\t\t\t<\/div>\n\t\t\t<\/div>\n\t\t<\/div>\n\t\t\t<div class=\"sow-accordion-panel\"\n\t\t\t data-anchor=\"infraestrutura\">\n\t\t\t\t<div class=\"sow-accordion-panel-header-container\" role=\"heading\" aria-level=\"2\">\n\t\t\t\t\t<div class=\"sow-accordion-panel-header\" tabindex=\"0\" role=\"button\" id=\"accordion-label-infraestrutura\" aria-controls=\"accordion-content-infraestrutura\" aria-expanded=\"false\">\n\t\t\t\t\t\t<div class=\"sow-accordion-title sow-accordion-title-icon-left\">\n\t\t\t\t\t\t\t\t\t\t\t\t\t\tInfraestrutura\t\t\t\t\t\t\t\t\t\t\t\t\t<\/div>\n\t\t\t\t\t\t<div class=\"sow-accordion-open-close-button\">\n\t\t\t\t\t\t\t<div class=\"sow-accordion-open-button\">\n\t\t\t\t\t\t\t\t<span class=\"sow-icon-ionicons\" data-sow-icon=\"&#xf218;\"\n\t\t \n\t\taria-hidden=\"true\"><\/span>\t\t\t\t\t\t\t<\/div>\n\t\t\t\t\t\t\t<div class=\"sow-accordion-close-button\">\n\t\t\t\t\t\t\t\t<span class=\"sow-icon-ionicons\" data-sow-icon=\"&#xf209;\"\n\t\t \n\t\taria-hidden=\"true\"><\/span>\t\t\t\t\t\t\t<\/div>\n\t\t\t\t\t\t<\/div>\n\t\t\t\t\t<\/div>\n\t\t\t\t<\/div>\n\n\t\t\t<div\n\t\t\t\tclass=\"sow-accordion-panel-content\"\n\t\t\t\trole=\"region\"\n\t\t\t\taria-labelledby=\"accordion-label-infraestrutura\"\n\t\t\t\tid=\"accordion-content-infraestrutura\"\n\t\t\t\tstyle=\"display: none;\"\t\t\t>\n\t\t\t\t<div class=\"sow-accordion-panel-border\" tabindex=\"0\">\n\t\t\t\t\t<p>O PPGEco-UEPG est\u00e1 localizado no bloco D, no Campus Central da Universidade Estadual de Ponta Grossa. A estrutura f\u00edsica do programa de mestrado compreende tr\u00eas salas de aula equipadas com datashow e wi-fi, um laborat\u00f3rio de inform\u00e1tica com 16 computadores, e uma sala de perman\u00eancia dos alunos. O Campus tamb\u00e9m conta com Restaurante Universit\u00e1rio (que serve almo\u00e7o e janta), uma biblioteca, um audit\u00f3rio para 350 pessoas, e uma sala interativa, que permite defesas de disserta\u00e7\u00e3o por webconfer\u00eancia.<\/p>\n<p>\n\t\t<style type=\"text\/css\">\n\t\t\t#gallery-1 {\n\t\t\t\tmargin: auto;\n\t\t\t}\n\t\t\t#gallery-1 .gallery-item {\n\t\t\t\tfloat: left;\n\t\t\t\tmargin-top: 10px;\n\t\t\t\ttext-align: center;\n\t\t\t\twidth: 33%;\n\t\t\t}\n\t\t\t#gallery-1 img {\n\t\t\t\tborder: 2px solid #cfcfcf;\n\t\t\t}\n\t\t\t#gallery-1 .gallery-caption {\n\t\t\t\tmargin-left: 0;\n\t\t\t}\n\t\t\t\/* see gallery_shortcode() in wp-includes\/media.php *\/\n\t\t<\/style>\n\t\t<div id='gallery-1' class='gallery galleryid-39 gallery-columns-3 gallery-size-thumbnail'><dl class='gallery-item'>\n\t\t\t<dt class='gallery-icon landscape'>\n\t\t\t\t<a href='https:\/\/www2.uepg.br\/ppgeco\/wp-content\/uploads\/sites\/130\/2020\/07\/lab-1.jpeg'><img width=\"150\" height=\"150\" src=\"https:\/\/www2.uepg.br\/ppgeco\/wp-content\/uploads\/sites\/130\/2020\/07\/lab-1-150x150.jpeg\" class=\"attachment-thumbnail size-thumbnail\" alt=\"\" loading=\"lazy\" \/><\/a>\n\t\t\t<\/dt><\/dl><dl class='gallery-item'>\n\t\t\t<dt class='gallery-icon landscape'>\n\t\t\t\t<a href='https:\/\/www2.uepg.br\/ppgeco\/wp-content\/uploads\/sites\/130\/2020\/07\/lab-2.jpeg'><img width=\"150\" height=\"150\" src=\"https:\/\/www2.uepg.br\/ppgeco\/wp-content\/uploads\/sites\/130\/2020\/07\/lab-2-150x150.jpeg\" class=\"attachment-thumbnail size-thumbnail\" alt=\"\" loading=\"lazy\" \/><\/a>\n\t\t\t<\/dt><\/dl><dl class='gallery-item'>\n\t\t\t<dt class='gallery-icon landscape'>\n\t\t\t\t<a href='https:\/\/www2.uepg.br\/ppgeco\/wp-content\/uploads\/sites\/130\/2020\/07\/lab-3.jpeg'><img width=\"150\" height=\"150\" src=\"https:\/\/www2.uepg.br\/ppgeco\/wp-content\/uploads\/sites\/130\/2020\/07\/lab-3-150x150.jpeg\" class=\"attachment-thumbnail size-thumbnail\" alt=\"\" loading=\"lazy\" \/><\/a>\n\t\t\t<\/dt><\/dl><br style=\"clear: both\" \/><dl class='gallery-item'>\n\t\t\t<dt class='gallery-icon landscape'>\n\t\t\t\t<a href='https:\/\/www2.uepg.br\/ppgeco\/wp-content\/uploads\/sites\/130\/2020\/07\/sala-2.jpeg'><img width=\"150\" height=\"150\" src=\"https:\/\/www2.uepg.br\/ppgeco\/wp-content\/uploads\/sites\/130\/2020\/07\/sala-2-150x150.jpeg\" class=\"attachment-thumbnail size-thumbnail\" alt=\"\" loading=\"lazy\" \/><\/a>\n\t\t\t<\/dt><\/dl><dl class='gallery-item'>\n\t\t\t<dt class='gallery-icon landscape'>\n\t\t\t\t<a href='https:\/\/www2.uepg.br\/ppgeco\/wp-content\/uploads\/sites\/130\/2020\/07\/sala-3.jpeg'><img width=\"150\" height=\"150\" src=\"https:\/\/www2.uepg.br\/ppgeco\/wp-content\/uploads\/sites\/130\/2020\/07\/sala-3-150x150.jpeg\" class=\"attachment-thumbnail size-thumbnail\" alt=\"\" loading=\"lazy\" \/><\/a>\n\t\t\t<\/dt><\/dl><dl class='gallery-item'>\n\t\t\t<dt class='gallery-icon landscape'>\n\t\t\t\t<a href='https:\/\/www2.uepg.br\/ppgeco\/wp-content\/uploads\/sites\/130\/2020\/07\/sala-4.jpeg'><img width=\"150\" height=\"150\" src=\"https:\/\/www2.uepg.br\/ppgeco\/wp-content\/uploads\/sites\/130\/2020\/07\/sala-4-150x150.jpeg\" class=\"attachment-thumbnail size-thumbnail\" alt=\"\" loading=\"lazy\" \/><\/a>\n\t\t\t<\/dt><\/dl><br style=\"clear: both\" \/>\n\t\t<\/div>\n<\/p>\n\t\t\t\t<\/div>\n\t\t\t<\/div>\n\t\t<\/div>\n\t\t\t<div class=\"sow-accordion-panel\"\n\t\t\t data-anchor=\"regulamento\">\n\t\t\t\t<div class=\"sow-accordion-panel-header-container\" role=\"heading\" aria-level=\"2\">\n\t\t\t\t\t<div class=\"sow-accordion-panel-header\" tabindex=\"0\" role=\"button\" id=\"accordion-label-regulamento\" aria-controls=\"accordion-content-regulamento\" aria-expanded=\"false\">\n\t\t\t\t\t\t<div class=\"sow-accordion-title sow-accordion-title-icon-left\">\n\t\t\t\t\t\t\t\t\t\t\t\t\t\tRegulamento\t\t\t\t\t\t\t\t\t\t\t\t\t<\/div>\n\t\t\t\t\t\t<div class=\"sow-accordion-open-close-button\">\n\t\t\t\t\t\t\t<div class=\"sow-accordion-open-button\">\n\t\t\t\t\t\t\t\t<span class=\"sow-icon-ionicons\" data-sow-icon=\"&#xf218;\"\n\t\t \n\t\taria-hidden=\"true\"><\/span>\t\t\t\t\t\t\t<\/div>\n\t\t\t\t\t\t\t<div class=\"sow-accordion-close-button\">\n\t\t\t\t\t\t\t\t<span class=\"sow-icon-ionicons\" data-sow-icon=\"&#xf209;\"\n\t\t \n\t\taria-hidden=\"true\"><\/span>\t\t\t\t\t\t\t<\/div>\n\t\t\t\t\t\t<\/div>\n\t\t\t\t\t<\/div>\n\t\t\t\t<\/div>\n\n\t\t\t<div\n\t\t\t\tclass=\"sow-accordion-panel-content\"\n\t\t\t\trole=\"region\"\n\t\t\t\taria-labelledby=\"accordion-label-regulamento\"\n\t\t\t\tid=\"accordion-content-regulamento\"\n\t\t\t\tstyle=\"display: none;\"\t\t\t>\n\t\t\t\t<div class=\"sow-accordion-panel-border\" tabindex=\"0\">\n\t\t\t\t\t<p><a href=\"http:\/\/www2.uepg.br\/ppgeco\/wp-content\/uploads\/sites\/130\/2026\/05\/Novo-Regulamento-Geral-do-Programas.pdf\">NOVO REGULAMENTO GERAL DOS PROGRAMAS DE P\u00d3S-GRADUA\u00c7\u00c3O STRITO SENSU DA UEPG <\/a><\/p>\n<p><a href=\"http:\/\/www2.uepg.br\/ppgeco\/wp-content\/uploads\/sites\/130\/2022\/02\/PORTARIA-76-de-14-de-abril-de-2010-CONCESSAO-DE-BOLSAS-DS.pdf\">REGULAMENTO DE\u00a0 DE BOLSAS DS<\/a><\/p>\n<p><a href=\"http:\/\/www2.uepg.br\/ppgeco\/wp-content\/uploads\/sites\/130\/2025\/05\/Novo-Regulamento-do-Programa-Academico-de-Pos-Graduacao-em-Economia-da-UEPG.pdf\">NOVO REGULAMENTO DO PROGRAMA\u00a0 ACAD\u00caMICO DE P\u00d3S-GRADUA\u00c7\u00c3O EM ECONOMIA-UEPG<\/a><\/p>\n<p><a href=\"http:\/\/www2.uepg.br\/ppgeco\/wp-content\/uploads\/sites\/130\/2020\/11\/REGULAMENTO-ESTAGIO-DE-DOCENCIA.pdf\">REGULAMENTO EST\u00c1GIO DE DOC\u00caNCIA<\/a><\/p>\n<p><a href=\"http:\/\/www2.uepg.br\/ppgeco\/wp-content\/uploads\/sites\/130\/2020\/11\/REGULAMENTO-DO-REGIME-DE-EXERCICIOS-DOMICILIARES.pdf\">REGULAMENTO DO REGIME DE EXERC\u00cdCIOS DOMICILIARES<\/a><\/p>\n<p><a href=\"http:\/\/www2.uepg.br\/ppgeco\/wp-content\/uploads\/sites\/130\/2024\/04\/REGULAMENTO-PROAP-CAPES.pdf\">REGULAMENTO- PROAP-CAPES<\/a><\/p>\n\t\t\t\t<\/div>\n\t\t\t<\/div>\n\t\t<\/div>\n\t\t<\/div>\n<\/div>\n<\/div><\/div><\/div><\/div><\/div>","protected":false},"excerpt":{"rendered":"<p>Bem-vindo ao PPGECO Bem-vindo ao Programa de P\u00f3s-Gradua\u00e7\u00e3o em Economia da Universidade Estadual de Ponta Grossa (PPGEco-UEPG). O programa foi aprovado pela CAPES em 2016 e iniciou em fevereiro no ano de 2017, com conceito 3. O programa est\u00e1 alinhado \u00e0 fronteira da Ci\u00eancia Econ\u00f4mica, oferecendo um treinamento rigoroso, tanto em rela\u00e7\u00e3o \u00e0 teoria econ\u00f4mica&nbsp;&hellip;<\/p>\n","protected":false},"author":24,"featured_media":0,"parent":0,"menu_order":0,"comment_status":"closed","ping_status":"closed","template":"","meta":[],"_links":{"self":[{"href":"https:\/\/www2.uepg.br\/ppgeco\/wp-json\/wp\/v2\/pages\/39"}],"collection":[{"href":"https:\/\/www2.uepg.br\/ppgeco\/wp-json\/wp\/v2\/pages"}],"about":[{"href":"https:\/\/www2.uepg.br\/ppgeco\/wp-json\/wp\/v2\/types\/page"}],"author":[{"embeddable":true,"href":"https:\/\/www2.uepg.br\/ppgeco\/wp-json\/wp\/v2\/users\/24"}],"replies":[{"embeddable":true,"href":"https:\/\/www2.uepg.br\/ppgeco\/wp-json\/wp\/v2\/comments?post=39"}],"version-history":[{"count":23,"href":"https:\/\/www2.uepg.br\/ppgeco\/wp-json\/wp\/v2\/pages\/39\/revisions"}],"predecessor-version":[{"id":2015,"href":"https:\/\/www2.uepg.br\/ppgeco\/wp-json\/wp\/v2\/pages\/39\/revisions\/2015"}],"wp:attachment":[{"href":"https:\/\/www2.uepg.br\/ppgeco\/wp-json\/wp\/v2\/media?parent=39"}],"curies":[{"name":"wp","href":"https:\/\/api.w.org\/{rel}","templated":true}]}}