{"id":50,"date":"2020-07-24T15:00:40","date_gmt":"2020-07-24T18:00:40","guid":{"rendered":"http:\/\/www2.uepg.br\/ppgeco\/?page_id=50"},"modified":"2020-08-05T11:24:14","modified_gmt":"2020-08-05T14:24:14","slug":"informacoes-academicas","status":"publish","type":"page","link":"https:\/\/www2.uepg.br\/ppgeco\/informacoes-academicas\/","title":{"rendered":"Informa\u00e7\u00f5es Acad\u00eamicas"},"content":{"rendered":"<p><strong>Curr\u00edculo<\/strong><br \/>\nO t\u00edtulo de Mestre em Economia ser\u00e1 concedido ao discente que cumprir as seguintes exig\u00eancias:<br \/>\n\u2022 Concluir 24 (vinte e quatro) cr\u00e9ditos em disciplinas obrigat\u00f3rias;<br \/>\n\u2022 Concluir 12 (doze) cr\u00e9ditos em disciplinas optativas;<br \/>\n\u2022 Ser aprovado no Exame de Sufici\u00eancia em L\u00edngua Estrangeira \u2013 Ingl\u00eas;<br \/>\n\u2022 Submeter um artigo a um peri\u00f3dico cient\u00edfico indexado ao Qualis CAPES na \u00e1rea de Economia, at\u00e9 24 (vinte e quatro) meses ap\u00f3s a matr\u00edcula;<br \/>\n\u2022 Obter aprova\u00e7\u00e3o no Exame de Qualifica\u00e7\u00e3o de Mestrado;<br \/>\n\u2022 Obter aprova\u00e7\u00e3o na defesa da Disserta\u00e7\u00e3o de Mestrado.<\/p>\n<p>&nbsp;<\/p>\n<p><strong>Grade curricular<\/strong><\/p>\n<p>As disciplinas obrigat\u00f3rias do curso de Mestrado s\u00e3o ofertadas anualmente e incluem:<br \/>\n\u2022 M\u00e9todos Quantitativos: 04 (quatro) cr\u00e9ditos;<br \/>\n\u2022 Microeconomia: 04 (quatro) cr\u00e9ditos;<br \/>\n\u2022 Macroeconomia: 04 (quatro) cr\u00e9ditos;<br \/>\n\u2022 Econometria: 04 (quatro) cr\u00e9ditos;<br \/>\n\u2022 Semin\u00e1rio de Pesquisa I: 01 (um) cr\u00e9dito;<br \/>\n\u2022 Semin\u00e1rio de Pesquisa II: 01 (um) cr\u00e9dito;<br \/>\n\u2022 Orienta\u00e7\u00e3o Disserta\u00e7\u00e3o de Mestrado-I (ODM-I): 02 (dois) cr\u00e9ditos;<br \/>\n\u2022 Orienta\u00e7\u00e3o Disserta\u00e7\u00e3o de Mestrado-I (ODM-II): 02 (dois) cr\u00e9ditos;<br \/>\n\u2022 Est\u00e1gio de Doc\u00eancia de Mestrado (EDM): 02 (dois) cr\u00e9ditos.<\/p>\n<p>As disciplinas optativas do curso de Mestrado s\u00e3o ofertadas semestralmente e ser\u00e3o disponibilizadas no site do Programa.<\/p>\n<p>&nbsp;<\/p>\n<p><strong>Ementas das disciplinas \u00a0 \u00a0<\/strong><\/p>\n<p>M\u00e9todos Quantitativos: <strong><a href=\"http:\/\/www2.uepg.br\/ppgeco\/wp-content\/uploads\/sites\/130\/2020\/07\/Programa_M\u00e9todos-Quantitativos-2017-2018.pdf\" target=\"_blank\" rel=\"noopener noreferrer\">(Download)<\/a> <\/strong><\/p>\n<p>Microeconomia I: <strong><a href=\"http:\/\/www2.uepg.br\/ppgeco\/wp-content\/uploads\/sites\/130\/2020\/07\/Progrma_Microeconomia-2019.pdf\" target=\"_blank\" rel=\"noopener noreferrer\">(Download)<\/a><\/strong><\/p>\n<p>Macroeconomia I: <strong><a href=\"http:\/\/www2.uepg.br\/ppgeco\/wp-content\/uploads\/sites\/130\/2020\/07\/Programa-Macroeconomia-I.pdf\" target=\"_blank\" rel=\"noopener noreferrer\">(Download)<\/a> <\/strong><\/p>\n<p>Econometria I: <strong><a href=\"http:\/\/www2.uepg.br\/ppgeco\/wp-content\/uploads\/sites\/130\/2020\/07\/Programa-Econometria-I.pdf\" target=\"_blank\" rel=\"noopener noreferrer\">(Download)<\/a><\/strong><\/p>\n<p>Comercializa\u00e7\u00e3o Agr\u00edcola: <strong>\u00a0<a href=\"http:\/\/www2.uepg.br\/ppgeco\/wp-content\/uploads\/sites\/130\/2020\/07\/Programa_Comercializa\u00e7\u00e3o-Agr\u00edcola.pdf\" target=\"_blank\" rel=\"noopener noreferrer\">(Download)<\/a><\/strong><\/p>\n<p>Economia do Trabalho: <strong>\u00a0<a href=\"http:\/\/www2.uepg.br\/ppgeco\/wp-content\/uploads\/sites\/130\/2020\/07\/Programa_Disciplina_economia-do-trabalho.pdf\" target=\"_blank\" rel=\"noopener noreferrer\">(Download)<\/a><\/strong><\/p>\n<p>Macroeconomia III:<strong>\u00a0<a href=\"http:\/\/www2.uepg.br\/ppgeco\/wp-content\/uploads\/sites\/130\/2020\/07\/Programa_MacroIII_2019.pdf\" target=\"_blank\" rel=\"noopener noreferrer\">(Download)<\/a>\u00a0<\/strong><\/p>\n<p>Econometria Espacial: <strong><a href=\"http:\/\/www2.uepg.br\/ppgeco\/wp-content\/uploads\/sites\/130\/2020\/07\/Programa_Econometria-Espacial.pdf\" target=\"_blank\" rel=\"noopener noreferrer\">(Download)<\/a><\/strong><\/p>\n<p>M\u00e9todos e Modelos de An\u00e1lise Regional: <strong><a href=\"http:\/\/www2.uepg.br\/ppgeco\/wp-content\/uploads\/sites\/130\/2020\/07\/Programa_MMAR.pdf\" target=\"_blank\" rel=\"noopener noreferrer\">(Download)<\/a><\/strong><\/p>\n<p>&nbsp;<\/p>\n<p><strong>Disciplinas obrigat\u00f3rias:<\/strong><\/p>\n<p>M\u00e9todos Quantitativos: 04 (quatro) cr\u00e9ditos;<\/p>\n<p>Microeconomia: 04 (quatro) cr\u00e9ditos;<\/p>\n<p>Macroeconomia: 04 (quatro) cr\u00e9ditos;<\/p>\n<p>Econometria: 04 (quatro) cr\u00e9ditos;<\/p>\n<p>&nbsp;<\/p>\n<p><strong>Disciplinas optativas:<\/strong><\/p>\n<p>Microeconomia II;<\/p>\n<p>Macroeconomia II;<\/p>\n<p>Macroeconomia III;<\/p>\n<p>Econometria II;<\/p>\n<p>Comercializa\u00e7\u00e3o Agr\u00edcola;<\/p>\n<p>Economia Brasileira;<\/p>\n<p>Economia Internacional;<\/p>\n<p>Teorias do Desenvolvimento Regional;<\/p>\n<p>M\u00e9todos e Modelos de An\u00e1lise Regional;<\/p>\n<p>Avalia\u00e7\u00e3o de Pol\u00edticas P\u00fablicas;<\/p>\n<p>An\u00e1lise de dados espaciais;<\/p>\n<p>Economia Monet\u00e1ria;<\/p>\n<p>Macroeconomia Aberta;<\/p>\n<p>Mercado e rela\u00e7\u00f5es de trabalho;<\/p>\n<p>Otimiza\u00e7\u00e3o Din\u00e2mica;<\/p>\n<p>&nbsp;<\/p>\n<p><strong>Regulamento<\/strong><\/p>\n<p>Para obter o regulamento vigente do PPGEco-UEPG (a partir da turma de 2019).<strong><a href=\"http:\/\/www2.uepg.br\/ppgeco\/wp-content\/uploads\/sites\/130\/2020\/07\/Regulamento-Mestrado-2019.pdf\" target=\"_blank\" rel=\"noopener noreferrer\">(Download)<\/a><\/strong><\/p>\n<p>Para obter o regulamento antigo do PPGEco-UEPG (turmas 2017 e 2018).<strong><a href=\"http:\/\/www2.uepg.br\/ppgeco\/wp-content\/uploads\/sites\/130\/2020\/07\/Regulamento-Mestrado-2016.pdf\" target=\"_blank\" rel=\"noopener noreferrer\">(Download)<\/a> <\/strong><\/p>\n<p>&nbsp;<\/p>\n<p><strong>Procedimento para exame de qualifica\u00e7\u00e3o e defesa da disserta\u00e7\u00e3o\u00a0<\/strong><\/p>\n<p>Procedimentos para exame de qualifica\u00e7\u00e3o.<strong>\u00a0<a href=\"http:\/\/www2.uepg.br\/ppgeco\/wp-content\/uploads\/sites\/130\/2020\/07\/0-Normas-para-exame-de-qualifica\u00e7\u00e3o-1.doc\" target=\"_blank\" rel=\"noopener noreferrer\">(Download)<\/a><\/strong><\/p>\n<p>Requerimento de solicita\u00e7\u00e3o de banca de qualifica\u00e7\u00e3o.<strong><a href=\"http:\/\/www2.uepg.br\/ppgeco\/wp-content\/uploads\/sites\/130\/2020\/07\/1-Formul\u00e1rio-de-Solicita\u00e7\u00e3o-de-Banca-de-Qualifica\u00e7\u00e3o-Mestrado.doc\" target=\"_blank\" rel=\"noopener noreferrer\">(Download)<\/a> <\/strong><\/p>\n<p>Procedimentos para agendamento\u00a0de defesa de disserta\u00e7\u00e3o.<strong>\u00a0<a href=\"http:\/\/www2.uepg.br\/ppgeco\/wp-content\/uploads\/sites\/130\/2020\/07\/1-Formul\u00e1rio-de-Solicita\u00e7\u00e3o-de-Banca-de-Defesa-Mestrado.doc\" target=\"_blank\" rel=\"noopener noreferrer\">(Download)<\/a><\/strong><\/p>\n<p>Requerimento\u00a0de solicita\u00e7\u00e3o de banca de defesa.<strong><a href=\"http:\/\/www2.uepg.br\/ppgeco\/wp-content\/uploads\/sites\/130\/2020\/07\/1-Formul\u00e1rio-de-Solicita\u00e7\u00e3o-de-Banca-de-Defesa-Mestrado-1.doc\" target=\"_blank\" rel=\"noopener noreferrer\">(Download)<\/a><\/strong><\/p>\n<p>&nbsp;<\/p>\n<p><strong>Normatiza\u00e7\u00e3o da disserta\u00e7\u00e3o<\/strong><\/p>\n<p>Download Manual de Normaliza\u00e7\u00e3o UEPG.<strong>\u00a0<a href=\"http:\/\/www2.uepg.br\/ppgeco\/wp-content\/uploads\/sites\/130\/2020\/07\/Manual-de-Normaliza\u00e7\u00e3o-UEPG.pdf\" target=\"_blank\" rel=\"noopener noreferrer\">(Download)<\/a><\/strong><\/p>\n","protected":false},"excerpt":{"rendered":"<p>Curr\u00edculo O t\u00edtulo de Mestre em Economia ser\u00e1 concedido ao discente que cumprir as seguintes exig\u00eancias: \u2022 Concluir 24 (vinte e quatro) cr\u00e9ditos em disciplinas obrigat\u00f3rias; \u2022 Concluir 12 (doze) cr\u00e9ditos em disciplinas optativas; \u2022 Ser aprovado no Exame de Sufici\u00eancia em L\u00edngua Estrangeira \u2013 Ingl\u00eas; \u2022 Submeter um artigo a um peri\u00f3dico cient\u00edfico indexado&nbsp;&hellip;<\/p>\n","protected":false},"author":24,"featured_media":0,"parent":0,"menu_order":0,"comment_status":"closed","ping_status":"closed","template":"","meta":[],"_links":{"self":[{"href":"https:\/\/www2.uepg.br\/ppgeco\/wp-json\/wp\/v2\/pages\/50"}],"collection":[{"href":"https:\/\/www2.uepg.br\/ppgeco\/wp-json\/wp\/v2\/pages"}],"about":[{"href":"https:\/\/www2.uepg.br\/ppgeco\/wp-json\/wp\/v2\/types\/page"}],"author":[{"embeddable":true,"href":"https:\/\/www2.uepg.br\/ppgeco\/wp-json\/wp\/v2\/users\/24"}],"replies":[{"embeddable":true,"href":"https:\/\/www2.uepg.br\/ppgeco\/wp-json\/wp\/v2\/comments?post=50"}],"version-history":[{"count":4,"href":"https:\/\/www2.uepg.br\/ppgeco\/wp-json\/wp\/v2\/pages\/50\/revisions"}],"predecessor-version":[{"id":70,"href":"https:\/\/www2.uepg.br\/ppgeco\/wp-json\/wp\/v2\/pages\/50\/revisions\/70"}],"wp:attachment":[{"href":"https:\/\/www2.uepg.br\/ppgeco\/wp-json\/wp\/v2\/media?parent=50"}],"curies":[{"name":"wp","href":"https:\/\/api.w.org\/{rel}","templated":true}]}}