{"id":71,"date":"2020-07-24T15:14:42","date_gmt":"2020-07-24T18:14:42","guid":{"rendered":"http:\/\/www2.uepg.br\/ppgeco\/?page_id=71"},"modified":"2026-03-10T10:16:12","modified_gmt":"2026-03-10T13:16:12","slug":"calendario","status":"publish","type":"page","link":"https:\/\/www2.uepg.br\/ppgeco\/calendario\/","title":{"rendered":"Calend\u00e1rio"},"content":{"rendered":"<div id=\"pl-71\"  class=\"panel-layout\" ><div id=\"pg-71-0\"  class=\"panel-grid panel-no-style\" ><div id=\"pgc-71-0-0\"  class=\"panel-grid-cell\" ><div id=\"panel-71-0-0-0\" class=\"so-panel widget widget_sow-accordion panel-first-child panel-last-child\" data-index=\"0\" ><div\n\t\t\t\n\t\t\tclass=\"so-widget-sow-accordion so-widget-sow-accordion-default-bb1a11dbae05-71\"\n\t\t\t\n\t\t><div>\n\t<div class=\"sow-accordion\">\n\t\t\t<div class=\"sow-accordion-panel\"\n\t\t\t data-anchor=\"2026\">\n\t\t\t\t<div class=\"sow-accordion-panel-header-container\" role=\"heading\" aria-level=\"2\">\n\t\t\t\t\t<div class=\"sow-accordion-panel-header\" tabindex=\"0\" role=\"button\" id=\"accordion-label-2026\" aria-controls=\"accordion-content-2026\" aria-expanded=\"false\">\n\t\t\t\t\t\t<div class=\"sow-accordion-title sow-accordion-title-icon-left\">\n\t\t\t\t\t\t\t\t\t\t\t\t\t\t2026\t\t\t\t\t\t\t\t\t\t\t\t\t<\/div>\n\t\t\t\t\t\t<div class=\"sow-accordion-open-close-button\">\n\t\t\t\t\t\t\t<div class=\"sow-accordion-open-button\">\n\t\t\t\t\t\t\t\t<span class=\"sow-icon-ionicons\" data-sow-icon=\"&#xf218;\"\n\t\t \n\t\taria-hidden=\"true\"><\/span>\t\t\t\t\t\t\t<\/div>\n\t\t\t\t\t\t\t<div class=\"sow-accordion-close-button\">\n\t\t\t\t\t\t\t\t<span class=\"sow-icon-ionicons\" data-sow-icon=\"&#xf209;\"\n\t\t \n\t\taria-hidden=\"true\"><\/span>\t\t\t\t\t\t\t<\/div>\n\t\t\t\t\t\t<\/div>\n\t\t\t\t\t<\/div>\n\t\t\t\t<\/div>\n\n\t\t\t<div\n\t\t\t\tclass=\"sow-accordion-panel-content\"\n\t\t\t\trole=\"region\"\n\t\t\t\taria-labelledby=\"accordion-label-2026\"\n\t\t\t\tid=\"accordion-content-2026\"\n\t\t\t\tstyle=\"display: none;\"\t\t\t>\n\t\t\t\t<div class=\"sow-accordion-panel-border\" tabindex=\"0\">\n\t\t\t\t\t<p><a href=\"http:\/\/www2.uepg.br\/ppgeco\/wp-content\/uploads\/sites\/130\/2026\/02\/OFERTAS-DE-DISCIPLINAS-1o-SEMESTRE-DE-2026-PPGECO.pdf\">OFERTAS DE DISCIPLINAS - 1\u00ba SEMESTRE DE 2026 - PPGECO<\/a><\/p>\n<p><a href=\"http:\/\/www2.uepg.br\/ppgeco\/wp-content\/uploads\/sites\/130\/2026\/03\/CALENDARIO-2026-novo.pdf\">CALENDARIO 2026 <\/a><\/p>\n\t\t\t\t<\/div>\n\t\t\t<\/div>\n\t\t<\/div>\n\t\t\t<div class=\"sow-accordion-panel\"\n\t\t\t data-anchor=\"2025\">\n\t\t\t\t<div class=\"sow-accordion-panel-header-container\" role=\"heading\" aria-level=\"2\">\n\t\t\t\t\t<div class=\"sow-accordion-panel-header\" tabindex=\"0\" role=\"button\" id=\"accordion-label-2025\" aria-controls=\"accordion-content-2025\" aria-expanded=\"false\">\n\t\t\t\t\t\t<div class=\"sow-accordion-title sow-accordion-title-icon-left\">\n\t\t\t\t\t\t\t\t\t\t\t\t\t\t2025\t\t\t\t\t\t\t\t\t\t\t\t\t<\/div>\n\t\t\t\t\t\t<div class=\"sow-accordion-open-close-button\">\n\t\t\t\t\t\t\t<div class=\"sow-accordion-open-button\">\n\t\t\t\t\t\t\t\t<span class=\"sow-icon-ionicons\" data-sow-icon=\"&#xf218;\"\n\t\t \n\t\taria-hidden=\"true\"><\/span>\t\t\t\t\t\t\t<\/div>\n\t\t\t\t\t\t\t<div class=\"sow-accordion-close-button\">\n\t\t\t\t\t\t\t\t<span class=\"sow-icon-ionicons\" data-sow-icon=\"&#xf209;\"\n\t\t \n\t\taria-hidden=\"true\"><\/span>\t\t\t\t\t\t\t<\/div>\n\t\t\t\t\t\t<\/div>\n\t\t\t\t\t<\/div>\n\t\t\t\t<\/div>\n\n\t\t\t<div\n\t\t\t\tclass=\"sow-accordion-panel-content\"\n\t\t\t\trole=\"region\"\n\t\t\t\taria-labelledby=\"accordion-label-2025\"\n\t\t\t\tid=\"accordion-content-2025\"\n\t\t\t\tstyle=\"display: none;\"\t\t\t>\n\t\t\t\t<div class=\"sow-accordion-panel-border\" tabindex=\"0\">\n\t\t\t\t\t<p><a href=\"http:\/\/www2.uepg.br\/ppgeco\/wp-content\/uploads\/sites\/130\/2025\/08\/OFERTAS-DE-DISCIPLINAS-PARA-O-2o-SEMESTRE-DE-2025-PPGECO.pdf\">OFERTAS DE DISCIPLINAS\u00a0 E DATA DE MATR\u00cdCULAS PARA O 2o-SEMESTRE DE 2025 - PPGECO<\/a><\/p>\n<hr \/>\n<p><a href=\"http:\/\/www2.uepg.br\/ppgeco\/wp-content\/uploads\/sites\/130\/2025\/04\/OFERTAS-DE-DISCIPLINAS-1o-SEMESTRE-DE-2025.pdf\">ALTERA\u00c7\u00c3O NOS DIAS E HOR\u00c1RIOS DAS\u00a0 DISCIPLINAS DO 1o SEMESTRE DE 2025<\/a><\/p>\n<p><a href=\"http:\/\/www2.uepg.br\/ppgeco\/wp-content\/uploads\/sites\/130\/2025\/02\/MATRICULAS-1o-SEMESTRE-DE-2025-PPGECO.pdf\">MATRICULAS 1o SEMESTRE DE 2025 - PPGECO<\/a><\/p>\n<p><a href=\"http:\/\/www2.uepg.br\/ppgeco\/wp-content\/uploads\/sites\/130\/2025\/02\/OFERTAS-DE-DISCIPLINAS-1o-SEMESTRE-DE-2025.pdf\">OFERTAS DE DISCIPLINAS - 1o SEMESTRE-DE-2025<\/a><\/p>\n<p><a href=\"http:\/\/www2.uepg.br\/ppgeco\/wp-content\/uploads\/sites\/130\/2025\/06\/CALENDARIO-NOVO-PPGECO.pdf\">CALEND\u00c1RIO NOVO- PPGECO 2025<\/a><\/p>\n\t\t\t\t<\/div>\n\t\t\t<\/div>\n\t\t<\/div>\n\t\t\t<div class=\"sow-accordion-panel\"\n\t\t\t data-anchor=\"2024\">\n\t\t\t\t<div class=\"sow-accordion-panel-header-container\" role=\"heading\" aria-level=\"2\">\n\t\t\t\t\t<div class=\"sow-accordion-panel-header\" tabindex=\"0\" role=\"button\" id=\"accordion-label-2024\" aria-controls=\"accordion-content-2024\" aria-expanded=\"false\">\n\t\t\t\t\t\t<div class=\"sow-accordion-title sow-accordion-title-icon-left\">\n\t\t\t\t\t\t\t\t\t\t\t\t\t\t2024\t\t\t\t\t\t\t\t\t\t\t\t\t<\/div>\n\t\t\t\t\t\t<div class=\"sow-accordion-open-close-button\">\n\t\t\t\t\t\t\t<div class=\"sow-accordion-open-button\">\n\t\t\t\t\t\t\t\t<span class=\"sow-icon-ionicons\" data-sow-icon=\"&#xf218;\"\n\t\t \n\t\taria-hidden=\"true\"><\/span>\t\t\t\t\t\t\t<\/div>\n\t\t\t\t\t\t\t<div class=\"sow-accordion-close-button\">\n\t\t\t\t\t\t\t\t<span class=\"sow-icon-ionicons\" data-sow-icon=\"&#xf209;\"\n\t\t \n\t\taria-hidden=\"true\"><\/span>\t\t\t\t\t\t\t<\/div>\n\t\t\t\t\t\t<\/div>\n\t\t\t\t\t<\/div>\n\t\t\t\t<\/div>\n\n\t\t\t<div\n\t\t\t\tclass=\"sow-accordion-panel-content\"\n\t\t\t\trole=\"region\"\n\t\t\t\taria-labelledby=\"accordion-label-2024\"\n\t\t\t\tid=\"accordion-content-2024\"\n\t\t\t\tstyle=\"display: none;\"\t\t\t>\n\t\t\t\t<div class=\"sow-accordion-panel-border\" tabindex=\"0\">\n\t\t\t\t\t<p><a href=\"http:\/\/www2.uepg.br\/ppgeco\/wp-content\/uploads\/sites\/130\/2024\/07\/MATRICULAS-2o-SEMESTRE-DE-2024-PPGECO.pdf\">MATRICULAS 2o SEMESTRE DE 2024 - PPGECO<\/a><\/p>\n<p><a href=\"http:\/\/www2.uepg.br\/ppgeco\/wp-content\/uploads\/sites\/130\/2024\/07\/OFERTAS-DE-DISCIPLINAS-PARA-O-2o-SEMSTRE-DE-2024-PPGECO-NOVO.pdf\">OFERTAS DE DISCIPLINAS PARA O 2\u00ba SEMSTRE DE 2024 - PPGECO<\/a><\/p>\n<p><a href=\"http:\/\/www2.uepg.br\/ppgeco\/wp-content\/uploads\/sites\/130\/2024\/02\/MATRICULAS-1o-SEMSTRE-DE-2024-PPGECO-1.pdf\">MATR\u00cdCULAS 1\u00ba SEMESTRE DE 2024 - PPGECO<\/a> - <span style=\"color: #ff0000\">DATAS ALTERADAS<\/span><\/p>\n<p><a href=\"http:\/\/www2.uepg.br\/ppgeco\/wp-content\/uploads\/sites\/130\/2024\/02\/OFERTAS-DE-DISCIPLINAS-1o-SEMESTRE-DE-2024-PPGECO-1.pdf\">OFERTAS-DE-DISCIPLINAS-1o-SEMESTRE-DE-2024-PPGECO (1)<\/a><\/p>\n<p><a href=\"http:\/\/www2.uepg.br\/ppgeco\/wp-content\/uploads\/sites\/130\/2024\/02\/Selecionado-ANPEC.pdf\">Selecionado - ANPEC<\/a><\/p>\n<p><a href=\"http:\/\/www2.uepg.br\/ppgeco\/wp-content\/uploads\/sites\/130\/2024\/02\/DATAS-E-HORARIOS-DA-DISCIPLINA-DE-METODOS-QUANTITATIVOS.pdf\">DATAS E HOR\u00c1RIOS DA DISCIPLINA DE M\u00c9TODOS QUANTITATIVOS - UEPG CENTRAL<\/a><\/p>\n<p><a href=\"http:\/\/www2.uepg.br\/ppgeco\/wp-content\/uploads\/sites\/130\/2024\/02\/Programa-de-Metodos-Quantitativos-Mestrado-2024-1.pdf\">Programa de M\u00e9todos Quantitativos - Mestrado 2024 (1)<\/a><\/p>\n<p><a href=\"http:\/\/www2.uepg.br\/ppgeco\/wp-content\/uploads\/sites\/130\/2024\/05\/CALENDARIO-2024.pdf\">CALENDARIO 2024<\/a><\/p>\n\t\t\t\t<\/div>\n\t\t\t<\/div>\n\t\t<\/div>\n\t\t\t<div class=\"sow-accordion-panel\"\n\t\t\t data-anchor=\"2023\">\n\t\t\t\t<div class=\"sow-accordion-panel-header-container\" role=\"heading\" aria-level=\"2\">\n\t\t\t\t\t<div class=\"sow-accordion-panel-header\" tabindex=\"0\" role=\"button\" id=\"accordion-label-2023\" aria-controls=\"accordion-content-2023\" aria-expanded=\"false\">\n\t\t\t\t\t\t<div class=\"sow-accordion-title sow-accordion-title-icon-left\">\n\t\t\t\t\t\t\t\t\t\t\t\t\t\t2023\t\t\t\t\t\t\t\t\t\t\t\t\t<\/div>\n\t\t\t\t\t\t<div class=\"sow-accordion-open-close-button\">\n\t\t\t\t\t\t\t<div class=\"sow-accordion-open-button\">\n\t\t\t\t\t\t\t\t<span class=\"sow-icon-ionicons\" data-sow-icon=\"&#xf218;\"\n\t\t \n\t\taria-hidden=\"true\"><\/span>\t\t\t\t\t\t\t<\/div>\n\t\t\t\t\t\t\t<div class=\"sow-accordion-close-button\">\n\t\t\t\t\t\t\t\t<span class=\"sow-icon-ionicons\" data-sow-icon=\"&#xf209;\"\n\t\t \n\t\taria-hidden=\"true\"><\/span>\t\t\t\t\t\t\t<\/div>\n\t\t\t\t\t\t<\/div>\n\t\t\t\t\t<\/div>\n\t\t\t\t<\/div>\n\n\t\t\t<div\n\t\t\t\tclass=\"sow-accordion-panel-content\"\n\t\t\t\trole=\"region\"\n\t\t\t\taria-labelledby=\"accordion-label-2023\"\n\t\t\t\tid=\"accordion-content-2023\"\n\t\t\t\tstyle=\"display: none;\"\t\t\t>\n\t\t\t\t<div class=\"sow-accordion-panel-border\" tabindex=\"0\">\n\t\t\t\t\t<p><a href=\"http:\/\/www2.uepg.br\/ppgeco\/wp-content\/uploads\/sites\/130\/2023\/08\/MATRICULAS-ALUNOS-REGULARES-2o-SEMESTRE-DE-2023-1.pdf\">MATR\u00cdCULAS ALUNOS REGULARES - 2\u00ba SEMESTRE DE 2023<\/a><\/p>\n<p><a href=\"http:\/\/www2.uepg.br\/ppgeco\/wp-content\/uploads\/sites\/130\/2023\/07\/PPGECO-OFERTAS-DISCIPLINAS-2o-SEMESTRE-DE-2023.pdf\">PPGECO- OFERTAS DISCIPLINAS 2\u00ba SEMESTRE DE 2023<\/a><\/p>\n<p><a href=\"http:\/\/www2.uepg.br\/ppgeco\/wp-content\/uploads\/sites\/130\/2023\/07\/SEMINARIO-DE-PROJETOS-DE-DISSERTACAO.pdf\">SEMIN\u00c1RIO DE PROJETOS DE DISSERTA\u00c7\u00c3O<\/a><\/p>\n<p><a href=\"http:\/\/www2.uepg.br\/ppgeco\/wp-content\/uploads\/sites\/130\/2023\/02\/Matriculas-para-alunos-regulares-TRUMA-2021-2022.pdf\">MATR\u00cdCULAS PARA ALUNOS REGULARES - TUMA 2021\/2022<\/a><\/p>\n<p><a href=\"http:\/\/www2.uepg.br\/ppgeco\/wp-content\/uploads\/sites\/130\/2023\/02\/OFERTAS-DE-DISCIPLINAS-1o-SEMESTRE-DE-2023-PPGECO.pdf\">OFERTAS DE DISCIPLINAS- 1\u00ba SEMESTRE DE 2023 - PPGECO<\/a><\/p>\n<p><a href=\"http:\/\/www2.uepg.br\/ppgeco\/wp-content\/uploads\/sites\/130\/2023\/02\/PROGRAMA-DE-DISCIPLINA-METODOS-QUANTITATIVOS-2023.pdf\">PROGRAMA DE DISCIPLINA - M\u00c9TODOS QUANTITATIVOS 2023<\/a><\/p>\n<p><a href=\"http:\/\/www2.uepg.br\/ppgeco\/wp-content\/uploads\/sites\/130\/2022\/12\/Calendario-PPGEco-2023.pdf\">CALEND\u00c1RIO PPGEco - 2023<\/a><\/p>\n\t\t\t\t<\/div>\n\t\t\t<\/div>\n\t\t<\/div>\n\t\t\t<div class=\"sow-accordion-panel\"\n\t\t\t data-anchor=\"2022\">\n\t\t\t\t<div class=\"sow-accordion-panel-header-container\" role=\"heading\" aria-level=\"2\">\n\t\t\t\t\t<div class=\"sow-accordion-panel-header\" tabindex=\"0\" role=\"button\" id=\"accordion-label-2022\" aria-controls=\"accordion-content-2022\" aria-expanded=\"false\">\n\t\t\t\t\t\t<div class=\"sow-accordion-title sow-accordion-title-icon-left\">\n\t\t\t\t\t\t\t\t\t\t\t\t\t\t2022\t\t\t\t\t\t\t\t\t\t\t\t\t<\/div>\n\t\t\t\t\t\t<div class=\"sow-accordion-open-close-button\">\n\t\t\t\t\t\t\t<div class=\"sow-accordion-open-button\">\n\t\t\t\t\t\t\t\t<span class=\"sow-icon-ionicons\" data-sow-icon=\"&#xf218;\"\n\t\t \n\t\taria-hidden=\"true\"><\/span>\t\t\t\t\t\t\t<\/div>\n\t\t\t\t\t\t\t<div class=\"sow-accordion-close-button\">\n\t\t\t\t\t\t\t\t<span class=\"sow-icon-ionicons\" data-sow-icon=\"&#xf209;\"\n\t\t \n\t\taria-hidden=\"true\"><\/span>\t\t\t\t\t\t\t<\/div>\n\t\t\t\t\t\t<\/div>\n\t\t\t\t\t<\/div>\n\t\t\t\t<\/div>\n\n\t\t\t<div\n\t\t\t\tclass=\"sow-accordion-panel-content\"\n\t\t\t\trole=\"region\"\n\t\t\t\taria-labelledby=\"accordion-label-2022\"\n\t\t\t\tid=\"accordion-content-2022\"\n\t\t\t\tstyle=\"display: none;\"\t\t\t>\n\t\t\t\t<div class=\"sow-accordion-panel-border\" tabindex=\"0\">\n\t\t\t\t\t<p><a href=\"http:\/\/www2.uepg.br\/ppgeco\/wp-content\/uploads\/sites\/130\/2022\/12\/Calendario-Exame-ANPEC-2023.pdf\">Calendario-Exame-ANPEC-2023<\/a><\/p>\n<p><a href=\"http:\/\/www2.uepg.br\/ppgeco\/wp-content\/uploads\/sites\/130\/2022\/07\/MATRICULAS-2o-SEMESTRE-DE-2022.pdf\">MATR\u00cdCULAS 2\u00ba SEMESTRE DE 2022<\/a><\/p>\n<p><a href=\"http:\/\/www2.uepg.br\/ppgeco\/wp-content\/uploads\/sites\/130\/2022\/07\/Disciplinas-que-serao-ofertadas-no-2o-semestre-de-2022-.pdf\">DISCIPLINAS QUE SER\u00c3O OFERTADAS NO 2\u00ba SEMESTRE DE 2022<\/a><\/p>\n<p><a href=\"http:\/\/www2.uepg.br\/ppgeco\/wp-content\/uploads\/sites\/130\/2022\/03\/MATRICULAS-1o-SEMESTRE-DE-2022-PPGECO-SELECAO-INTERNA.pdf\">MATR\u00cdCULAS 1\u00ba SEMESTRE DE 2022 - PPGECO- SELE\u00c7\u00c3O INTERNA<\/a>-RETIFICADO<\/p>\n<p><a href=\"http:\/\/www2.uepg.br\/ppgeco\/wp-content\/uploads\/sites\/130\/2022\/02\/MATRICULAS-1o-SEMESTRE-DE-2022-PPGECO-1.pdf\">MATR\u00cdCULAS 1\u00ba SEMESTRE DE 2022 - PPGECO <\/a><\/p>\n<p><a href=\"http:\/\/www2.uepg.br\/ppgeco\/wp-content\/uploads\/sites\/130\/2022\/02\/CALENDARIO-DO-PROGRAMA-DE-POS-GRADUACAO-EM-ECONOMIA-ANO-LETIVO-2022-ALTERADO.pdf\">CALEND\u00c1RIO DO PROGRAMA DE P\u00d3S-GRADUA\u00c7\u00c3O EM ECONOMIA - ANO LETIVO 2022- <strong>ALTERADO<\/strong><\/a><\/p>\n<p><a href=\"http:\/\/www2.uepg.br\/ppgeco\/wp-content\/uploads\/sites\/130\/2021\/12\/DISCIPLINA-DE-METODOS-QUANTITATIVOS-PARA-A-SELECAO-INTERNA-2022.pdf\">DISCIPLINA DE M\u00c9TODOS QUANTITATIVOS PARA A SELE\u00c7\u00c3O INTERNA - 2022<\/a><\/p>\n\t\t\t\t<\/div>\n\t\t\t<\/div>\n\t\t<\/div>\n\t\t\t<div class=\"sow-accordion-panel\"\n\t\t\t data-anchor=\"2021\">\n\t\t\t\t<div class=\"sow-accordion-panel-header-container\" role=\"heading\" aria-level=\"2\">\n\t\t\t\t\t<div class=\"sow-accordion-panel-header\" tabindex=\"0\" role=\"button\" id=\"accordion-label-2021\" aria-controls=\"accordion-content-2021\" aria-expanded=\"false\">\n\t\t\t\t\t\t<div class=\"sow-accordion-title sow-accordion-title-icon-left\">\n\t\t\t\t\t\t\t\t\t\t\t\t\t\t2021\t\t\t\t\t\t\t\t\t\t\t\t\t<\/div>\n\t\t\t\t\t\t<div class=\"sow-accordion-open-close-button\">\n\t\t\t\t\t\t\t<div class=\"sow-accordion-open-button\">\n\t\t\t\t\t\t\t\t<span class=\"sow-icon-ionicons\" data-sow-icon=\"&#xf218;\"\n\t\t \n\t\taria-hidden=\"true\"><\/span>\t\t\t\t\t\t\t<\/div>\n\t\t\t\t\t\t\t<div class=\"sow-accordion-close-button\">\n\t\t\t\t\t\t\t\t<span class=\"sow-icon-ionicons\" data-sow-icon=\"&#xf209;\"\n\t\t \n\t\taria-hidden=\"true\"><\/span>\t\t\t\t\t\t\t<\/div>\n\t\t\t\t\t\t<\/div>\n\t\t\t\t\t<\/div>\n\t\t\t\t<\/div>\n\n\t\t\t<div\n\t\t\t\tclass=\"sow-accordion-panel-content\"\n\t\t\t\trole=\"region\"\n\t\t\t\taria-labelledby=\"accordion-label-2021\"\n\t\t\t\tid=\"accordion-content-2021\"\n\t\t\t\tstyle=\"display: none;\"\t\t\t>\n\t\t\t\t<div class=\"sow-accordion-panel-border\" tabindex=\"0\">\n\t\t\t\t\t<p><a href=\"http:\/\/www2.uepg.br\/ppgeco\/wp-content\/uploads\/sites\/130\/2021\/08\/MATRICULAS-2o-SEMESTRE-DE-2021-PARA-ALUNOS-REGULARES-DO-PPGECO.pdf\">MATR\u00cdCULAS 2\u00ba SEMESTRE DE 2021 PARA ALUNOS REGULARES DO PPGECO<\/a><\/p>\n<p><a href=\"http:\/\/www2.uepg.br\/ppgeco\/wp-content\/uploads\/sites\/130\/2021\/08\/OFERTAS-DE-DISCIPLINAS-PARAO-2o-SEMESTRE-DE-2021-.pdf\">OFERTAS DE DISCIPLINAS PARA O 2\u00ba SEMESTRE DE 2021 <\/a><\/p>\n<p><a href=\"http:\/\/www2.uepg.br\/ppgeco\/wp-content\/uploads\/sites\/130\/2021\/04\/INFORMACOES-PARA-DISCENTES-INGRESSOS-EM-2020.pdf\">INFORMA\u00c7\u00d5ES PARA DISCENTES QUE INGRESSARAM NO CURSO EM 2020<\/a><\/p>\n<p><a href=\"http:\/\/www2.uepg.br\/ppgeco\/wp-content\/uploads\/sites\/130\/2021\/03\/MATRICULAS-1o-SEMESTRE-DE-2021-PARA-ALUNOS-REGULARES-DO-PPGECO-1.pdf\" target=\"_blank\" rel=\"noopener\">MATR\u00cdCULAS 1\u00ba SEMESTRE DE 2021 PARA ALUNOS REGULARES DO PPGECO<\/a><\/p>\n<p><a href=\"http:\/\/www2.uepg.br\/ppgeco\/wp-content\/uploads\/sites\/130\/2021\/03\/CALENDARIO-DA-DISCIPLINA-DE-METODOS-QUANTITATIVOS.pdf\" target=\"_blank\" rel=\"noopener\">CALEND\u00c1RIO DA DISCIPLINA DE M\u00c9TODOS QUANTITATIVOS<\/a><\/p>\n<p><a href=\"http:\/\/www2.uepg.br\/ppgeco\/wp-content\/uploads\/sites\/130\/2021\/03\/OFERTAS-DAS-DISCIPLINAS-DO-ANO-LETIVO-DE-2021.pdf\" target=\"_blank\" rel=\"noopener\">OFERTAS DAS DISCIPLINAS DO ANO LETIVO DE 2021<\/a><\/p>\n<p><a href=\"http:\/\/www2.uepg.br\/ppgeco\/wp-content\/uploads\/sites\/130\/2021\/02\/Calendario-2021.pdf\" target=\"_blank\" rel=\"noopener\">Calend\u00e1rio 2021<\/a><\/p>\n\t\t\t\t<\/div>\n\t\t\t<\/div>\n\t\t<\/div>\n\t\t\t<div class=\"sow-accordion-panel\"\n\t\t\t data-anchor=\"2020\">\n\t\t\t\t<div class=\"sow-accordion-panel-header-container\" role=\"heading\" aria-level=\"2\">\n\t\t\t\t\t<div class=\"sow-accordion-panel-header\" tabindex=\"0\" role=\"button\" id=\"accordion-label-2020\" aria-controls=\"accordion-content-2020\" aria-expanded=\"false\">\n\t\t\t\t\t\t<div class=\"sow-accordion-title sow-accordion-title-icon-left\">\n\t\t\t\t\t\t\t\t\t\t\t\t\t\t2020\t\t\t\t\t\t\t\t\t\t\t\t\t<\/div>\n\t\t\t\t\t\t<div class=\"sow-accordion-open-close-button\">\n\t\t\t\t\t\t\t<div class=\"sow-accordion-open-button\">\n\t\t\t\t\t\t\t\t<span class=\"sow-icon-ionicons\" data-sow-icon=\"&#xf218;\"\n\t\t \n\t\taria-hidden=\"true\"><\/span>\t\t\t\t\t\t\t<\/div>\n\t\t\t\t\t\t\t<div class=\"sow-accordion-close-button\">\n\t\t\t\t\t\t\t\t<span class=\"sow-icon-ionicons\" data-sow-icon=\"&#xf209;\"\n\t\t \n\t\taria-hidden=\"true\"><\/span>\t\t\t\t\t\t\t<\/div>\n\t\t\t\t\t\t<\/div>\n\t\t\t\t\t<\/div>\n\t\t\t\t<\/div>\n\n\t\t\t<div\n\t\t\t\tclass=\"sow-accordion-panel-content\"\n\t\t\t\trole=\"region\"\n\t\t\t\taria-labelledby=\"accordion-label-2020\"\n\t\t\t\tid=\"accordion-content-2020\"\n\t\t\t\tstyle=\"display: none;\"\t\t\t>\n\t\t\t\t<div class=\"sow-accordion-panel-border\" tabindex=\"0\">\n\t\t\t\t\t<p><a href=\"http:\/\/www2.uepg.br\/ppgeco\/wp-content\/uploads\/sites\/130\/2020\/09\/MATRICULAS-2o-SEMESTRE-DE-2020-PARA-ALUNOS-REGULARES.pdf\" target=\"_blank\" rel=\"noopener\">2\u00ba SEMESTRE DE 2020 PARA ALUNOS REGULARES<\/a><\/p>\n<hr \/>\n<p><a href=\"http:\/\/www2.uepg.br\/ppgeco\/wp-content\/uploads\/sites\/130\/2020\/09\/HORARIOS-2o-SEMESTRE.-2020-4.pdf\" target=\"_blank\" rel=\"noopener\">PROGRAMA\u00c7\u00c3O DAS DISCIPLINAS DO 2\u00ba SEMESTRE DE 2020<\/a><\/p>\n<hr \/>\n<p><a href=\"http:\/\/www2.uepg.br\/ppgeco\/wp-content\/uploads\/sites\/130\/2020\/09\/ROGRAMACAO-DAS-DISCIPLINAS-DO-1o-SEMESTRE-DE-2020.pdf\" target=\"_blank\" rel=\"noopener\">PROGRAMA\u00c7\u00c3O DAS DISCIPLINAS DO 1\u00ba SEMESTRE DE 2020<\/a><\/p>\n\t\t\t\t<\/div>\n\t\t\t<\/div>\n\t\t<\/div>\n\t\t<\/div>\n<\/div>\n<\/div><\/div><\/div><\/div><\/div>","protected":false},"excerpt":{"rendered":"<p>2026 OFERTAS DE DISCIPLINAS &#8211; 1\u00ba SEMESTRE DE 2026 &#8211; PPGECO CALENDARIO 2026 2025 OFERTAS DE DISCIPLINAS\u00a0 E DATA DE MATR\u00cdCULAS PARA O 2o-SEMESTRE DE 2025 &#8211; PPGECO ALTERA\u00c7\u00c3O NOS DIAS E HOR\u00c1RIOS DAS\u00a0 DISCIPLINAS DO 1o SEMESTRE DE 2025 MATRICULAS 1o SEMESTRE DE 2025 &#8211; PPGECO OFERTAS DE DISCIPLINAS &#8211; 1o SEMESTRE-DE-2025 CALEND\u00c1RIO NOVO-&nbsp;&hellip;<\/p>\n","protected":false},"author":24,"featured_media":0,"parent":0,"menu_order":0,"comment_status":"closed","ping_status":"closed","template":"","meta":[],"_links":{"self":[{"href":"https:\/\/www2.uepg.br\/ppgeco\/wp-json\/wp\/v2\/pages\/71"}],"collection":[{"href":"https:\/\/www2.uepg.br\/ppgeco\/wp-json\/wp\/v2\/pages"}],"about":[{"href":"https:\/\/www2.uepg.br\/ppgeco\/wp-json\/wp\/v2\/types\/page"}],"author":[{"embeddable":true,"href":"https:\/\/www2.uepg.br\/ppgeco\/wp-json\/wp\/v2\/users\/24"}],"replies":[{"embeddable":true,"href":"https:\/\/www2.uepg.br\/ppgeco\/wp-json\/wp\/v2\/comments?post=71"}],"version-history":[{"count":116,"href":"https:\/\/www2.uepg.br\/ppgeco\/wp-json\/wp\/v2\/pages\/71\/revisions"}],"predecessor-version":[{"id":1968,"href":"https:\/\/www2.uepg.br\/ppgeco\/wp-json\/wp\/v2\/pages\/71\/revisions\/1968"}],"wp:attachment":[{"href":"https:\/\/www2.uepg.br\/ppgeco\/wp-json\/wp\/v2\/media?parent=71"}],"curies":[{"name":"wp","href":"https:\/\/api.w.org\/{rel}","templated":true}]}}