{"id":971,"date":"2021-12-14T12:54:06","date_gmt":"2021-12-14T15:54:06","guid":{"rendered":"https:\/\/www2.uepg.br\/ppgeco\/?page_id=971"},"modified":"2021-12-14T12:56:08","modified_gmt":"2021-12-14T15:56:08","slug":"selecao-interna-do-ppgeco-inscricoes-prorrogadas","status":"publish","type":"page","link":"https:\/\/www2.uepg.br\/ppgeco\/selecao-interna-do-ppgeco-inscricoes-prorrogadas\/","title":{"rendered":"Sele\u00e7\u00e3o interna do PPGECO &#8211; Inscri\u00e7\u00f5es prorrogadas"},"content":{"rendered":"<p><a href=\"http:\/\/www2.uepg.br\/ppgeco\/wp-content\/uploads\/sites\/130\/2021\/12\/EDITAL-11-DE-2021-SELECAO-INTERNA-2022-PPGECO-1.pdf\">EDITAL 11\/2021 &#8211; SELE\u00c7\u00c3O INTERNA &#8211; 2022 &#8211; PPGECO<\/a><\/p>\n","protected":false},"excerpt":{"rendered":"<p>EDITAL 11\/2021 &#8211; SELE\u00c7\u00c3O INTERNA &#8211; 2022 &#8211; PPGECO<\/p>\n","protected":false},"author":163,"featured_media":0,"parent":0,"menu_order":0,"comment_status":"closed","ping_status":"closed","template":"","meta":[],"_links":{"self":[{"href":"https:\/\/www2.uepg.br\/ppgeco\/wp-json\/wp\/v2\/pages\/971"}],"collection":[{"href":"https:\/\/www2.uepg.br\/ppgeco\/wp-json\/wp\/v2\/pages"}],"about":[{"href":"https:\/\/www2.uepg.br\/ppgeco\/wp-json\/wp\/v2\/types\/page"}],"author":[{"embeddable":true,"href":"https:\/\/www2.uepg.br\/ppgeco\/wp-json\/wp\/v2\/users\/163"}],"replies":[{"embeddable":true,"href":"https:\/\/www2.uepg.br\/ppgeco\/wp-json\/wp\/v2\/comments?post=971"}],"version-history":[{"count":2,"href":"https:\/\/www2.uepg.br\/ppgeco\/wp-json\/wp\/v2\/pages\/971\/revisions"}],"predecessor-version":[{"id":974,"href":"https:\/\/www2.uepg.br\/ppgeco\/wp-json\/wp\/v2\/pages\/971\/revisions\/974"}],"wp:attachment":[{"href":"https:\/\/www2.uepg.br\/ppgeco\/wp-json\/wp\/v2\/media?parent=971"}],"curies":[{"name":"wp","href":"https:\/\/api.w.org\/{rel}","templated":true}]}}