{"id":121,"date":"2021-08-11T12:31:23","date_gmt":"2021-08-11T15:31:23","guid":{"rendered":"https:\/\/www2.uepg.br\/ppgef\/?page_id=121"},"modified":"2026-03-19T15:26:31","modified_gmt":"2026-03-19T18:26:31","slug":"colegiado","status":"publish","type":"page","link":"https:\/\/www2.uepg.br\/ppgef\/colegiado\/","title":{"rendered":"Colegiado"},"content":{"rendered":"<p><strong>COLEGIADO DO CURSO<\/strong><\/p>\n<p>O Colegiado de P\u00f3s\u2013Gradua\u00e7\u00e3o do Mestrado Profissional em Ensino de F\u00edsica da UEPG \u2013 Polo 35 do Mestrado Nacional Profissional em Ensino de F\u00edsica &#8211; MNPEF, \u00e9 respons\u00e1vel pela coordena\u00e7\u00e3o did\u00e1tico\u2013pedag\u00f3gica e pela administra\u00e7\u00e3o do Polo 35 do MNPEF, estando subordinado ao Conselho e Comiss\u00e3o de P\u00f3s Gradua\u00e7\u00e3o do MNPEF -SBF e Conselhos Superiores da UEPG.<\/p>\n<p>O Colegiado tem representa\u00e7\u00e3o na Comiss\u00e3o de P\u00f3s-Gradua\u00e7\u00e3o da UEPG e Colegiado do Setor de Ci\u00eancias Exatas e da Natureza.<\/p>\n<p><strong>COORDENA\u00c7\u00c3O<\/strong><\/p>\n<p>Prof. Dr. Jeremias Borges da Silva &#8211; Coordenador (01 mar\u00e7o 2025 &#8211; 30 abril 2026)<br \/>\nProf. Dr. Julio Flemming Neto\u00a0 &#8211; vice &#8211; Coordenador (01 mar\u00e7o 2025 &#8211; 30 abril 2026)<\/p>\n<p><strong>TITULARES<\/strong><\/p>\n<p>Prof. Dr. Andr\u00e9 Maur\u00edcio Brinatti (01 mar\u00e7o 2025 &#8211; 30 abril 2026)<br \/>\nProf. Dr. Lucas Stori de Lara (01 mar\u00e7o 2025 &#8211; 30 abril 2026)<br \/>\nProf. Dr. Paulo C\u00e9sar Facin (01 mar\u00e7o 2025 &#8211; 30 abril 2026)<\/p>\n<p>(Representante Discente)<\/p>\n<p><strong>SUPLENTES<\/strong><\/p>\n<p>Prof. Dr.\u00a0 Luiz Am\u00e9rico Alves Pereira<\/p>\n<p>&nbsp;<\/p>\n","protected":false},"excerpt":{"rendered":"<p>COLEGIADO DO CURSO O Colegiado de P\u00f3s\u2013Gradua\u00e7\u00e3o do Mestrado Profissional em Ensino de F\u00edsica da UEPG \u2013 Polo 35 do Mestrado Nacional Profissional em Ensino de F\u00edsica &#8211; MNPEF, \u00e9 respons\u00e1vel pela coordena\u00e7\u00e3o did\u00e1tico\u2013pedag\u00f3gica e pela administra\u00e7\u00e3o do Polo 35 do MNPEF, estando subordinado ao Conselho e Comiss\u00e3o de P\u00f3s Gradua\u00e7\u00e3o do MNPEF -SBF e&nbsp;&hellip;<\/p>\n","protected":false},"author":305,"featured_media":0,"parent":0,"menu_order":0,"comment_status":"closed","ping_status":"closed","template":"","meta":[],"_links":{"self":[{"href":"https:\/\/www2.uepg.br\/ppgef\/wp-json\/wp\/v2\/pages\/121"}],"collection":[{"href":"https:\/\/www2.uepg.br\/ppgef\/wp-json\/wp\/v2\/pages"}],"about":[{"href":"https:\/\/www2.uepg.br\/ppgef\/wp-json\/wp\/v2\/types\/page"}],"author":[{"embeddable":true,"href":"https:\/\/www2.uepg.br\/ppgef\/wp-json\/wp\/v2\/users\/305"}],"replies":[{"embeddable":true,"href":"https:\/\/www2.uepg.br\/ppgef\/wp-json\/wp\/v2\/comments?post=121"}],"version-history":[{"count":9,"href":"https:\/\/www2.uepg.br\/ppgef\/wp-json\/wp\/v2\/pages\/121\/revisions"}],"predecessor-version":[{"id":856,"href":"https:\/\/www2.uepg.br\/ppgef\/wp-json\/wp\/v2\/pages\/121\/revisions\/856"}],"wp:attachment":[{"href":"https:\/\/www2.uepg.br\/ppgef\/wp-json\/wp\/v2\/media?parent=121"}],"curies":[{"name":"wp","href":"https:\/\/api.w.org\/{rel}","templated":true}]}}