{"id":132,"date":"2021-08-11T12:32:52","date_gmt":"2021-08-11T15:32:52","guid":{"rendered":"https:\/\/www2.uepg.br\/ppgef\/?page_id=132"},"modified":"2021-12-13T08:50:50","modified_gmt":"2021-12-13T11:50:50","slug":"disciplinas","status":"publish","type":"page","link":"https:\/\/www2.uepg.br\/ppgef\/disciplinas\/","title":{"rendered":"Disciplinas"},"content":{"rendered":"<p><strong>DISCIPLINAS<\/strong><\/p>\n<p><strong>I &#8211; OBRIGAT\u00d3RIAS (Cr\u00e9ditos)<\/strong><\/p>\n<p>Eletromagnetismo (4 cr\u00e9ditos &#8211; 60 h; 1\u00ba semestre)<br \/>\nFundamentos Te\u00f3ricos em Ensino e Aprendizagem (4 cr\u00e9ditos &#8211; 60 h; 1\u00ba semestre)<br \/>\nMarcos no desenvolvimento da F\u00edsica (2 cr\u00e9ditos &#8211; 30 h; 2\u00ba semestre)<br \/>\nMec\u00e2nica Qu\u00e2ntica (4 cr\u00e9ditos &#8211; 60 h; 2\u00ba semestre)<br \/>\nF\u00edsica Contempor\u00e2nea (Aplica\u00e7\u00f5es modernas em \u00f3ptica e espectroscopia) (4cr\u00e9ditos &#8211; 60 h; 3\u00ba semestre)<br \/>\nF\u00edsica Contempor\u00e2nea (Astronomia e astrof\u00edsica) (4 cr\u00e9ditos &#8211; 60 h; 3\u00ba semestre)<br \/>\nTermodin\u00e2mica e Mec\u00e2nica Estat\u00edstica (4 cr\u00e9ditos &#8211; 60 h; 4\u00ba semestre)<br \/>\nEst\u00e1gio Supervisionado (4 cr\u00e9ditos &#8211; 60 h; 3\u00ba e ou 4\u00ba semestre)<\/p>\n<p><strong>II &#8211; OPTATIVAS (Uma de cada m\u00f3dulo)<\/strong><\/p>\n<p>II-A &#8211; EXPERIMENTAL\/COMPUTACIONAL (Cr\u00e9ditos)<br \/>\nAtividades Experimentais para o Ensino M\u00e9dio e Fundamental (4 cr\u00e9ditos &#8211; 60 h; 2\u00ba semestre)<br \/>\nAtividades Computacionais para o Ensino M\u00e9dio e Fundamental (4 cr\u00e9ditos &#8211; 60 h; 2\u00ba semestre).<\/p>\n<p>II-B &#8211; ENSINO (Cr\u00e9ditos)<br \/>\nProcessos e Sequ\u00eancias de Ensino e Aprendizagem em F\u00edsica no Ensino M\u00e9dio (4 cr\u00e9ditos &#8211; 60 h; 1\u00ba semestre)<br \/>\nF\u00edsica no Ensino Fundamental em uma perspectiva multidisciplinar (4 cr\u00e9ditos &#8211; 60 h; 1\u00ba semestre)<\/p>\n<p><strong>EMENT\u00c1RIO<\/strong><br \/>\nEmentas e Bibliografia :: Arquivo<\/p>\n<p><strong>DO APROVEITAMENTO DAS DISCIPLINAS<\/strong><br \/>\nO aproveitamento das disciplinas ser\u00e1 expresso em conceitos, de acordo com a seguinte nomenclatura:<br \/>\nA &#8211; Excelente;<br \/>\nB &#8211; Bom;<br \/>\nC &#8211; Regular;<br \/>\nD &#8211; Reprovado;<br \/>\nI &#8211; Incompleto;<br \/>\nT- Transfer\u00eancia.<br \/>\nOs conceitos &#8220;A&#8221;, &#8220;B&#8221; e &#8220;C &#8220;, d\u00e3o direito ao cr\u00e9dito cursado.<br \/>\nO conceito &#8220;D&#8221;, n\u00e3o gera direito ao cr\u00e9dito cursado.<br \/>\nO conceito &#8220;I&#8221; ser\u00e1 atribu\u00eddo ao discente que n\u00e3o completou a disciplina, por motivo justificado, com aprova\u00e7\u00e3o do Colegiado do Programa e, poder\u00e1 ser revisto, ap\u00f3s conclus\u00e3o das atividades avaliativas, que dever\u00e3o ser realizadas no prazo m\u00e1ximo de 03 (tr\u00eas) meses a partir do t\u00e9rmino da interrup\u00e7\u00e3o da disciplina .<br \/>\nO conceito &#8221;T&#8221; \u00e9 atribu\u00eddo \u00e0s disciplinas cursadas fora do Programa, que s\u00e3o aceitas pelo orientador e submetidas ao Colegiado para a contagem de cr\u00e9ditos, at\u00e9 os limites fixados no Regulamento.<br \/>\nO aproveitamento nas disciplinas Est\u00e1gio Supervisionado de Doc\u00eancia do Mestrando.<br \/>\n(EDM), Orienta\u00e7\u00e3o de Disserta\u00e7\u00e3o de Mestrado I (ODM-I), Orienta\u00e7\u00e3o de Disserta\u00e7\u00e3o de Mestrado lI ( ODM-II) ser\u00e3o avaliadas utilizando-se as seguintes nomenclaturas:<br \/>\nS &#8211; Suficiente;<br \/>\nNS &#8211; N\u00e3o Suficiente.<br \/>\nO conceito &#8220;S&#8221; \u00e9 aplicado ao discente quando, no desenvolvimento das atividades programadas, junto \u00e0s disciplinas com caracter\u00edsticas espec\u00edficas, foram atingidos os objetivos estabelecidos pelo(s) respons\u00e1vel(is).<br \/>\nO conceito &#8220;NS&#8221; \u00e9 aplicado ao discente quando, no desenvolvimento das atividades programadas, junto \u00e0s disciplinas com caracter\u00edsticas espec\u00edficas, n\u00e3o foram atingidos os objetivos estabelecidos pelo(s) respons\u00e1vel(is).<\/p>\n<p><strong>DA FREQU\u00caNCIA<\/strong><br \/>\nSer\u00e1 obrigat\u00f3ria a frequ\u00eancia do discente de, no minimo, 75% (setenta e cinco por cento) da carga hor\u00e1ria prevista para cada disciplina.<\/p>\n<p><strong>DO DESLIGAMENTO DO PPGEF<\/strong><br \/>\nSer\u00e1 desligado do PPGEF, o discente que:<br \/>\nObtiver, no primeiro semestre, rendimento m\u00e9dio inferior a 2,25 (dois inteiros e vinte e cinco cent\u00e9simos) ou, somando-se cada semestre seguinte, rendimento acumulado m\u00e9dio inferior a 2,50 (dois inteiros e cinquenta cent\u00e9simos);<br \/>\nobtiver conceito &#8220;D&#8221; em disciplina cursada pela segunda vez;<br \/>\nN\u00e3o realizar a matr\u00edcula nos prazos estabelecidos pela PROPESP;<br \/>\nFor reprovado na defesa de sua disserta\u00e7\u00e3o.<\/p>\n<p>A m\u00e9dia ponderada (MP) para o c\u00e1lculo do rendimento acad\u00eamico \u00e9 a soma do produto do n\u00famero de cr\u00e9ditos cursados (ni) pelos respectivos conceitos (Ni), dividido pelo n\u00famero de cr\u00e9ditos realizados, expresso pela f\u00f3rmula seguinte: MP = \u2211[(ni x Ni )] \/ (\u2211ni)<br \/>\nOnde:<br \/>\nni: n\u00famero de cr\u00e9ditos das disciplinas<br \/>\nNi: conceito das disciplinas<br \/>\nValor 4 para disciplina de conceito A<br \/>\nValor 3 para disciplina de conceito B<br \/>\nValor 2 para disciplina de conceito C<br \/>\nValor 1 para disciplina de conceito D<\/p>\n","protected":false},"excerpt":{"rendered":"<p>DISCIPLINAS I &#8211; OBRIGAT\u00d3RIAS (Cr\u00e9ditos) Eletromagnetismo (4 cr\u00e9ditos &#8211; 60 h; 1\u00ba semestre) Fundamentos Te\u00f3ricos em Ensino e Aprendizagem (4 cr\u00e9ditos &#8211; 60 h; 1\u00ba semestre) Marcos no desenvolvimento da F\u00edsica (2 cr\u00e9ditos &#8211; 30 h; 2\u00ba semestre) Mec\u00e2nica Qu\u00e2ntica (4 cr\u00e9ditos &#8211; 60 h; 2\u00ba semestre) F\u00edsica Contempor\u00e2nea (Aplica\u00e7\u00f5es modernas em \u00f3ptica e espectroscopia)&nbsp;&hellip;<\/p>\n","protected":false},"author":305,"featured_media":0,"parent":0,"menu_order":0,"comment_status":"closed","ping_status":"closed","template":"","meta":[],"_links":{"self":[{"href":"https:\/\/www2.uepg.br\/ppgef\/wp-json\/wp\/v2\/pages\/132"}],"collection":[{"href":"https:\/\/www2.uepg.br\/ppgef\/wp-json\/wp\/v2\/pages"}],"about":[{"href":"https:\/\/www2.uepg.br\/ppgef\/wp-json\/wp\/v2\/types\/page"}],"author":[{"embeddable":true,"href":"https:\/\/www2.uepg.br\/ppgef\/wp-json\/wp\/v2\/users\/305"}],"replies":[{"embeddable":true,"href":"https:\/\/www2.uepg.br\/ppgef\/wp-json\/wp\/v2\/comments?post=132"}],"version-history":[{"count":4,"href":"https:\/\/www2.uepg.br\/ppgef\/wp-json\/wp\/v2\/pages\/132\/revisions"}],"predecessor-version":[{"id":356,"href":"https:\/\/www2.uepg.br\/ppgef\/wp-json\/wp\/v2\/pages\/132\/revisions\/356"}],"wp:attachment":[{"href":"https:\/\/www2.uepg.br\/ppgef\/wp-json\/wp\/v2\/media?parent=132"}],"curies":[{"name":"wp","href":"https:\/\/api.w.org\/{rel}","templated":true}]}}