{"id":134,"date":"2021-08-11T12:33:04","date_gmt":"2021-08-11T15:33:04","guid":{"rendered":"https:\/\/www2.uepg.br\/ppgef\/?page_id=134"},"modified":"2024-03-13T15:12:37","modified_gmt":"2024-03-13T18:12:37","slug":"regimento","status":"publish","type":"page","link":"https:\/\/www2.uepg.br\/ppgef\/regimento\/","title":{"rendered":"Regimento"},"content":{"rendered":"<p><strong>REGIMENTOS E REGULAMENTOS<\/strong><\/p>\n<p>O Programa de P\u00f3s-Gradua\u00e7\u00e3o em Ensino de F\u00edsica da UEPG oferece o curso de Mestrado Profissional em Ensino de F\u00edsica como Polo do MNPEF \u2013 SBF\/CAPES. Dessa forma, est\u00e1 submetido ao Regimento Geral do Mestrado Nacional e ao Regulamento Local, bem como as regulamenta\u00e7\u00f5es gerais da CAPES e da UEPG.<\/p>\n<p>Regimento Geral do MNPEF \u2013 SBF\/CAPES :: <a href=\"https:\/\/www2.uepg.br\/ppgef\/wp-content\/uploads\/sites\/204\/2023\/09\/RegimentoMNPEF-Agosto-2023.pdf\">Arquivo<\/a><\/p>\n<p>Regulamento Local Polo 35 \u2013 UEPG :: <a href=\"https:\/\/www2.uepg.br\/ppgef\/wp-content\/uploads\/sites\/204\/2024\/03\/182024-03-0523.pdf\">Arquivo<\/a><\/p>\n<p>Regimento Geral Strictu Sensu UEPG :: <a href=\"http:\/\/pitangui.uepg.br\/secrei\/cepe\/Manual_legislacao\/PosGraduacao\/Resol%20CEPE%20020%202016.pdf\" target=\"_blank\" rel=\"noopener\">Arquivo<\/a><\/p>\n","protected":false},"excerpt":{"rendered":"<p>REGIMENTOS E REGULAMENTOS O Programa de P\u00f3s-Gradua\u00e7\u00e3o em Ensino de F\u00edsica da UEPG oferece o curso de Mestrado Profissional em Ensino de F\u00edsica como Polo do MNPEF \u2013 SBF\/CAPES. Dessa forma, est\u00e1 submetido ao Regimento Geral do Mestrado Nacional e ao Regulamento Local, bem como as regulamenta\u00e7\u00f5es gerais da CAPES e da UEPG. Regimento Geral&nbsp;&hellip;<\/p>\n","protected":false},"author":305,"featured_media":0,"parent":0,"menu_order":0,"comment_status":"closed","ping_status":"closed","template":"","meta":[],"_links":{"self":[{"href":"https:\/\/www2.uepg.br\/ppgef\/wp-json\/wp\/v2\/pages\/134"}],"collection":[{"href":"https:\/\/www2.uepg.br\/ppgef\/wp-json\/wp\/v2\/pages"}],"about":[{"href":"https:\/\/www2.uepg.br\/ppgef\/wp-json\/wp\/v2\/types\/page"}],"author":[{"embeddable":true,"href":"https:\/\/www2.uepg.br\/ppgef\/wp-json\/wp\/v2\/users\/305"}],"replies":[{"embeddable":true,"href":"https:\/\/www2.uepg.br\/ppgef\/wp-json\/wp\/v2\/comments?post=134"}],"version-history":[{"count":6,"href":"https:\/\/www2.uepg.br\/ppgef\/wp-json\/wp\/v2\/pages\/134\/revisions"}],"predecessor-version":[{"id":551,"href":"https:\/\/www2.uepg.br\/ppgef\/wp-json\/wp\/v2\/pages\/134\/revisions\/551"}],"wp:attachment":[{"href":"https:\/\/www2.uepg.br\/ppgef\/wp-json\/wp\/v2\/media?parent=134"}],"curies":[{"name":"wp","href":"https:\/\/api.w.org\/{rel}","templated":true}]}}