{"id":137,"date":"2021-08-11T12:33:16","date_gmt":"2021-08-11T15:33:16","guid":{"rendered":"https:\/\/www2.uepg.br\/ppgef\/?page_id=137"},"modified":"2025-09-01T14:00:53","modified_gmt":"2025-09-01T17:00:53","slug":"selecao-editais","status":"publish","type":"page","link":"https:\/\/www2.uepg.br\/ppgef\/selecao-editais\/","title":{"rendered":"Sele\u00e7\u00e3o-Editais"},"content":{"rendered":"<h3>PROCESSO SELETIVO PARA TURMA 2026<\/h3>\n<p>A Comiss\u00e3o de P\u00f3s-Gradua\u00e7\u00e3o do Mestrado Nacional Profissional em Ensino de F\u00edsica (MNPEF) da Sociedade Brasileira de F\u00edsica (SBF) torna p\u00fablico aos interessados que estar\u00e3o abertas no per\u00edodo fixado no Anexo Edital Geral N\u00ba 1 2026 deste Edital as inscri\u00e7\u00f5es para o processo seletivo de ingresso no curso de Mestrado Nacional Profissional em Ensino de F\u00edsica.<\/p>\n<p><a href=\"http:\/\/www.www1.fisica.org.br\/mnpef\/ps\/2026\/informacoes-gerais\">EDITAL GERAL N\u00ba1\/2025<\/a><\/p>\n<h3><\/h3>\n<h3><strong>EDITAL PPGEF N\u00ba 03\/2024 SELE\u00c7\u00c3O DE BOLSISTAS<\/strong><\/h3>\n<p>Seguindo as normas da CHAMADA P\u00daBLICA n\u00ba 22\/2024, PROGRAMA COMPLEMENTAR DE BOLSAS DE MESTRADO E DOUTORADO da Secretaria de Estado da Ci\u00eancia, Tecnologia e Ensino Superior (SETI) e a Funda\u00e7\u00e3o Arauc\u00e1ria de Apoio ao Desenvolvimento Cient\u00edfico e Tecnol\u00f3gico do Paran\u00e1 (Funda\u00e7\u00e3o Arauc\u00e1ria) , o PPGEF abre edital para implementa\u00e7\u00e3o, no decorrer da vig\u00eancia desse Edital, de bolsas de mestrado destinadas aos cursos de Mestrado Profissional de Ensino de F\u00edsica \u2013 Polo 35 &#8211; UEPG.<br \/>\n<a href=\"https:\/\/www2.uepg.br\/ppgef\/wp-content\/uploads\/sites\/204\/2024\/10\/MNPEF_2024_edital_bolsas_araucaria.pdf\">MNPEF_2024_edital_bolsas_araucaria<\/a><\/p>\n<p><strong>RESULTADO &#8211; CLASSIFICA\u00c7\u00c3O BOLSAS<\/strong><br \/>\n<a href=\"https:\/\/www2.uepg.br\/ppgef\/wp-content\/uploads\/sites\/204\/2024\/10\/Classificacao-bolsas.pdf\">Classifica\u00e7\u00e3o bolsas<\/a><\/p>\n<h3><strong>PROCESSO SELETIVO PARA INGRESSO NO MNPEF EM 2025 &#8211; POLO 35 UEPG<\/strong><\/h3>\n<p><strong>RESULTADO FINAL PS 2025 &#8211; POLO 35 &#8211; UEPG &#8211; LISTA DE CLASSIFICADOS<\/strong><br \/>\n<a href=\"https:\/\/www2.uepg.br\/ppgef\/wp-content\/uploads\/sites\/204\/2024\/12\/Resultado_Final_P35.pdf\">Resultado_Final_P35<\/a><\/p>\n<p><strong>EDITAL MNPEF \u2013 SBF No 02\/2024 &#8211; RETIFICA\u00c7\u00c3O: altera\u00e7\u00e3o no calend\u00e1rio do processo seletivo Segunda Etapa<\/strong><br \/>\n<a href=\"https:\/\/www2.uepg.br\/ppgef\/wp-content\/uploads\/sites\/204\/2024\/12\/MNPEF_EditalNacional_Selecao_2025-Finalv15Ago2024-Retificacao3.pdf\">MNPEF_EditalNacional_Selecao_2025-Finalv15Ago2024-Retificacao3<\/a><\/p>\n<p><strong>RESULTADO PRELIMINAR &#8211; ETAPA 2 &#8211; GRUPO 1 &#8211; TURMA 2025 &#8211; POLO 35 &#8211; UEPG<\/strong><br \/>\n<a href=\"https:\/\/www2.uepg.br\/ppgef\/wp-content\/uploads\/sites\/204\/2024\/11\/Resultado-Etapa-2-preliminar_polo-35.pdf\">Resultado Etapa 2 -preliminar_polo 35<\/a><\/p>\n<p><strong>CRONOGRAMA DEFESA MEMORIAL POLO 35 &#8211; PPGEF<\/strong><br \/>\n<a href=\"https:\/\/www2.uepg.br\/ppgef\/wp-content\/uploads\/sites\/204\/2024\/11\/Cronograma-defesa-memorial-polo-35.pdf\">Cronograma defesa memorial polo 35<\/a><\/p>\n<p><strong>RESULTADO PRELIMINAR &#8211; ETAPA 1 &#8211; GRUPO 1 &#8211; TURMA 2025 &#8211; POLO 35 &#8211; UEPG<\/strong><br \/>\n<a href=\"https:\/\/www2.uepg.br\/ppgef\/wp-content\/uploads\/sites\/204\/2024\/10\/Resultado-Etapa-1-preliminar.pdf\">Resultado Etapa 1 -preliminar<\/a><\/p>\n<p><strong>GABARITO DA PROVA &#8211; ETAPA 1<\/strong><br \/>\n<a href=\"https:\/\/www2.uepg.br\/ppgef\/wp-content\/uploads\/sites\/204\/2024\/10\/Gabarito-prova-etapa-1.pdf\">Gabarito prova etapa 1<\/a><\/p>\n<p><strong>LISTA FINAL INSCRITOS HOMOLOGADOS NO PROCESSO SELETIVO PARA INGRESSO TURMA 2025 &#8211; POLO 35 &#8211; UEPG<\/strong><br \/>\n<a href=\"https:\/\/www2.uepg.br\/ppgef\/wp-content\/uploads\/sites\/204\/2024\/10\/Lista-Inscritos-final.pdf\">Lista Inscritos-final<\/a><\/p>\n<p><strong>LISTA DOS INSCRITOS HOMOLOGADOS NO PROCESSO SELETIVO PARA INGRESSO &#8211; TURMA 2025 &#8211; POLO 35 &#8211; UEPG<\/strong><br \/>\n<a href=\"https:\/\/www2.uepg.br\/ppgef\/wp-content\/uploads\/sites\/204\/2024\/10\/Lista-Inscritos-Polo-35.pdf\">Lista Inscritos Polo 35<\/a><\/p>\n<p><strong>EDITAL MNPEF \u2013 SBF No 02\/2024<\/strong><br \/>\nPROCESSO SELETIVO DE INGRESSO NO CURSO DE MESTRADO NACIONAL PROFISSIONAL EM ENSINO DE F\u00cdSICA<br \/>\n<strong>RETIFICA\u00c7\u00c3O: altera\u00e7\u00e3o no calend\u00e1rio do processo seletivo<\/strong>.<br \/>\n<a href=\"https:\/\/www2.uepg.br\/ppgef\/wp-content\/uploads\/sites\/204\/2024\/09\/MNPEF_EditalNacional_Selecao_2025-Finalv15Ago2024-retificado-1.pdf\">MNPEF_EditalNacional_Selecao_2025-Finalv15Ago2024- retificado<\/a><\/p>\n<p><strong>EDITAL MNPEF n\u00b0 02\/2024<\/strong><br \/>\n<a href=\"https:\/\/www2.uepg.br\/ppgef\/wp-content\/uploads\/sites\/204\/2024\/08\/MNPEF_EditalNacional_Selecao_2025-Finalv15Ago2024.pdf\">MNPEF_EditalNacional_Selecao_2025-Finalv15Ago2024<\/a><\/p>\n<p>E<strong>DITAL COMPLEMENTAR MNPEF-UEPG n\u00b0 01\/2024<\/strong><br \/>\n<a href=\"https:\/\/www2.uepg.br\/ppgef\/wp-content\/uploads\/sites\/204\/2024\/08\/P35_UEPG_-Edital-de-Selecao-Complementar-MNPEF-2025.pdf\">P35_UEPG_ Edital de Sele\u00e7\u00e3o Complementar MNPEF 2025<\/a><\/p>\n<h3 style=\"text-align: left\">CALEND\u00c1RIO<\/h3>\n<table style=\"height: 513px\" width=\"1370\">\n<tbody>\n<tr>\n<td colspan=\"2\" width=\"579\">\n<h4 style=\"text-align: left\"><strong>INSCRI\u00c7\u00d5ES NACIONAIS<br \/>\n<\/strong><\/h4>\n<\/td>\n<\/tr>\n<tr>\n<td width=\"123\">\n<p style=\"text-align: right\">25\/08 a 01\/10\/2024<\/p>\n<\/td>\n<td width=\"456\">\n<p style=\"text-align: left\">Per\u00edodo de inscri\u00e7\u00e3o no processo seletivo (<em>online<\/em>), no endere\u00e7o eletr\u00f4nico<\/p>\n<p style=\"text-align: left\"><a href=\"http:\/\/www.sbfisica.org.br\/mnpef\"><u>h<\/u><u>ttp:\/\/www.sbfisica.org.br\/mnpef<\/u> <\/a>.<\/p>\n<\/td>\n<\/tr>\n<tr>\n<td width=\"123\">\n<p style=\"text-align: right\">01\/10\/2024<\/p>\n<\/td>\n<td style=\"text-align: left\" width=\"456\">Prazo limite para a entrega da documenta\u00e7\u00e3o comprobat\u00f3ria (c\u00f3pia f\u00edsica ou por meio digital, a crit\u00e9rio de cada polo), para os candidatos do <strong>Grupo 2<\/strong>.<\/td>\n<\/tr>\n<tr>\n<td width=\"123\">\n<p style=\"text-align: right\">04\/10\/2024<\/p>\n<\/td>\n<td style=\"text-align: left\" width=\"456\">Prazo final para pagamento da taxa de inscri\u00e7\u00e3o.<\/td>\n<\/tr>\n<tr>\n<td width=\"123\">\n<p style=\"text-align: right\">11\/10\/2024<\/p>\n<\/td>\n<td style=\"text-align: left\" width=\"456\">Divulga\u00e7\u00e3o preliminar dos candidatos inscritos e homologados por Grupo por Polo.<\/td>\n<\/tr>\n<tr>\n<td width=\"123\">\n<p style=\"text-align: right\">15\/10\/2024<\/p>\n<\/td>\n<td style=\"text-align: left\" width=\"456\">Prazo limite para recurso Grupo 2.<\/td>\n<\/tr>\n<tr>\n<td width=\"123\">\n<p style=\"text-align: right\">17\/10\/2024<\/p>\n<\/td>\n<td style=\"text-align: left\" width=\"456\">Divulga\u00e7\u00e3o da listagem dos candidatos inscritos e homologados por Grupo por Polo.<\/td>\n<\/tr>\n<\/tbody>\n<\/table>\n<table style=\"height: 349px\" width=\"1371\">\n<tbody>\n<tr>\n<td colspan=\"2\" width=\"579\">\n<h4 style=\"text-align: left\"><strong>PRIMEIRA ETAPA<br \/>\n<\/strong><\/h4>\n<\/td>\n<\/tr>\n<tr>\n<td width=\"123\">\n<p style=\"text-align: right\">20\/10\/2024<\/p>\n<\/td>\n<td style=\"text-align: left\" width=\"456\">\u00c0s 13 horas (hor\u00e1rio de Bras\u00edlia): realiza\u00e7\u00e3o da Prova Escrita Nacional nos Polos para os candidatos do <strong>Grupo 1<\/strong>.<\/td>\n<\/tr>\n<tr>\n<td width=\"123\">\n<p style=\"text-align: right\"><strong>\u00a0<\/strong>25\/10\/2024<\/p>\n<\/td>\n<td style=\"text-align: left\" width=\"456\">Divulga\u00e7\u00e3o preliminar da primeira etapa.<\/td>\n<\/tr>\n<tr>\n<td width=\"123\">\n<p style=\"text-align: right\">27\/10\/2024<\/p>\n<\/td>\n<td style=\"text-align: left\" width=\"456\">Prazo limite para recurso.<\/td>\n<\/tr>\n<tr>\n<td width=\"123\">\n<p style=\"text-align: right\">01\/11\/2024<\/p>\n<\/td>\n<td style=\"text-align: left\" width=\"456\">Divulga\u00e7\u00e3o final nos Polos dos nomes dos candidatos classificados em cada Grupo, juntamente com os hor\u00e1rios e locais para realiza\u00e7\u00e3o da Prova de Defesa de Memorial.<\/td>\n<\/tr>\n<\/tbody>\n<\/table>\n<table style=\"height: 339px\" width=\"1370\">\n<tbody>\n<tr>\n<td colspan=\"2\" width=\"579\">\n<h4 style=\"text-align: left\"><strong>SEGUNDA ETAPA \u2013 PROVA DE DEFESA DE MEMORIAL<\/strong><\/h4>\n<table width=\"1370\">\n<tbody>\n<tr>\n<td width=\"123\">\n<p style=\"text-align: right\">08\/11\/2024<\/p>\n<\/td>\n<td style=\"text-align: left\" width=\"456\">Prazo final para entrega de documentos no Polos (Grupos 1 e 2)<\/td>\n<\/tr>\n<\/tbody>\n<\/table>\n<\/td>\n<\/tr>\n<tr>\n<td width=\"123\">\n<p style=\"text-align: right\">09\/11 a 27\/11\/2024<\/p>\n<\/td>\n<td style=\"text-align: left\" width=\"456\">Realiza\u00e7\u00e3o da Prova de Defesa de Memorial nos Polos (Grupos 1 e 2)<\/td>\n<\/tr>\n<tr>\n<td width=\"123\">\n<p style=\"text-align: right\">03\/12\/2024<\/p>\n<\/td>\n<td style=\"text-align: left\" width=\"456\">Divulga\u00e7\u00e3o do resultado da segunda etapa nos Polos.<\/td>\n<\/tr>\n<tr>\n<td width=\"123\">\n<p style=\"text-align: right\">05\/12\/2024<\/p>\n<\/td>\n<td style=\"text-align: left\" width=\"456\">Prazo limite para recurso.<\/td>\n<\/tr>\n<tr>\n<td width=\"123\">\n<p style=\"text-align: right\">10\/12\/2024<\/p>\n<\/td>\n<td style=\"text-align: left\" width=\"456\">Divulga\u00e7\u00e3o do resultado final.<\/td>\n<\/tr>\n<\/tbody>\n<\/table>\n<table style=\"height: 101px\" width=\"1372\">\n<tbody>\n<tr>\n<td width=\"579\">\n<h4 style=\"text-align: left\"><strong>MATR\u00cdCULA<\/strong><\/h4>\n<\/td>\n<\/tr>\n<tr>\n<td style=\"text-align: left\" width=\"579\">Per\u00edodo de matr\u00edcula no polo: 24\/02\/2025 \u00e0 28\/02\/2025.<\/td>\n<\/tr>\n<\/tbody>\n<\/table>\n<h4><strong>IN\u00cdCIO DAS ATIVIDADES LETIVAS E DIAS DE AULAS<\/strong><\/h4>\n<p style=\"text-align: left\"><strong>\u00a0<\/strong>&#8211; As atividades letivas dos alunos ingressantes pelo presente Edital no curso de Mestrado Nacional Profissional em Ensino de F\u00edsica ter\u00e3o in\u00edcio em: 14\/03\/2025.<\/p>\n<p style=\"text-align: left\">&#8211; As aulas presenciais dos alunos ingressantes pelo presente Edital no curso de Mestrado Nacional Profissional em Ensino de F\u00edsica \u2013 Polo 35 ser\u00e3o realizadas no(s) dia(s) da semana: \u00e0s sextas-feiras (vespertino e noturno) e s\u00e1bados (matutino e vespertino).<\/p>\n<p>&nbsp;<\/p>\n<p>&nbsp;<\/p>\n<h3><strong>CRECENCIAMENTO DOCENTE &#8211; POLO 35 &#8211; MNPEF<\/strong><\/h3>\n<p>EDITAL N\u00b0 01\/2022 PPGEF &#8211; UEPG: EDITAL PARA CREDENCIAMENTO DE NOVOS DOCENTES PARA O PROGRAMA DE P\u00d3S-GRADUA\u00c7\u00c3O EM ENSINO DE F\u00cdSICA PARA ATUA\u00c7\u00c3O EM N\u00cdVEL DE MESTRADO A PARTIR DE JUNHO DE 2024<\/p>\n<p>A Coordena\u00e7\u00e3o do Programa de P\u00f3s-Gradua\u00e7\u00e3o em Ensino de F\u00edsica, no uso das suas atribui\u00e7\u00f5es, e na obriga\u00e7\u00e3o de zelar pela avalia\u00e7\u00e3o do Programa perante os \u00f3rg\u00e3os avaliadores e de fomento da P\u00f3s-Gradua\u00e7\u00e3o, torna p\u00fablico o per\u00edodo, crit\u00e9rios e procedimentos para solicita\u00e7\u00e3o de credenciamento de novos docentes para atuar no Mestrado Nacional Profissional em Ensino de F\u00edsica.<\/p>\n<p><a href=\"https:\/\/www2.uepg.br\/ppgef\/wp-content\/uploads\/sites\/204\/2024\/06\/EDITAL-N1-PPGEF.docx\">EDITAL N1 PPGEF<\/a><\/p>\n<p><a href=\"https:\/\/www2.uepg.br\/ppgef\/wp-content\/uploads\/sites\/204\/2024\/06\/EDITAL-N1-PPGEF-Anexo.docx\">EDITAL N1 PPGEF Anexo<\/a><\/p>\n<p>&nbsp;<\/p>\n<h3><strong>PROCESSO SELETIVO PARA INGRESSO NO MNPEF EM 2024 &#8211; POLO 35 UEPG<\/strong><\/h3>\n<p><strong>Resultado Final\u00a0 do Processo Seletivo 2024 do MNPEF &#8211; <\/strong><strong>Polo 35 &#8211; UEPG<\/strong><\/p>\n<p>Classifica\u00e7\u00e3o final leva em considera\u00e7\u00e3o o n\u00famero de vagas ofertadas pelo polo, definidas no edital complementar do Polo, bem como as orienta\u00e7\u00f5es dos itens 1.4 e 1.5 do edital nacional.<\/p>\n<p><a href=\"https:\/\/www2.uepg.br\/ppgef\/wp-content\/uploads\/sites\/204\/2023\/12\/Polo-35-Publicacao-Resultado-final-PS2024-MNPEF.pdf\">Polo 35 &#8211; Publicacao Resultado final PS2024-MNPEF<\/a><\/p>\n<p>&nbsp;<\/p>\n<p><strong>Resultado Final da Primeira Etapa do Processo Seletivo 2024 do MNPEF &#8211; <\/strong><strong>Polo 35 &#8211; UEPG<\/strong><\/p>\n<p><a href=\"https:\/\/www2.uepg.br\/ppgef\/wp-content\/uploads\/sites\/204\/2023\/11\/Polo-35-Publicacao-Pos-Recursos-Resultado-primeira-etapa-PS2024_V2.pdf\">Polo 35 &#8211; Publicacao Pos Recursos Resultado primeira etapa PS2024_V2<\/a><\/p>\n<p><strong>Resultado da Primeira Etapa do Processo Seletivo 2024 do MNPEF &#8211; <\/strong><strong>Polo 35 &#8211; UEPG<\/strong><\/p>\n<p><a href=\"https:\/\/www2.uepg.br\/ppgef\/wp-content\/uploads\/sites\/204\/2023\/10\/Polo-35-Publicacao-Resultado-primeira-etapa-PS2024.pdf\">Polo 35 &#8211; Publicacao Resultado primeira etapa PS2024<\/a><\/p>\n<p><strong><em>Edital MNPEF n\u00b0 04\/2023<\/em><\/strong><br \/>\n<a href=\"https:\/\/www2.uepg.br\/ppgef\/wp-content\/uploads\/sites\/204\/2023\/09\/V3-MNPEF_Edital_Selecao_2024-Final.pdf\">MNPEF_Edital_Selecao_2024-Final<\/a><br \/>\nPROCESSO SELETIVO REMOTO DE INGRESSO NO CURSO DE MESTRADO NACIONAL PROFISSIONAL EM ENSINO DE F\u00cdSICA PARA A <strong>TURMA 2024<\/strong>.<\/p>\n<p><em>E<strong>DITAL COMPLEMENTAR MNPEF-UEPG n\u00b0 01\/2023<\/strong><\/em><br \/>\n<a href=\"https:\/\/www2.uepg.br\/ppgef\/wp-content\/uploads\/sites\/204\/2023\/09\/Edital-de-Selecao-Complementar-MNPEF-2024-Final.docx\">Edital de Sele\u00e7\u00e3o Complementar MNPEF 2024-Final<\/a><br \/>\nPROCESSO SELETIVO DE INGRESSO NO CURSO DE MESTRADO NACIONAL PROFISSIONAL EM ENSINO DE F\u00cdSICA PARA A <strong>TURMA 2024<\/strong><\/p>\n<p><strong>INSCRI\u00c7\u00d5ES NACIONAIS<\/strong><\/p>\n<p><strong>18\/09<\/strong> a 1<strong>5\/10\/2023<\/strong>: Per\u00edodo de inscri\u00e7\u00e3o no processo seletivo (ONLINE), no endere\u00e7o eletr\u00f4nico <a href=\"http:\/\/www1.fisica.org.br\/mnpef\">http:\/\/www.sbfisica.org.br\/mnpef<\/a><\/p>\n<p><strong>15\/10\/2023<\/strong>: Entrega da documenta\u00e7\u00e3o comprobat\u00f3ria (c\u00f3pia f\u00edsica ou por meio digital, a crit\u00e9rio de cada polo) at\u00e9 as 17 horas (hor\u00e1rio de Bras\u00edlia), para os candidatos do <strong>Grupo 2<\/strong>.<\/p>\n<p><strong>16\/10\/2023<\/strong>: Prazo final para pagamento da taxa de inscri\u00e7\u00e3o. (<strong>os pagamentos devem ser efetuados at\u00e9 as 16 horas<\/strong>)<\/p>\n<p><strong>19\/10\/2023:<\/strong> Divulga\u00e7\u00e3o da listagem dos candidatos inscritos em cada Polo.<\/p>\n<p><strong>Primeira Etapa \u2013 Prova Escrita Nacional<\/strong><\/p>\n<p><strong>22\/10\/2023<\/strong>: \u00c0s 13 horas (hor\u00e1rio de Bras\u00edlia): realiza\u00e7\u00e3o da Prova Escrita Nacional nos Polos para os candidatos do <strong>Grupo 1<\/strong>.<\/p>\n<p><strong>30\/10\/2023<\/strong>: Divulga\u00e7\u00e3o nos polos dos resultados da Prova Escrita Nacional (<strong>Grupo 1<\/strong>) e da Prova de An\u00e1lise de Curr\u00edculos (<strong>Grupo 2<\/strong>).<\/p>\n<p><strong>06\/11\/2023<\/strong>: Divulga\u00e7\u00e3o final nos polos dos nomes dos candidatos classificados em cada Grupo, juntamente com os hor\u00e1rios e locais para realiza\u00e7\u00e3o da Prova de Defesa de Memorial.<\/p>\n<p><strong>Segunda Etapa \u2013 Prova de Defesa de Memorial:<\/strong><\/p>\n<p><strong>13\/11\/2023<\/strong>: Prazo final para entrega da documenta\u00e7\u00e3o no Polo.<\/p>\n<p><strong>14\/11<\/strong> a <strong>01\/12\/2023<\/strong>: Realiza\u00e7\u00e3o da Prova de Defesa de Memorial nos Polos.<\/p>\n<p>At\u00e9 <strong>08\/12\/2023<\/strong>: Divulga\u00e7\u00e3o do resultado da segunda etapa nos polos.<\/p>\n<p><strong>15\/12\/2023<\/strong>: Divulga\u00e7\u00e3o do resultado final.<\/p>\n<p><strong>MATR\u00cdCULA<\/strong><br \/>\nAs matr\u00edculas ser\u00e3o realizadas no m\u00eas de<strong> fevereiro de 2024<\/strong>.<\/p>\n<p><strong>IN\u00cdCIO DAS ATIVIDADES LETIVAS E DIAS DE AULA<\/strong><br \/>\n&#8211; As <strong>atividades letivas,<\/strong> dos alunos ingressantes pelos Editais (<em>MNPEF n\u00b0 04\/2023<\/em> e <em>COMPLEMENTAR MNPEF-UEPG n\u00b0 01\/2023<\/em>) no curso de Mestrado Nacional Profissional em Ensino de F\u00edsica &#8211; Polo 35, ter\u00e3o<strong> in\u00edcio em mar\u00e7o de 2024<\/strong>, conforme o calend\u00e1rio de p\u00f3s-gradua\u00e7\u00e3o aprovado pela Comiss\u00e3o de P\u00f3s-Gradua\u00e7\u00e3o da Universidade Estadual de Ponta Grossa.<\/p>\n<p>&#8211; As<strong> aulas presenciais,<\/strong> dos alunos ingressantes pelos Editais (<em>MNPEF n\u00b0 04\/2023<\/em> e <em>COMPLEMENTAR MNPEF-UEPG n\u00b0 01\/2023<\/em>) no curso de Mestrado Nacional Profissional em Ensino de F\u00edsica \u2013 Polo 35, ser\u00e3o realizadas na <strong>sexta-feira no per\u00edodo da manh\u00e3 da tarde e da noite e no s\u00e1bado pela manh\u00e3 e \u00e0 tarde<\/strong> no Campus Uvaranas da UEPG.<\/p>\n<p>Para mais informa\u00e7\u00f5es e inscri\u00e7\u00e3o no processo seletivo para ingresso no Mestrado Nacional Profissional em Ensino de F\u00edsica \u2013 MNPEF-SBF acessar o link abaixo:<br \/>\n<a class=\"text-primary\" href=\"http:\/\/www.www1.fisica.org.br\/mnpef\/\" target=\"_blank\" rel=\"noopener noreferrer\">http:\/\/www1.fisica.org.br\/mnpef<\/a><\/p>\n<p>&nbsp;<\/p>\n<p><strong>EDITAIS 2023<\/strong><\/p>\n<p><strong>EDITAL MNPEF-UEPG N\u00b0 01\/2023 <\/strong><br \/>\n<a href=\"https:\/\/www2.uepg.br\/ppgef\/wp-content\/uploads\/sites\/204\/2023\/02\/Polo35_UEPG_Edital_01_2023_Matricula.pdf\">Polo35_UEPG_Edital_01_2023_Matricula<\/a><br \/>\n<strong>MATR\u00cdCULA NO CURSO DE MESTRADO NACIONAL PROFISSIONAL EM ENSINO DE F\u00cdSICA <\/strong><strong>TURMA 2023 &#8211; POLO 35 &#8211; UEPG <\/strong><\/p>\n<p><strong>TUTORIAL DE MATR\u00cdCULA NO CURSO DE MESTRADO NACIONAL PROFISSIONAL EM ENSINO DE F\u00cdSICA- <\/strong><strong>TURMA 2023 &#8211; POLO 35 &#8211; UEPG<\/strong><br \/>\n<a href=\"https:\/\/www2.uepg.br\/ppgef\/wp-content\/uploads\/sites\/204\/2023\/02\/Polo35_UEPG_Tutorial_Matricula.pdf\">Polo35_UEPG_Tutorial_Matricula<\/a><br \/>\n<span style=\"color: #000000\"><strong>PROCESSO SELETIVO PARA INGRESSO NO MNPEF EM 2023 &#8211; POLO 35 UEPG<\/strong><\/span><\/p>\n<p><span style=\"color: #000000\"><strong>EDITAIS SELE\u00c7\u00c3O 2022<\/strong><\/span><\/p>\n<p><em>Edital MNPEF n\u00b0 07\/2022<\/em><br \/>\n<a href=\"https:\/\/www2.uepg.br\/ppgef\/wp-content\/uploads\/sites\/204\/2021\/08\/MNPEF_Edital_Sele\u00e7\u00e3o_Nacional_2023_Publica\u00e7\u00e3o.pdf\">MNPEF_Edital_Sele\u00e7\u00e3o_Nacional_2023_Publica\u00e7\u00e3o<\/a><br \/>\nPROCESSO SELETIVO REMOTO DE INGRESSO NO CURSO DE \u00a0MESTRADO NACIONAL PROFISSIONAL EM ENSINO DE F\u00cdSICA PARA A TURMA 2023.<\/p>\n<p><em>RETIFICA\u00c7\u00c3O<\/em>: <strong><u>altera\u00e7\u00e3o de cronograma de inscri\u00e7\u00f5es<\/u><\/strong><br \/>\n<a href=\"https:\/\/www2.uepg.br\/ppgef\/wp-content\/uploads\/sites\/204\/2022\/09\/MNPEF_Retificacao_Edital_Selecao_07-2022.pdf\">MNPEF_Retifica\u00e7\u00e3o_Edital_Sele\u00e7\u00e3o_07-2022<\/a><\/p>\n<p><em>EDITAL COMPLEMENTAR MNPEF-UEPG n\u00b0 01\/2022<\/em><br \/>\n<a href=\"https:\/\/www2.uepg.br\/ppgef\/wp-content\/uploads\/sites\/204\/2022\/09\/Polo35_UEPG_EditaldeSele\u00e7\u00e3oComplementarMNPEF_Ok-1.pdf\">Polo35_UEPG_EditaldeSele\u00e7\u00e3oComplementarMNPEF_Ok<\/a><br \/>\nPROCESSO SELETIVO DE INGRESSO NO CURSO DE MESTRADO NACIONAL PROFISSIONAL EM ENSINO DE F\u00cdSICA \u2013 TURMA 2023 POLO 35 &#8211; UEPG<\/p>\n<p><em>EDITAL COMPLEMENTAR MNPEF-UEPG n\u00b0 02\/2022<\/em><br \/>\n<em>RETIFICA\u00c7\u00c3O<\/em>: <strong><u>Altera\u00e7\u00e3o de cronograma de inscri\u00e7\u00f5es<\/u><\/strong><br \/>\n<a href=\"https:\/\/www2.uepg.br\/ppgef\/wp-content\/uploads\/sites\/204\/2022\/09\/Polo35_UEPG_EditaldeSelecaoComplementarMNPEFRetificacao_Edital_01_2022.pdf\">Polo35_UEPG_EditaldeSele\u00e7\u00e3oComplementarMNPEFRetifica\u00e7\u00e3o_Edital_01_2022<\/a><br \/>\nPROCESSO SELETIVO DE INGRESSO NO CURSO DE MESTRADO NACIONAL PROFISSIONAL EM ENSINO DE F\u00cdSICA \u2013 TURMA 2023 POLO 35 &#8211; UEPG<\/p>\n<p><em>EDITAL COMPLEMENTAR MNPEF-UEPG n\u00b0 03\/2022<\/em><br \/>\n<strong>Resultado da Prova Escrita Nacional<\/strong><br \/>\n<a href=\"https:\/\/www2.uepg.br\/ppgef\/wp-content\/uploads\/sites\/204\/2022\/10\/Polo35_UEPG_EditaldeSelecaoProvaPresencialMNPEF_Ok.pdf\">Polo35_UEPG_EditaldeSele\u00e7\u00e3oProvaPresencialMNPEF_Ok<\/a><br \/>\nPROCESSO SELETIVO DE INGRESSO NO CURSO DE MESTRADO NACIONAL PROFISSIONAL EM ENSINO DE F\u00cdSICA TURMA 2023 POLO 35 &#8211; UEPG<\/p>\n<p><em>EDITAL COMPLEMENTAR MNPEF-UEPG n\u00b0 04\/2022<\/em><br \/>\n<strong>Classificados para a segunda etapa do processo seletivo &#8211; Prova de Defesa de Memorial<\/strong><br \/>\n<a href=\"https:\/\/www2.uepg.br\/ppgef\/wp-content\/uploads\/sites\/204\/2022\/10\/Polo35_UEPG_Edital_04_DefesaMemorialMNPEF.pdf\">Polo35_UEPG_Edital_04_DefesaMemorialMNPEF<\/a><br \/>\nPROCESSO SELETIVO DE INGRESSO NO CURSO DE MESTRADO NACIONAL PROFISSIONAL EM ENSINO DE F\u00cdSICA TURMA 2023 POLO 35 &#8211; UEPG<\/p>\n<p><em>EDITAL COMPLEMENTAR MNPEF-UEPG n\u00b0 05\/2022<\/em><br \/>\n<strong>Resultado da Prova de Defesa de Memorial<\/strong><br \/>\n<a href=\"https:\/\/www2.uepg.br\/ppgef\/wp-content\/uploads\/sites\/204\/2022\/11\/Polo35_UEPG_Edital_05_DefesaMemorialMNPEF.pdf\">Polo35_UEPG_Edital_05_DefesaMemorialMNPEF<\/a><br \/>\nPROCESSO SELETIVO DE INGRESSO NO CURSO DE MESTRADO NACIONAL PROFISSIONAL EM ENSINO DE F\u00cdSICA TURMA 2023 POLO 35 &#8211; UEPG<\/p>\n<p><em>EDITAL COMPLEMENTAR MNPEF-UEPG n\u00b0 06\/2022<\/em><br \/>\n<strong>Resultado Final do Processo Seletivo <\/strong><br \/>\n<a href=\"https:\/\/www2.uepg.br\/ppgef\/wp-content\/uploads\/sites\/204\/2022\/12\/Polo35_UEPG_Edital_06_ResultadoFinal_2023.pdf\">Polo35_UEPG_Edital_06_ResultadoFinal_2023<\/a><br \/>\nPROCESSO SELETIVO DE INGRESSO NO CURSO DE MESTRADO NACIONAL PROFISSIONAL EM ENSINO DE F\u00cdSICA TURMA 2023 POLO 35 &#8211; UEPG<\/p>\n<p>&nbsp;<\/p>\n","protected":false},"excerpt":{"rendered":"<p>PROCESSO SELETIVO PARA TURMA 2026 A Comiss\u00e3o de P\u00f3s-Gradua\u00e7\u00e3o do Mestrado Nacional Profissional em Ensino de F\u00edsica (MNPEF) da Sociedade Brasileira de F\u00edsica (SBF) torna p\u00fablico aos interessados que estar\u00e3o abertas no per\u00edodo fixado no Anexo Edital Geral N\u00ba 1 2026 deste Edital as inscri\u00e7\u00f5es para o processo seletivo de ingresso no curso de Mestrado&nbsp;&hellip;<\/p>\n","protected":false},"author":305,"featured_media":0,"parent":0,"menu_order":0,"comment_status":"closed","ping_status":"closed","template":"","meta":[],"_links":{"self":[{"href":"https:\/\/www2.uepg.br\/ppgef\/wp-json\/wp\/v2\/pages\/137"}],"collection":[{"href":"https:\/\/www2.uepg.br\/ppgef\/wp-json\/wp\/v2\/pages"}],"about":[{"href":"https:\/\/www2.uepg.br\/ppgef\/wp-json\/wp\/v2\/types\/page"}],"author":[{"embeddable":true,"href":"https:\/\/www2.uepg.br\/ppgef\/wp-json\/wp\/v2\/users\/305"}],"replies":[{"embeddable":true,"href":"https:\/\/www2.uepg.br\/ppgef\/wp-json\/wp\/v2\/comments?post=137"}],"version-history":[{"count":76,"href":"https:\/\/www2.uepg.br\/ppgef\/wp-json\/wp\/v2\/pages\/137\/revisions"}],"predecessor-version":[{"id":729,"href":"https:\/\/www2.uepg.br\/ppgef\/wp-json\/wp\/v2\/pages\/137\/revisions\/729"}],"wp:attachment":[{"href":"https:\/\/www2.uepg.br\/ppgef\/wp-json\/wp\/v2\/media?parent=137"}],"curies":[{"name":"wp","href":"https:\/\/api.w.org\/{rel}","templated":true}]}}