{"id":139,"date":"2021-08-11T12:33:33","date_gmt":"2021-08-11T15:33:33","guid":{"rendered":"https:\/\/www2.uepg.br\/ppgef\/?page_id=139"},"modified":"2023-10-06T11:17:24","modified_gmt":"2023-10-06T14:17:24","slug":"download","status":"publish","type":"page","link":"https:\/\/www2.uepg.br\/ppgef\/download\/","title":{"rendered":"Download"},"content":{"rendered":"<h3 class=\"align-center pb-3 mbr-fonts-style display-2\"><span style=\"color: #000000\"><strong>DOWNLOAD DE ARQUIVOS<\/strong><\/span><\/h3>\n<p><span style=\"color: #000000\"><strong><br \/>\n<\/strong><strong>PROJETO DE PESQUISA<\/strong><\/span><\/p>\n<div><span style=\"color: #000000\">Orienta\u00e7\u00f5es para Disserta\u00e7\u00f5es e Produtos &#8211;<span style=\"color: #ff0000\"> <a href=\"https:\/\/www2.uepg.br\/ppgef\/wp-content\/uploads\/sites\/204\/2023\/03\/OrientacoesParaDissertacoesEProdutos-2.pdf\" target=\"_blank\" rel=\"noopener\">Arquivo<\/a><\/span><\/span><\/div>\n<div><span style=\"color: #000000\">Documento Orientador da Disserta\u00e7\u00e3o, do Produto Educacional e Assuntos Correlatos &#8211;<span style=\"color: #ff0000\"> <a href=\"https:\/\/www2.uepg.br\/ppgef\/wp-content\/uploads\/sites\/204\/2023\/03\/dissertacaoprodutoeducacionalMNPEF2022.pdf\" target=\"_blank\" rel=\"noopener\">Arquivo<\/a><\/span><\/span><\/div>\n<div><span style=\"color: #000000\">Modelo de Projeto de Pesquisa &#8211;\u00a0<span style=\"color: #ff0000\"> <a style=\"color: #ff0000\" href=\"https:\/\/www2.uepg.br\/ppgef\/wp-content\/uploads\/sites\/204\/2021\/08\/modelo_projeto_dissertacao.docx\" target=\"_blank\" rel=\"noopener\">Arquivo<\/a><\/span><\/span><\/div>\n<div><span style=\"color: #000000\"><strong>\u00a0<\/strong><\/span><span style=\"color: #000000\"><strong>\u00a0<\/strong><\/span><\/div>\n<div><span style=\"color: #000000\"><strong>EST\u00c1GIO SUPERVISIONADO<\/strong><\/span><\/div>\n<div><span style=\"color: #000000\">Modelo de Relat\u00f3rio Mestrando &#8211;<span style=\"color: #ff0000\"> <a style=\"color: #ff0000\" href=\"https:\/\/www2.uepg.br\/ppgef\/wp-content\/uploads\/sites\/204\/2021\/08\/MODELO_RELATORIO_ESTAGIO_Mestrando.docx\" target=\"_blank\" rel=\"noopener\">Arquivo<\/a><\/span><\/span><\/div>\n<div><span style=\"color: #000000\">Modelo Relat\u00f3rio Professor Orientador &#8211; <span style=\"color: #ff0000\"><a style=\"color: #ff0000\" href=\"https:\/\/www2.uepg.br\/ppgef\/wp-content\/uploads\/sites\/204\/2021\/08\/MODELO_RELATORIO_ESTAGIO_Professor_Orientador.docx\" target=\"_blank\" rel=\"noopener\">Arquivo<\/a><\/span><\/span><\/div>\n<p class=\"align-center pb-3 mbr-fonts-style display-2\"><span style=\"color: #000000\"><strong>COMIT\u00ca DE \u00c9TICA<\/strong><\/span><\/p>\n<div><span style=\"color: #000000\">Modelo de Projeto para Comit\u00ea de \u00c9tica (Protocolo de Pesquisa) &#8211; <span style=\"color: #ff0000\"><a style=\"color: #ff0000\" href=\"https:\/\/www2.uepg.br\/ppgef\/wp-content\/uploads\/sites\/204\/2021\/08\/ProtocoloPesquisa_CEP.docx\" target=\"_blank\" rel=\"noopener\">Arquivo<\/a><\/span><\/span><\/div>\n<div><span style=\"color: #000000\">Orienta\u00e7\u00f5es para a Elabora\u00e7\u00e3o do TCLE &#8211; <span style=\"color: #ff0000\"><a style=\"color: #ff0000\" href=\"https:\/\/www2.uepg.br\/ppgef\/wp-content\/uploads\/sites\/204\/2021\/08\/ORIENTACAO_TCLE-CEPUEPG.pdf\" target=\"_blank\" rel=\"noopener\">Arquivo<\/a><\/span><\/span><\/div>\n<div><span style=\"color: #000000\">Modelo de TCLE (Termo de Consentimento Livre e Esclarecido) &#8211; <span style=\"color: #ff0000\"><a style=\"color: #ff0000\" href=\"https:\/\/www2.uepg.br\/ppgef\/wp-content\/uploads\/sites\/204\/2021\/08\/Modelo_TCLE.docx\" target=\"_blank\" rel=\"noopener\">Arquivo<\/a><\/span><\/span><\/div>\n<div><span style=\"color: #000000\">Termo de Compromisso Pesquisador Respons\u00e1vel &#8211; <span style=\"color: #ff0000\"><a style=\"color: #ff0000\" href=\"https:\/\/www2.uepg.br\/ppgef\/wp-content\/uploads\/sites\/204\/2021\/08\/Termo_Compromisso_Pesquisador_Responsavel.docx\" target=\"_blank\" rel=\"noopener\">Arquivo<\/a><\/span><\/span><\/div>\n<div><span style=\"color: #000000\">Termo de Compromisso Demais Pesquisadores (Equipe) &#8211;\u00a0 <span style=\"color: #ff0000\"><a style=\"color: #ff0000\" href=\"https:\/\/www2.uepg.br\/ppgef\/wp-content\/uploads\/sites\/204\/2021\/08\/Termo_Compromisso_Equipe.docx\" target=\"_blank\" rel=\"noopener\">Arquivo<\/a><\/span><\/span><\/div>\n<div>\n<p><span style=\"color: #000000\">Modelo de Relat\u00f3rio de Pesquisa &#8211; Comite de \u00c9tica &#8211; <span style=\"color: #ff0000\"><a style=\"color: #ff0000\" href=\"https:\/\/www2.uepg.br\/ppgef\/wp-content\/uploads\/sites\/204\/2021\/08\/MODELO_REL_FINAL_COMITE_ETICA-1.docx\" target=\"_blank\" rel=\"noopener\">Arquivo<\/a><\/span><\/span><\/p>\n<div><\/div>\n<div><span style=\"color: #000000\"><strong>DOCUMENTOS SEED-PR PARA EXECU\u00c7\u00c3O DA PESQUISA<\/strong><\/span><\/div>\n<div><span style=\"color: #000000\">RESOLU\u00c7\u00c3O N. \u00ba 406\/2018 \u2013 GS\/SEED &#8211; <span style=\"color: #ff0000\"><a style=\"color: #ff0000\" href=\"https:\/\/www2.uepg.br\/ppgef\/wp-content\/uploads\/sites\/204\/2021\/08\/Resolucao_SEED_406_-01_Fevereiro_2018.pdf\" target=\"_blank\" rel=\"noopener\">Arquivo<\/a><\/span><\/span><\/div>\n<div><span style=\"color: #000000\">ANEXO I da RESOLU\u00c7\u00c3O N. \u00ba 406\/2018 \u2013 GS\/SEED &#8211; <span style=\"color: #ff0000\"><a style=\"color: #ff0000\" href=\"https:\/\/www2.uepg.br\/ppgef\/wp-content\/uploads\/sites\/204\/2021\/08\/Anexo1_resolucao_406_2018.docx\" target=\"_blank\" rel=\"noopener\">Arquivo<\/a><\/span><\/span><\/div>\n<div><span style=\"color: #000000\">ANEXO II da RESOLU\u00c7\u00c3O N. \u00ba 406\/2018 \u2013 GS\/SEED &#8211;\u00a0 <span style=\"color: #ff0000\"><a style=\"color: #ff0000\" href=\"https:\/\/www2.uepg.br\/ppgef\/wp-content\/uploads\/sites\/204\/2021\/08\/Anexo2_resolucao_406_2018.docx\" target=\"_blank\" rel=\"noopener\">Arquivo<\/a><\/span><\/span><\/div>\n<div><span style=\"color: #000000\"><strong>\u00a0<\/strong><\/span><\/div>\n<div><span style=\"color: #000000\"><strong>DOCUMENTOS PARA DEFESA DA DISSERTA\u00c7\u00c3O<\/strong><\/span><\/div>\n<div><span style=\"color: #000000\">Formul\u00e1rio para Solicita\u00e7\u00e3o de Defesa &#8211;\u00a0 <span style=\"color: #ff0000\"><a style=\"color: #ff0000\" href=\"https:\/\/www2.uepg.br\/ppgef\/wp-content\/uploads\/sites\/204\/2021\/08\/Requerimento_de_defesa.docx\" target=\"_blank\" rel=\"noopener\">Arquivo<\/a><\/span><\/span><\/div>\n<div><span style=\"color: #000000\">Modelo de Disserta\u00e7\u00e3o &#8211; <a href=\"https:\/\/www2.uepg.br\/ppgef\/wp-content\/uploads\/sites\/204\/2023\/03\/modelodissertacaoMNPEF2022-1.docx\" target=\"_blank\" rel=\"noopener\">Arquivo<\/a><\/span><\/div>\n<div><span style=\"color: #000000\">Modelo de Produto Educacional &#8211; <a href=\"https:\/\/www2.uepg.br\/ppgef\/wp-content\/uploads\/sites\/204\/2023\/03\/modeloprodutoeducacionalMNPEF2022.docx\" target=\"_blank\" rel=\"noopener\">Arquivo<\/a><\/span><\/div>\n<div><span style=\"color: #000000\">Manual de normaliza\u00e7\u00e3o bibliogr\u00e1fica para trabalhos cient\u00edficos 5\u00aa Ed. <a href=\"https:\/\/www2.uepg.br\/ppgef\/wp-content\/uploads\/sites\/204\/2023\/09\/Manual-de-normalizacao-5-ed-2023.pdf\">Arquivo<\/a><\/span><\/div>\n<div><span style=\"color: #000000\"><strong>\u00a0<\/strong><\/span><\/div>\n<div><span style=\"color: #000000\"><strong>BIBLIOTECA<\/strong><\/span><\/div>\n<div><span style=\"color: #000000\">Solicita\u00e7\u00e3o de Ficha Catalogr\u00e1fica junto a BICEN-UEPG &#8211; <a style=\"color: #000000\" href=\"https:\/\/www2.uepg.br\/ppgef\/wp-content\/uploads\/sites\/204\/2021\/08\/FICHA_CATALOGRAFICA_BIBLIOTECA.pdf\" target=\"_blank\" rel=\"noopener\"><span style=\"color: #ff0000\">Arquivo<\/span><\/a> \u00a0&#8211; <span style=\"color: #ff0000\"><a class=\"\" style=\"color: #ff0000\" href=\"https:\/\/bicenficha.apps.uepg.br\/login\">LINK<\/a><\/span><\/span><\/div>\n<div><span style=\"color: #000000\">Termo de Autoriza\u00e7\u00e3o para Publica\u00e7\u00e3o Eletr\u00f4nica da Disserta\u00e7\u00e3o na BDTD da UEPG &#8211; <a href=\"https:\/\/www2.uepg.br\/ppgef\/wp-content\/uploads\/sites\/204\/2023\/05\/UEPG-termo-de-autorizacao.docx\" target=\"_blank\" rel=\"noopener\">Arquivo<\/a><\/span><\/div>\n<\/div>\n","protected":false},"excerpt":{"rendered":"<p>DOWNLOAD DE ARQUIVOS PROJETO DE PESQUISA Orienta\u00e7\u00f5es para Disserta\u00e7\u00f5es e Produtos &#8211; Arquivo Documento Orientador da Disserta\u00e7\u00e3o, do Produto Educacional e Assuntos Correlatos &#8211; Arquivo Modelo de Projeto de Pesquisa &#8211;\u00a0 Arquivo \u00a0\u00a0 EST\u00c1GIO SUPERVISIONADO Modelo de Relat\u00f3rio Mestrando &#8211; Arquivo Modelo Relat\u00f3rio Professor Orientador &#8211; Arquivo COMIT\u00ca DE \u00c9TICA Modelo de Projeto para Comit\u00ea&nbsp;&hellip;<\/p>\n","protected":false},"author":305,"featured_media":0,"parent":0,"menu_order":0,"comment_status":"closed","ping_status":"closed","template":"","meta":[],"_links":{"self":[{"href":"https:\/\/www2.uepg.br\/ppgef\/wp-json\/wp\/v2\/pages\/139"}],"collection":[{"href":"https:\/\/www2.uepg.br\/ppgef\/wp-json\/wp\/v2\/pages"}],"about":[{"href":"https:\/\/www2.uepg.br\/ppgef\/wp-json\/wp\/v2\/types\/page"}],"author":[{"embeddable":true,"href":"https:\/\/www2.uepg.br\/ppgef\/wp-json\/wp\/v2\/users\/305"}],"replies":[{"embeddable":true,"href":"https:\/\/www2.uepg.br\/ppgef\/wp-json\/wp\/v2\/comments?post=139"}],"version-history":[{"count":17,"href":"https:\/\/www2.uepg.br\/ppgef\/wp-json\/wp\/v2\/pages\/139\/revisions"}],"predecessor-version":[{"id":483,"href":"https:\/\/www2.uepg.br\/ppgef\/wp-json\/wp\/v2\/pages\/139\/revisions\/483"}],"wp:attachment":[{"href":"https:\/\/www2.uepg.br\/ppgef\/wp-json\/wp\/v2\/media?parent=139"}],"curies":[{"name":"wp","href":"https:\/\/api.w.org\/{rel}","templated":true}]}}