{"id":142,"date":"2021-08-11T12:33:52","date_gmt":"2021-08-11T15:33:52","guid":{"rendered":"https:\/\/www2.uepg.br\/ppgef\/?page_id=142"},"modified":"2025-11-10T09:28:34","modified_gmt":"2025-11-10T12:28:34","slug":"eventos","status":"publish","type":"page","link":"https:\/\/www2.uepg.br\/ppgef\/eventos\/","title":{"rendered":"Eventos"},"content":{"rendered":"<p><audio class=\"audio-for-speech\"><\/audio><\/p>\n<div class=\"translate-tooltip-mtz translator-hidden\">\n<div class=\"header\">\n<div class=\"header-controls\">Translator<\/div>\n<div class=\"header-controls\"><\/div>\n<div class=\"header-controls\"><\/div>\n<\/div>\n<div class=\"translated-text\">\n<div class=\"words\"><\/div>\n<div class=\"sentences\"><\/div>\n<\/div>\n<\/div>\n<p>&nbsp;<\/p>\n<div class=\"translate-tooltip-mtz translator-hidden\">\n<div class=\"header\">\n<div class=\"header-controls\">Translator<\/div>\n<div class=\"header-controls\"><\/div>\n<div class=\"header-controls\"><\/div>\n<\/div>\n<div class=\"translated-text\">\n<div class=\"words\"><\/div>\n<div class=\"sentences\"><\/div>\n<\/div>\n<\/div>\n<p>&nbsp;<\/p>\n<div class=\"translate-tooltip-mtz translator-hidden\">\n<div class=\"header\">\n<div class=\"header-controls\">Translator<\/div>\n<div class=\"header-controls\"><\/div>\n<div class=\"header-controls\"><\/div>\n<\/div>\n<div class=\"translated-text\">\n<div class=\"words\"><\/div>\n<div class=\"sentences\"><\/div>\n<\/div>\n<\/div>\n<p>&nbsp;<\/p>\n<div class=\"translate-tooltip-mtz translator-hidden\">\n<div class=\"header\">\n<div class=\"header-controls\">Translator<\/div>\n<div class=\"header-controls\"><\/div>\n<div class=\"header-controls\"><\/div>\n<\/div>\n<div class=\"translated-text\">\n<div class=\"words\"><\/div>\n<div class=\"sentences\"><\/div>\n<\/div>\n<\/div>\n<div class=\"translate-tooltip-mtz translator-hidden\">\n<div class=\"header\">\n<div class=\"header-controls\">Translator<\/div>\n<div class=\"header-controls\"><\/div>\n<div class=\"header-controls\"><\/div>\n<\/div>\n<div class=\"translated-text\">\n<div class=\"words\"><\/div>\n<div class=\"sentences\"><\/div>\n<\/div>\n<\/div>\n<div class=\"translate-tooltip-mtz translator-hidden\">\n<div class=\"header\">\n<div class=\"header-controls\">Translator<\/div>\n<div class=\"header-controls\"><\/div>\n<div class=\"header-controls\"><\/div>\n<\/div>\n<div class=\"translated-text\">\n<div class=\"words\"><\/div>\n<div class=\"sentences\"><\/div>\n<\/div>\n<\/div>\n<div class=\"translate-tooltip-mtz translator-hidden\">\n<div class=\"header\">\n<div class=\"header-controls\">Translator<\/div>\n<div class=\"header-controls\"><\/div>\n<div class=\"header-controls\"><\/div>\n<\/div>\n<div class=\"translated-text\">\n<div class=\"words\"><\/div>\n<div class=\"sentences\"><\/div>\n<\/div>\n<\/div>\n<div class=\"translate-tooltip-mtz translator-hidden\">\n<div class=\"header\">\n<div class=\"header-controls\">Translator<\/div>\n<div class=\"header-controls\"><\/div>\n<div class=\"header-controls\"><\/div>\n<\/div>\n<div class=\"translated-text\">\n<div class=\"words\"><\/div>\n<div class=\"sentences\"><\/div>\n<\/div>\n<\/div>\n<div class=\"translate-tooltip-mtz translator-hidden\">\n<div class=\"header\">\n<div class=\"header-controls\">Translator<\/div>\n<div class=\"header-controls\"><\/div>\n<div class=\"header-controls\"><\/div>\n<\/div>\n<div class=\"translated-text\">\n<div class=\"words\"><\/div>\n<div class=\"sentences\"><\/div>\n<\/div>\n<\/div>\n<div class=\"translate-tooltip-mtz translator-hidden\">\n<div class=\"header\">\n<div class=\"header-controls\">Translator<\/div>\n<div class=\"header-controls\"><\/div>\n<div class=\"header-controls\"><\/div>\n<\/div>\n<div class=\"translated-text\">\n<div class=\"words\"><\/div>\n<div class=\"sentences\"><\/div>\n<\/div>\n<\/div>\n<div class=\"translate-tooltip-mtz translator-hidden\">\n<div class=\"header\">\n<div class=\"header-controls\">Translator<\/div>\n<div class=\"header-controls\"><\/div>\n<div class=\"header-controls\"><\/div>\n<\/div>\n<\/div>\n<div class=\"translate-tooltip-mtz translator-hidden\">\n<div class=\"header\">\n<div class=\"header-controls\">Translator<\/div>\n<div class=\"header-controls\"><\/div>\n<div class=\"header-controls\"><\/div>\n<\/div>\n<div class=\"translated-text\">\n<div class=\"words\"><\/div>\n<div class=\"sentences\"><\/div>\n<\/div>\n<\/div>\n<div class=\"translate-tooltip-mtz translator-hidden\">\n<div class=\"header\">\n<div class=\"header-controls\">Translator<\/div>\n<div class=\"header-controls\"><\/div>\n<div class=\"header-controls\"><\/div>\n<\/div>\n<div class=\"translated-text\">\n<div class=\"sentences\"><\/div>\n<\/div>\n<\/div>\n<div class=\"translate-tooltip-mtz translator-hidden\">\n<div class=\"header\">\n<div class=\"header-controls\">Translator<\/div>\n<div class=\"header-controls\"><\/div>\n<div class=\"header-controls\"><\/div>\n<\/div>\n<div class=\"translated-text\">\n<div class=\"words\"><\/div>\n<div class=\"sentences\"><\/div>\n<\/div>\n<\/div>\n<section id=\"content7-2f\" class=\"mbr-section content7 cid-rlxMgtrO6L\">\n<div class=\"container\">\n<div class=\"media-container-row\">\n<div class=\"col-12 col-md-12\">\n<div class=\"media-container-row\">\n<div class=\"media-content\">\n<div>\n<h2><img loading=\"lazy\" class=\"size-medium wp-image-746 aligncenter\" src=\"https:\/\/www2.uepg.br\/ppgef\/wp-content\/uploads\/sites\/204\/2025\/09\/logo-300x242.jpg\" alt=\"\" width=\"300\" height=\"242\" srcset=\"https:\/\/www2.uepg.br\/ppgef\/wp-content\/uploads\/sites\/204\/2025\/09\/logo-300x242.jpg 300w, https:\/\/www2.uepg.br\/ppgef\/wp-content\/uploads\/sites\/204\/2025\/09\/logo.jpg 337w\" sizes=\"(max-width: 300px) 100vw, 300px\" \/><\/h2>\n<hr \/>\n<h1 style=\"text-align: center\"><span style=\"color: #ff0000\"><strong>100 Anos de Mec\u00e2nica Qu\u00e2ntica: <\/strong><\/span><\/h1>\n<h1 style=\"text-align: center\"><span style=\"color: #ff0000\"><strong>Entre o Real e o Imagin\u00e1rio<\/strong><\/span><\/h1>\n<hr \/>\n<\/div>\n<\/div>\n<p>LIVRO DE RESUMOS DA XXVI SEMANA DA F\u00cdSICA: <a href=\"https:\/\/www2.uepg.br\/ppgef\/wp-content\/uploads\/sites\/204\/2025\/11\/LivroResumos_XXVI-SemanaFisicaUEPG-2025.pdf\">LivroResumos_XXVI-SemanaFisicaUEPG-2025<\/a><\/p>\n<div class=\"media-content\">\n<div>\n<hr \/>\n<p>&nbsp;<\/p>\n<p><span style=\"color: #000000\"><strong>Local<\/strong> \u2013 Hall Tecnol\u00f3gico (abertura, palestras e encerramento)<\/span><br \/>\n<span style=\"color: #000000\">\u00a0 \u00a0 \u00a0 \u00a0 \u00a0 \u00a0 \u2013 Sala de Reuni\u00f5es Bloco L(minicursos e apresenta\u00e7\u00f5es orais)<\/span><br \/>\n<span style=\"color: #000000\">\u00a0 \u00a0 \u00a0 \u00a0 \u00a0 \u00a0 \u2013 Hall do bloco L (sess\u00e3o de p\u00f4steres)<\/span><\/p>\n<p><span style=\"color: #000000\"><strong>Manh\u00e3<\/strong>: 9:00 \u00e0s 12:00<\/span><br \/>\n<span style=\"color: #000000\"><strong>Tarde<\/strong>: 14:00 \u00e0s 17:00<\/span><br \/>\n<span style=\"color: #000000\"><strong>Noite<\/strong>: 19:00 \u00e0s 22:00<\/span><\/p>\n<h3><span style=\"color: #ff0000\"><strong>INSCRI\u00c7\u00d5ES PARA PARTICIPA\u00c7\u00c3O E ENVIO DE TRABALHOS<\/strong><\/span><\/h3>\n<p><strong>Per\u00edodo de Inscri\u00e7\u00f5es<\/strong>: <strong><span style=\"color: #ff0000\">de 05\/set\/2025 a 20\/out\/2025<\/span><\/strong><\/p>\n<p><strong>LINK<\/strong>: <a href=\"https:\/\/docs.google.com\/forms\/d\/e\/1FAIpQLSdm8MfxK4pco3ZdNtCg70loP_VNSYjG9TzVEm03p2Uyxz184g\/viewform?usp=sharing&amp;ouid=114944146899666829388\"><span style=\"color: #ff0000\"><strong>INSCRI\u00c7\u00d5ES<\/strong><\/span><\/a><\/p>\n<p><strong>MODELO DE RESUMO (TEMPLATE)<\/strong><\/p>\n<\/div>\n<\/div>\n<\/div>\n<p>Os trabalhos ser\u00e3o avaliados mediante submiss\u00e3o de resumo em modelo pr\u00f3prio. (<span style=\"color: #ff0000\">Na inscri\u00e7\u00e3o h\u00e1 op\u00e7\u00e3o para envio de trabalho<\/span>)<\/p>\n<p><strong>WORD<\/strong> &#8211; <a href=\"https:\/\/www2.uepg.br\/ppgef\/wp-content\/uploads\/sites\/204\/2025\/09\/Template-Word-de-resumo-XXVI-semana-de-fisica-2025.docx\">Template Word de resumo XXVI semana de f\u00edsica 2025<\/a><\/p>\n<p><strong>LATEX<\/strong> &#8211; <a href=\"https:\/\/l1nk.dev\/PPanq\"><strong>https:\/\/l1nk.dev\/PPanq<\/strong><\/a><\/p>\n<div class=\"media-container-row\">\n<div class=\"media-content\">\n<div>\n<p><strong>Per\u00edodo de Envio de Trabalhos<\/strong>: <span style=\"color: #ff0000\"><strong>de<\/strong> <strong>05\/set\/2025 a 10\/out\/2025<\/strong><\/span><\/p>\n<p>As sess\u00f5es \u201c<span style=\"color: #339966\"><strong>Apresenta\u00e7\u00e3o de Trabalho 1 e 2<\/strong><\/span>\u201d s\u00e3o abertas aos alunos de gradua\u00e7\u00e3o e de p\u00f3s-gradua\u00e7\u00e3o.<\/p>\n<p><span style=\"color: #000000\"><strong>Investimento<\/strong> \u2013 R$ 20,00<\/span><\/p>\n<h3><span style=\"color: #000000\"><span style=\"color: #ff0000\"><strong>PROGRAMA\u00c7\u00c3O<\/strong><\/span><\/span><\/h3>\n<p><span style=\"color: #000000\"><strong>Minicurso 1<\/strong>: \u201c<strong><span style=\"color: #0000ff\">Princ\u00edpios de Resson\u00e2ncia Magn\u00e9tica Nuclear e A<\/span><\/strong><\/span><span style=\"color: #000000\"><strong><span style=\"color: #0000ff\">plica\u00e7\u00f5es em Campo Baixo<\/span><\/strong>\u201d \u2013 Prof. Dr. Ruben Auccaise Estrada<\/span><br \/>\n<span style=\"color: #000000\"><strong>Minicurso 2<\/strong>: \u201c<strong><span style=\"color: #0000ff\">Ferramentas IA para Planejamento de Pesquisa C<\/span><\/strong><\/span><span style=\"color: #000000\"><strong><span style=\"color: #0000ff\">ientifica<\/span><\/strong>\u201d \u2013 Prof. Dr. Silvio Luiz Rutz da Silva<\/span><br \/>\n<strong>OBS<\/strong>.: <span style=\"color: #ff0000\">Para esse minicurso ser\u00e1 necess\u00e1rio notebook<\/span><br \/>\n<span style=\"color: #000000\"><strong>Minicurso 3<\/strong>: \u201c<strong><span style=\"color: #0000ff\">A Arte da F\u00edsica nas Letras da MPB: dois E<\/span><\/strong><\/span><span style=\"color: #000000\"><strong><span style=\"color: #0000ff\">xperimentos<\/span><\/strong>\u201d &#8211; Prof. Dr. S\u00e9rgio da Costa Saab; Prof. Dr. Luiz Fernado Pires<\/span><br \/>\n<span style=\"color: #000000\"><strong>Minicurso 4<\/strong>: \u201c<strong><span style=\"color: #0000ff\">Informa\u00e7\u00e3o Qu\u00e2ntica<\/span><\/strong>\u201d \u2013 Prof. Antonio S\u00e9rgio Magalh\u00e3es de Castro<\/span><\/p>\n<p><span style=\"color: #000000\"><strong>Palestra 1<\/strong>: \u201c<strong><span style=\"color: #0000ff\">A Matriz Energ\u00e9tica do Futuro<\/span><\/strong>\u201d \u2013 Prof. Dr. Fl\u00e1vio Marcelino Borges<\/span><br \/>\n<span style=\"color: #000000\"><strong>Palestra 2<\/strong>: \u201c<span style=\"color: #0000ff\"><strong>Caos e Fractais em Din\u00e2mica N\u00e3o-Linear<\/strong><\/span>\u201d &#8211; Prof. Dr. <\/span><span style=\"color: #000000\">Ricardo Luiz Viana<\/span><br \/>\n<span style=\"color: #000000\"><strong>Palestra 3<\/strong>: &#8220;<span style=\"color: #0000ff\"><strong>Difus\u00e3o \u2013 Alguns Aspectos Te\u00f3ricos e Experimentais<\/strong><\/span>&#8221; &#8211; Prof. Dr. Ervin Kaminski Lenzi <\/span><br \/>\n<span style=\"color: #000000\"><strong>Palestra 4<\/strong>: \u201c<strong><span style=\"color: #0000ff\">Uma Vis\u00e3o Mec\u00e2nica da \u00d3ptica<\/span><\/strong>\u201d &#8211; Prof. Dr. Paulo C\u00e9sar Facin<\/span><\/p>\n<p><span style=\"color: #000000\"><strong>Apresenta\u00e7\u00e3o de Trabalhos 1<\/strong> \u2013 <strong><span style=\"color: #008000\">Apresenta\u00e7\u00f5es Orais<\/span><\/strong><\/span><\/p>\n<p><span style=\"color: #000000\"><strong>Apresenta\u00e7\u00e3o de Trabalhos 2<\/strong> \u2013 <strong><span style=\"color: #008000\">Apresenta\u00e7\u00f5es em P\u00f4steres e <\/span><\/strong><\/span><strong><span style=\"color: #008000\">Trabalhos Extensionistas<\/span><\/strong><\/p>\n<\/div>\n<\/div>\n<\/div>\n<\/div>\n<\/div>\n<\/div>\n<\/section>\n<div><\/div>\n<div>\n<table style=\"height: 285px\" width=\"660\">\n<tbody>\n<tr>\n<td><strong>\u00a0<\/strong><\/td>\n<td style=\"text-align: center\" width=\"250\"><span style=\"color: #ff0000\"><strong>22\/10\/25<\/strong><\/span><\/td>\n<td style=\"text-align: center\" width=\"250\"><span style=\"color: #ff0000\"><strong>23\/10\/25<\/strong><\/span><\/td>\n<td style=\"text-align: center\" width=\"250\"><span style=\"color: #ff0000\"><strong>24\/10\/25<\/strong><\/span><\/td>\n<\/tr>\n<tr>\n<td><span style=\"color: #ff0000\"><strong>MANH\u00c3<\/strong><\/span><\/td>\n<td style=\"text-align: center\" width=\"250\"><strong>MINICURSO 1<\/strong><\/td>\n<td style=\"text-align: center\" width=\"250\"><strong>MINICURSO 3<\/strong><\/td>\n<td style=\"text-align: center\" width=\"250\"><strong>MINICURSO 4<\/strong><\/td>\n<\/tr>\n<tr>\n<td><span style=\"color: #ff0000\"><strong>TARDE<\/strong><\/span><\/td>\n<td style=\"text-align: center\" width=\"250\"><strong>MINICURSO 2<\/strong><\/td>\n<td style=\"text-align: center\" width=\"250\"><span style=\"color: #339966\"><strong>APRESENTA\u00c7\u00c3O TRABALHO 1<\/strong><\/span><\/td>\n<td style=\"text-align: center\" width=\"250\"><span style=\"color: #339966\"><strong>APRESENTA\u00c7\u00c3O TRABALHO 2<\/strong><\/span><\/td>\n<\/tr>\n<tr>\n<td rowspan=\"2\"><span style=\"color: #ff0000\"><strong>NOITE<\/strong><\/span><\/td>\n<td style=\"text-align: center\" width=\"250\"><strong>ABERTURA<\/strong><\/td>\n<td style=\"text-align: center\" width=\"250\"><strong>PALESTRA 2<\/strong><\/td>\n<td style=\"text-align: center\" width=\"250\"><strong>PALESTRA 4<\/strong><\/td>\n<\/tr>\n<tr>\n<td style=\"text-align: center\" width=\"250\"><strong>PALESTRA 1<\/strong><\/td>\n<td style=\"text-align: center\" width=\"250\"><strong>PALESTRA 3<\/strong><\/td>\n<td style=\"text-align: center\" width=\"250\"><strong>PALESTRA 5<\/strong><\/td>\n<\/tr>\n<\/tbody>\n<\/table>\n<\/div>\n<div><\/div>\n<div><span style=\"color: #000000\"><strong>Sala 1<\/strong>: Sala de Reuni\u00f5es do Sexatas<\/span><br \/>\n<span style=\"color: #000000\"><strong>Sala 2<\/strong>: Audit\u00f3rio Departamento de Inform\u00e1tica<\/span><\/div>\n<div><img loading=\"lazy\" class=\"alignnone wp-image-798\" src=\"https:\/\/www2.uepg.br\/ppgef\/wp-content\/uploads\/sites\/204\/2025\/10\/orais-300x231.jpg\" alt=\"\" width=\"504\" height=\"388\" srcset=\"https:\/\/www2.uepg.br\/ppgef\/wp-content\/uploads\/sites\/204\/2025\/10\/orais-300x231.jpg 300w, https:\/\/www2.uepg.br\/ppgef\/wp-content\/uploads\/sites\/204\/2025\/10\/orais.jpg 661w\" sizes=\"(max-width: 504px) 100vw, 504px\" \/><\/div>\n<div><\/div>\n<div><img loading=\"lazy\" class=\"alignnone wp-image-803\" src=\"https:\/\/www2.uepg.br\/ppgef\/wp-content\/uploads\/sites\/204\/2025\/10\/23-10-1-300x157.jpg\" alt=\"\" width=\"812\" height=\"424\" srcset=\"https:\/\/www2.uepg.br\/ppgef\/wp-content\/uploads\/sites\/204\/2025\/10\/23-10-1-300x157.jpg 300w, https:\/\/www2.uepg.br\/ppgef\/wp-content\/uploads\/sites\/204\/2025\/10\/23-10-1-1024x536.jpg 1024w, https:\/\/www2.uepg.br\/ppgef\/wp-content\/uploads\/sites\/204\/2025\/10\/23-10-1-768x402.jpg 768w, https:\/\/www2.uepg.br\/ppgef\/wp-content\/uploads\/sites\/204\/2025\/10\/23-10-1.jpg 1142w\" sizes=\"(max-width: 812px) 100vw, 812px\" \/><\/div>\n<div><img loading=\"lazy\" class=\"alignnone wp-image-804\" src=\"https:\/\/www2.uepg.br\/ppgef\/wp-content\/uploads\/sites\/204\/2025\/10\/24-10-1-300x144.jpg\" alt=\"\" width=\"815\" height=\"391\" srcset=\"https:\/\/www2.uepg.br\/ppgef\/wp-content\/uploads\/sites\/204\/2025\/10\/24-10-1-300x144.jpg 300w, https:\/\/www2.uepg.br\/ppgef\/wp-content\/uploads\/sites\/204\/2025\/10\/24-10-1-1024x491.jpg 1024w, https:\/\/www2.uepg.br\/ppgef\/wp-content\/uploads\/sites\/204\/2025\/10\/24-10-1-768x368.jpg 768w, https:\/\/www2.uepg.br\/ppgef\/wp-content\/uploads\/sites\/204\/2025\/10\/24-10-1.jpg 1154w\" sizes=\"(max-width: 815px) 100vw, 815px\" \/><\/div>\n<div><\/div>\n<div><img loading=\"lazy\" class=\"alignnone wp-image-801\" src=\"https:\/\/www2.uepg.br\/ppgef\/wp-content\/uploads\/sites\/204\/2025\/10\/24-10_a-1-235x300.jpg\" alt=\"\" width=\"605\" height=\"772\" srcset=\"https:\/\/www2.uepg.br\/ppgef\/wp-content\/uploads\/sites\/204\/2025\/10\/24-10_a-1-235x300.jpg 235w, https:\/\/www2.uepg.br\/ppgef\/wp-content\/uploads\/sites\/204\/2025\/10\/24-10_a-1.jpg 560w\" sizes=\"(max-width: 605px) 100vw, 605px\" \/><\/div>\n<div><\/div>\n<div><\/div>\n<div><\/div>\n<div><\/div>\n<div><\/div>\n<div><\/div>\n<div><\/div>\n<div><\/div>\n<div><\/div>\n<div><\/div>\n<div><\/div>\n<section id=\"content7-2f\" class=\"mbr-section content7 cid-rlxMgtrO6L\">\n<div class=\"container\">\n<div class=\"media-container-row\">\n<div class=\"col-12 col-md-12\">\n<div class=\"media-container-row\">\n<div class=\"media-content\">\n<div class=\"mbr-section-text\">\n<hr \/>\n<hr \/>\n<\/div>\n<\/div>\n<\/div>\n<\/div>\n<\/div>\n<\/div>\n<h2><\/h2>\n<div class=\"container\">\n<div class=\"media-container-row\">\n<div class=\"col-12 col-md-12\">\n<div class=\"media-container-row\">\n<h2><\/h2>\n<h2><\/h2>\n<\/div>\n<h2><img loading=\"lazy\" class=\"wp-image-508 aligncenter\" src=\"https:\/\/www2.uepg.br\/ppgef\/wp-content\/uploads\/sites\/204\/2023\/10\/XXV-SEMANA-DE-FISICA.jpg\" alt=\"\" width=\"485\" height=\"241\" \/><\/h2>\n<div class=\"media-container-row\">\n<h2><strong>XXV Semana da F\u00edsica:<\/strong> <strong>A F\u00edsica e a Equidade<\/strong><\/h2>\n<p>A <strong>XXV Semana da F\u00edsica,<\/strong> que tem por tema no ano de 2023: <strong>A F\u00edsica e a Equidade<\/strong>, \u00e9 um evento anual organizado pelo DEFIS \u2013 UEPG, que busca integrar a comunidade acad\u00eamica da UEPG com professores e alunos da educa\u00e7\u00e3o b\u00e1sica por meio de atividades acad\u00eamicas, cientificas e culturais. Intenta-se estabelecer um locus de dissemina\u00e7\u00e3o e divulga\u00e7\u00e3o de temas relacionados \u00e0 F\u00edsica e ao seu Ensino. A XXII Semana da F\u00edsica tem como objetivos:<\/p>\n<ul>\n<li>Promover a intera\u00e7\u00e3o entre professores, t\u00e9cnicos e alunos de gradua\u00e7\u00e3o e p\u00f3s-gradua\u00e7\u00e3o vinculados ao DEFIS-UEPG com professores-pesquisadores de institui\u00e7\u00f5es de IES diversas do Brasil;<\/li>\n<li>Ofertar minicursos com tem\u00e1ticas relevantes e de interesse acad\u00eamico e cient\u00edfico;<\/li>\n<li>Divulgar a produ\u00e7\u00e3o acad\u00eamica e cient\u00edfica do DEFIS e de outras IES do PR por alunos de gradua\u00e7\u00e3o (IC) quanto de p\u00f3s-gradua\u00e7\u00e3o (mestrado e doutorado).<\/li>\n<\/ul>\n<p>A F\u00edsica e a Equidade podem ter rela\u00e7\u00f5es poss\u00edveis a partir de tr\u00eas perspectivas principais:<\/p>\n<ul>\n<li>A F\u00edsica como ferramenta para a Equidade: A F\u00edsica pode ser usada como uma ferramenta para promover a equidade de diversas maneiras. Por exemplo, a F\u00edsica pode ser usada para desenvolver tecnologias que ajudem a melhorar a vida das pessoas, independentemente de sua ra\u00e7a, g\u00eanero, etnia ou classe social. Tamb\u00e9m pode ser usada para educar as pessoas sobre os princ\u00edpios da equidade e da justi\u00e7a.<\/li>\n<li>A F\u00edsica como objeto de estudo da Equidade: A F\u00edsica tamb\u00e9m pode ser usada como um objeto de estudo para entender as desigualdades sociais. Por exemplo, a F\u00edsica pode ser usada para analisar as diferen\u00e7as de oportunidades entre homens e mulheres na ci\u00eancia e na tecnologia. Tamb\u00e9m pode ser usada para estudar as desigualdades no acesso \u00e0 educa\u00e7\u00e3o e aos cuidados de sa\u00fade.<\/li>\n<li>A F\u00edsica como promotora de Equidade: A f\u00edsica pode ser usada como uma promotora de equidade de diversas maneiras. Por exemplo, a F\u00edsica pode ser usada para criar espa\u00e7os de inclus\u00e3o e diversidade. Tamb\u00e9m pode ser usada para promover o di\u00e1logo e a compreens\u00e3o entre diferentes culturas e grupos sociais.<\/li>\n<\/ul>\n<p>Nesta perspectiva as Atividades a serem desenvolvidas durante a <strong>XXV Semana da F\u00edsica: A F\u00edsica e a Equidade<\/strong> est\u00e3o indicadas a seguir:<\/p>\n<ul>\n<li>Abertura: 16\/11\/2023 \u2013 18h45<\/li>\n<li>Palestras: 16\/11\/2023 \u00e0s 19h30 e \u00e0s 20h30 e 17\/11\/2023 \u00e0s 19h00<\/li>\n<li>Mesa Redonda: 17\/11\/2023 \u00e0s 20h15<\/li>\n<li>Apresenta\u00e7\u00e3o de P\u00f4steres: 17\/11\/23 \u2013 Das 15h00 \u00e0s 16h30<\/li>\n<li>Apresenta\u00e7\u00e3o de Projetos \u2013 MNPEF: 18\/11\/2023 das 08:30h \u00e0s 11h30<\/li>\n<\/ul>\n<p><strong>LIVRO DE RESUMOS<\/strong>: <a href=\"https:\/\/www2.uepg.br\/ppgef\/wp-content\/uploads\/sites\/204\/2024\/03\/LivroResumos_XXV-SemanaFisicaUEPG-2023.pdf\" target=\"_blank\" rel=\"noopener\">LivroResumos_XXV-SemanaFisicaUEPG-2023<\/a><\/p>\n<p><strong>Comiss\u00e3o Organizadora da XXV Semana de F\u00edsica<\/strong><\/p>\n<p>Prof. Dr. Silvio Luiz Rutz da Silva &#8211; Coordenador<\/p>\n<p>Prof. Dr. Alexandre Camilo Jr.<\/p>\n<p>Prof. Dr. Andr\u00e9 Vitor Chaves de Andrade<\/p>\n<p>Prof. Dr. Andr\u00e9 Maur\u00edcio Brinatti<\/p>\n<p>Prof. Dr. Jeremias Borges da Silva<\/p>\n<p>Prof. Dr. Luiz Am\u00e9rico Alves Pereira<\/p>\n<div class=\"media-content\">\n<div class=\"mbr-section-text\">\n<p>&nbsp;<\/p>\n<p>&nbsp;<\/p>\n<p>&nbsp;<\/p>\n<\/div>\n<\/div>\n<\/div>\n<\/div>\n<\/div>\n<\/div>\n<\/section>\n<p><!--more--><\/p>\n","protected":false},"excerpt":{"rendered":"<p>Translator &nbsp; Translator &nbsp; Translator &nbsp; Translator Translator Translator Translator Translator Translator Translator Translator Translator Translator Translator 100 Anos de Mec\u00e2nica Qu\u00e2ntica: Entre o Real e o Imagin\u00e1rio LIVRO DE RESUMOS DA XXVI SEMANA DA F\u00cdSICA: LivroResumos_XXVI-SemanaFisicaUEPG-2025 &nbsp; Local \u2013 Hall Tecnol\u00f3gico (abertura, palestras e encerramento) \u00a0 \u00a0 \u00a0 \u00a0 \u00a0 \u00a0 \u2013 Sala de&nbsp;&hellip;<\/p>\n","protected":false},"author":305,"featured_media":0,"parent":0,"menu_order":0,"comment_status":"closed","ping_status":"closed","template":"","meta":[],"_links":{"self":[{"href":"https:\/\/www2.uepg.br\/ppgef\/wp-json\/wp\/v2\/pages\/142"}],"collection":[{"href":"https:\/\/www2.uepg.br\/ppgef\/wp-json\/wp\/v2\/pages"}],"about":[{"href":"https:\/\/www2.uepg.br\/ppgef\/wp-json\/wp\/v2\/types\/page"}],"author":[{"embeddable":true,"href":"https:\/\/www2.uepg.br\/ppgef\/wp-json\/wp\/v2\/users\/305"}],"replies":[{"embeddable":true,"href":"https:\/\/www2.uepg.br\/ppgef\/wp-json\/wp\/v2\/comments?post=142"}],"version-history":[{"count":50,"href":"https:\/\/www2.uepg.br\/ppgef\/wp-json\/wp\/v2\/pages\/142\/revisions"}],"predecessor-version":[{"id":542,"href":"https:\/\/www2.uepg.br\/ppgef\/wp-json\/wp\/v2\/pages\/142\/revisions\/542"}],"wp:attachment":[{"href":"https:\/\/www2.uepg.br\/ppgef\/wp-json\/wp\/v2\/media?parent=142"}],"curies":[{"name":"wp","href":"https:\/\/api.w.org\/{rel}","templated":true}]}}