{"id":147,"date":"2021-08-11T12:34:40","date_gmt":"2021-08-11T15:34:40","guid":{"rendered":"https:\/\/www2.uepg.br\/ppgef\/?page_id=147"},"modified":"2021-08-13T00:11:04","modified_gmt":"2021-08-13T03:11:04","slug":"espanol","status":"publish","type":"page","link":"https:\/\/www2.uepg.br\/ppgef\/espanol\/","title":{"rendered":"Espa\u00f1ol"},"content":{"rendered":"<div><span style=\"color: #000000;\">El Programa Nacional de Maestr\u00eda Profesional en Ense\u00f1anza de la F\u00edsica (MNPEF) es un programa nacional de posgrado para Profesores de F\u00edsica dirigido a maestros de escuelas primarias, secundarias y secundarias con un \u00e9nfasis principal en los aspectos de contenido en el \u00e1rea de F\u00edsica.<\/span><\/div>\n<div><\/div>\n<div><span style=\"color: #000000;\">Es una iniciativa de la Sociedad Brasile\u00f1a de F\u00edsica (SBF) con el objetivo de coordinar diferentes capacidades presentadas por varias Instituciones de Educaci\u00f3n Superior (IES) distribuidas en todas las regiones del pa\u00eds.<\/span><\/div>\n<div><\/div>\n<div><span style=\"color: #000000;\">El objetivo es formar a nivel de maestr\u00eda una gran fracci\u00f3n de profesores de Educaci\u00f3n B\u00e1sica en el campo de los contenidos de F\u00edsica y las t\u00e9cnicas de ense\u00f1anza actuales para la aplicaci\u00f3n en el aula como, por ejemplo, estrategias que utilizan recursos de medios electr\u00f3nicos, m\u00e9todos tecnol\u00f3gicos y \/ o computacionales para la motivaci\u00f3n, informaci\u00f3n, experimentaci\u00f3n y demostraciones de diferentes fen\u00f3menos f\u00edsicos.<\/span><\/div>\n","protected":false},"excerpt":{"rendered":"<p>El Programa Nacional de Maestr\u00eda Profesional en Ense\u00f1anza de la F\u00edsica (MNPEF) es un programa nacional de posgrado para Profesores de F\u00edsica dirigido a maestros de escuelas primarias, secundarias y secundarias con un \u00e9nfasis principal en los aspectos de contenido en el \u00e1rea de F\u00edsica. Es una iniciativa de la Sociedad Brasile\u00f1a de F\u00edsica (SBF)&nbsp;&hellip;<\/p>\n","protected":false},"author":305,"featured_media":0,"parent":0,"menu_order":0,"comment_status":"closed","ping_status":"closed","template":"","meta":[],"_links":{"self":[{"href":"https:\/\/www2.uepg.br\/ppgef\/wp-json\/wp\/v2\/pages\/147"}],"collection":[{"href":"https:\/\/www2.uepg.br\/ppgef\/wp-json\/wp\/v2\/pages"}],"about":[{"href":"https:\/\/www2.uepg.br\/ppgef\/wp-json\/wp\/v2\/types\/page"}],"author":[{"embeddable":true,"href":"https:\/\/www2.uepg.br\/ppgef\/wp-json\/wp\/v2\/users\/305"}],"replies":[{"embeddable":true,"href":"https:\/\/www2.uepg.br\/ppgef\/wp-json\/wp\/v2\/comments?post=147"}],"version-history":[{"count":2,"href":"https:\/\/www2.uepg.br\/ppgef\/wp-json\/wp\/v2\/pages\/147\/revisions"}],"predecessor-version":[{"id":203,"href":"https:\/\/www2.uepg.br\/ppgef\/wp-json\/wp\/v2\/pages\/147\/revisions\/203"}],"wp:attachment":[{"href":"https:\/\/www2.uepg.br\/ppgef\/wp-json\/wp\/v2\/media?parent=147"}],"curies":[{"name":"wp","href":"https:\/\/api.w.org\/{rel}","templated":true}]}}