{"id":6,"date":"2020-04-20T14:56:52","date_gmt":"2020-04-20T17:56:52","guid":{"rendered":"http:\/\/www2.uepg.br\/ppgef\/?page_id=6"},"modified":"2026-03-19T15:28:31","modified_gmt":"2026-03-19T18:28:31","slug":"home","status":"publish","type":"page","link":"https:\/\/www2.uepg.br\/ppgef\/","title":{"rendered":"Home"},"content":{"rendered":"<div id=\"pl-6\"  class=\"panel-layout\" ><div id=\"pg-6-0\"  class=\"panel-grid panel-no-style\" ><div id=\"pgc-6-0-0\"  class=\"panel-grid-cell\" ><div id=\"panel-6-0-0-0\" class=\"so-panel widget widget_sow-editor panel-first-child panel-last-child\" data-index=\"0\" ><div class=\"panel-widget-style panel-widget-style-for-6-0-0-0\" ><div\n\t\t\t\n\t\t\tclass=\"so-widget-sow-editor so-widget-sow-editor-base\"\n\t\t\t\n\t\t>\n<div class=\"siteorigin-widget-tinymce textwidget\">\n\t<div><span style=\"color: #000000;\">O\u00a0<a class=\"\" style=\"color: #000000;\" href=\"http:\/\/www1.fisica.org.br\/mnpef\" target=\"_blank\" rel=\"noopener\">MNPEF<\/a>\u00a0\u2013 \u00e9 um curso de P\u00f3s\u2013Gradua\u00e7\u00e3o Stricto Sensu presencial em rede nacional organizado pela Sociedade Brasileira de F\u00edsica (<a class=\"\" style=\"color: #000000;\" href=\"http:\/\/www.sbfisica.org.br\/\" target=\"_blank\" rel=\"noopener\">SBF<\/a>), aprovado com conceito 4 pela\u00a0<a class=\"\" style=\"color: #000000;\" href=\"http:\/\/capes.gov.br\/\" target=\"_blank\" rel=\"noopener\">CAPES<\/a>, que congrega Polos em diferentes Institui\u00e7\u00f5es de Ensino Superior (IES) do Pa\u00eds.<\/span><\/div>\n<div><\/div>\n<div><\/div>\n<div><span style=\"color: #000000;\">O Polo 35 \u2013\u00a0<a class=\"\" style=\"color: #000000;\" href=\"http:\/\/www.uepg.br\/\" target=\"_blank\" rel=\"noopener\">UEPG<\/a>, sediado na cidade de Ponta Grossa \u2013 PR, no Campus Uvaranas da Universidade Estadual de Ponta Grossa conta com a participa\u00e7\u00e3o de professores do Departamento de F\u00edsica (<a class=\"\" style=\"color: #000000;\" href=\"http:\/\/www.fisica.uepg.br\/\" target=\"_blank\" rel=\"noopener\">DEFIS<\/a>) da\u00a0<a class=\"\" style=\"color: #000000;\" href=\"http:\/\/www.uepg.br\/\" target=\"_blank\" rel=\"noopener\">UEPG<\/a>.<\/span><\/div>\n<div><\/div>\n<div><span style=\"color: #000000;\">O Polo 35 oferece at\u00e9 10 vagas anuais, com o processo seletivo nacional coordenado pela Comiss\u00e3o de P\u00f3s-Gradua\u00e7\u00e3o do\u00a0<a class=\"\" style=\"color: #000000;\" href=\"http:\/\/www1.fisica.org.br\/mnpef\" target=\"_blank\" rel=\"noopener\">MNPEF<\/a>\u00a0\u2013\u00a0<a class=\"\" style=\"color: #000000;\" href=\"http:\/\/www.sbfisica.org.br\/\" target=\"_blank\" rel=\"noopener\">SBF<\/a>.<\/span><\/div>\n<div><\/div>\n<h4><\/h4>\n<div><span style=\"color: #000000;\">O Programa Nacional de Mestrado Profissional em Ensino de F\u00edsica (<a class=\"\" style=\"color: #000000;\" href=\"http:\/\/www1.fisica.org.br\/mnpef\" target=\"_blank\" rel=\"noopener\">MNPEF<\/a>) \u00e9 um programa nacional de p\u00f3s-gradua\u00e7\u00e3o de car\u00e1ter profissional, voltado a professores de ensino m\u00e9dio e fundamental com \u00eanfase principal em aspectos de conte\u00fados na \u00c1rea de F\u00edsica. \u00c9 uma iniciativa da Sociedade Brasileira de F\u00edsica (<a class=\"\" style=\"color: #000000;\" href=\"http:\/\/www.sbfisica.org.br\/\">SBF<\/a>) com o objetivo de coordenar diferentes capacidades apresentadas por diversas Institui\u00e7\u00f5es de Ensino Superior (IES) distribu\u00eddas em todas as regi\u00f5es do Pa\u00eds.<\/span><\/div>\n<h4><\/h4>\n<div><\/div>\n<div><span style=\"color: #000000;\">O objetivo \u00e9 capacitar em n\u00edvel de mestrado uma fra\u00e7\u00e3o muito grande professores da Educa\u00e7\u00e3o B\u00e1sica quanto ao dom\u00ednio de conte\u00fados de F\u00edsica e de t\u00e9cnicas atuais de ensino para aplica\u00e7\u00e3o em sala de aula como, por exemplo, estrat\u00e9gias que utilizam recursos de m\u00eddia eletr\u00f4nica, tecnol\u00f3gicos e\/ou computacionais para motiva\u00e7\u00e3o, informa\u00e7\u00e3o, experimenta\u00e7\u00e3o e demonstra\u00e7\u00f5es de diferentes fen\u00f4menos f\u00edsicos.<\/span><\/div>\n<div><span style=\"color: #000000;\">\u00a0 \u00a0<\/span><\/div>\n<div><span style=\"color: #000000;\">A abrang\u00eancia deste Programa pretende ser nacional e universal e estar presente em todas as regi\u00f5es do Pa\u00eds, sejam elas localizadas em capitais ou estejam afastadas dos grandes centros. Fica ent\u00e3o clara a necessidade da colabora\u00e7\u00e3o de recursos humanos com forma\u00e7\u00e3o adequada localizados em diferentes IES. Para tanto, este Programa estar\u00e1 organizado em Polos Regionais, hospedados por alguma IES, onde ocorrer\u00e3o as orienta\u00e7\u00f5es das disserta\u00e7\u00f5es e ser\u00e3o ministradas as disciplinas do curr\u00edculo. Fica igualmente claro que o esfor\u00e7o necess\u00e1rio para este mestrado requer tamb\u00e9m a participa\u00e7\u00e3o e\/ou colabora\u00e7\u00e3o de centros j\u00e1 existentes onde ocorrem mestrados profissionais em ensino de F\u00edsica.<\/span><\/div>\n<h4><\/h4>\n<h4 style=\"text-align: center;\"><strong>\u00daltimas Not\u00edcias<\/strong><\/h4>\n\t\t<div class=\"wppsac-slick-carousel-wrp wppsac-clearfix \">\r\n\t\t\t<div id=\"wppsac-post-carousel-1\" class=\"wppsac-post-slider-init wppsac-post-carousel design-1\">\r\n\t\t\t\t\r\n<div class=\"wppsac-carousel-slides\">\r\n\t\t<div class=\"wppsac-post-content-position\">\r\n\t\t\t\t\t<div class=\"wppsac-post-categories\"><ul class=\"wppsac-post-categories-list\"><li><a href=\"https:\/\/www2.uepg.br\/ppgef\/category\/noticias\/\" rel=\"category\"> Not\u00edcias <\/a><\/li><\/ul><\/div>\r\n\t\t\t  \t<h2 class=\"wppsac-post-title\">\r\n\t\t\t<a href=\"https:\/\/www2.uepg.br\/ppgef\/resultado-final-do-processo-seletivo-de-bolsas\/\">RESULTADO FINAL DO PROCESSO SELETIVO DE BOLSAS<\/a>\r\n\t\t<\/h2>\r\n\t\t\t\t\t<div class=\"wppsac-post-date\">\r\n\t\t\t\t24 de mar\u00e7o de 2026\t\t\t<\/div>\r\n\t\t\t\t\t<\/div>\r\n<\/div>\r\n<div class=\"wppsac-carousel-slides\">\r\n\t\t<div class=\"wppsac-post-content-position\">\r\n\t\t\t\t\t<div class=\"wppsac-post-categories\"><ul class=\"wppsac-post-categories-list\"><li><a href=\"https:\/\/www2.uepg.br\/ppgef\/category\/noticias\/\" rel=\"category\"> Not\u00edcias <\/a><\/li><\/ul><\/div>\r\n\t\t\t  \t<h2 class=\"wppsac-post-title\">\r\n\t\t\t<a href=\"https:\/\/www2.uepg.br\/ppgef\/resultado-preliminar-do-edital-de-bolsas\/\">RESULTADO PRELIMINAR DO EDITAL DE BOLSAS<\/a>\r\n\t\t<\/h2>\r\n\t\t\t\t\t<div class=\"wppsac-post-date\">\r\n\t\t\t\t19 de mar\u00e7o de 2026\t\t\t<\/div>\r\n\t\t\t\t\t<\/div>\r\n<\/div>\r\n<div class=\"wppsac-carousel-slides\">\r\n\t\t<div class=\"wppsac-post-content-position\">\r\n\t\t\t\t\t<div class=\"wppsac-post-categories\"><ul class=\"wppsac-post-categories-list\"><li><a href=\"https:\/\/www2.uepg.br\/ppgef\/category\/noticias\/\" rel=\"category\"> Not\u00edcias <\/a><\/li><\/ul><\/div>\r\n\t\t\t  \t<h2 class=\"wppsac-post-title\">\r\n\t\t\t<a href=\"https:\/\/www2.uepg.br\/ppgef\/edital-de-bolsas-para-ingressantes-da-turma-2026\/\">EDITAL DE BOLSAS PARA INGRESSANTES DA TURMA 2026<\/a>\r\n\t\t<\/h2>\r\n\t\t\t\t\t<div class=\"wppsac-post-date\">\r\n\t\t\t\t10 de fevereiro de 2026\t\t\t<\/div>\r\n\t\t\t\t\t<\/div>\r\n<\/div>\r\n<div class=\"wppsac-carousel-slides\">\r\n\t\t<div class=\"wppsac-post-content-position\">\r\n\t\t\t\t\t<div class=\"wppsac-post-categories\"><ul class=\"wppsac-post-categories-list\"><li><a href=\"https:\/\/www2.uepg.br\/ppgef\/category\/noticias\/\" rel=\"category\"> Not\u00edcias <\/a><\/li><\/ul><\/div>\r\n\t\t\t  \t<h2 class=\"wppsac-post-title\">\r\n\t\t\t<a href=\"https:\/\/www2.uepg.br\/ppgef\/resultado-final-do-processo-seletivo-para-a-turma-2026\/\">RESULTADO FINAL DO PROCESSO SELETIVO PARA A TURMA 2026<\/a>\r\n\t\t<\/h2>\r\n\t\t\t\t\t<div class=\"wppsac-post-date\">\r\n\t\t\t\t10 de dezembro de 2025\t\t\t<\/div>\r\n\t\t\t\t\t<\/div>\r\n<\/div>\r\n<div class=\"wppsac-carousel-slides\">\r\n\t\t<div class=\"wppsac-post-content-position\">\r\n\t\t\t\t\t<div class=\"wppsac-post-categories\"><ul class=\"wppsac-post-categories-list\"><li><a href=\"https:\/\/www2.uepg.br\/ppgef\/category\/noticias\/\" rel=\"category\"> Not\u00edcias <\/a><\/li><\/ul><\/div>\r\n\t\t\t  \t<h2 class=\"wppsac-post-title\">\r\n\t\t\t<a href=\"https:\/\/www2.uepg.br\/ppgef\/resultado-preliminar-da-etapa-2\/\">Resultado Preliminar da ETAPA 2<\/a>\r\n\t\t<\/h2>\r\n\t\t\t\t\t<div class=\"wppsac-post-date\">\r\n\t\t\t\t3 de dezembro de 2025\t\t\t<\/div>\r\n\t\t\t\t\t<\/div>\r\n<\/div>\r\n<div class=\"wppsac-carousel-slides\">\r\n\t\t<div class=\"wppsac-post-content-position\">\r\n\t\t\t\t\t<div class=\"wppsac-post-categories\"><ul class=\"wppsac-post-categories-list\"><li><a href=\"https:\/\/www2.uepg.br\/ppgef\/category\/noticias\/\" rel=\"category\"> Not\u00edcias <\/a><\/li><\/ul><\/div>\r\n\t\t\t  \t<h2 class=\"wppsac-post-title\">\r\n\t\t\t<a href=\"https:\/\/www2.uepg.br\/ppgef\/atencao-para-inicio-da-etapa-2-defesa-de-memorial\/\">ATEN\u00c7\u00c3O PARA IN\u00cdCIO DA ETAPA 2: DEFESA DE MEMORIAL<\/a>\r\n\t\t<\/h2>\r\n\t\t\t\t\t<div class=\"wppsac-post-date\">\r\n\t\t\t\t3 de novembro de 2025\t\t\t<\/div>\r\n\t\t\t\t\t<\/div>\r\n<\/div>\r\n<div class=\"wppsac-carousel-slides\">\r\n\t\t<div class=\"wppsac-post-content-position\">\r\n\t\t\t\t\t<div class=\"wppsac-post-categories\"><ul class=\"wppsac-post-categories-list\"><li><a href=\"https:\/\/www2.uepg.br\/ppgef\/category\/noticias\/\" rel=\"category\"> Not\u00edcias <\/a><\/li><\/ul><\/div>\r\n\t\t\t  \t<h2 class=\"wppsac-post-title\">\r\n\t\t\t<a href=\"https:\/\/www2.uepg.br\/ppgef\/resultado-final-da-primeira-etapa\/\">RESULTADO FINAL DA PRIMEIRA ETAPA<\/a>\r\n\t\t<\/h2>\r\n\t\t\t\t\t<div class=\"wppsac-post-date\">\r\n\t\t\t\t3 de novembro de 2025\t\t\t<\/div>\r\n\t\t\t\t\t<\/div>\r\n<\/div>\r\n<div class=\"wppsac-carousel-slides\">\r\n\t\t<div class=\"wppsac-post-content-position\">\r\n\t\t\t\t\t<div class=\"wppsac-post-categories\"><ul class=\"wppsac-post-categories-list\"><li><a href=\"https:\/\/www2.uepg.br\/ppgef\/category\/noticias\/\" rel=\"category\"> Not\u00edcias <\/a><\/li><\/ul><\/div>\r\n\t\t\t  \t<h2 class=\"wppsac-post-title\">\r\n\t\t\t<a href=\"https:\/\/www2.uepg.br\/ppgef\/resultado-preliminar-da-etapa-1-do-processo-de-selecao-2026\/\">RESULTADO PRELIMINAR DA ETAPA 1 DO PROCESSO DE SELE\u00c7\u00c3O 2026<\/a>\r\n\t\t<\/h2>\r\n\t\t\t\t\t<div class=\"wppsac-post-date\">\r\n\t\t\t\t22 de outubro de 2025\t\t\t<\/div>\r\n\t\t\t\t\t<\/div>\r\n<\/div>\r\n<div class=\"wppsac-carousel-slides\">\r\n\t\t<div class=\"wppsac-post-content-position\">\r\n\t\t\t\t\t<div class=\"wppsac-post-categories\"><ul class=\"wppsac-post-categories-list\"><li><a href=\"https:\/\/www2.uepg.br\/ppgef\/category\/noticias\/\" rel=\"category\"> Not\u00edcias <\/a><\/li><\/ul><\/div>\r\n\t\t\t  \t<h2 class=\"wppsac-post-title\">\r\n\t\t\t<a href=\"https:\/\/www2.uepg.br\/ppgef\/lista-preliminar-com-as-inscricoes-homologadas\/\">LISTA FINAL COM AS INSCRI\u00c7\u00d5ES HOMOLOGADAS<\/a>\r\n\t\t<\/h2>\r\n\t\t\t\t\t<div class=\"wppsac-post-date\">\r\n\t\t\t\t6 de outubro de 2025\t\t\t<\/div>\r\n\t\t\t\t\t<\/div>\r\n<\/div>\r\n<div class=\"wppsac-carousel-slides\">\r\n\t\t\t<div class=\"wppsac-post-image-bg\">\r\n\t\t\t<a href=\"https:\/\/www2.uepg.br\/ppgef\/aberto-processo-seletivo-para-turma-2026\/\">\r\n\t\t\t\t<img class=\"wppsac-post-image-bg\"  src=\"https:\/\/www2.uepg.br\/ppgef\/wp-content\/uploads\/sites\/204\/2025\/09\/Screenshot_20250901-143456.png\" alt=\"ABERTO PROCESSO SELETIVO PARA TURMA 2026\" \/>\r\n\t\t\t<\/a>\r\n\t\t<\/div>\r\n\t\t<div class=\"wppsac-post-content-position\">\r\n\t\t\t\t\t<div class=\"wppsac-post-categories\"><ul class=\"wppsac-post-categories-list\"><li><a href=\"https:\/\/www2.uepg.br\/ppgef\/category\/noticias\/\" rel=\"category\"> Not\u00edcias <\/a><\/li><\/ul><\/div>\r\n\t\t\t  \t<h2 class=\"wppsac-post-title\">\r\n\t\t\t<a href=\"https:\/\/www2.uepg.br\/ppgef\/aberto-processo-seletivo-para-turma-2026\/\">ABERTO PROCESSO SELETIVO PARA TURMA 2026<\/a>\r\n\t\t<\/h2>\r\n\t\t\t\t\t<div class=\"wppsac-post-date\">\r\n\t\t\t\t1 de setembro de 2025\t\t\t<\/div>\r\n\t\t\t\t\t<\/div>\r\n<\/div>\r\n<div class=\"wppsac-carousel-slides\">\r\n\t\t\t<div class=\"wppsac-post-image-bg\">\r\n\t\t\t<a href=\"https:\/\/www2.uepg.br\/ppgef\/resultado-final-do-processo-seletivo-2024-do-mnpef-polo-35-uepg\/\">\r\n\t\t\t\t<img class=\"wppsac-post-image-bg\"  src=\"https:\/\/www2.uepg.br\/ppgef\/wp-content\/uploads\/sites\/204\/2023\/09\/img3.png\" alt=\"Resultado Final\u00a0 do Processo Seletivo 2024 do MNPEF &#8211; Polo 35 &#8211; UEPG\" \/>\r\n\t\t\t<\/a>\r\n\t\t<\/div>\r\n\t\t<div class=\"wppsac-post-content-position\">\r\n\t\t\t\t\t<div class=\"wppsac-post-categories\"><ul class=\"wppsac-post-categories-list\"><li><a href=\"https:\/\/www2.uepg.br\/ppgef\/category\/noticias\/\" rel=\"category\"> Not\u00edcias <\/a><\/li><\/ul><\/div>\r\n\t\t\t  \t<h2 class=\"wppsac-post-title\">\r\n\t\t\t<a href=\"https:\/\/www2.uepg.br\/ppgef\/resultado-final-do-processo-seletivo-2024-do-mnpef-polo-35-uepg\/\">Resultado Final\u00a0 do Processo Seletivo 2024 do MNPEF &#8211; Polo 35 &#8211; UEPG<\/a>\r\n\t\t<\/h2>\r\n\t\t\t\t\t<div class=\"wppsac-post-date\">\r\n\t\t\t\t7 de dezembro de 2023\t\t\t<\/div>\r\n\t\t\t\t\t<\/div>\r\n<\/div>\r\n<div class=\"wppsac-carousel-slides\">\r\n\t\t<div class=\"wppsac-post-content-position\">\r\n\t\t\t\t\t<div class=\"wppsac-post-categories\"><ul class=\"wppsac-post-categories-list\"><li><a href=\"https:\/\/www2.uepg.br\/ppgef\/category\/noticias\/\" rel=\"category\"> Not\u00edcias <\/a><\/li><\/ul><\/div>\r\n\t\t\t  \t<h2 class=\"wppsac-post-title\">\r\n\t\t\t<a href=\"https:\/\/www2.uepg.br\/ppgef\/resultado-final-1a-etapa-e-convocacao-defesa-memorial\/\">Resultado Final 1\u00aa Etapa e Convoca\u00e7\u00e3o Defesa Memorial<\/a>\r\n\t\t<\/h2>\r\n\t\t\t\t\t<div class=\"wppsac-post-date\">\r\n\t\t\t\t6 de novembro de 2023\t\t\t<\/div>\r\n\t\t\t\t\t<\/div>\r\n<\/div>\r\n<div class=\"wppsac-carousel-slides\">\r\n\t\t\t<div class=\"wppsac-post-image-bg\">\r\n\t\t\t<a href=\"https:\/\/www2.uepg.br\/ppgef\/xxv-semana-da-fisica-a-fisica-e-a-equidade\/\">\r\n\t\t\t\t<img class=\"wppsac-post-image-bg\"  src=\"https:\/\/www2.uepg.br\/ppgef\/wp-content\/uploads\/sites\/204\/2023\/10\/XXV-SEMANA-DE-FISICA.jpg\" alt=\"XXV Semana da F\u00edsica: A F\u00edsica e a Equidade\" \/>\r\n\t\t\t<\/a>\r\n\t\t<\/div>\r\n\t\t<div class=\"wppsac-post-content-position\">\r\n\t\t\t\t\t<div class=\"wppsac-post-categories\"><ul class=\"wppsac-post-categories-list\"><li><a href=\"https:\/\/www2.uepg.br\/ppgef\/category\/noticias\/\" rel=\"category\"> Not\u00edcias <\/a><\/li><\/ul><\/div>\r\n\t\t\t  \t<h2 class=\"wppsac-post-title\">\r\n\t\t\t<a href=\"https:\/\/www2.uepg.br\/ppgef\/xxv-semana-da-fisica-a-fisica-e-a-equidade\/\">XXV Semana da F\u00edsica: A F\u00edsica e a Equidade<\/a>\r\n\t\t<\/h2>\r\n\t\t\t\t\t<div class=\"wppsac-post-date\">\r\n\t\t\t\t6 de outubro de 2023\t\t\t<\/div>\r\n\t\t\t\t\t<\/div>\r\n<\/div>\r\n<div class=\"wppsac-carousel-slides\">\r\n\t\t\t<div class=\"wppsac-post-image-bg\">\r\n\t\t\t<a href=\"https:\/\/www2.uepg.br\/ppgef\/aberto-o-processo-seletivo-para-a-turma-2024\/\">\r\n\t\t\t\t<img class=\"wppsac-post-image-bg\"  src=\"https:\/\/www2.uepg.br\/ppgef\/wp-content\/uploads\/sites\/204\/2023\/09\/img1.png\" alt=\"Aberto o processo seletivo para a turma 2024\" \/>\r\n\t\t\t<\/a>\r\n\t\t<\/div>\r\n\t\t<div class=\"wppsac-post-content-position\">\r\n\t\t\t\t\t<div class=\"wppsac-post-categories\"><ul class=\"wppsac-post-categories-list\"><li><a href=\"https:\/\/www2.uepg.br\/ppgef\/category\/noticias\/\" rel=\"category\"> Not\u00edcias <\/a><\/li><\/ul><\/div>\r\n\t\t\t  \t<h2 class=\"wppsac-post-title\">\r\n\t\t\t<a href=\"https:\/\/www2.uepg.br\/ppgef\/aberto-o-processo-seletivo-para-a-turma-2024\/\">Aberto o processo seletivo para a turma 2024<\/a>\r\n\t\t<\/h2>\r\n\t\t\t\t\t<div class=\"wppsac-post-date\">\r\n\t\t\t\t28 de setembro de 2023\t\t\t<\/div>\r\n\t\t\t\t\t<\/div>\r\n<\/div>\r\n<div class=\"wppsac-carousel-slides\">\r\n\t\t<div class=\"wppsac-post-content-position\">\r\n\t\t\t\t\t<div class=\"wppsac-post-categories\"><ul class=\"wppsac-post-categories-list\"><li><a href=\"https:\/\/www2.uepg.br\/ppgef\/category\/noticias\/\" rel=\"category\"> Not\u00edcias <\/a><\/li><\/ul><\/div>\r\n\t\t\t  \t<h2 class=\"wppsac-post-title\">\r\n\t\t\t<a href=\"https:\/\/www2.uepg.br\/ppgef\/edital-ppgef-mnpef-polo-35-uepg-n-02-2022\/\">EDITAL PPGEF &#8211; MNPEF- Polo 35 &#8211; UEPG N\u00b0 02\/2022<\/a>\r\n\t\t<\/h2>\r\n\t\t\t\t\t<div class=\"wppsac-post-date\">\r\n\t\t\t\t28 de abril de 2022\t\t\t<\/div>\r\n\t\t\t\t\t<\/div>\r\n<\/div>\t\t\t<\/div>\r\n\t\t\t<div class=\"wppsac-carousel-conf wppsac-hide\" data-conf=\"{&quot;slides_to_show&quot;:&quot;4&quot;,&quot;slides_to_scroll&quot;:1,&quot;dots&quot;:&quot;false&quot;,&quot;arrows&quot;:&quot;true&quot;,&quot;autoplay&quot;:&quot;true&quot;,&quot;autoplay_interval&quot;:&quot;19500&quot;,&quot;speed&quot;:500,&quot;rtl&quot;:&quot;false&quot;,&quot;lazyload&quot;:&quot;&quot;}\"><\/div>\r\n\t\t<\/div>\r\n\t\n<\/div>\n<\/div><\/div><\/div><\/div><\/div><div id=\"pg-6-1\"  class=\"panel-grid panel-no-style\" ><div id=\"pgc-6-1-0\"  class=\"panel-grid-cell\" ><div id=\"panel-6-1-0-0\" class=\"so-panel widget widget_sow-button panel-first-child panel-last-child\" data-index=\"1\" ><div class=\"panel-widget-style panel-widget-style-for-6-1-0-0\" ><div\n\t\t\t\n\t\t\tclass=\"so-widget-sow-button so-widget-sow-button-atom-f28947f507e4-375\"\n\t\t\t\n\t\t><div class=\"ow-button-base ow-button-align-center\">\n\t<a href=\"https:\/\/www2.uepg.br\/ppgef\/noticias\/\" class=\"ow-icon-placement-left ow-button-hover\" \t\t>\n\t\t<span>\n\t\t\t\n\t\t\tveja todas as not\u00edcias\t\t<\/span>\n\t<\/a>\n<\/div>\n<\/div><\/div><\/div><\/div><\/div><div id=\"pg-6-2\"  class=\"panel-grid panel-no-style\" ><div id=\"pgc-6-2-0\"  class=\"panel-grid-cell\" ><div id=\"panel-6-2-0-0\" class=\"so-panel widget widget_sow-features panel-first-child panel-last-child\" data-index=\"2\" ><div class=\"panel-widget-style panel-widget-style-for-6-2-0-0\" ><div\n\t\t\t\n\t\t\tclass=\"so-widget-sow-features so-widget-sow-features-default-6ad04bc5162e-375\"\n\t\t\t\n\t\t>\n<div class=\"sow-features-list sow-features-responsive\">\n\n\t\t\t\t\t\t<div\n\t\t\t\tclass=\"sow-features-feature sow-icon-container-position-top sow-features-feature-last-row\"\n\t\t\t\tstyle=\"display: flex; flex-direction: column; float: left; width: 50%;\"\n\t\t\t>\n\n\t\t\t\t\t\t\t\t\t<a\n\t\t\t\t\t\thref=\"https:\/\/www.uepg.br\/\"\n\t\t\t\t\t\ttarget=\"_blank\" rel=\"noopener noreferrer\"\t\t\t\t\t>\n\t\t\t\t\t\t\t\t<div\n\t\t\t\t\tclass=\"sow-icon-container sow-container-rounded-square\"\n                    style=\"color: #03336c; \"\n\t\t\t\t\ttitle=\"Portal UEPG\">\n\t\t\t\t\t<span class=\"sow-icon-fontawesome sow-fas\" data-sow-icon=\"&#xf19c;\"\n\t\tstyle=\"font-size: 50px; color: #FFFFFF\" \n\t\taria-hidden=\"true\"><\/span>\t\t\t\t<\/div>\n\t\t\t\t\t\t\t\t\t<\/a>\n\t\t\t\t\n\t\t\t\t<div class=\"textwidget\">\n\t\t\t\t\t\t\t\t\t\t\t<h5>\n\t\t\t\t\t\t\t\t\t\t\t\t\t\t\t<a\n\t\t\t\t\t\t\t\t\thref=\"https:\/\/www.uepg.br\/\"\n\t\t\t\t\t\t\t\t\ttarget=\"_blank\" rel=\"noopener noreferrer\"\t\t\t\t\t\t\t\t>\n\t\t\t\t\t\t\t\n\t\t\t\t\t\t\tPortal UEPG\t\t\t\t\t\t\t\t\t\t\t\t\t\t\t<\/a>\n\t\t\t\t\t\t\t\t\t\t\t\t\t<\/h5>\n\t\t\t\t\t\n\t\t\t\t\t\n\t\t\t\t\t\t\t\t\t<\/div>\n\t\t\t\t\t\t\t<\/div>\n\n\t\t\t\t\t<div\n\t\t\t\tclass=\"sow-features-feature sow-icon-container-position-top sow-features-feature-last-row\"\n\t\t\t\tstyle=\"display: flex; flex-direction: column; float: left; width: 50%;\"\n\t\t\t>\n\n\t\t\t\t\t\t\t\t\t<a\n\t\t\t\t\t\thref=\"https:\/\/acad.apps.uepg.br\/inicio\"\n\t\t\t\t\t\ttarget=\"_blank\" rel=\"noopener noreferrer\"\t\t\t\t\t>\n\t\t\t\t\t\t\t\t<div\n\t\t\t\t\tclass=\"sow-icon-container sow-container-rounded-square\"\n                    style=\"color: #81d742; \"\n\t\t\t\t\ttitle=\"Sistema ACAD\">\n\t\t\t\t\t<span class=\"sow-icon-elegantline\" data-sow-icon=\"&#xe002;\"\n\t\tstyle=\"font-size: 50px; color: #fff\" \n\t\taria-hidden=\"true\"><\/span>\t\t\t\t<\/div>\n\t\t\t\t\t\t\t\t\t<\/a>\n\t\t\t\t\n\t\t\t\t<div class=\"textwidget\">\n\t\t\t\t\t\t\t\t\t\t\t<h5>\n\t\t\t\t\t\t\t\t\t\t\t\t\t\t\t<a\n\t\t\t\t\t\t\t\t\thref=\"https:\/\/acad.apps.uepg.br\/inicio\"\n\t\t\t\t\t\t\t\t\ttarget=\"_blank\" rel=\"noopener noreferrer\"\t\t\t\t\t\t\t\t>\n\t\t\t\t\t\t\t\n\t\t\t\t\t\t\tSistema ACAD\t\t\t\t\t\t\t\t\t\t\t\t\t\t\t<\/a>\n\t\t\t\t\t\t\t\t\t\t\t\t\t<\/h5>\n\t\t\t\t\t\n\t\t\t\t\t\n\t\t\t\t\t\t\t\t\t<\/div>\n\t\t\t\t\t\t\t<\/div>\n\n\t\t\t\n<\/div>\n<\/div><\/div><\/div><\/div><\/div><\/div>","protected":false},"excerpt":{"rendered":"<p>O\u00a0MNPEF\u00a0\u2013 \u00e9 um curso de P\u00f3s\u2013Gradua\u00e7\u00e3o Stricto Sensu presencial em rede nacional organizado pela Sociedade Brasileira de F\u00edsica (SBF), aprovado com conceito 4 pela\u00a0CAPES, que congrega Polos em diferentes Institui\u00e7\u00f5es de Ensino Superior (IES) do Pa\u00eds. O Polo 35 \u2013\u00a0UEPG, sediado na cidade de Ponta Grossa \u2013 PR, no Campus Uvaranas da Universidade Estadual de&nbsp;&hellip;<\/p>\n","protected":false},"author":24,"featured_media":0,"parent":0,"menu_order":0,"comment_status":"closed","ping_status":"closed","template":"","meta":[],"_links":{"self":[{"href":"https:\/\/www2.uepg.br\/ppgef\/wp-json\/wp\/v2\/pages\/6"}],"collection":[{"href":"https:\/\/www2.uepg.br\/ppgef\/wp-json\/wp\/v2\/pages"}],"about":[{"href":"https:\/\/www2.uepg.br\/ppgef\/wp-json\/wp\/v2\/types\/page"}],"author":[{"embeddable":true,"href":"https:\/\/www2.uepg.br\/ppgef\/wp-json\/wp\/v2\/users\/24"}],"replies":[{"embeddable":true,"href":"https:\/\/www2.uepg.br\/ppgef\/wp-json\/wp\/v2\/comments?post=6"}],"version-history":[{"count":16,"href":"https:\/\/www2.uepg.br\/ppgef\/wp-json\/wp\/v2\/pages\/6\/revisions"}],"predecessor-version":[{"id":858,"href":"https:\/\/www2.uepg.br\/ppgef\/wp-json\/wp\/v2\/pages\/6\/revisions\/858"}],"wp:attachment":[{"href":"https:\/\/www2.uepg.br\/ppgef\/wp-json\/wp\/v2\/media?parent=6"}],"curies":[{"name":"wp","href":"https:\/\/api.w.org\/{rel}","templated":true}]}}