{"id":1137,"date":"2020-07-31T17:20:07","date_gmt":"2020-07-31T20:20:07","guid":{"rendered":"http:\/\/www2.uepg.br\/ppgel\/?page_id=1137"},"modified":"2025-12-09T14:56:18","modified_gmt":"2025-12-09T17:56:18","slug":"formularios","status":"publish","type":"page","link":"https:\/\/www2.uepg.br\/ppgel\/formularios\/","title":{"rendered":"Formul\u00e1rios"},"content":{"rendered":"<p><a href=\"http:\/\/www2.uepg.br\/ppgel\/wp-content\/uploads\/sites\/68\/2021\/03\/Formulario-de-Cancelamento-de-bolsa.pdf\">FORMUL\u00c1RIO DE CANCELAMENTO DE BOLSA<\/a><\/p>\n<p><a href=\"http:\/\/www2.uepg.br\/ppgel\/wp-content\/uploads\/sites\/68\/2025\/08\/Modelo-de-projeto-Mestrado.docx\">MODELO PROJETO DOUTORADO-WORD<\/a><\/p>\n<p><a href=\"http:\/\/www2.uepg.br\/ppgel\/wp-content\/uploads\/sites\/68\/2025\/08\/Modelo-de-projeto-doutorado.pdf\">MODELO PROJETO DOUTORADO- PDF<\/a><\/p>\n<p><a href=\"http:\/\/www2.uepg.br\/ppgel\/wp-content\/uploads\/sites\/68\/2025\/08\/Modelo-de-projeto-Mestrado-1.docx\">MODELO PROJETO MESTRADO- WORD<\/a><\/p>\n<p><a href=\"http:\/\/www2.uepg.br\/ppgel\/wp-content\/uploads\/sites\/68\/2025\/08\/Modelo-de-projeto-Mestrado.pdf\">MODELO PROJETO MESTRADO- PDF<\/a><\/p>\n<p><a href=\"http:\/\/www2.uepg.br\/ppgel\/wp-content\/uploads\/sites\/68\/2021\/05\/PLANO-DE-ATIVIDADES-DE-DOCENCIA.pdf\">PLANO DE ATIVIDADES DE DOC\u00caNCIA-<\/a><\/p>\n<p><a href=\"http:\/\/www2.uepg.br\/ppgel\/wp-content\/uploads\/sites\/68\/2021\/05\/PLANO-DE-ATIVIDADES-DE-DOCENCIA.pdf\">RESOLU\u00c7\u00c3O CEPE N\u00ba 021, de 19\/06\/ 2016.<\/a><\/p>\n<p><a href=\"http:\/\/www2.uepg.br\/ppgel\/wp-content\/uploads\/sites\/68\/2021\/05\/ANEXO-II.pdf\">RELAT\u00d3RIO DE EST\u00c1GIO E DOC\u00caNCIA-<\/a><\/p>\n<p><a href=\"http:\/\/www2.uepg.br\/ppgel\/wp-content\/uploads\/sites\/68\/2021\/05\/ANEXO-II.pdf\"> RESOLU\u00c7\u00c3O CEPE n\u00ba 021 de 19\/06\/ 2016<\/a>.<\/p>\n<p><a href=\"http:\/\/www2.uepg.br\/ppgel\/wp-content\/uploads\/sites\/68\/2021\/03\/RELATORIO-CAPES-SEMESTRAL.pdf\">MODELO RELAT\u00d3RIO SEMESTRAL &#8211; CAPES<\/a><\/p>\n<p><a href=\"https:\/\/www2.uepg.br\/ppgel\/formularios\/relatorio-capes-semestral-formato-word\/\" rel=\"attachment wp-att-3332\">RELAT\u00d3RIO SEMESTRAL CAPES- WORD<\/a><\/p>\n<p>COEP- <a href=\"https:\/\/www.ueg.br\/cep\/conteudo\/11245_modelos_de_documentos\">https:\/\/www.ueg.br\/cep\/conteudo\/11245<\/a><\/p>\n<p><a href=\"https:\/\/www.ueg.br\/cep\/conteudo\/11245_modelos_de_documentos\">MODELOS DE DOCUMENTOS<\/a><\/p>\n<p>Declara\u00e7\u00e3o &#8211; Titula\u00e7\u00e3o &#8211; Edital PRORH n\u00ba 150-2015<\/p>\n<p><a href=\"http:\/\/www2.uepg.br\/ppgel\/wp-content\/uploads\/sites\/68\/2023\/10\/Declaracao-de-acumulos-2023-NOVO.pdf\">DECLARA\u00c7\u00c3O DE AC\u00daMULOS DE CARGO- 2023- NOVO<\/a><\/p>\n<p><a href=\"http:\/\/www2.uepg.br\/ppgel\/wp-content\/uploads\/sites\/68\/2021\/03\/Declaracao-do-orientador-confirmando-a-versao-final-do-aluno.pdf\">DECLARAC\u00c3O DO ORIENTADOR PARA CONFIRMA\u00c7AO DE VERS\u00c3O FINAL DE TRABALHO <\/a><\/p>\n<p><a href=\"http:\/\/www2.uepg.br\/ppgel\/wp-content\/uploads\/sites\/68\/2025\/11\/Ficha-de-atividades-programadas-2025.pdf\">FICHA DE ATIVIDADES PROGRAMADAS- 2025<\/a><\/p>\n<p><a href=\"http:\/\/www2.uepg.br\/ppgel\/wp-content\/uploads\/sites\/68\/2021\/03\/Ficha-de-inscricao-para-alunos-com-deficiencias.pdf\">FICHA DE INSCRI\u00c7\u00c3O PARA ALUNOS COM DEFICI\u00caNCIAS<\/a><\/p>\n<p><a href=\"http:\/\/www2.uepg.br\/ppgel\/wp-content\/uploads\/sites\/68\/2021\/03\/Ficha-de-inscricao-para-Disciplina-Isolada.pdf\">FICHA DE INSCRI\u00c7\u00c3O PARA DISCIPLINA ISOLADA<\/a><\/p>\n<p><a href=\"http:\/\/www2.uepg.br\/ppgel\/wp-content\/uploads\/sites\/68\/2021\/03\/Formulario-Cadastro-CAPES.pdf\">FORMUL\u00c1RIO CADASTRO- CAPES<\/a><\/p>\n<p><a href=\"http:\/\/www2.uepg.br\/ppgel\/wp-content\/uploads\/sites\/68\/2025\/03\/NOVO-Declaracao-de-acumulos-de-bolsa-e-outras-remuneracoes-2023.pdf\">DECLARA\u00c7\u00c3O DE ACUMULO DE BOLSAS E OUTRAS REMUNERA\u00c7\u00d5ES<\/a><\/p>\n<p><a href=\"http:\/\/www2.uepg.br\/ppgel\/wp-content\/uploads\/sites\/68\/2025\/11\/Requerimento-de-defesa.pdf\">REQUERIMENTO DE DEFESA<\/a><\/p>\n<p><a href=\"http:\/\/www2.uepg.br\/ppgel\/wp-content\/uploads\/sites\/68\/2021\/03\/Requerimento-de-Qualificacao.pdf\">REQUERIMENTO DE QUALIFICA\u00c7\u00c3O<\/a><\/p>\n<p><a href=\"http:\/\/www2.uepg.br\/ppgel\/wp-content\/uploads\/sites\/68\/2020\/07\/REQUERIMENTO-EXERC\u00cdCIOS-DOMICILIARES.pdf\">REQUERIMENTO &#8211; EXERC\u00cdCIOS DOMICILIARES<\/a><\/p>\n<p><a href=\"http:\/\/www2.uepg.br\/ppgel\/wp-content\/uploads\/sites\/68\/2021\/12\/TERMO-DE-AUTODECLARACAO-DE-PESSOA-COM-DEFICIENCIA.pdf\">TERMO DE AUTODECLARA\u00c7\u00c3O DE PESSOA COM DEFICI\u00caNCIA<\/a><\/p>\n<p><a href=\"http:\/\/www2.uepg.br\/ppgel\/wp-content\/uploads\/sites\/68\/2021\/12\/TERMO-DE-AUTODECLARACAO-DE-PESSOA-TRAVESTI-OU-TRANSGENERO.pdf\">TERMO DE AUTODECLARA\u00c7\u00c3O DE PESSOA TRAVESTI OU TRANSG\u00caNERO<\/a><\/p>\n<p><a href=\"http:\/\/www2.uepg.br\/ppgel\/wp-content\/uploads\/sites\/68\/2021\/12\/TERMO-DE-AUTODECLARACAO-DE-PESSOAS-NEGRAS-E-INDIGENAS.pdf\">TERMO DE AUTODECLARA\u00c7\u00c3O DE PESSOAS NEGRAS E IND\u00cdGENAS<\/a><\/p>\n<p><a href=\"http:\/\/www2.uepg.br\/ppgel\/wp-content\/uploads\/sites\/68\/2023\/10\/Termo-de-Compromisso-bolsistas-CAPES-2023-NOVO..pdf\">TERMO DE COMPROMISSO BOLSISTAS CAPES- 2023- NOVO.<\/a><\/p>\n<p><a href=\"http:\/\/www2.uepg.br\/ppgel\/wp-content\/uploads\/sites\/68\/2024\/07\/TERMO-NOVO.pdf\">TERMO DE AUTORIZA\u00c7\u00c3O PARA PUBLICA\u00c7\u00c3O &#8211; NOVO<\/a><\/p>\n<p><a href=\"http:\/\/www2.uepg.br\/ppgel\/wp-content\/uploads\/sites\/68\/2025\/12\/Termo-de-responsabilidade-de-autoria.pdf\">TERMO DE RESPONSABILIDADE DE AUTORIA<\/a><\/p>\n<p><a href=\"http:\/\/www2.uepg.br\/ppgel\/wp-content\/uploads\/sites\/68\/2023\/09\/Manual-de-normalizacao-5-ed-2023-1.pdf\">MANUAL DE NORMALIZA\u00c7\u00c3O -5-ed-2023 (1)<\/a><\/p>\n","protected":false},"excerpt":{"rendered":"<p>FORMUL\u00c1RIO DE CANCELAMENTO DE BOLSA MODELO PROJETO DOUTORADO-WORD MODELO PROJETO DOUTORADO- PDF MODELO PROJETO MESTRADO- WORD MODELO PROJETO MESTRADO- PDF PLANO DE ATIVIDADES DE DOC\u00caNCIA- RESOLU\u00c7\u00c3O CEPE N\u00ba 021, de 19\/06\/ 2016. RELAT\u00d3RIO DE EST\u00c1GIO E DOC\u00caNCIA- RESOLU\u00c7\u00c3O CEPE n\u00ba 021 de 19\/06\/ 2016. MODELO RELAT\u00d3RIO SEMESTRAL &#8211; CAPES RELAT\u00d3RIO SEMESTRAL CAPES- WORD COEP- https:\/\/www.ueg.br\/cep\/conteudo\/11245&nbsp;&hellip;<\/p>\n","protected":false},"author":24,"featured_media":0,"parent":0,"menu_order":0,"comment_status":"closed","ping_status":"closed","template":"","meta":[],"_links":{"self":[{"href":"https:\/\/www2.uepg.br\/ppgel\/wp-json\/wp\/v2\/pages\/1137"}],"collection":[{"href":"https:\/\/www2.uepg.br\/ppgel\/wp-json\/wp\/v2\/pages"}],"about":[{"href":"https:\/\/www2.uepg.br\/ppgel\/wp-json\/wp\/v2\/types\/page"}],"author":[{"embeddable":true,"href":"https:\/\/www2.uepg.br\/ppgel\/wp-json\/wp\/v2\/users\/24"}],"replies":[{"embeddable":true,"href":"https:\/\/www2.uepg.br\/ppgel\/wp-json\/wp\/v2\/comments?post=1137"}],"version-history":[{"count":69,"href":"https:\/\/www2.uepg.br\/ppgel\/wp-json\/wp\/v2\/pages\/1137\/revisions"}],"predecessor-version":[{"id":4400,"href":"https:\/\/www2.uepg.br\/ppgel\/wp-json\/wp\/v2\/pages\/1137\/revisions\/4400"}],"wp:attachment":[{"href":"https:\/\/www2.uepg.br\/ppgel\/wp-json\/wp\/v2\/media?parent=1137"}],"curies":[{"name":"wp","href":"https:\/\/api.w.org\/{rel}","templated":true}]}}