{"id":179,"date":"2020-05-27T16:08:57","date_gmt":"2020-05-27T19:08:57","guid":{"rendered":"http:\/\/www2.uepg.br\/ppgel\/?page_id=179"},"modified":"2020-06-17T13:55:56","modified_gmt":"2020-06-17T16:55:56","slug":"links","status":"publish","type":"page","link":"https:\/\/www2.uepg.br\/ppgel\/links\/","title":{"rendered":"Links"},"content":{"rendered":"<p><strong>LINKS RELACIONADOS<\/strong><\/p>\n<p><a href=\"http:\/\/www.capes.gov.br\/\" target=\"_blank\" rel=\"noopener noreferrer\">http:\/\/www.capes.gov.br\/<\/a><\/p>\n<p><a href=\"http:\/\/www.cnpq.br\/\" target=\"_blank\" rel=\"noopener noreferrer\">http:\/\/www.cnpq.br\/<\/a><\/p>\n<p><a href=\"http:\/\/lattes.cnpq.br\/\" target=\"_blank\" rel=\"noopener noreferrer\">http:\/\/lattes.cnpq.br\/<\/a><\/p>\n<p><a href=\"http:\/\/www.periodicos.capes.gov.br\/portugues\/index.jsp\" target=\"_blank\" rel=\"noopener noreferrer\">http:\/\/www.periodicos.capes.gov.br\/portugues\/index.jsp<\/a><\/p>\n<p><a href=\"http:\/\/www.fundacaoaraucaria.org.br\/\" target=\"_blank\" rel=\"noopener noreferrer\">http:\/\/www.fundacaoaraucaria.org.br\/<\/a><\/p>\n<p><a href=\"https:\/\/ppgeluepg.wixsite.com\/setedi\" target=\"_blank\" rel=\"noopener noreferrer\">SETEDI &#8211; Semin\u00e1rio de Teses e Disserta\u00e7\u00f5es<\/a><\/p>\n","protected":false},"excerpt":{"rendered":"<p>LINKS RELACIONADOS http:\/\/www.capes.gov.br\/ http:\/\/www.cnpq.br\/ http:\/\/lattes.cnpq.br\/ http:\/\/www.periodicos.capes.gov.br\/portugues\/index.jsp http:\/\/www.fundacaoaraucaria.org.br\/ SETEDI &#8211; Semin\u00e1rio de Teses e Disserta\u00e7\u00f5es<\/p>\n","protected":false},"author":24,"featured_media":0,"parent":0,"menu_order":0,"comment_status":"closed","ping_status":"closed","template":"page-templates\/page-with-right-sidebar.php","meta":[],"_links":{"self":[{"href":"https:\/\/www2.uepg.br\/ppgel\/wp-json\/wp\/v2\/pages\/179"}],"collection":[{"href":"https:\/\/www2.uepg.br\/ppgel\/wp-json\/wp\/v2\/pages"}],"about":[{"href":"https:\/\/www2.uepg.br\/ppgel\/wp-json\/wp\/v2\/types\/page"}],"author":[{"embeddable":true,"href":"https:\/\/www2.uepg.br\/ppgel\/wp-json\/wp\/v2\/users\/24"}],"replies":[{"embeddable":true,"href":"https:\/\/www2.uepg.br\/ppgel\/wp-json\/wp\/v2\/comments?post=179"}],"version-history":[{"count":3,"href":"https:\/\/www2.uepg.br\/ppgel\/wp-json\/wp\/v2\/pages\/179\/revisions"}],"predecessor-version":[{"id":834,"href":"https:\/\/www2.uepg.br\/ppgel\/wp-json\/wp\/v2\/pages\/179\/revisions\/834"}],"wp:attachment":[{"href":"https:\/\/www2.uepg.br\/ppgel\/wp-json\/wp\/v2\/media?parent=179"}],"curies":[{"name":"wp","href":"https:\/\/api.w.org\/{rel}","templated":true}]}}