{"id":183,"date":"2020-05-27T16:14:57","date_gmt":"2020-05-27T19:14:57","guid":{"rendered":"http:\/\/www2.uepg.br\/ppgel\/?page_id=183"},"modified":"2025-12-16T11:29:32","modified_gmt":"2025-12-16T14:29:32","slug":"calendario","status":"publish","type":"page","link":"https:\/\/www2.uepg.br\/ppgel\/calendario\/","title":{"rendered":"Calend\u00e1rio"},"content":{"rendered":"<div id=\"pl-183\"  class=\"panel-layout\" ><div id=\"pg-183-0\"  class=\"panel-grid panel-no-style\" ><div id=\"pgc-183-0-0\"  class=\"panel-grid-cell\" ><div id=\"panel-183-0-0-0\" class=\"so-panel widget widget_sow-editor panel-first-child panel-last-child\" data-index=\"0\" ><div\n\t\t\t\n\t\t\tclass=\"so-widget-sow-editor so-widget-sow-editor-base\"\n\t\t\t\n\t\t>\n<div class=\"siteorigin-widget-tinymce textwidget\">\n\t<hr \/>\n<p><a href=\"http:\/\/www2.uepg.br\/ppgel\/wp-content\/uploads\/sites\/68\/2025\/12\/OFERTAS-DE-DISCIPLINAS-PARA-O-1o-SEMESTRE-DE-2026-1-1.pdf\">OFERTAS DE DISCIPLINAS PARA O 1o SEMESTRE DE 2026 - <span style=\"color: #ff0000\">alterado o n\u00ba da sala da prof.\u00aa Rosana para B.210<\/span><\/a><\/p>\n<hr \/>\n<p style=\"text-align: left\"><a href=\"http:\/\/www2.uepg.br\/ppgel\/wp-content\/uploads\/sites\/68\/2025\/11\/CALENDARIO-2026-1.pdf\">CALEND\u00c1RIO 2026 -O CALEND\u00c1RIO PODER\u00c1 TER ALTERA\u00c7\u00d5ES NO 2\u00ba SEMESTRE DE 2026<\/a><\/p>\n<hr \/>\n<p style=\"text-align: left\"><a href=\"http:\/\/www2.uepg.br\/ppgel\/wp-content\/uploads\/sites\/68\/2024\/12\/Matriculas-2025-alunos-regulares-ingressantes-e-veteranos.pdf\">MATR\u00cdCULAS\u00a0 2025 - ALUNOS REGULARES -\u00a0 INGRESSANTES E VETERANOS<\/a><\/p>\n<p style=\"text-align: left\"><a href=\"http:\/\/www2.uepg.br\/ppgel\/wp-content\/uploads\/sites\/68\/2024\/11\/DISCIPLINAS-1o-SEMESTRE-2025.pdf\">DISCIPLINAS 1\u00ba SEMESTRE - 2025<\/a><\/p>\n<p style=\"text-align: left\"><a style=\"text-align: center\" href=\"http:\/\/www2.uepg.br\/ppgel\/wp-content\/uploads\/sites\/68\/2025\/07\/Ofertas-de-disciplinas-2o-semestre-de-2025-1.pdf\">OFERTAS DE DISCIPLINAS 2\u00ba SEMESTRE DE 2025 -\u00a0<span style=\"color: #ff0000\">MATR\u00cdCULAS<\/span><\/a><\/p>\n<p style=\"text-align: left\"><a href=\"http:\/\/www2.uepg.br\/ppgel\/wp-content\/uploads\/sites\/68\/2025\/07\/CALENDARIO-2025.pdf\">CALEND\u00c1RIO 2025<\/a><\/p>\n<hr \/>\n<p style=\"text-align: left\"><a href=\"http:\/\/www2.uepg.br\/ppgel\/wp-content\/uploads\/sites\/68\/2024\/06\/MATRICULAS-2o-SEMESTRE-DE-2024.pdf\">MATRICULAS 2o SEMESTRE DE 2024<\/a><\/p>\n<p style=\"text-align: left\"><a href=\"http:\/\/www2.uepg.br\/ppgel\/wp-content\/uploads\/sites\/68\/2024\/06\/QUADRO-DE-DISCIPLINAS-2024-NOVO.pdf\">OFERTAS DE DISCIPLINAS - 2\u00ba SEMESTRE DE 2024<\/a><\/p>\n<p style=\"text-align: left\"><a href=\"http:\/\/www2.uepg.br\/ppgel\/wp-content\/uploads\/sites\/68\/2024\/03\/INICIO-DAS-AULAS-1o-SEMESTRE-DE-2024-PPGEL-1.pdf\">IN\u00cdCIO DAS AULAS -1\u00ba SEMESTRE DE 2024 - PPGEL<\/a><\/p>\n<p style=\"text-align: left\"><a href=\"http:\/\/www2.uepg.br\/ppgel\/wp-content\/uploads\/sites\/68\/2024\/03\/CONVOCACAO-CALOUROS-2024.pdf\">CONVOCA\u00c7\u00c3O- CALOUROS\/PPGEL 2024<\/a><\/p>\n<p style=\"text-align: left\"><a href=\"http:\/\/www2.uepg.br\/ppgel\/wp-content\/uploads\/sites\/68\/2024\/03\/Matriculas-alunos-regulares-Novo.pdf\">MATRICULAS ALUNOS REGULARES 2024 - Novo<\/a><\/p>\n<p style=\"text-align: left\"><a href=\"http:\/\/www2.uepg.br\/ppgel\/wp-content\/uploads\/sites\/68\/2024\/02\/Calendario-PPGEL-2024.pdf\">CALEND\u00c1RIO - PPGEL 2024<\/a><\/p>\n<p style=\"text-align: left\"><a href=\"http:\/\/www2.uepg.br\/ppgel\/wp-content\/uploads\/sites\/68\/2024\/02\/OFERTAS-DE-DISCIPLINAS-2024-1o-SEMESTRE.pdf\">OFERTAS DE DISCIPLINAS 2024- 1\u00ba SEMESTRE<\/a><\/p>\n<hr \/>\n<p style=\"text-align: left\"><a href=\"http:\/\/www2.uepg.br\/ppgel\/wp-content\/uploads\/sites\/68\/2023\/08\/MATRICULAS-2o-SEMESTRE-DE-2023.pdf\">MATR\u00cdCULAS 2\u00ba SEMESTRE DE 2023<\/a><\/p>\n<p style=\"text-align: left\"><a href=\"http:\/\/www2.uepg.br\/ppgel\/wp-content\/uploads\/sites\/68\/2023\/07\/QUADRO-DE-DISCIPLINAS-PERIODOS-HORARIOS-2o-SEMESTRE-DE-2023.pdf\">QUADRO DE DISCIPLINAS - PER\u00cdODOS - HOR\u00c1RIOS - 2o SEMESTRE DE 2023<\/a><\/p>\n<p style=\"text-align: left\"><a href=\"http:\/\/www2.uepg.br\/ppgel\/wp-content\/uploads\/sites\/68\/2023\/07\/ALTERACAO-DE-DATAS-NO-CALENDARIO-2023.pdf\">ALTERA\u00c7\u00c3O DE DATAS NO CALEND\u00c1RIO 2023<\/a><\/p>\n<p style=\"text-align: left\"><a href=\"http:\/\/www2.uepg.br\/ppgel\/wp-content\/uploads\/sites\/68\/2023\/03\/Calendario-PPGEL-Final.pdf\">CALEND\u00c1RIO PPGEL - 2023<\/a><\/p>\n<p style=\"text-align: left\"><a href=\"http:\/\/www2.uepg.br\/ppgel\/wp-content\/uploads\/sites\/68\/2023\/03\/Matriculas-para-alunos-regulares-SELECAO-2023.pdf\">MATR\u00cdCULAS PARA ALUNOS REGULARES - SELE\u00c7\u00c3O 2023<\/a><\/p>\n<p style=\"text-align: left\"><a href=\"http:\/\/www2.uepg.br\/ppgel\/wp-content\/uploads\/sites\/68\/2023\/02\/Matriculas-para-alunos-regulares-TURMA-2021-2022.pdf\">MATR\u00cdCULAS PARA ALUNOS REGULARES - TURMA 2021\/2022<\/a><\/p>\n<p style=\"text-align: left\"><a href=\"http:\/\/www2.uepg.br\/ppgel\/wp-content\/uploads\/sites\/68\/2023\/02\/OFERTAS-DE-DISCILINAS-PARA-O-1o-SEMESTRE-DE-2023.pdf\">OFERTAS DE DISCILINAS PARA O 1\u00ba SEMESTRE DE 2023<\/a><\/p>\n<p style=\"text-align: left\"><a href=\"http:\/\/www2.uepg.br\/ppgel\/wp-content\/uploads\/sites\/68\/2023\/02\/OFERTAS-DE-DISCIPLINAS-2o-SEMESTRE-DE-2023.pdf\">OFERTAS DE DISCIPLINAS - 2\u00ba SEMESTRE DE 2023<\/a><\/p>\n<p style=\"text-align: left\"><a href=\"http:\/\/www2.uepg.br\/ppgel\/wp-content\/uploads\/sites\/68\/2022\/11\/Ensalamento-da-Prova-Escrita-do-PPGEL-2.pdf\">ENSALAMENTO DA\u00a0 2\u00aa ETAPA DA SELE\u00c7\u00c3O 2023 do PPGEL\/UEPG \u2013 PROVA ESCRITA<\/a><\/p>\n<p style=\"text-align: left\"><a href=\"http:\/\/www2.uepg.br\/ppgel\/wp-content\/uploads\/sites\/68\/2020\/05\/MATR\u00cdCULAS-2\u00ba-SEMESTRE-DE-2022.pdf\">MATR\u00cdCULAS 2\u00ba SEMESTRE DE 2022<\/a><\/p>\n<p style=\"text-align: left\"><a href=\"http:\/\/www2.uepg.br\/ppgel\/wp-content\/uploads\/sites\/68\/2022\/08\/QUADRO-DE-HORARIOS-2o-SEMESTRE-DE-2022-2.pdf\">QUADRO DE HORARIOS 2o SEMESTRE DE 2022<\/a><\/p>\n<p style=\"text-align: left\"><a href=\"http:\/\/www2.uepg.br\/ppgel\/wp-content\/uploads\/sites\/68\/2022\/05\/Calendario-2022-PPGEL-1.pdf\">CALEND\u00c1RIO 2022-PPGEL<\/a><\/p>\n<p style=\"text-align: left\"><a href=\"http:\/\/www2.uepg.br\/ppgel\/wp-content\/uploads\/sites\/68\/2022\/04\/MATRICULAS-PARA-ALUNOS-NOVOS-E-REGULARES-1o-SEMESTRE-DE-2022.pdf\">MATR\u00cdCULAS PARA ALUNOS NOVOS E REGULARES - 1\u00ba SEMESTRE DE 2022<\/a><\/p>\n<p style=\"text-align: left\"><strong>IN\u00cdCO DAS AULAS- 09\/05\/2022 - BLOCO B. UEPG CENTRAL<\/strong><\/p>\n<p style=\"text-align: left\"><a href=\"http:\/\/www2.uepg.br\/ppgel\/wp-content\/uploads\/sites\/68\/2022\/04\/QUADRO-DE-HORARIOS-1o-SEMESTRE-DE-2022-1.pdf\">QUADRO DE HOR\u00c1RIOS - 1\u00ba SEMESTRE DE 2022 <\/a><\/p>\n<hr \/>\n<p style=\"text-align: left\"><a href=\"http:\/\/www2.uepg.br\/ppgel\/wp-content\/uploads\/sites\/68\/2021\/09\/MATRICULAS-2o-SEMESTRE-DE-2021-PARA-ALUNOS-REGULARES-DO-PPGEL.pdf\">MATR\u00cdCULAS - 2\u00ba SEMESTRE DE 2021PARA ALUNOS REGULARES PPGELL<\/a><\/p>\n<p style=\"text-align: left\"><a href=\"http:\/\/www2.uepg.br\/ppgel\/wp-content\/uploads\/sites\/68\/2021\/09\/Horario-disciplinas-PPGEL-2o-Sem-2021.pdf\">OFERTAS DAS DISCIPLINAS PPGEL- 2\u00ba Semestre - 2021<\/a><\/p>\n<p style=\"text-align: left\"><a href=\"http:\/\/www2.uepg.br\/ppgel\/wp-content\/uploads\/sites\/68\/2021\/04\/Matriculas-para-alunos-novos-e-regulares-2021-1o-semestre.pdf\">MATR\u00cdCULA PARA ALUNOS NOVOS E REGULARES 2021 - 1\u00ba SEMESTRE<\/a><\/p>\n<p style=\"text-align: left\"><a href=\"http:\/\/www2.uepg.br\/ppgel\/wp-content\/uploads\/sites\/68\/2021\/05\/Horario-das-disciplinas-1o-Semestre-de-2021-PPGEL-1.pdf\">HOR\u00c1RIOS DAS DISCIPLINAS DO 1\u00ba SEMESTRE de 2021 - PPGEL<\/a><\/p>\n<p style=\"text-align: left\"><a href=\"http:\/\/www2.uepg.br\/ppgel\/wp-content\/uploads\/sites\/68\/2021\/05\/CALENDARIO-2021-2022.pdf\">CALEND\u00c1RIO 2021\/2022<\/a><\/p>\n<hr \/>\n<p style=\"text-align: left\"><a href=\"http:\/\/www2.uepg.br\/ppgel\/wp-content\/uploads\/sites\/68\/2020\/05\/calendario-2020.pdf\" target=\"_blank\" rel=\"noopener noreferrer\">CALEND\u00c1RIO 2020<\/a><\/p>\n<p style=\"text-align: left\"><a href=\"http:\/\/www2.uepg.br\/ppgel\/wp-content\/uploads\/sites\/68\/2020\/10\/MATRICULAS-2o-SEMESTRE-DE-2020-PARA-ALUNOS-REGULARES.pdf\">MATR\u00cdCULAS 2\u00ba SEMESTRE DE 2020 PARA ALUNOS REGULARES<\/a><\/p>\n<p style=\"text-align: left\"><a href=\"http:\/\/www2.uepg.br\/ppgel\/wp-content\/uploads\/sites\/68\/2020\/05\/Horarios2020-1.pdf\" target=\"_blank\" rel=\"noopener noreferrer\">HOR\u00c1RIO 2020\/1<\/a><\/p>\n<p style=\"text-align: left\"><a href=\"http:\/\/www2.uepg.br\/ppgel\/wp-content\/uploads\/sites\/68\/2020\/10\/HORARIOS-2o-SEMESTRE.-2020.pdf\"> HOR\u00c1RIO 2020\/2<\/a><\/p>\n<p style=\"text-align: left\"><a href=\"https:\/\/www2.uepg.br\/ppgel\/defesas\/\" target=\"_blank\" rel=\"noopener noreferrer\">DEFESAS<\/a><\/p>\n<\/div>\n<\/div><\/div><\/div><\/div><\/div>","protected":false},"excerpt":{"rendered":"<p>OFERTAS DE DISCIPLINAS PARA O 1o SEMESTRE DE 2026 &#8211; alterado o n\u00ba da sala da prof.\u00aa Rosana para B.210 CALEND\u00c1RIO 2026 -O CALEND\u00c1RIO PODER\u00c1 TER ALTERA\u00c7\u00d5ES NO 2\u00ba SEMESTRE DE 2026 MATR\u00cdCULAS\u00a0 2025 &#8211; ALUNOS REGULARES &#8211;\u00a0 INGRESSANTES E VETERANOS DISCIPLINAS 1\u00ba SEMESTRE &#8211; 2025 OFERTAS DE DISCIPLINAS 2\u00ba SEMESTRE DE 2025 &#8211;\u00a0MATR\u00cdCULAS CALEND\u00c1RIO&nbsp;&hellip;<\/p>\n","protected":false},"author":24,"featured_media":0,"parent":0,"menu_order":0,"comment_status":"closed","ping_status":"closed","template":"page-templates\/page-with-right-sidebar.php","meta":[],"_links":{"self":[{"href":"https:\/\/www2.uepg.br\/ppgel\/wp-json\/wp\/v2\/pages\/183"}],"collection":[{"href":"https:\/\/www2.uepg.br\/ppgel\/wp-json\/wp\/v2\/pages"}],"about":[{"href":"https:\/\/www2.uepg.br\/ppgel\/wp-json\/wp\/v2\/types\/page"}],"author":[{"embeddable":true,"href":"https:\/\/www2.uepg.br\/ppgel\/wp-json\/wp\/v2\/users\/24"}],"replies":[{"embeddable":true,"href":"https:\/\/www2.uepg.br\/ppgel\/wp-json\/wp\/v2\/comments?post=183"}],"version-history":[{"count":93,"href":"https:\/\/www2.uepg.br\/ppgel\/wp-json\/wp\/v2\/pages\/183\/revisions"}],"predecessor-version":[{"id":4941,"href":"https:\/\/www2.uepg.br\/ppgel\/wp-json\/wp\/v2\/pages\/183\/revisions\/4941"}],"wp:attachment":[{"href":"https:\/\/www2.uepg.br\/ppgel\/wp-json\/wp\/v2\/media?parent=183"}],"curies":[{"name":"wp","href":"https:\/\/api.w.org\/{rel}","templated":true}]}}