{"id":186,"date":"2020-05-27T16:19:21","date_gmt":"2020-05-27T19:19:21","guid":{"rendered":"http:\/\/www2.uepg.br\/ppgel\/?page_id=186"},"modified":"2020-06-15T16:22:41","modified_gmt":"2020-06-15T19:22:41","slug":"contato","status":"publish","type":"page","link":"https:\/\/www2.uepg.br\/ppgel\/contato\/","title":{"rendered":"Contato"},"content":{"rendered":"<p style=\"text-align: center;\"><strong>Secretaria<\/strong><br \/>\nCampus Central da UEPG<br \/>\nSALA 102 &#8211; BLoco B<br \/>\nPra\u00e7a Santos Andrade, n\u00ba 1<br \/>\nCentro<br \/>\nCEP 84010-790<br \/>\nPonta Grossa &#8211; PR<\/p>\n<p style=\"text-align: center;\"><strong>Telefone<\/strong>: (42) 3220-3321<\/p>\n<p style=\"text-align: center;\"><strong>E-mail<\/strong><br \/>\nmestradolinguagem@uepg.br<\/p>\n<p style=\"text-align: center;\">mestradolinguagem@gmail.com<\/p>\n<p>&nbsp;<\/p>\n<p style=\"text-align: center;\"><strong>Expediente externo<\/strong><br \/>\nDe segunda-feira \u00e0 sexta-feira, das 08:30 \u00e0s 12:00 e das 13:00 \u00e0s 17:00.<\/p>\n<p>&nbsp;<\/p>\n","protected":false},"excerpt":{"rendered":"<p>Secretaria Campus Central da UEPG SALA 102 &#8211; BLoco B Pra\u00e7a Santos Andrade, n\u00ba 1 Centro CEP 84010-790 Ponta Grossa &#8211; PR Telefone: (42) 3220-3321 E-mail mestradolinguagem@uepg.br mestradolinguagem@gmail.com &nbsp; Expediente externo De segunda-feira \u00e0 sexta-feira, das 08:30 \u00e0s 12:00 e das 13:00 \u00e0s 17:00. &nbsp;<\/p>\n","protected":false},"author":24,"featured_media":0,"parent":0,"menu_order":0,"comment_status":"closed","ping_status":"closed","template":"page-templates\/page-with-right-sidebar.php","meta":[],"_links":{"self":[{"href":"https:\/\/www2.uepg.br\/ppgel\/wp-json\/wp\/v2\/pages\/186"}],"collection":[{"href":"https:\/\/www2.uepg.br\/ppgel\/wp-json\/wp\/v2\/pages"}],"about":[{"href":"https:\/\/www2.uepg.br\/ppgel\/wp-json\/wp\/v2\/types\/page"}],"author":[{"embeddable":true,"href":"https:\/\/www2.uepg.br\/ppgel\/wp-json\/wp\/v2\/users\/24"}],"replies":[{"embeddable":true,"href":"https:\/\/www2.uepg.br\/ppgel\/wp-json\/wp\/v2\/comments?post=186"}],"version-history":[{"count":2,"href":"https:\/\/www2.uepg.br\/ppgel\/wp-json\/wp\/v2\/pages\/186\/revisions"}],"predecessor-version":[{"id":188,"href":"https:\/\/www2.uepg.br\/ppgel\/wp-json\/wp\/v2\/pages\/186\/revisions\/188"}],"wp:attachment":[{"href":"https:\/\/www2.uepg.br\/ppgel\/wp-json\/wp\/v2\/media?parent=186"}],"curies":[{"name":"wp","href":"https:\/\/api.w.org\/{rel}","templated":true}]}}