{"id":3848,"date":"2024-04-18T15:05:18","date_gmt":"2024-04-18T18:05:18","guid":{"rendered":"https:\/\/www2.uepg.br\/ppgel\/?page_id=3848"},"modified":"2025-08-19T10:07:19","modified_gmt":"2025-08-19T13:07:19","slug":"provas-anteriores","status":"publish","type":"page","link":"https:\/\/www2.uepg.br\/ppgel\/provas-anteriores\/","title":{"rendered":"Provas Anteriores"},"content":{"rendered":"<hr \/>\n<p><a href=\"http:\/\/www2.uepg.br\/ppgel\/wp-content\/uploads\/sites\/68\/2025\/05\/Estudos-literarios-Doutorado-2025.pdf\">ESTUDOS LITER\u00c1RIOS &#8211; Doutorado 2025<\/a><\/p>\n<p><a href=\"http:\/\/www2.uepg.br\/ppgel\/wp-content\/uploads\/sites\/68\/2025\/05\/Estudos-linguisticos-Mestrado-e-Doutorado-2025.pdf\">ESTUDOS LINGU\u00cdSTICOS &#8211; Mestrado e Doutorado 2025<\/a><\/p>\n<p><a href=\"http:\/\/www2.uepg.br\/ppgel\/wp-content\/uploads\/sites\/68\/2025\/05\/Estudos-literarios-mestrado-2025.pdf\">ESTUDOS LITER\u00c1RIOS &#8211; Mestrado 2025<\/a><\/p>\n<hr \/>\n<p><a href=\"http:\/\/www2.uepg.br\/ppgel\/wp-content\/uploads\/sites\/68\/2024\/04\/PROVA-ESTUDOS-LITERARIOS-2024.pdf\">PROVA ESTUDOS LITER\u00c1RIOS 2024<\/a><\/p>\n<p><a href=\"http:\/\/www2.uepg.br\/ppgel\/wp-content\/uploads\/sites\/68\/2024\/04\/PROVA-DE-ESTUDOS-LINGUISTICOS-2024.pdf\">PROVA DE ESTUDOS LINGU\u00cdSTICOS-2024<\/a><\/p>\n<hr \/>\n<p><a href=\"http:\/\/www2.uepg.br\/ppgel\/wp-content\/uploads\/sites\/68\/2024\/04\/PROVA-ESTUDOS-LITERARIOS-2023.pdf\">PROVA &#8211; ESTUDOS LITER\u00c1RIOS 2023<\/a><\/p>\n<p><a href=\"http:\/\/www2.uepg.br\/ppgel\/wp-content\/uploads\/sites\/68\/2024\/04\/PROVA-ESTUDOS-LINGUISTICOS-2023.pdf\">PROVA- ESTUDOS LINGU\u00cdSTICOS &#8211; 2023<\/a><\/p>\n<hr \/>\n<p><a href=\"http:\/\/www2.uepg.br\/ppgel\/wp-content\/uploads\/sites\/68\/2024\/04\/PROVA-DE-ESTUDOS-LITERARIOS-2022.pdf\">PROVA DE ESTUDOS LITER\u00c1RIOS &#8211; 2022<\/a><\/p>\n<p><a href=\"http:\/\/www2.uepg.br\/ppgel\/wp-content\/uploads\/sites\/68\/2025\/08\/LINGUISTICA-2022.pdf\">PROVA DE ESTUDOS\u00a0 LINGU\u00cdSTICOS &#8211; 2022<\/a><\/p>\n<hr \/>\n<p>&nbsp;<\/p>\n","protected":false},"excerpt":{"rendered":"<p>ESTUDOS LITER\u00c1RIOS &#8211; Doutorado 2025 ESTUDOS LINGU\u00cdSTICOS &#8211; Mestrado e Doutorado 2025 ESTUDOS LITER\u00c1RIOS &#8211; Mestrado 2025 PROVA ESTUDOS LITER\u00c1RIOS 2024 PROVA DE ESTUDOS LINGU\u00cdSTICOS-2024 PROVA &#8211; ESTUDOS LITER\u00c1RIOS 2023 PROVA- ESTUDOS LINGU\u00cdSTICOS &#8211; 2023 PROVA DE ESTUDOS LITER\u00c1RIOS &#8211; 2022 PROVA DE ESTUDOS\u00a0 LINGU\u00cdSTICOS &#8211; 2022 &nbsp;<\/p>\n","protected":false},"author":378,"featured_media":0,"parent":0,"menu_order":0,"comment_status":"closed","ping_status":"closed","template":"","meta":[],"_links":{"self":[{"href":"https:\/\/www2.uepg.br\/ppgel\/wp-json\/wp\/v2\/pages\/3848"}],"collection":[{"href":"https:\/\/www2.uepg.br\/ppgel\/wp-json\/wp\/v2\/pages"}],"about":[{"href":"https:\/\/www2.uepg.br\/ppgel\/wp-json\/wp\/v2\/types\/page"}],"author":[{"embeddable":true,"href":"https:\/\/www2.uepg.br\/ppgel\/wp-json\/wp\/v2\/users\/378"}],"replies":[{"embeddable":true,"href":"https:\/\/www2.uepg.br\/ppgel\/wp-json\/wp\/v2\/comments?post=3848"}],"version-history":[{"count":14,"href":"https:\/\/www2.uepg.br\/ppgel\/wp-json\/wp\/v2\/pages\/3848\/revisions"}],"predecessor-version":[{"id":3853,"href":"https:\/\/www2.uepg.br\/ppgel\/wp-json\/wp\/v2\/pages\/3848\/revisions\/3853"}],"wp:attachment":[{"href":"https:\/\/www2.uepg.br\/ppgel\/wp-json\/wp\/v2\/media?parent=3848"}],"curies":[{"name":"wp","href":"https:\/\/api.w.org\/{rel}","templated":true}]}}