{"id":44,"date":"2020-05-25T11:03:21","date_gmt":"2020-05-25T14:03:21","guid":{"rendered":"http:\/\/www2.uepg.br\/ppgel\/?page_id=44"},"modified":"2024-06-13T16:35:48","modified_gmt":"2024-06-13T19:35:48","slug":"regulamento","status":"publish","type":"page","link":"https:\/\/www2.uepg.br\/ppgel\/regulamento\/","title":{"rendered":"Regulamento"},"content":{"rendered":"<p style=\"text-align: center\"><a href=\"http:\/\/www2.uepg.br\/ppgel\/wp-content\/uploads\/sites\/68\/2024\/06\/REGULAMENTO-MESTRADO-E-DOUTORADO.pdf\">REGULAMENTO DO <\/a><a href=\"http:\/\/www2.uepg.br\/ppgel\/wp-content\/uploads\/sites\/68\/2024\/06\/REGULAMENTO-MESTRADO-E-DOUTORADO.pdf\">PPGEL<\/a><a href=\"http:\/\/www2.uepg.br\/ppgel\/wp-content\/uploads\/sites\/68\/2024\/06\/REGULAMENTO-MESTRADO-E-DOUTORADO.pdf\"> &#8211; MESTRADO E DOUTORADO<\/a><\/p>\n<p style=\"text-align: center\"><a href=\"http:\/\/www2.uepg.br\/ppgel\/wp-content\/uploads\/sites\/68\/2022\/05\/REGULAMENTO_DO_PROGRAMA-DE-POS-GRADUACAO-EM-ESTUDOS-DA-LINGUAGEM-1.pdf\">REGULAMENTO DO PROGRAMA DE P\u00d3S-GRADUA\u00c7\u00c3O EM ESTUDOS DA LINGUAGEM<\/a><\/p>\n<p style=\"text-align: center\"><a href=\"https:\/\/www2.uepg.br\/\/propesp\/wp-content\/uploads\/sites\/41\/2019\/11\/Resolucao-CEPE-020-2016-Regulamento-Geral-dos-PPG-Stricto-Sensu-da-UEPG.pdf\">REGULAMENTO GERAL DOS PROGRAMAS DE P\u00d3S-GRADUA\u00c7\u00c3O STRICTO SENSU DA UEPG<\/a><\/p>\n<p style=\"text-align: center\"><a href=\"https:\/\/www2.uepg.br\/\/propesp\/wp-content\/uploads\/sites\/41\/2020\/03\/07-de-27-de-Mar%c3%a7o-de-2020-aprova-altera%c3%a7%c3%b5es-no-Regulamento-Geral-dos-Programas-de-P%c3%b3s-Gradua%c3%a7%c3%a3o-Stricto-Sensu-da-UEPG.pdf\">RESOLU\u00c7\u00c3O CEPE 2020.7 &#8211; ALTERA\u00c7\u00c3O NO REGULAMENTO GERAL DOS PROGRAMAS DE P\u00d3S-GRADUA\u00c7\u00c3O STRICTO SENSU DA UEPG<\/a><\/p>\n<p style=\"text-align: center\"><a href=\"http:\/\/www2.uepg.br\/ppgel\/wp-content\/uploads\/sites\/68\/2020\/11\/REGULAMENTO-ESTAGIO-DE-DOCENCIA.pdf\">REGULAMENTO EST\u00c1GIO DE DOC\u00caNCIA<\/a><\/p>\n<p style=\"text-align: center\"><a href=\"http:\/\/www2.uepg.br\/ppgel\/wp-content\/uploads\/sites\/68\/2020\/11\/REGULAMENTO-DO-REGIME-DE-EXERCICIOS-DOMICILIARES.pdf\">REGULAMENTO DO REGIME DE EXERC\u00cdCIOS DOMICILIARES<\/a><\/p>\n<p style=\"text-align: center\"><a href=\"http:\/\/www2.uepg.br\/ppgel\/wp-content\/uploads\/sites\/68\/2022\/03\/REGULAMENTO-CONCESSAO-DE-BOLSAS-DS.pdf\">REGULAMENTO CONCESSAO DE BOLSAS-DS<\/a><\/p>\n<p style=\"text-align: center\"><a href=\"http:\/\/www2.uepg.br\/ppgel\/wp-content\/uploads\/sites\/68\/2024\/04\/REGULAMENTO-PROAP-CAPES.pdf\">REGULAMENTO PROAP-CAPES<\/a><\/p>\n","protected":false},"excerpt":{"rendered":"<p>REGULAMENTO DO PPGEL &#8211; MESTRADO E DOUTORADO REGULAMENTO DO PROGRAMA DE P\u00d3S-GRADUA\u00c7\u00c3O EM ESTUDOS DA LINGUAGEM REGULAMENTO GERAL DOS PROGRAMAS DE P\u00d3S-GRADUA\u00c7\u00c3O STRICTO SENSU DA UEPG RESOLU\u00c7\u00c3O CEPE 2020.7 &#8211; ALTERA\u00c7\u00c3O NO REGULAMENTO GERAL DOS PROGRAMAS DE P\u00d3S-GRADUA\u00c7\u00c3O STRICTO SENSU DA UEPG REGULAMENTO EST\u00c1GIO DE DOC\u00caNCIA REGULAMENTO DO REGIME DE EXERC\u00cdCIOS DOMICILIARES REGULAMENTO CONCESSAO DE&nbsp;&hellip;<\/p>\n","protected":false},"author":24,"featured_media":0,"parent":0,"menu_order":0,"comment_status":"closed","ping_status":"closed","template":"page-templates\/page-with-right-sidebar.php","meta":[],"_links":{"self":[{"href":"https:\/\/www2.uepg.br\/ppgel\/wp-json\/wp\/v2\/pages\/44"}],"collection":[{"href":"https:\/\/www2.uepg.br\/ppgel\/wp-json\/wp\/v2\/pages"}],"about":[{"href":"https:\/\/www2.uepg.br\/ppgel\/wp-json\/wp\/v2\/types\/page"}],"author":[{"embeddable":true,"href":"https:\/\/www2.uepg.br\/ppgel\/wp-json\/wp\/v2\/users\/24"}],"replies":[{"embeddable":true,"href":"https:\/\/www2.uepg.br\/ppgel\/wp-json\/wp\/v2\/comments?post=44"}],"version-history":[{"count":13,"href":"https:\/\/www2.uepg.br\/ppgel\/wp-json\/wp\/v2\/pages\/44\/revisions"}],"predecessor-version":[{"id":4915,"href":"https:\/\/www2.uepg.br\/ppgel\/wp-json\/wp\/v2\/pages\/44\/revisions\/4915"}],"wp:attachment":[{"href":"https:\/\/www2.uepg.br\/ppgel\/wp-json\/wp\/v2\/media?parent=44"}],"curies":[{"name":"wp","href":"https:\/\/api.w.org\/{rel}","templated":true}]}}