{"id":49,"date":"2020-05-25T11:07:39","date_gmt":"2020-05-25T14:07:39","guid":{"rendered":"http:\/\/www2.uepg.br\/ppgel\/?page_id=49"},"modified":"2025-12-09T15:16:29","modified_gmt":"2025-12-09T18:16:29","slug":"disciplinas","status":"publish","type":"page","link":"https:\/\/www2.uepg.br\/ppgel\/disciplinas\/","title":{"rendered":"Disciplinas"},"content":{"rendered":"<p style=\"text-align: left\"><a href=\"http:\/\/www2.uepg.br\/ppgel\/wp-content\/uploads\/sites\/68\/2025\/02\/DISCIPLINAS-ESPECIFICAS-OBRIGATORIAS-DE-DOUTORADO.pdf\">\u00a0DISCIPLINAS ESPEC\u00cdFICAS OBRIGAT\u00d3RIAS DE DOUTORADO<\/a><\/p>\n<p style=\"text-align: left\"><strong>DISCIPLINAS ELETIVAS DO CURSO DE MESTRADO E DOUTORADO<\/strong><br \/>\n<strong>(A OFERTA ESTA SUJEITA A DISPONIBILIDADE DOS DOCENTES)<\/strong><\/p>\n<p style=\"text-align: left\"><a href=\"http:\/\/www2.uepg.br\/ppgel\/wp-content\/uploads\/sites\/68\/2022\/05\/Quadro-de-disciplinas.pdf\">QUADRO DE DISCIPLINAS\u00a0<\/a><\/p>\n<p style=\"text-align: left\">(Todas as disciplinas t\u00eam 60h\/a e correspondem a 4.0 cr\u00e9ditos)<\/p>\n<p style=\"text-align: left\"><strong>QUADRO DE DISCIPLINAS OBRIGAT\u00d3RIAS E ELETIVAS OFERTADAS AT\u00c9 O ANO LETIVO DE 2020<\/strong><\/p>\n<p style=\"text-align: left\"><a href=\"http:\/\/www2.uepg.br\/ppgel\/wp-content\/uploads\/sites\/68\/2021\/03\/Quadro-de-disciplinas-eletivas-e-obrigatorias-do-PPGEL-2017-2020.pdf\">QUADRO DE DISCIPLINAS<\/a><\/p>\n","protected":false},"excerpt":{"rendered":"<p>\u00a0DISCIPLINAS ESPEC\u00cdFICAS OBRIGAT\u00d3RIAS DE DOUTORADO DISCIPLINAS ELETIVAS DO CURSO DE MESTRADO E DOUTORADO (A OFERTA ESTA SUJEITA A DISPONIBILIDADE DOS DOCENTES) QUADRO DE DISCIPLINAS\u00a0 (Todas as disciplinas t\u00eam 60h\/a e correspondem a 4.0 cr\u00e9ditos) QUADRO DE DISCIPLINAS OBRIGAT\u00d3RIAS E ELETIVAS OFERTADAS AT\u00c9 O ANO LETIVO DE 2020 QUADRO DE DISCIPLINAS<\/p>\n","protected":false},"author":24,"featured_media":0,"parent":0,"menu_order":0,"comment_status":"closed","ping_status":"closed","template":"page-templates\/page-with-right-sidebar.php","meta":[],"_links":{"self":[{"href":"https:\/\/www2.uepg.br\/ppgel\/wp-json\/wp\/v2\/pages\/49"}],"collection":[{"href":"https:\/\/www2.uepg.br\/ppgel\/wp-json\/wp\/v2\/pages"}],"about":[{"href":"https:\/\/www2.uepg.br\/ppgel\/wp-json\/wp\/v2\/types\/page"}],"author":[{"embeddable":true,"href":"https:\/\/www2.uepg.br\/ppgel\/wp-json\/wp\/v2\/users\/24"}],"replies":[{"embeddable":true,"href":"https:\/\/www2.uepg.br\/ppgel\/wp-json\/wp\/v2\/comments?post=49"}],"version-history":[{"count":17,"href":"https:\/\/www2.uepg.br\/ppgel\/wp-json\/wp\/v2\/pages\/49\/revisions"}],"predecessor-version":[{"id":4916,"href":"https:\/\/www2.uepg.br\/ppgel\/wp-json\/wp\/v2\/pages\/49\/revisions\/4916"}],"wp:attachment":[{"href":"https:\/\/www2.uepg.br\/ppgel\/wp-json\/wp\/v2\/media?parent=49"}],"curies":[{"name":"wp","href":"https:\/\/api.w.org\/{rel}","templated":true}]}}