{"id":643,"date":"2020-06-09T14:52:29","date_gmt":"2020-06-09T17:52:29","guid":{"rendered":"http:\/\/www2.uepg.br\/ppgel\/?page_id=643"},"modified":"2025-12-09T16:13:11","modified_gmt":"2025-12-09T19:13:11","slug":"internacionalizacao","status":"publish","type":"page","link":"https:\/\/www2.uepg.br\/ppgel\/internacionalizacao\/","title":{"rendered":"Internacionaliza\u00e7\u00e3o"},"content":{"rendered":"<p style=\"text-align: left\">A\u00c7\u00d5ES DE INTERNACIONALIZA\u00c7\u00c3O DESENVOLVIDAS NA UEPG COM O APOIO<br \/>\nDO ESCRIT\u00d3RIO DE RELA\u00c7\u00d5ES INTERNACIONAIS (ERI)<\/p>\n<p style=\"text-align: left\">Comiss\u00e3o: Prof.\u00aa Cl\u00f3ris Porto Torquato<\/p>\n<p style=\"text-align: left\">\u00a0 \u00a0 \u00a0 \u00a0 \u00a0 \u00a0 \u00a0 \u00a0Prof.\u00aa Rubia Cala da Silva<\/p>\n<p style=\"text-align: left\">\u00a0 \u00a0 \u00a0 \u00a0 \u00a0Prof.\u00aa Silvana Oliveira<\/p>\n<p style=\"text-align: left\">\u00a0 Aluna: F\u00e1tima Maria Aparecida Ruvisnki Kuzma<\/p>\n<p style=\"text-align: left\"><a href=\"http:\/\/www2.uepg.br\/ppgel\/wp-content\/uploads\/sites\/68\/2022\/06\/INTERNACIONALIZACAO-1.pdf\">INTERNACIONALIZA\u00c7\u00c3O<\/a><\/p>\n","protected":false},"excerpt":{"rendered":"<p>A\u00c7\u00d5ES DE INTERNACIONALIZA\u00c7\u00c3O DESENVOLVIDAS NA UEPG COM O APOIO DO ESCRIT\u00d3RIO DE RELA\u00c7\u00d5ES INTERNACIONAIS (ERI) Comiss\u00e3o: Prof.\u00aa Cl\u00f3ris Porto Torquato \u00a0 \u00a0 \u00a0 \u00a0 \u00a0 \u00a0 \u00a0 \u00a0Prof.\u00aa Rubia Cala da Silva \u00a0 \u00a0 \u00a0 \u00a0 \u00a0Prof.\u00aa Silvana Oliveira \u00a0 Aluna: F\u00e1tima Maria Aparecida Ruvisnki Kuzma INTERNACIONALIZA\u00c7\u00c3O<\/p>\n","protected":false},"author":24,"featured_media":0,"parent":0,"menu_order":0,"comment_status":"closed","ping_status":"closed","template":"page-templates\/page-with-right-sidebar.php","meta":[],"_links":{"self":[{"href":"https:\/\/www2.uepg.br\/ppgel\/wp-json\/wp\/v2\/pages\/643"}],"collection":[{"href":"https:\/\/www2.uepg.br\/ppgel\/wp-json\/wp\/v2\/pages"}],"about":[{"href":"https:\/\/www2.uepg.br\/ppgel\/wp-json\/wp\/v2\/types\/page"}],"author":[{"embeddable":true,"href":"https:\/\/www2.uepg.br\/ppgel\/wp-json\/wp\/v2\/users\/24"}],"replies":[{"embeddable":true,"href":"https:\/\/www2.uepg.br\/ppgel\/wp-json\/wp\/v2\/comments?post=643"}],"version-history":[{"count":10,"href":"https:\/\/www2.uepg.br\/ppgel\/wp-json\/wp\/v2\/pages\/643\/revisions"}],"predecessor-version":[{"id":4925,"href":"https:\/\/www2.uepg.br\/ppgel\/wp-json\/wp\/v2\/pages\/643\/revisions\/4925"}],"wp:attachment":[{"href":"https:\/\/www2.uepg.br\/ppgel\/wp-json\/wp\/v2\/media?parent=643"}],"curies":[{"name":"wp","href":"https:\/\/api.w.org\/{rel}","templated":true}]}}