{"id":721,"date":"2020-06-17T10:44:31","date_gmt":"2020-06-17T13:44:31","guid":{"rendered":"http:\/\/www2.uepg.br\/ppgel\/?page_id=721"},"modified":"2025-06-23T09:02:32","modified_gmt":"2025-06-23T12:02:32","slug":"calendario-academico","status":"publish","type":"page","link":"https:\/\/www2.uepg.br\/ppgel\/es\/calendario-academico\/","title":{"rendered":"Calendario Acad\u00eamico"},"content":{"rendered":"<p><a href=\"http:\/\/www2.uepg.br\/ppgel\/wp-content\/uploads\/sites\/68\/2025\/06\/Ofertas-de-disciplinas-2o-semestre-de-2025-3.pdf\">OFERTAS DE DISCIPLINAS 2\u00ba SEMSTRE DE 2025 &#8211; <span style=\"color: #ff0000\">RETIFICADO<\/span><\/a><\/p>\n<p><a href=\"http:\/\/www2.uepg.br\/ppgel\/wp-content\/uploads\/sites\/68\/2024\/02\/OFERTAS-DE-DISCIPLINAS-2024-1o-SEMESTRE.pdf\">OFERTAS DE DISCIPLINAS 2024- 1\u00ba SEMESTRE<\/a><\/p>\n<hr \/>\n<p>MATR\u00cdCULAS PARA ALUNOS NOVOS E REGULARES &#8211; 1\u00ba SEMESTRE DE 2022<\/p>\n<p>https:\/\/sistemas.uepg.br\/producao\/pro-reitorias\/propesp\/posgraduacao\/stricto\/matricula\/matricula_abertura.php<\/p>\n<p>25 A 27 DE ABRIL &#8211; MATR\u00cdCULAS NO SISTEMA<br \/>\n02 A 06 DE MAIO HOMOLOGA\u00c7\u00c3O DAS MATR\u00cdCULAS &#8211; Orientadores e coordena\u00e7\u00e3o<\/p>\n","protected":false},"excerpt":{"rendered":"<p>OFERTAS DE DISCIPLINAS 2\u00ba SEMSTRE DE 2025 &#8211; RETIFICADO OFERTAS DE DISCIPLINAS 2024- 1\u00ba SEMESTRE MATR\u00cdCULAS PARA ALUNOS NOVOS E REGULARES &#8211; 1\u00ba SEMESTRE DE 2022 https:\/\/sistemas.uepg.br\/producao\/pro-reitorias\/propesp\/posgraduacao\/stricto\/matricula\/matricula_abertura.php 25 A 27 DE ABRIL &#8211; MATR\u00cdCULAS NO SISTEMA 02 A 06 DE MAIO HOMOLOGA\u00c7\u00c3O DAS MATR\u00cdCULAS &#8211; Orientadores e coordena\u00e7\u00e3o<\/p>\n","protected":false},"author":24,"featured_media":0,"parent":0,"menu_order":0,"comment_status":"closed","ping_status":"closed","template":"page-templates\/page-with-right-sidebar.php","meta":[],"_links":{"self":[{"href":"https:\/\/www2.uepg.br\/ppgel\/wp-json\/wp\/v2\/pages\/721"}],"collection":[{"href":"https:\/\/www2.uepg.br\/ppgel\/wp-json\/wp\/v2\/pages"}],"about":[{"href":"https:\/\/www2.uepg.br\/ppgel\/wp-json\/wp\/v2\/types\/page"}],"author":[{"embeddable":true,"href":"https:\/\/www2.uepg.br\/ppgel\/wp-json\/wp\/v2\/users\/24"}],"replies":[{"embeddable":true,"href":"https:\/\/www2.uepg.br\/ppgel\/wp-json\/wp\/v2\/comments?post=721"}],"version-history":[{"count":9,"href":"https:\/\/www2.uepg.br\/ppgel\/wp-json\/wp\/v2\/pages\/721\/revisions"}],"predecessor-version":[{"id":4604,"href":"https:\/\/www2.uepg.br\/ppgel\/wp-json\/wp\/v2\/pages\/721\/revisions\/4604"}],"wp:attachment":[{"href":"https:\/\/www2.uepg.br\/ppgel\/wp-json\/wp\/v2\/media?parent=721"}],"curies":[{"name":"wp","href":"https:\/\/api.w.org\/{rel}","templated":true}]}}