{"id":811,"date":"2020-06-17T13:45:22","date_gmt":"2020-06-17T16:45:22","guid":{"rendered":"http:\/\/www2.uepg.br\/ppgel\/?page_id=811"},"modified":"2021-04-19T18:26:48","modified_gmt":"2021-04-19T21:26:48","slug":"revistas-es","status":"publish","type":"page","link":"https:\/\/www2.uepg.br\/ppgel\/es\/revistas-es\/","title":{"rendered":"Revistas"},"content":{"rendered":"<p style=\"text-align: center\"><strong>MUITAS VOZES<\/strong><\/p>\n<p>La revista Muitas Vozes es un espacio de reflexi\u00f3n acerca de cuestiones de lenguaje en sus m\u00faltiples manifestaciones y ha contribuido para el intercambio de conocimientos entre investigadores externos y del Programa de Postgrado en Estudios del Lenguaje. De periodicidad continua, desde su creaci\u00f3n en 2012, los editores han trabajado para consolidar los requisitos b\u00e1sicos respecto a la calidad, circulaci\u00f3n, periodicidad, seguimiento de normas y distribuci\u00f3n, lo que se le ha garantizado la clasificaci\u00f3n en extracto Qualis B2 a la \u00faltima evaluaci\u00f3n de peri\u00f3dicos realizada por la Capes. <a href=\"http:\/\/www.revistas2.uepg.br\/index.php\/muitasvozes\/index\">http:\/\/www.revistas2.uepg.br\/index.php\/muitasvozes\/index<\/a><\/p>\n<p style=\"text-align: center\"><strong>REVISTA UNILETRAS<\/strong><\/p>\n<p>La Revista Uniletras fue creada por el Departamento de Letras al a\u00f1o 1979 con el objetivo de dar oportunidad al desarrollo y ampliaci\u00f3n del \u00e1rea de actuaci\u00f3n y promover mayor integraci\u00f3n de la comunidad a la vida universitaria. En todos esos a\u00f1os de publicaci\u00f3n ininterrumpidas, la Revista Uniletras avanz\u00f3 en direcciones inimaginables haci\u00e9ndose un espacio leg\u00edtimo de discusi\u00f3n y reflexi\u00f3n acerca de temas pertinentes al \u00e1rea de Letras y relacionadas. Actualmente cuenta con un consejo editorial de distintas instituciones de ense\u00f1anza superior de Brasil y exterior. Todo el trabajo de innovaci\u00f3n, renovaci\u00f3n, calidad, periodicidad, distribuci\u00f3n promovido durante ese periodo ha resultado en reconocimiento y cualificaci\u00f3n por importantes \u00f3rganos indexadores, tanto nacionales como internacionales. Uniletras hoy es un peri\u00f3dico referenciado y cualificado por el Proyecto Qualis, obteniendo la clasificaci\u00f3n B2 en las versiones impresas y <em>online<\/em>. <a href=\"http:\/\/www.revistas2.uepg.br\/index.php\/uniletras\/index\">http:\/\/www.revistas2.uepg.br\/index.php\/uniletras\/index<\/a><\/p>\n","protected":false},"excerpt":{"rendered":"<p>MUITAS VOZES La revista Muitas Vozes es un espacio de reflexi\u00f3n acerca de cuestiones de lenguaje en sus m\u00faltiples manifestaciones y ha contribuido para el intercambio de conocimientos entre investigadores externos y del Programa de Postgrado en Estudios del Lenguaje. De periodicidad continua, desde su creaci\u00f3n en 2012, los editores han trabajado para consolidar los&nbsp;&hellip;<\/p>\n","protected":false},"author":24,"featured_media":0,"parent":0,"menu_order":0,"comment_status":"closed","ping_status":"closed","template":"page-templates\/page-with-right-sidebar.php","meta":[],"_links":{"self":[{"href":"https:\/\/www2.uepg.br\/ppgel\/wp-json\/wp\/v2\/pages\/811"}],"collection":[{"href":"https:\/\/www2.uepg.br\/ppgel\/wp-json\/wp\/v2\/pages"}],"about":[{"href":"https:\/\/www2.uepg.br\/ppgel\/wp-json\/wp\/v2\/types\/page"}],"author":[{"embeddable":true,"href":"https:\/\/www2.uepg.br\/ppgel\/wp-json\/wp\/v2\/users\/24"}],"replies":[{"embeddable":true,"href":"https:\/\/www2.uepg.br\/ppgel\/wp-json\/wp\/v2\/comments?post=811"}],"version-history":[{"count":2,"href":"https:\/\/www2.uepg.br\/ppgel\/wp-json\/wp\/v2\/pages\/811\/revisions"}],"predecessor-version":[{"id":1893,"href":"https:\/\/www2.uepg.br\/ppgel\/wp-json\/wp\/v2\/pages\/811\/revisions\/1893"}],"wp:attachment":[{"href":"https:\/\/www2.uepg.br\/ppgel\/wp-json\/wp\/v2\/media?parent=811"}],"curies":[{"name":"wp","href":"https:\/\/api.w.org\/{rel}","templated":true}]}}